{"id":10335,"date":"2025-08-04T23:39:06","date_gmt":"2025-08-04T15:39:06","guid":{"rendered":"https:\/\/mundukmodingplantation.com\/hebergement\/"},"modified":"2025-12-09T13:16:26","modified_gmt":"2025-12-09T05:16:26","slug":"hebergement","status":"publish","type":"page","link":"https:\/\/mundukmodingplantation.com\/fr\/hebergement\/","title":{"rendered":"H\u00e9bergement"},"content":{"rendered":"<div class=\"wpb-content-wrapper\"><p>[vc_row full_width=\u00a0\u00bbstretch_row\u00a0\u00bb equal_height=\u00a0\u00bbyes\u00a0\u00bb video_bg=\u00a0\u00bbyes\u00a0\u00bb video_local_mp4_url=\u00a0\u00bbhttps:\/\/mundukmodingplantation.com\/wp-content\/uploads\/2025\/06\/Branding-MMP.mp4&Prime; disable_element=\u00a0\u00bbyes\u00a0\u00bb css=\u00a0\u00bb.vc_custom_1754321697222{margin-top: -20px !important;padding-top: 100px !important;padding-bottom: 110px !important;background-image: url(https:\/\/mundukmodingplantation.com\/wp-content\/uploads\/2025\/06\/home1.webp?id=6810) !important;background-position: center !important;background-repeat: no-repeat !important;background-size: cover !important;}\u00a0\u00bb responsive_css=\u00a0\u00bbpadding_top_large:45%25|padding_bottom_large:0px|margin_top_medium:-17px|padding_top_medium:275px|padding_bottom_medium:275px\u00a0\u00bb el_class=\u00a0\u00bbfluid\u00a0\u00bb][vc_column enable_content_animation=\u00a0\u00bbyes\u00a0\u00bb ca_init_scale_x=\u00a0\u00bb1&Prime; ca_init_scale_y=\u00a0\u00bb1&Prime; ca_init_scale_z=\u00a0\u00bb1&Prime; ca_init_opacity=\u00a0\u00bb0&Prime; ca_an_scale_x=\u00a0\u00bb1&Prime; ca_an_scale_y=\u00a0\u00bb1&Prime; ca_an_scale_z=\u00a0\u00bb1&Prime; ca_an_opacity=\u00a0\u00bb1&Prime; align=\u00a0\u00bbtext-center\u00a0\u00bb ca_duration=\u00a0\u00bb1600&Prime; ca_delay=\u00a0\u00bb160&Prime; ca_init_translate_y=\u00a0\u00bb121&Prime; ca_init_translate_z=\u00a0\u00bb-142&Prime; ca_init_rotate_x=\u00a0\u00bb-85&Prime;][\/vc_column][\/vc_row][vc_row responsive_css=\u00a0\u00bbmargin_bottom_medium:150px\u00a0\u00bb css=\u00a0\u00bb.vc_custom_1751012119740{margin-bottom: 65px !important;}\u00a0\u00bb][vc_column]<style>.ld_fancy_heading_69e1ad1b1fd2d h1{font-size:36px;}.ld_fancy_heading_69e1ad1b1fd2d h1 {margin-bottom:32px !important;  } @media (min-width: 992px) { .ld_fancy_heading_69e1ad1b1fd2d h1 {margin-bottom:52px !important;  }  } .ld_fancy_heading_69e1ad1b1fd2d .lqd-highlight-inner{height:0.275em;bottom:0px;}.ld_fancy_heading_69e1ad1b1fd2d h1 {margin-bottom:32px !important;  } @media (min-width: 992px) { .ld_fancy_heading_69e1ad1b1fd2d h1 {margin-bottom:52px !important;  }  } <\/style><div class=\"ld-fancy-heading text-center ld_fancy_heading_69e1ad1b1fd2d\">\n\t<h1 class=\"lqd-highlight-underline lqd-highlight-grow-left\" ><span class=\"ld-fh-txt\"> Villas &amp; Suites<\/span><\/h1><\/div>[vc_row_inner content_placement=\u00a0\u00bbmiddle\u00a0\u00bb gap=\u00a0\u00bb35&Prime;][vc_column_inner width=\u00a0\u00bb1\/2&Prime; responsive_align=\u00a0\u00bbtext-md-right text-xs-left\u00a0\u00bb offset=\u00a0\u00bbvc_col-md-5&Prime;]<style>.ld_fancy_heading_69e1ad1b202a1 h3{font-size:22px;}.ld_fancy_heading_69e1ad1b202a1 .lqd-highlight-inner{height:0.275em;bottom:0px;}<\/style><div class=\"ld-fancy-heading ld_fancy_heading_69e1ad1b202a1\">\n\t<h3 class=\"lqd-highlight-underline lqd-highlight-grow-left\" ><span class=\"ld-fh-txt\"> One Bedroom Pool Villa with Jacuzzi<\/span><\/h3><\/div>[vc_column_text css=\u00a0\u00bb.vc_custom_1750077211289{margin-bottom: 16px !important;}\u00a0\u00bb]Laissez-vous tenter par l&rsquo;intimit\u00e9 et le luxe ultimes dans nos villas avec piscine \u00e0 une chambre avec jacuzzi. Ces villas spacieuses offrent des vues \u00e0 couper le souffle, des piscines priv\u00e9es et une atmosph\u00e8re sereine, parfaites pour les voyageurs exigeants \u00e0 la recherche d&rsquo;une retraite tranquille.[\/vc_column_text]<style>.ld_button_69e1ad1b203f8.btn-icon-solid .btn-icon{background:rgb(61, 61, 60);}.ld_button_69e1ad1b203f8.btn-icon-circle.btn-icon-ripple .btn-icon:before{border-color:rgb(61, 61, 60);}.ld_button_69e1ad1b203f8{color:rgb(61, 61, 60);}.ld_button_69e1ad1b203f8:before{background:rgb(61, 61, 60);}.ld_button_69e1ad1b203f8.btn-bordered{border-color:rgb(61, 61, 60);}<\/style><a href=\"https:\/\/mundukmodingplantation.com\/accommodation\/one-bedroom-pool-villa-with-jacuzzi\/\" title=\"One Bedroom Pool Villa with Jacuzzi\" class=\"btn btn-underlined btn-bordered border-thin ld_button_69e1ad1b203f8\">\n\t<span>\n\t\t\n\t\t\t\t\t<span class=\"btn-txt\">View Details<\/span>\n\t\t\t\n\t\t\t\t<\/span>\n<\/a>\n<style>.ld_button_69e1ad1b20605.btn-icon-solid .btn-icon{background:rgb(61, 61, 60);}.ld_button_69e1ad1b20605.btn-icon-circle.btn-icon-ripple .btn-icon:before{border-color:rgb(61, 61, 60);}.ld_button_69e1ad1b20605{color:rgb(61, 61, 60);}.ld_button_69e1ad1b20605:before{background:rgb(61, 61, 60);}.ld_button_69e1ad1b20605.btn-bordered{border-color:rgb(61, 61, 60);}<\/style><a href=\"https:\/\/www.book-secure.com\/index.php?s=results&#038;property=idbal31703\" title=\"Book Now\" class=\"btn btn-underlined btn-bordered border-thin ld_button_69e1ad1b20605 vc_custom_1754322277284\">\n\t<span>\n\t\t\n\t\t\t\t\t<span class=\"btn-txt\">Book Now<\/span>\n\t\t\t\n\t\t\t\t<\/span>\n<\/a>\n[vc_empty_space][\/vc_column_inner][vc_column_inner width=\u00a0\u00bb1\/2&Prime; offset=\u00a0\u00bbvc_col-md-7&Prime;][vc_single_image image=\u00a0\u00bb10098&Prime; img_size=\u00a0\u00bbfull\u00a0\u00bb css=\u00a0\u00bb\u00a0\u00bb][\/vc_column_inner][\/vc_row_inner][vc_row_inner content_placement=\u00a0\u00bbmiddle\u00a0\u00bb gap=\u00a0\u00bb35&Prime;][vc_column_inner width=\u00a0\u00bb1\/2&Prime; responsive_align=\u00a0\u00bbtext-md-right text-xs-left\u00a0\u00bb offset=\u00a0\u00bbvc_col-md-5&Prime;]<style>.ld_fancy_heading_69e1ad1b2085f h3{font-size:22px;}.ld_fancy_heading_69e1ad1b2085f .lqd-highlight-inner{height:0.275em;bottom:0px;}<\/style><div class=\"ld-fancy-heading ld_fancy_heading_69e1ad1b2085f\">\n\t<h3 class=\"lqd-highlight-underline lqd-highlight-grow-left\" ><span class=\"ld-fh-txt\"> Luxury Suite<\/span><\/h3><\/div>[vc_column_text css=\u00a0\u00bb.vc_custom_1750076824971{margin-bottom: 16px !important;}\u00a0\u00bb]D\u00e9couvrez nos suites de luxe, de paisibles sanctuaires nich\u00e9s au c\u0153ur de notre plantation luxuriante. Profitez de vues panoramiques, d&rsquo;\u00e9quipements luxueux et d&rsquo;un m\u00e9lange harmonieux de confort moderne et de beaut\u00e9 naturelle.[\/vc_column_text]<style>.ld_button_69e1ad1b20ade.btn-icon-solid .btn-icon{background:rgb(61, 61, 60);}.ld_button_69e1ad1b20ade.btn-icon-circle.btn-icon-ripple .btn-icon:before{border-color:rgb(61, 61, 60);}.ld_button_69e1ad1b20ade{color:rgb(61, 61, 60);}.ld_button_69e1ad1b20ade:before{background:rgb(61, 61, 60);}.ld_button_69e1ad1b20ade.btn-bordered{border-color:rgb(61, 61, 60);}<\/style><a href=\"https:\/\/mundukmodingplantation.com\/accommodation\/luxury-suite\/\" title=\"Luxury Suite\" class=\"btn btn-underlined btn-bordered border-thin ld_button_69e1ad1b20ade\">\n\t<span>\n\t\t\n\t\t\t\t\t<span class=\"btn-txt\">View Details<\/span>\n\t\t\t\n\t\t\t\t<\/span>\n<\/a>\n<style>.ld_button_69e1ad1b20d56.btn-icon-solid .btn-icon{background:rgb(61, 61, 60);}.ld_button_69e1ad1b20d56.btn-icon-circle.btn-icon-ripple .btn-icon:before{border-color:rgb(61, 61, 60);}.ld_button_69e1ad1b20d56{color:rgb(61, 61, 60);}.ld_button_69e1ad1b20d56:before{background:rgb(61, 61, 60);}.ld_button_69e1ad1b20d56.btn-bordered{border-color:rgb(61, 61, 60);}<\/style><a href=\"https:\/\/www.book-secure.com\/index.php?s=results&#038;property=idbal31703\" title=\"Book Now\" class=\"btn btn-underlined btn-bordered border-thin ld_button_69e1ad1b20d56 vc_custom_1754322277284\">\n\t<span>\n\t\t\n\t\t\t\t\t<span class=\"btn-txt\">Book Now<\/span>\n\t\t\t\n\t\t\t\t<\/span>\n<\/a>\n[vc_empty_space][\/vc_column_inner][vc_column_inner width=\u00a0\u00bb1\/2&Prime; offset=\u00a0\u00bbvc_col-md-7&Prime;][vc_single_image image=\u00a0\u00bb10235&Prime; img_size=\u00a0\u00bbfull\u00a0\u00bb css=\u00a0\u00bb\u00a0\u00bb][\/vc_column_inner][\/vc_row_inner][vc_row_inner content_placement=\u00a0\u00bbmiddle\u00a0\u00bb gap=\u00a0\u00bb35&Prime;][vc_column_inner width=\u00a0\u00bb1\/2&Prime; responsive_align=\u00a0\u00bbtext-md-right text-xs-left\u00a0\u00bb offset=\u00a0\u00bbvc_col-md-5&Prime;]<style>.ld_fancy_heading_69e1ad1b20fc7 h3{font-size:22px;}.ld_fancy_heading_69e1ad1b20fc7 .lqd-highlight-inner{height:0.275em;bottom:0px;}<\/style><div class=\"ld-fancy-heading ld_fancy_heading_69e1ad1b20fc7\">\n\t<h3 class=\"lqd-highlight-underline lqd-highlight-grow-left\" ><span class=\"ld-fh-txt\"> One Bedroom Villa with Jacuzzi<\/span><\/h3><\/div>[vc_column_text css=\u00a0\u00bb.vc_custom_1750076865822{margin-bottom: 16px !important;}\u00a0\u00bb]\u00c9vadez-vous dans nos villas \u00e0 une chambre, offrant des vues imprenables sur les collines luxuriantes, les jungles lointaines et la mer azur. Ces villas spacieuses pr\u00e9sentent une \u00e9l\u00e9gance tropicale, avec notamment un jacuzzi priv\u00e9 pour une relaxation ultime.[\/vc_column_text]<style>.ld_button_69e1ad1b211d8.btn-icon-solid .btn-icon{background:rgb(61, 61, 60);}.ld_button_69e1ad1b211d8.btn-icon-circle.btn-icon-ripple .btn-icon:before{border-color:rgb(61, 61, 60);}.ld_button_69e1ad1b211d8{color:rgb(61, 61, 60);}.ld_button_69e1ad1b211d8:before{background:rgb(61, 61, 60);}.ld_button_69e1ad1b211d8.btn-bordered{border-color:rgb(61, 61, 60);}<\/style><a href=\"https:\/\/mundukmodingplantation.com\/accommodation\/one-bedroom-villa-with-jacuzzi\/\" title=\"One Bedroom Villa with Jacuzzi\" class=\"btn btn-underlined btn-bordered border-thin ld_button_69e1ad1b211d8\">\n\t<span>\n\t\t\n\t\t\t\t\t<span class=\"btn-txt\">View Details<\/span>\n\t\t\t\n\t\t\t\t<\/span>\n<\/a>\n<style>.ld_button_69e1ad1b213fb.btn-icon-solid .btn-icon{background:rgb(61, 61, 60);}.ld_button_69e1ad1b213fb.btn-icon-circle.btn-icon-ripple .btn-icon:before{border-color:rgb(61, 61, 60);}.ld_button_69e1ad1b213fb{color:rgb(61, 61, 60);}.ld_button_69e1ad1b213fb:before{background:rgb(61, 61, 60);}.ld_button_69e1ad1b213fb.btn-bordered{border-color:rgb(61, 61, 60);}<\/style><a href=\"https:\/\/www.book-secure.com\/index.php?s=results&#038;property=idbal31703\" title=\"Book Now\" class=\"btn btn-underlined btn-bordered border-thin ld_button_69e1ad1b213fb vc_custom_1754322277284\">\n\t<span>\n\t\t\n\t\t\t\t\t<span class=\"btn-txt\">Book Now<\/span>\n\t\t\t\n\t\t\t\t<\/span>\n<\/a>\n[vc_empty_space][\/vc_column_inner][vc_column_inner width=\u00a0\u00bb1\/2&Prime; offset=\u00a0\u00bbvc_col-md-7&Prime;][vc_single_image image=\u00a0\u00bb10221&Prime; img_size=\u00a0\u00bbfull\u00a0\u00bb css=\u00a0\u00bb\u00a0\u00bb][\/vc_column_inner][\/vc_row_inner][vc_row_inner content_placement=\u00a0\u00bbmiddle\u00a0\u00bb gap=\u00a0\u00bb35&Prime;][vc_column_inner width=\u00a0\u00bb1\/2&Prime; responsive_align=\u00a0\u00bbtext-md-right text-xs-left\u00a0\u00bb offset=\u00a0\u00bbvc_col-md-5&Prime;]<style>.ld_fancy_heading_69e1ad1b2160c h3{font-size:22px;}.ld_fancy_heading_69e1ad1b2160c .lqd-highlight-inner{height:0.275em;bottom:0px;}<\/style><div class=\"ld-fancy-heading ld_fancy_heading_69e1ad1b2160c\">\n\t<h3 class=\"lqd-highlight-underline lqd-highlight-grow-left\" ><span class=\"ld-fh-txt\"> Two Bedroom Pool Villa with Jacuzzi<\/span><\/h3><\/div>[vc_column_text css=\u00a0\u00bb.vc_custom_1750077310465{margin-bottom: 16px !important;}\u00a0\u00bb]Profitez d&rsquo;une intimit\u00e9 et d&rsquo;un luxe ultimes dans nos villas avec piscine \u00e0 deux chambres. Ces villas spacieuses offrent des vues \u00e0 couper le souffle, des piscines priv\u00e9es chauff\u00e9es et un jacuzzi, ainsi que suffisamment d&rsquo;espace pour les familles et les groupes.[\/vc_column_text]<style>.ld_button_69e1ad1b21832.btn-icon-solid .btn-icon{background:rgb(61, 61, 60);}.ld_button_69e1ad1b21832.btn-icon-circle.btn-icon-ripple .btn-icon:before{border-color:rgb(61, 61, 60);}.ld_button_69e1ad1b21832{color:rgb(61, 61, 60);}.ld_button_69e1ad1b21832:before{background:rgb(61, 61, 60);}.ld_button_69e1ad1b21832.btn-bordered{border-color:rgb(61, 61, 60);}<\/style><a href=\"https:\/\/mundukmodingplantation.com\/accommodation\/two-bedroom-pool-villa-with-jacuzzi\/\" title=\"Two Bedroom Pool Villa with Jacuzzi\" class=\"btn btn-underlined btn-bordered border-thin ld_button_69e1ad1b21832\">\n\t<span>\n\t\t\n\t\t\t\t\t<span class=\"btn-txt\">View Details<\/span>\n\t\t\t\n\t\t\t\t<\/span>\n<\/a>\n<style>.ld_button_69e1ad1b21a42.btn-icon-solid .btn-icon{background:rgb(61, 61, 60);}.ld_button_69e1ad1b21a42.btn-icon-circle.btn-icon-ripple .btn-icon:before{border-color:rgb(61, 61, 60);}.ld_button_69e1ad1b21a42{color:rgb(61, 61, 60);}.ld_button_69e1ad1b21a42:before{background:rgb(61, 61, 60);}.ld_button_69e1ad1b21a42.btn-bordered{border-color:rgb(61, 61, 60);}<\/style><a href=\"https:\/\/www.book-secure.com\/index.php?s=results&#038;property=idbal31703\" title=\"Book Now\" class=\"btn btn-underlined btn-bordered border-thin ld_button_69e1ad1b21a42 vc_custom_1754322277284\">\n\t<span>\n\t\t\n\t\t\t\t\t<span class=\"btn-txt\">Book Now<\/span>\n\t\t\t\n\t\t\t\t<\/span>\n<\/a>\n[vc_empty_space][\/vc_column_inner][vc_column_inner width=\u00a0\u00bb1\/2&Prime; offset=\u00a0\u00bbvc_col-md-7&Prime;][vc_single_image image=\u00a0\u00bb10089&Prime; img_size=\u00a0\u00bbfull\u00a0\u00bb css=\u00a0\u00bb\u00a0\u00bb][\/vc_column_inner][\/vc_row_inner][vc_row_inner content_placement=\u00a0\u00bbmiddle\u00a0\u00bb gap=\u00a0\u00bb35&Prime;][vc_column_inner width=\u00a0\u00bb1\/2&Prime; responsive_align=\u00a0\u00bbtext-md-right text-xs-left\u00a0\u00bb offset=\u00a0\u00bbvc_col-md-5&Prime;]<style>.ld_fancy_heading_69e1ad1b21c62 h3{font-size:22px;}.ld_fancy_heading_69e1ad1b21c62 .lqd-highlight-inner{height:0.275em;bottom:0px;}<\/style><div class=\"ld-fancy-heading ld_fancy_heading_69e1ad1b21c62\">\n\t<h3 class=\"lqd-highlight-underline lqd-highlight-grow-left\" ><span class=\"ld-fh-txt\"> Istana Negara (Presidential Suite)<\/span><\/h3><\/div>[vc_column_text css=\u00a0\u00bb.vc_custom_1750077484544{margin-bottom: 16px !important;}\u00a0\u00bb]Laissez-vous tenter par un luxe in\u00e9gal\u00e9 dans notre prestigieuse suite pr\u00e9sidentielle. Cette retraite exquise offre des vues \u00e0 couper le souffle, des espaces de vie spacieux et une piscine priv\u00e9e chauff\u00e9e, un jacuzzi et un foyer. Parfait pour les couples ou les familles \u00e0 la recherche d&rsquo;intimit\u00e9 et de confort ultimes.[\/vc_column_text]<style>.ld_button_69e1ad1b21e5a.btn-icon-solid .btn-icon{background:rgb(61, 61, 60);}.ld_button_69e1ad1b21e5a.btn-icon-circle.btn-icon-ripple .btn-icon:before{border-color:rgb(61, 61, 60);}.ld_button_69e1ad1b21e5a{color:rgb(61, 61, 60);}.ld_button_69e1ad1b21e5a:before{background:rgb(61, 61, 60);}.ld_button_69e1ad1b21e5a.btn-bordered{border-color:rgb(61, 61, 60);}<\/style><a href=\"https:\/\/mundukmodingplantation.com\/accommodation\/presidential-suite\/\" title=\"Presidential Suite\" class=\"btn btn-underlined btn-bordered border-thin ld_button_69e1ad1b21e5a\">\n\t<span>\n\t\t\n\t\t\t\t\t<span class=\"btn-txt\">View Details<\/span>\n\t\t\t\n\t\t\t\t<\/span>\n<\/a>\n<style>.ld_button_69e1ad1b2206c.btn-icon-solid .btn-icon{background:rgb(61, 61, 60);}.ld_button_69e1ad1b2206c.btn-icon-circle.btn-icon-ripple .btn-icon:before{border-color:rgb(61, 61, 60);}.ld_button_69e1ad1b2206c{color:rgb(61, 61, 60);}.ld_button_69e1ad1b2206c:before{background:rgb(61, 61, 60);}.ld_button_69e1ad1b2206c.btn-bordered{border-color:rgb(61, 61, 60);}<\/style><a href=\"https:\/\/www.book-secure.com\/index.php?s=results&#038;property=idbal31703\" title=\"Book Now\" class=\"btn btn-underlined btn-bordered border-thin ld_button_69e1ad1b2206c vc_custom_1754322277284\">\n\t<span>\n\t\t\n\t\t\t\t\t<span class=\"btn-txt\">Book Now<\/span>\n\t\t\t\n\t\t\t\t<\/span>\n<\/a>\n[vc_empty_space][\/vc_column_inner][vc_column_inner width=\u00a0\u00bb1\/2&Prime; offset=\u00a0\u00bbvc_col-md-7&Prime;][vc_single_image image=\u00a0\u00bb9969&Prime; img_size=\u00a0\u00bbfull\u00a0\u00bb css=\u00a0\u00bb\u00a0\u00bb][\/vc_column_inner][\/vc_row_inner][vc_row_inner content_placement=\u00a0\u00bbmiddle\u00a0\u00bb gap=\u00a0\u00bb35&Prime;][vc_column_inner width=\u00a0\u00bb1\/2&Prime; responsive_align=\u00a0\u00bbtext-md-right text-xs-left\u00a0\u00bb offset=\u00a0\u00bbvc_col-md-5&Prime;]<style>.ld_fancy_heading_69e1ad1b222e8 h3{font-size:22px;}.ld_fancy_heading_69e1ad1b222e8 .lqd-highlight-inner{height:0.275em;bottom:0px;}<\/style><div class=\"ld-fancy-heading ld_fancy_heading_69e1ad1b222e8\">\n\t<h3 class=\"lqd-highlight-underline lqd-highlight-grow-left\" ><span class=\"ld-fh-txt\"> Five Bedroom Pool Villa with Jacuzzi<\/span><\/h3><\/div>[vc_column_text css=\u00a0\u00bb.vc_custom_1750077582219{margin-bottom: 16px !important;}\u00a0\u00bb]Profitez d&rsquo;un luxe et d&rsquo;une intimit\u00e9 ultimes dans notre villa avec piscine \u00e0 cinq chambres. Avec des vues imprenables sur la c\u00f4te nord de Bali et une piscine \u00e0 d\u00e9bordement priv\u00e9e, cette villa spacieuse est parfaite pour les grands groupes et les familles.[\/vc_column_text]<style>.ld_button_69e1ad1b224f3.btn-icon-solid .btn-icon{background:rgb(61, 61, 60);}.ld_button_69e1ad1b224f3.btn-icon-circle.btn-icon-ripple .btn-icon:before{border-color:rgb(61, 61, 60);}.ld_button_69e1ad1b224f3{color:rgb(61, 61, 60);}.ld_button_69e1ad1b224f3:before{background:rgb(61, 61, 60);}.ld_button_69e1ad1b224f3.btn-bordered{border-color:rgb(61, 61, 60);}<\/style><a href=\"https:\/\/mundukmodingplantation.com\/accommodation\/five-bedroom-pool-villa-with-jacuzzi\/\" title=\"Five Bedroom Pool Villa with Jacuzzi\" class=\"btn btn-underlined btn-bordered border-thin ld_button_69e1ad1b224f3\">\n\t<span>\n\t\t\n\t\t\t\t\t<span class=\"btn-txt\">View Details<\/span>\n\t\t\t\n\t\t\t\t<\/span>\n<\/a>\n<style>.ld_button_69e1ad1b22719.btn-icon-solid .btn-icon{background:rgb(61, 61, 60);}.ld_button_69e1ad1b22719.btn-icon-circle.btn-icon-ripple .btn-icon:before{border-color:rgb(61, 61, 60);}.ld_button_69e1ad1b22719{color:rgb(61, 61, 60);}.ld_button_69e1ad1b22719:before{background:rgb(61, 61, 60);}.ld_button_69e1ad1b22719.btn-bordered{border-color:rgb(61, 61, 60);}<\/style><a href=\"https:\/\/www.book-secure.com\/index.php?s=results&#038;property=idbal31703\" title=\"Book Now\" class=\"btn btn-underlined btn-bordered border-thin ld_button_69e1ad1b22719 vc_custom_1754322277284\">\n\t<span>\n\t\t\n\t\t\t\t\t<span class=\"btn-txt\">Book Now<\/span>\n\t\t\t\n\t\t\t\t<\/span>\n<\/a>\n[vc_empty_space][\/vc_column_inner][vc_column_inner width=\u00a0\u00bb1\/2&Prime; offset=\u00a0\u00bbvc_col-md-7&Prime;][vc_single_image image=\u00a0\u00bb9959&Prime; img_size=\u00a0\u00bbfull\u00a0\u00bb css=\u00a0\u00bb\u00a0\u00bb][\/vc_column_inner][\/vc_row_inner][\/vc_column][\/vc_row]<\/p>\n<\/div>","protected":false},"excerpt":{"rendered":"<p>[vc_row full_width=\u00a0\u00bbstretch_row\u00a0\u00bb equal_height=\u00a0\u00bbyes\u00a0\u00bb video_bg=\u00a0\u00bbyes\u00a0\u00bb video_local_mp4_url=\u00a0\u00bbhttps:\/\/mundukmodingplantation.com\/wp-content\/uploads\/2025\/06\/Branding-MMP.mp4&Prime; disable_element=\u00a0\u00bbyes\u00a0\u00bb css=\u00a0\u00bb.vc_custom_1754321697222{margin-top: -20px !important;padding-top: 100px !important;padding-bottom: 110px !important;background-image: url(https:\/\/mundukmodingplantation.com\/wp-content\/uploads\/2025\/06\/home1.webp?id=6810) !important;background-position:&#8230;<\/p>\n","protected":false},"author":1,"featured_media":0,"parent":0,"menu_order":0,"comment_status":"closed","ping_status":"closed","template":"","meta":{"footnotes":""},"class_list":["post-10335","page","type-page","status-publish","hentry"],"yoast_head":"<!-- This site is optimized with the Yoast SEO plugin v27.4 - https:\/\/yoast.com\/product\/yoast-seo-wordpress\/ -->\n<title>H\u00e9bergement \u00e0 Munduk : Munduk Moding Plantation Nature Resort<\/title>\n<meta name=\"description\" content=\"Explorez nos suites luxueuses con\u00e7ues pour un confort et une d\u00e9tente ultimes. D\u00e9couvrez votre escapade id\u00e9ale d\u00e8s aujourd&#039;hui...\" \/>\n<meta name=\"robots\" content=\"index, follow, max-snippet:-1, max-image-preview:large, max-video-preview:-1\" \/>\n<link rel=\"canonical\" href=\"https:\/\/mundukmodingplantation.com\/fr\/hebergement\/\" \/>\n<meta property=\"og:locale\" content=\"fr_FR\" \/>\n<meta property=\"og:type\" content=\"article\" \/>\n<meta property=\"og:title\" content=\"H\u00e9bergement \u00e0 Munduk : Munduk Moding Plantation Nature Resort\" \/>\n<meta property=\"og:description\" content=\"Explorez nos suites luxueuses con\u00e7ues pour un confort et une d\u00e9tente ultimes. D\u00e9couvrez votre escapade id\u00e9ale d\u00e8s aujourd&#039;hui...\" \/>\n<meta property=\"og:url\" content=\"https:\/\/mundukmodingplantation.com\/fr\/hebergement\/\" \/>\n<meta property=\"og:site_name\" content=\"Munduk Moding Plantation\" \/>\n<meta property=\"article:modified_time\" content=\"2025-12-09T05:16:26+00:00\" \/>\n<meta property=\"og:image\" content=\"https:\/\/mundukmodingplantation.com\/wp-content\/uploads\/2025\/06\/home1.webp\" \/>\n\t<meta property=\"og:image:width\" content=\"1920\" \/>\n\t<meta property=\"og:image:height\" content=\"1280\" \/>\n\t<meta property=\"og:image:type\" content=\"image\/webp\" \/>\n<meta name=\"twitter:card\" content=\"summary_large_image\" \/>\n<meta name=\"twitter:label1\" content=\"Dur\u00e9e de lecture estim\u00e9e\" \/>\n\t<meta name=\"twitter:data1\" content=\"6 minutes\" \/>\n<script type=\"application\/ld+json\" class=\"yoast-schema-graph\">{\"@context\":\"https:\\\/\\\/schema.org\",\"@graph\":[{\"@type\":\"WebPage\",\"@id\":\"https:\\\/\\\/mundukmodingplantation.com\\\/fr\\\/hebergement\\\/\",\"url\":\"https:\\\/\\\/mundukmodingplantation.com\\\/fr\\\/hebergement\\\/\",\"name\":\"H\u00e9bergement \u00e0 Munduk : Munduk Moding Plantation Nature Resort\",\"isPartOf\":{\"@id\":\"https:\\\/\\\/mundukmodingplantation.com\\\/fr\\\/#website\"},\"datePublished\":\"2025-08-04T15:39:06+00:00\",\"dateModified\":\"2025-12-09T05:16:26+00:00\",\"description\":\"Explorez nos suites luxueuses con\u00e7ues pour un confort et une d\u00e9tente ultimes. D\u00e9couvrez votre escapade id\u00e9ale d\u00e8s aujourd'hui...\",\"breadcrumb\":{\"@id\":\"https:\\\/\\\/mundukmodingplantation.com\\\/fr\\\/hebergement\\\/#breadcrumb\"},\"inLanguage\":\"fr-FR\",\"potentialAction\":[{\"@type\":\"ReadAction\",\"target\":[\"https:\\\/\\\/mundukmodingplantation.com\\\/fr\\\/hebergement\\\/\"]}]},{\"@type\":\"BreadcrumbList\",\"@id\":\"https:\\\/\\\/mundukmodingplantation.com\\\/fr\\\/hebergement\\\/#breadcrumb\",\"itemListElement\":[{\"@type\":\"ListItem\",\"position\":1,\"name\":\"Home\",\"item\":\"https:\\\/\\\/mundukmodingplantation.com\\\/fr\\\/homenew\\\/\"},{\"@type\":\"ListItem\",\"position\":2,\"name\":\"H\u00e9bergement\"}]},{\"@type\":\"WebSite\",\"@id\":\"https:\\\/\\\/mundukmodingplantation.com\\\/fr\\\/#website\",\"url\":\"https:\\\/\\\/mundukmodingplantation.com\\\/fr\\\/\",\"name\":\"Munduk Moding Plantation\",\"description\":\"Nature Resort\",\"potentialAction\":[{\"@type\":\"SearchAction\",\"target\":{\"@type\":\"EntryPoint\",\"urlTemplate\":\"https:\\\/\\\/mundukmodingplantation.com\\\/fr\\\/?s={search_term_string}\"},\"query-input\":{\"@type\":\"PropertyValueSpecification\",\"valueRequired\":true,\"valueName\":\"search_term_string\"}}],\"inLanguage\":\"fr-FR\"}]}<\/script>\n<!-- \/ Yoast SEO plugin. -->","yoast_head_json":{"title":"H\u00e9bergement \u00e0 Munduk : Munduk Moding Plantation Nature Resort","description":"Explorez nos suites luxueuses con\u00e7ues pour un confort et une d\u00e9tente ultimes. D\u00e9couvrez votre escapade id\u00e9ale d\u00e8s aujourd'hui...","robots":{"index":"index","follow":"follow","max-snippet":"max-snippet:-1","max-image-preview":"max-image-preview:large","max-video-preview":"max-video-preview:-1"},"canonical":"https:\/\/mundukmodingplantation.com\/fr\/hebergement\/","og_locale":"fr_FR","og_type":"article","og_title":"H\u00e9bergement \u00e0 Munduk : Munduk Moding Plantation Nature Resort","og_description":"Explorez nos suites luxueuses con\u00e7ues pour un confort et une d\u00e9tente ultimes. D\u00e9couvrez votre escapade id\u00e9ale d\u00e8s aujourd'hui...","og_url":"https:\/\/mundukmodingplantation.com\/fr\/hebergement\/","og_site_name":"Munduk Moding Plantation","article_modified_time":"2025-12-09T05:16:26+00:00","og_image":[{"width":1920,"height":1280,"url":"https:\/\/mundukmodingplantation.com\/wp-content\/uploads\/2025\/06\/home1.webp","type":"image\/webp"}],"twitter_card":"summary_large_image","twitter_misc":{"Dur\u00e9e de lecture estim\u00e9e":"6 minutes"},"schema":{"@context":"https:\/\/schema.org","@graph":[{"@type":"WebPage","@id":"https:\/\/mundukmodingplantation.com\/fr\/hebergement\/","url":"https:\/\/mundukmodingplantation.com\/fr\/hebergement\/","name":"H\u00e9bergement \u00e0 Munduk : Munduk Moding Plantation Nature Resort","isPartOf":{"@id":"https:\/\/mundukmodingplantation.com\/fr\/#website"},"datePublished":"2025-08-04T15:39:06+00:00","dateModified":"2025-12-09T05:16:26+00:00","description":"Explorez nos suites luxueuses con\u00e7ues pour un confort et une d\u00e9tente ultimes. D\u00e9couvrez votre escapade id\u00e9ale d\u00e8s aujourd'hui...","breadcrumb":{"@id":"https:\/\/mundukmodingplantation.com\/fr\/hebergement\/#breadcrumb"},"inLanguage":"fr-FR","potentialAction":[{"@type":"ReadAction","target":["https:\/\/mundukmodingplantation.com\/fr\/hebergement\/"]}]},{"@type":"BreadcrumbList","@id":"https:\/\/mundukmodingplantation.com\/fr\/hebergement\/#breadcrumb","itemListElement":[{"@type":"ListItem","position":1,"name":"Home","item":"https:\/\/mundukmodingplantation.com\/fr\/homenew\/"},{"@type":"ListItem","position":2,"name":"H\u00e9bergement"}]},{"@type":"WebSite","@id":"https:\/\/mundukmodingplantation.com\/fr\/#website","url":"https:\/\/mundukmodingplantation.com\/fr\/","name":"Munduk Moding Plantation","description":"Nature Resort","potentialAction":[{"@type":"SearchAction","target":{"@type":"EntryPoint","urlTemplate":"https:\/\/mundukmodingplantation.com\/fr\/?s={search_term_string}"},"query-input":{"@type":"PropertyValueSpecification","valueRequired":true,"valueName":"search_term_string"}}],"inLanguage":"fr-FR"}]}},"_links":{"self":[{"href":"https:\/\/mundukmodingplantation.com\/fr\/wp-json\/wp\/v2\/pages\/10335","targetHints":{"allow":["GET"]}}],"collection":[{"href":"https:\/\/mundukmodingplantation.com\/fr\/wp-json\/wp\/v2\/pages"}],"about":[{"href":"https:\/\/mundukmodingplantation.com\/fr\/wp-json\/wp\/v2\/types\/page"}],"author":[{"embeddable":true,"href":"https:\/\/mundukmodingplantation.com\/fr\/wp-json\/wp\/v2\/users\/1"}],"replies":[{"embeddable":true,"href":"https:\/\/mundukmodingplantation.com\/fr\/wp-json\/wp\/v2\/comments?post=10335"}],"version-history":[{"count":13,"href":"https:\/\/mundukmodingplantation.com\/fr\/wp-json\/wp\/v2\/pages\/10335\/revisions"}],"predecessor-version":[{"id":14556,"href":"https:\/\/mundukmodingplantation.com\/fr\/wp-json\/wp\/v2\/pages\/10335\/revisions\/14556"}],"wp:attachment":[{"href":"https:\/\/mundukmodingplantation.com\/fr\/wp-json\/wp\/v2\/media?parent=10335"}],"curies":[{"name":"wp","href":"https:\/\/api.w.org\/{rel}","templated":true}]}}