{"id":11003,"date":"2025-08-08T22:49:58","date_gmt":"2025-08-08T14:49:58","guid":{"rendered":"https:\/\/mundukmodingplantation.com\/valeurs-economiques-environnementales-et-sociales\/"},"modified":"2025-10-30T12:43:15","modified_gmt":"2025-10-30T04:43:15","slug":"valeurs-economiques-environnementales-et-sociales","status":"publish","type":"page","link":"https:\/\/mundukmodingplantation.com\/fr\/notre-histoire\/valeurs-economiques-environnementales-et-sociales\/","title":{"rendered":"Valeurs \u00e9conomiques, environnementales et sociales"},"content":{"rendered":"<div class=\"wpb-content-wrapper\"><p>[vc_row full_width=\u00a0\u00bbstretch_row\u00a0\u00bb equal_height=\u00a0\u00bbyes\u00a0\u00bb video_bg=\u00a0\u00bbyes\u00a0\u00bb video_local_mp4_url=\u00a0\u00bbhttps:\/\/mundukmodingplantation.com\/wp-content\/uploads\/2025\/06\/Branding-MMP.mp4&Prime; disable_element=\u00a0\u00bbyes\u00a0\u00bb css=\u00a0\u00bb.vc_custom_1754321697222{margin-top: -20px !important;padding-top: 100px !important;padding-bottom: 110px !important;background-image: url(https:\/\/mundukmodingplantation.com\/wp-content\/uploads\/2025\/06\/home1.webp?id=6810) !important;background-position: center !important;background-repeat: no-repeat !important;background-size: cover !important;}\u00a0\u00bb responsive_css=\u00a0\u00bbpadding_top_large:45%25|padding_bottom_large:0px|margin_top_medium:-17px|padding_top_medium:275px|padding_bottom_medium:275px\u00a0\u00bb el_class=\u00a0\u00bbfluid\u00a0\u00bb][vc_column enable_content_animation=\u00a0\u00bbyes\u00a0\u00bb ca_init_scale_x=\u00a0\u00bb1&Prime; ca_init_scale_y=\u00a0\u00bb1&Prime; ca_init_scale_z=\u00a0\u00bb1&Prime; ca_init_opacity=\u00a0\u00bb0&Prime; ca_an_scale_x=\u00a0\u00bb1&Prime; ca_an_scale_y=\u00a0\u00bb1&Prime; ca_an_scale_z=\u00a0\u00bb1&Prime; ca_an_opacity=\u00a0\u00bb1&Prime; align=\u00a0\u00bbtext-center\u00a0\u00bb ca_duration=\u00a0\u00bb1600&Prime; ca_delay=\u00a0\u00bb160&Prime; ca_init_translate_y=\u00a0\u00bb121&Prime; ca_init_translate_z=\u00a0\u00bb-142&Prime; ca_init_rotate_x=\u00a0\u00bb-85&Prime;][\/vc_column][\/vc_row][vc_row responsive_css=\u00a0\u00bbmargin_bottom_medium:100px|padding_right_medium:0px|padding_left_medium:0px\u00a0\u00bb css=\u00a0\u00bb.vc_custom_1754387919950{margin-top: 48px !important;margin-bottom: 32px !important;padding-right: 15px !important;padding-left: 15px !important;}\u00a0\u00bb][vc_column align=\u00a0\u00bbtext-center\u00a0\u00bb offset=\u00a0\u00bbvc_col-md-offset-2 vc_col-md-8&Prime;]<style>.ld_fancy_heading_69de099e147dc h1{font-size:36px;}.ld_fancy_heading_69de099e147dc h1 {margin-bottom:32px !important;  } .ld_fancy_heading_69de099e147dc .lqd-highlight-inner{height:0.275em;bottom:0px;}.ld_fancy_heading_69de099e147dc h1 {margin-bottom:32px !important;  } <\/style><div class=\"ld-fancy-heading text-center ld_fancy_heading_69de099e147dc\">\n\t<h1 class=\"lqd-highlight-underline lqd-highlight-grow-left\" ><span class=\"ld-fh-txt\"> Economic, Environmental &amp; Social Values<\/span><\/h1><\/div>[vc_column_text css=\u00a0\u00bb\u00a0\u00bb]<strong>Valeurs sociales<\/strong><\/p>\n<p>Le tourisme durable englobe le respect des valeurs \u00e9conomiques, environnementales et sociales. Bien que les facteurs \u00e9conomiques, tels que des salaires \u00e9quitables et des avantages pour les employ\u00e9s ainsi que le retour sur investissement, soient cruciaux, il est tout aussi important de prioriser les pr\u00e9occupations environnementales et le bien-\u00eatre des communaut\u00e9s locales.[\/vc_column_text][\/vc_column][\/vc_row][vc_row css=\u00a0\u00bb.vc_custom_1754664197174{margin-bottom: 0px !important;}\u00a0\u00bb][vc_column]<style>.ld_carousel_69de099e14e3f .carousel-item{width:66.666666666667%;padding-left:15px;padding-right:15px;}.ld_carousel_69de099e14e3f .carousel-items.row{margin-left:-15px;margin-right:-15px;}.ld_carousel_69de099e14e3f .flickity-prev-next-button svg{stroke:rgb(204, 204, 204);}.ld_carousel_69de099e14e3f .flickity-prev-next-button{color:rgb(204, 204, 204);}.ld_carousel_69de099e14e3f .flickity-prev-next-button:hover svg{stroke:rgb(47, 68, 46);}.ld_carousel_69de099e14e3f .flickity-prev-next-button:hover{color:rgb(47, 68, 46);}.ld_carousel_69de099e14e3f .flickity-page-dots{top:auto;right:auto;bottom:-25px;left:auto;}@media (min-width: 992px) {.ld_carousel_69de099e14e3f .carousel-item { width:66.666666666667% }}<\/style><div id=\"ld_carousel_69de099e14e3f\" class=\"carousel-container carousel-nav-floated carousel-nav-center carousel-nav-middle carousel-nav-xl carousel-dots-style1 ld_carousel_69de099e14e3f\">\n\n\t<div class=\"carousel-items row\"  data-lqd-flickity='{\"cellAlign\":\"center\",\"prevNextButtons\":true,\"buttonsAppendTo\":\"self\",\"pageDots\":false,\"groupCells\":true,\"wrapAround\":true,\"adaptiveHeight\":true,\"autoPlay\":3000,\"pauseAutoPlayOnHover\":true,\"navArrow\":{\"prev\":\"&lt;i class=\\&quot;fa fa-angle-left\\&quot;&gt;&lt;\/i&gt;\",\"next\":\"&lt;i class=\\&quot;fa fa-angle-right\\&quot;&gt;&lt;\/i&gt;\"},\"navOffsets\":{\"prev\":\"-7%\",\"next\":\"-7%\"}}' >\n\t<p>[vc_single_image image=\u00a0\u00bb11004&Prime; img_size=\u00a0\u00bbfull\u00a0\u00bb css=\u00a0\u00bb\u00a0\u00bb][vc_single_image image=\u00a0\u00bb11005&Prime; img_size=\u00a0\u00bbfull\u00a0\u00bb css=\u00a0\u00bb\u00a0\u00bb][vc_single_image image=\u00a0\u00bb11006&Prime; img_size=\u00a0\u00bbfull\u00a0\u00bb css=\u00a0\u00bb\u00a0\u00bb][vc_single_image image=\u00a0\u00bb11008&Prime; img_size=\u00a0\u00bbfull\u00a0\u00bb css=\u00a0\u00bb\u00a0\u00bb][vc_single_image image=\u00a0\u00bb11007&Prime; img_size=\u00a0\u00bbfull\u00a0\u00bb css=\u00a0\u00bb\u00a0\u00bb]<\/p>\n\t<\/div>\n\n<\/div>[\/vc_column][\/vc_row][vc_row responsive_css=\u00a0\u00bbmargin_bottom_medium:65px|padding_right_medium:0px|padding_left_medium:0px\u00a0\u00bb css=\u00a0\u00bb.vc_custom_1754486584919{margin-bottom: 32px !important;padding-right: 15px !important;padding-left: 15px !important;}\u00a0\u00bb][vc_column align=\u00a0\u00bbtext-center\u00a0\u00bb offset=\u00a0\u00bbvc_col-md-offset-2 vc_col-md-8&Prime;][vc_column_text css=\u00a0\u00bb\u00a0\u00bb]\u00c0 Munduk Moding Plantation, nous nous sommes profond\u00e9ment engag\u00e9s envers l&rsquo;avenir de notre communaut\u00e9 locale depuis notre cr\u00e9ation. Par l&rsquo;interm\u00e9diaire de la Fondation Munduk, nous soutenons activement les initiatives locales de notre communaut\u00e9. Notre \u00e9quipe de direction, compos\u00e9e enti\u00e8rement de r\u00e9sidents locaux, est profond\u00e9ment consciente et empathique face aux d\u00e9fis uniques auxquels fait face notre communaut\u00e9.  <\/p>\n<p>Nous nous effor\u00e7ons de pr\u00e9server l&rsquo;int\u00e9grit\u00e9 des modes de vie et des cultures locales. En nous engageant activement avec la communaut\u00e9, nous nous assurons que nos initiatives sont align\u00e9es avec leurs pr\u00e9occupations et leurs besoins, contribuant \u00e0 leur bien-\u00eatre g\u00e9n\u00e9ral. <\/p>\n<p>Cliquez <a href=\"https:\/\/drive.google.com\/file\/d\/1cC59gdGEniO-lm9LQv9jBLQge6ThyeDt\/view\">ici<\/a> pour en savoir plus sur nos efforts continus par l&rsquo;interm\u00e9diaire de la Fondation Munduk.[\/vc_column_text][\/vc_column][\/vc_row]<\/p>\n<\/div>","protected":false},"excerpt":{"rendered":"<p>[vc_row full_width=\u00a0\u00bbstretch_row\u00a0\u00bb equal_height=\u00a0\u00bbyes\u00a0\u00bb video_bg=\u00a0\u00bbyes\u00a0\u00bb video_local_mp4_url=\u00a0\u00bbhttps:\/\/mundukmodingplantation.com\/wp-content\/uploads\/2025\/06\/Branding-MMP.mp4&Prime; disable_element=\u00a0\u00bbyes\u00a0\u00bb css=\u00a0\u00bb.vc_custom_1754321697222{margin-top: -20px !important;padding-top: 100px !important;padding-bottom: 110px !important;background-image: url(https:\/\/mundukmodingplantation.com\/wp-content\/uploads\/2025\/06\/home1.webp?id=6810) !important;background-position:&#8230;<\/p>\n","protected":false},"author":1,"featured_media":0,"parent":11240,"menu_order":0,"comment_status":"closed","ping_status":"closed","template":"","meta":{"footnotes":""},"class_list":["post-11003","page","type-page","status-publish","hentry"],"yoast_head":"<!-- This site is optimized with the Yoast SEO plugin v27.3 - https:\/\/yoast.com\/product\/yoast-seo-wordpress\/ -->\n<title>Valeurs \u00e9conomiques environnementales sociales | Munduk Moding<\/title>\n<meta name=\"description\" content=\"Nous \u00e9quilibrons l&#039;\u00e9quit\u00e9 \u00e9conomique et le bien-\u00eatre social. Le mod\u00e8le durable de MMP garantit que le tourisme soutient les personnes, la plan\u00e8te et la prosp\u00e9rit\u00e9...\" \/>\n<meta name=\"robots\" content=\"index, follow, max-snippet:-1, max-image-preview:large, max-video-preview:-1\" \/>\n<link rel=\"canonical\" href=\"https:\/\/mundukmodingplantation.com\/fr\/notre-histoire\/valeurs-economiques-environnementales-et-sociales\/\" \/>\n<meta property=\"og:locale\" content=\"fr_FR\" \/>\n<meta property=\"og:type\" content=\"article\" \/>\n<meta property=\"og:title\" content=\"Valeurs \u00e9conomiques environnementales sociales | Munduk Moding\" \/>\n<meta property=\"og:description\" content=\"Nous \u00e9quilibrons l&#039;\u00e9quit\u00e9 \u00e9conomique et le bien-\u00eatre social. Le mod\u00e8le durable de MMP garantit que le tourisme soutient les personnes, la plan\u00e8te et la prosp\u00e9rit\u00e9...\" \/>\n<meta property=\"og:url\" content=\"https:\/\/mundukmodingplantation.com\/fr\/notre-histoire\/valeurs-economiques-environnementales-et-sociales\/\" \/>\n<meta property=\"og:site_name\" content=\"Munduk Moding Plantation\" \/>\n<meta property=\"article:modified_time\" content=\"2025-10-30T04:43:15+00:00\" \/>\n<meta property=\"og:image\" content=\"https:\/\/mundukmodingplantation.com\/wp-content\/uploads\/2025\/06\/home1.webp\" \/>\n\t<meta property=\"og:image:width\" content=\"1920\" \/>\n\t<meta property=\"og:image:height\" content=\"1280\" \/>\n\t<meta property=\"og:image:type\" content=\"image\/webp\" \/>\n<meta name=\"twitter:card\" content=\"summary_large_image\" \/>\n<meta name=\"twitter:label1\" content=\"Dur\u00e9e de lecture estim\u00e9e\" \/>\n\t<meta name=\"twitter:data1\" content=\"3 minutes\" \/>\n<script type=\"application\/ld+json\" class=\"yoast-schema-graph\">{\"@context\":\"https:\\\/\\\/schema.org\",\"@graph\":[{\"@type\":\"WebPage\",\"@id\":\"https:\\\/\\\/mundukmodingplantation.com\\\/fr\\\/notre-histoire\\\/valeurs-economiques-environnementales-et-sociales\\\/\",\"url\":\"https:\\\/\\\/mundukmodingplantation.com\\\/fr\\\/notre-histoire\\\/valeurs-economiques-environnementales-et-sociales\\\/\",\"name\":\"Valeurs \u00e9conomiques environnementales sociales | Munduk Moding\",\"isPartOf\":{\"@id\":\"https:\\\/\\\/mundukmodingplantation.com\\\/fr\\\/#website\"},\"datePublished\":\"2025-08-08T14:49:58+00:00\",\"dateModified\":\"2025-10-30T04:43:15+00:00\",\"description\":\"Nous \u00e9quilibrons l'\u00e9quit\u00e9 \u00e9conomique et le bien-\u00eatre social. Le mod\u00e8le durable de MMP garantit que le tourisme soutient les personnes, la plan\u00e8te et la prosp\u00e9rit\u00e9...\",\"breadcrumb\":{\"@id\":\"https:\\\/\\\/mundukmodingplantation.com\\\/fr\\\/notre-histoire\\\/valeurs-economiques-environnementales-et-sociales\\\/#breadcrumb\"},\"inLanguage\":\"fr-FR\",\"potentialAction\":[{\"@type\":\"ReadAction\",\"target\":[\"https:\\\/\\\/mundukmodingplantation.com\\\/fr\\\/notre-histoire\\\/valeurs-economiques-environnementales-et-sociales\\\/\"]}]},{\"@type\":\"BreadcrumbList\",\"@id\":\"https:\\\/\\\/mundukmodingplantation.com\\\/fr\\\/notre-histoire\\\/valeurs-economiques-environnementales-et-sociales\\\/#breadcrumb\",\"itemListElement\":[{\"@type\":\"ListItem\",\"position\":1,\"name\":\"Home\",\"item\":\"https:\\\/\\\/mundukmodingplantation.com\\\/fr\\\/homenew\\\/\"},{\"@type\":\"ListItem\",\"position\":2,\"name\":\"Notre histoire\",\"item\":\"https:\\\/\\\/mundukmodingplantation.com\\\/fr\\\/notre-histoire\\\/\"},{\"@type\":\"ListItem\",\"position\":3,\"name\":\"Valeurs \u00e9conomiques, environnementales et sociales\"}]},{\"@type\":\"WebSite\",\"@id\":\"https:\\\/\\\/mundukmodingplantation.com\\\/fr\\\/#website\",\"url\":\"https:\\\/\\\/mundukmodingplantation.com\\\/fr\\\/\",\"name\":\"Munduk Moding Plantation\",\"description\":\"Nature Resort\",\"potentialAction\":[{\"@type\":\"SearchAction\",\"target\":{\"@type\":\"EntryPoint\",\"urlTemplate\":\"https:\\\/\\\/mundukmodingplantation.com\\\/fr\\\/?s={search_term_string}\"},\"query-input\":{\"@type\":\"PropertyValueSpecification\",\"valueRequired\":true,\"valueName\":\"search_term_string\"}}],\"inLanguage\":\"fr-FR\"}]}<\/script>\n<!-- \/ Yoast SEO plugin. -->","yoast_head_json":{"title":"Valeurs \u00e9conomiques environnementales sociales | Munduk Moding","description":"Nous \u00e9quilibrons l'\u00e9quit\u00e9 \u00e9conomique et le bien-\u00eatre social. Le mod\u00e8le durable de MMP garantit que le tourisme soutient les personnes, la plan\u00e8te et la prosp\u00e9rit\u00e9...","robots":{"index":"index","follow":"follow","max-snippet":"max-snippet:-1","max-image-preview":"max-image-preview:large","max-video-preview":"max-video-preview:-1"},"canonical":"https:\/\/mundukmodingplantation.com\/fr\/notre-histoire\/valeurs-economiques-environnementales-et-sociales\/","og_locale":"fr_FR","og_type":"article","og_title":"Valeurs \u00e9conomiques environnementales sociales | Munduk Moding","og_description":"Nous \u00e9quilibrons l'\u00e9quit\u00e9 \u00e9conomique et le bien-\u00eatre social. Le mod\u00e8le durable de MMP garantit que le tourisme soutient les personnes, la plan\u00e8te et la prosp\u00e9rit\u00e9...","og_url":"https:\/\/mundukmodingplantation.com\/fr\/notre-histoire\/valeurs-economiques-environnementales-et-sociales\/","og_site_name":"Munduk Moding Plantation","article_modified_time":"2025-10-30T04:43:15+00:00","og_image":[{"width":1920,"height":1280,"url":"https:\/\/mundukmodingplantation.com\/wp-content\/uploads\/2025\/06\/home1.webp","type":"image\/webp"}],"twitter_card":"summary_large_image","twitter_misc":{"Dur\u00e9e de lecture estim\u00e9e":"3 minutes"},"schema":{"@context":"https:\/\/schema.org","@graph":[{"@type":"WebPage","@id":"https:\/\/mundukmodingplantation.com\/fr\/notre-histoire\/valeurs-economiques-environnementales-et-sociales\/","url":"https:\/\/mundukmodingplantation.com\/fr\/notre-histoire\/valeurs-economiques-environnementales-et-sociales\/","name":"Valeurs \u00e9conomiques environnementales sociales | Munduk Moding","isPartOf":{"@id":"https:\/\/mundukmodingplantation.com\/fr\/#website"},"datePublished":"2025-08-08T14:49:58+00:00","dateModified":"2025-10-30T04:43:15+00:00","description":"Nous \u00e9quilibrons l'\u00e9quit\u00e9 \u00e9conomique et le bien-\u00eatre social. Le mod\u00e8le durable de MMP garantit que le tourisme soutient les personnes, la plan\u00e8te et la prosp\u00e9rit\u00e9...","breadcrumb":{"@id":"https:\/\/mundukmodingplantation.com\/fr\/notre-histoire\/valeurs-economiques-environnementales-et-sociales\/#breadcrumb"},"inLanguage":"fr-FR","potentialAction":[{"@type":"ReadAction","target":["https:\/\/mundukmodingplantation.com\/fr\/notre-histoire\/valeurs-economiques-environnementales-et-sociales\/"]}]},{"@type":"BreadcrumbList","@id":"https:\/\/mundukmodingplantation.com\/fr\/notre-histoire\/valeurs-economiques-environnementales-et-sociales\/#breadcrumb","itemListElement":[{"@type":"ListItem","position":1,"name":"Home","item":"https:\/\/mundukmodingplantation.com\/fr\/homenew\/"},{"@type":"ListItem","position":2,"name":"Notre histoire","item":"https:\/\/mundukmodingplantation.com\/fr\/notre-histoire\/"},{"@type":"ListItem","position":3,"name":"Valeurs \u00e9conomiques, environnementales et sociales"}]},{"@type":"WebSite","@id":"https:\/\/mundukmodingplantation.com\/fr\/#website","url":"https:\/\/mundukmodingplantation.com\/fr\/","name":"Munduk Moding Plantation","description":"Nature Resort","potentialAction":[{"@type":"SearchAction","target":{"@type":"EntryPoint","urlTemplate":"https:\/\/mundukmodingplantation.com\/fr\/?s={search_term_string}"},"query-input":{"@type":"PropertyValueSpecification","valueRequired":true,"valueName":"search_term_string"}}],"inLanguage":"fr-FR"}]}},"_links":{"self":[{"href":"https:\/\/mundukmodingplantation.com\/fr\/wp-json\/wp\/v2\/pages\/11003","targetHints":{"allow":["GET"]}}],"collection":[{"href":"https:\/\/mundukmodingplantation.com\/fr\/wp-json\/wp\/v2\/pages"}],"about":[{"href":"https:\/\/mundukmodingplantation.com\/fr\/wp-json\/wp\/v2\/types\/page"}],"author":[{"embeddable":true,"href":"https:\/\/mundukmodingplantation.com\/fr\/wp-json\/wp\/v2\/users\/1"}],"replies":[{"embeddable":true,"href":"https:\/\/mundukmodingplantation.com\/fr\/wp-json\/wp\/v2\/comments?post=11003"}],"version-history":[{"count":2,"href":"https:\/\/mundukmodingplantation.com\/fr\/wp-json\/wp\/v2\/pages\/11003\/revisions"}],"predecessor-version":[{"id":11068,"href":"https:\/\/mundukmodingplantation.com\/fr\/wp-json\/wp\/v2\/pages\/11003\/revisions\/11068"}],"up":[{"embeddable":true,"href":"https:\/\/mundukmodingplantation.com\/fr\/wp-json\/wp\/v2\/pages\/11240"}],"wp:attachment":[{"href":"https:\/\/mundukmodingplantation.com\/fr\/wp-json\/wp\/v2\/media?parent=11003"}],"curies":[{"name":"wp","href":"https:\/\/api.w.org\/{rel}","templated":true}]}}