{"id":11061,"date":"2025-08-08T14:58:37","date_gmt":"2025-08-08T06:58:37","guid":{"rendered":"https:\/\/mundukmodingplantation.com\/activites-mmp\/equitation-a-munduk-moding-plantation\/"},"modified":"2025-10-30T12:41:32","modified_gmt":"2025-10-30T04:41:32","slug":"equitation-a-munduk-moding-plantation","status":"publish","type":"page","link":"https:\/\/mundukmodingplantation.com\/fr\/activites-mmp\/equitation-a-munduk-moding-plantation\/","title":{"rendered":"\u00c9quitation \u00e0 Munduk Moding Plantation"},"content":{"rendered":"<div class=\"wpb-content-wrapper\"><p>[vc_row full_width=\u00a0\u00bbstretch_row\u00a0\u00bb equal_height=\u00a0\u00bbyes\u00a0\u00bb video_bg=\u00a0\u00bbyes\u00a0\u00bb video_local_mp4_url=\u00a0\u00bbhttps:\/\/mundukmodingplantation.com\/wp-content\/uploads\/2025\/06\/Branding-MMP.mp4&Prime; disable_element=\u00a0\u00bbyes\u00a0\u00bb css=\u00a0\u00bb.vc_custom_1754321697222{margin-top: -20px !important;padding-top: 100px !important;padding-bottom: 110px !important;background-image: url(https:\/\/mundukmodingplantation.com\/wp-content\/uploads\/2025\/06\/home1.webp?id=6810) !important;background-position: center !important;background-repeat: no-repeat !important;background-size: cover !important;}\u00a0\u00bb responsive_css=\u00a0\u00bbpadding_top_large:45%25|padding_bottom_large:0px|margin_top_medium:-17px|padding_top_medium:275px|padding_bottom_medium:275px\u00a0\u00bb el_class=\u00a0\u00bbfluid\u00a0\u00bb][vc_column enable_content_animation=\u00a0\u00bbyes\u00a0\u00bb ca_init_scale_x=\u00a0\u00bb1&Prime; ca_init_scale_y=\u00a0\u00bb1&Prime; ca_init_scale_z=\u00a0\u00bb1&Prime; ca_init_opacity=\u00a0\u00bb0&Prime; ca_an_scale_x=\u00a0\u00bb1&Prime; ca_an_scale_y=\u00a0\u00bb1&Prime; ca_an_scale_z=\u00a0\u00bb1&Prime; ca_an_opacity=\u00a0\u00bb1&Prime; align=\u00a0\u00bbtext-center\u00a0\u00bb ca_duration=\u00a0\u00bb1600&Prime; ca_delay=\u00a0\u00bb160&Prime; ca_init_translate_y=\u00a0\u00bb121&Prime; ca_init_translate_z=\u00a0\u00bb-142&Prime; ca_init_rotate_x=\u00a0\u00bb-85&Prime;][\/vc_column][\/vc_row][vc_row responsive_css=\u00a0\u00bbmargin_bottom_medium:100px|padding_right_medium:0px|padding_left_medium:0px\u00a0\u00bb css=\u00a0\u00bb.vc_custom_1754387919950{margin-top: 48px !important;margin-bottom: 32px !important;padding-right: 15px !important;padding-left: 15px !important;}\u00a0\u00bb][vc_column align=\u00a0\u00bbtext-center\u00a0\u00bb offset=\u00a0\u00bbvc_col-md-offset-2 vc_col-md-8&Prime;]<style>.ld_fancy_heading_69e9ef4d40f96 h3{font-size:20px;}.ld_fancy_heading_69e9ef4d40f96 .lqd-highlight-inner{height:0.275em;bottom:0px;}<\/style><div class=\"ld-fancy-heading text-center ld_fancy_heading_69e9ef4d40f96\">\n\t<h3 class=\"lqd-highlight-underline lqd-highlight-grow-left h2\" ><span class=\"ld-fh-txt\"> Activit\u00e9s<\/span><\/h3><\/div><style>.ld_fancy_heading_69e9ef4d41719 h1{font-size:36px;}.ld_fancy_heading_69e9ef4d41719 h1 {margin-bottom:32px !important;  } .ld_fancy_heading_69e9ef4d41719 .lqd-highlight-inner{height:0.275em;bottom:0px;}.ld_fancy_heading_69e9ef4d41719 h1 {margin-bottom:32px !important;  } <\/style><div class=\"ld-fancy-heading text-center ld_fancy_heading_69e9ef4d41719\">\n\t<h1 class=\"lqd-highlight-underline lqd-highlight-grow-left\" ><span class=\"ld-fh-txt\"> \u00c9quitation \u00e0 Munduk Moding Plantation<\/span><\/h1><\/div>[\/vc_column][\/vc_row][vc_row css=\u00a0\u00bb.vc_custom_1754495108252{margin-bottom: 48px !important;}\u00a0\u00bb][vc_column]<style>.ld_carousel_69e9ef4d4190b .carousel-item{width:66.666666666667%;padding-left:15px;padding-right:15px;}.ld_carousel_69e9ef4d4190b .carousel-items.row{margin-left:-15px;margin-right:-15px;}.ld_carousel_69e9ef4d4190b .flickity-prev-next-button svg{stroke:rgb(204, 204, 204);}.ld_carousel_69e9ef4d4190b .flickity-prev-next-button{color:rgb(204, 204, 204);}.ld_carousel_69e9ef4d4190b .flickity-prev-next-button:hover svg{stroke:rgb(47, 68, 46);}.ld_carousel_69e9ef4d4190b .flickity-prev-next-button:hover{color:rgb(47, 68, 46);}.ld_carousel_69e9ef4d4190b .flickity-page-dots{top:auto;right:auto;bottom:-25px;left:auto;}@media (min-width: 992px) {.ld_carousel_69e9ef4d4190b .carousel-item { width:66.666666666667% }}<\/style><div id=\"ld_carousel_69e9ef4d4190b\" class=\"carousel-container carousel-nav-floated carousel-nav-center carousel-nav-middle carousel-nav-xl carousel-dots-style1 ld_carousel_69e9ef4d4190b\">\n\n\t<div class=\"carousel-items row\"  data-lqd-flickity='{\"cellAlign\":\"center\",\"prevNextButtons\":true,\"buttonsAppendTo\":\"self\",\"pageDots\":false,\"groupCells\":true,\"wrapAround\":true,\"adaptiveHeight\":true,\"autoPlay\":3000,\"pauseAutoPlayOnHover\":true,\"navArrow\":{\"prev\":\"&lt;i class=\\&quot;fa fa-angle-left\\&quot;&gt;&lt;\/i&gt;\",\"next\":\"&lt;i class=\\&quot;fa fa-angle-right\\&quot;&gt;&lt;\/i&gt;\"},\"navOffsets\":{\"prev\":\"-7%\",\"next\":\"-7%\"}}' >\n\t<p>[vc_single_image image=\u00a0\u00bb10891&Prime; img_size=\u00a0\u00bbfull\u00a0\u00bb css=\u00a0\u00bb\u00a0\u00bb][vc_single_image image=\u00a0\u00bb11063&Prime; img_size=\u00a0\u00bbfull\u00a0\u00bb css=\u00a0\u00bb\u00a0\u00bb][vc_single_image image=\u00a0\u00bb10914&Prime; img_size=\u00a0\u00bbfull\u00a0\u00bb css=\u00a0\u00bb\u00a0\u00bb][vc_single_image image=\u00a0\u00bb9080&Prime; img_size=\u00a0\u00bbfull\u00a0\u00bb css=\u00a0\u00bb\u00a0\u00bb]<\/p>\n\t<\/div>\n\n<\/div>[\/vc_column][\/vc_row][vc_row css=\u00a0\u00bb.vc_custom_1754629434579{margin-bottom: 120px !important;}\u00a0\u00bb][vc_column][vc_column_text css=\u00a0\u00bb\u00a0\u00bb]<\/p>\n<h4>Aventures pittoresques dans la plantation \u00e0 cheval<\/h4>\n<p>Pr\u00e9parez-vous \u00e0 vivre une exp\u00e9rience \u00e9questre inoubliable \u00e0 travers les paysages enchanteurs autour de Munduk Moding Plantation.<\/p>\n<p>Promenez-vous dans des plantations de mandarines parfum\u00e9es, des champs d&rsquo;hortensias \u00e9clatants et une majestueuse for\u00eat de bambous. Accompagn\u00e9 d&rsquo;un cavalier exp\u00e9riment\u00e9, vous explorerez la beaut\u00e9 diversifi\u00e9e de la r\u00e9gion, notamment de charmants villages locaux et des panoramas \u00e0 couper le souffle. <\/p>\n<p>Cette promenade tranquille est parfaite pour les amoureux des chevaux et les passionn\u00e9s de nature.<\/p>\n<p>Dur\u00e9e de la promenade&nbsp;: 40 \u00e0 60&nbsp;minutes<br \/>\nPrix&nbsp;: 435&nbsp;000&nbsp;IDR par personne<\/p>\n<h4>Promenade dans le paddock<\/h4>\n<p>Approchez-vous de nos chevaux dociles lors d&rsquo;une promenade guid\u00e9e dans le paddock. Vous aurez l&rsquo;occasion de nourrir ces magnifiques cr\u00e9atures et d&rsquo;immortaliser des moments r\u00e9confortants. Cette exp\u00e9rience unique est parfaite pour les amoureux des chevaux de tous \u00e2ges.  <\/p>\n<p>Dur\u00e9e&nbsp;: 10 \u00e0 15&nbsp;minutes<br \/>\nPrix&nbsp;: 50&nbsp;000&nbsp;IDR (10&nbsp;minutes) \/ 100&nbsp;000&nbsp;IDR (15&nbsp;minutes)<\/p>\n<p><em><strong>*Le tarif est soumis \u00e0 une taxe de 21&nbsp;% et \u00e0 des frais de service<\/strong><\/em>[\/vc_column_text][\/vc_column][\/vc_row][vc_row responsive_css=\u00a0\u00bbmargin_bottom_medium:65px\u00a0\u00bb css=\u00a0\u00bb.vc_custom_1754387877342{margin-top: 100px !important;margin-bottom: 48px !important;}\u00a0\u00bb][vc_column]<style>.ld_fancy_heading_69e9ef4d41c76 h3{font-size:28px;}.ld_fancy_heading_69e9ef4d41c76 h3 {margin-bottom:32px !important;  } @media (min-width: 992px) { .ld_fancy_heading_69e9ef4d41c76 h3 {margin-bottom:52px !important;  }  } .ld_fancy_heading_69e9ef4d41c76 .lqd-highlight-inner{height:0.275em;bottom:0px;}.ld_fancy_heading_69e9ef4d41c76 h3 {margin-bottom:32px !important;  } @media (min-width: 992px) { .ld_fancy_heading_69e9ef4d41c76 h3 {margin-bottom:52px !important;  }  } <\/style><div class=\"ld-fancy-heading text-center ld_fancy_heading_69e9ef4d41c76\">\n\t<h3 class=\"lqd-highlight-underline lqd-highlight-grow-left\" ><span class=\"ld-fh-txt\"> Autres activit\u00e9s<\/span><\/h3><\/div><style>.ld_carousel_69e9ef4d41fc9 .carousel-item{width:66.666666666667%;padding-left:15px;padding-right:15px;}.ld_carousel_69e9ef4d41fc9 .carousel-items.row{margin-left:-15px;margin-right:-15px;}.ld_carousel_69e9ef4d41fc9 .flickity-prev-next-button svg{stroke:rgb(204, 204, 204);}.ld_carousel_69e9ef4d41fc9 .flickity-prev-next-button{color:rgb(204, 204, 204);}.ld_carousel_69e9ef4d41fc9 .flickity-prev-next-button:hover svg{stroke:rgb(47, 68, 46);}.ld_carousel_69e9ef4d41fc9 .flickity-prev-next-button:hover{color:rgb(47, 68, 46);}.ld_carousel_69e9ef4d41fc9 .flickity-page-dots{top:auto;right:auto;bottom:-25px;left:auto;}@media (min-width: 992px) {.ld_carousel_69e9ef4d41fc9 .carousel-item { width:33.333333333333% }}<\/style><div id=\"ld_carousel_69e9ef4d41fc9\" class=\"carousel-container carousel-nav-floated carousel-nav-center carousel-nav-middle carousel-nav-xl carousel-dots-style1 ld_carousel_69e9ef4d41fc9\">\n\n\t<div class=\"carousel-items row\"  data-lqd-flickity='{\"cellAlign\":\"center\",\"prevNextButtons\":true,\"buttonsAppendTo\":\"self\",\"pageDots\":false,\"groupCells\":true,\"wrapAround\":true,\"adaptiveHeight\":true,\"autoPlay\":3000,\"pauseAutoPlayOnHover\":true,\"navArrow\":{\"prev\":\"&lt;i class=\\&quot;fa fa-angle-left\\&quot;&gt;&lt;\/i&gt;\",\"next\":\"&lt;i class=\\&quot;fa fa-angle-right\\&quot;&gt;&lt;\/i&gt;\"},\"navOffsets\":{\"prev\":\"-7%\",\"next\":\"-7%\"}}' >\n\t<div class=\"carousel-item\"><style>.ld_content_box_69e9ef4d42338{min-height:360px;}<\/style>\n<div id=\"ld_content_box_69e9ef4d42338\" class=\"fancy-box border-radius-3 scheme-light fancy-box-overlay fancy-box-custom-height ld_content_box_69e9ef4d42338\">\n\t\n\t<div class=\"cb-img-container border-radius-3\">\n\t\t<figure class=\"fancy-box-image border-radius-3\" data-responsive-bg=\"true\" data-liquid-blur=\"true\" data-blur-options='{\"imgSrc\":\"backgroundImage\",\"radius\":25,\"blurHandlerOn\":\"static\"}'><\/figure>\t<\/div><!-- \/.cb-img-container -->\n\n\t<span class=\"cb-overlay\"><\/span><!-- \/.cb-overlay -->\n\n\t<div class=\"fancy-box-contents border-radius-3\">\n\t\t\n\t\t<div class=\"fancy-box-header\">\n\t\t\t\t\t\t<h3>Randonn\u00e9e<\/h3>\t\t\t<p>Un certain nombre de randonn\u00e9es spectaculaires sont disponibles vers de superbes cascades, des lacs de montagne sereins&#8230;<\/p>\n\t\t<\/div><!-- \/.fancy-box-header -->\n\t\t\n\t\t\t\t\t<div class=\"fancy-box-footer\">\n\t\t\t\t<style>.ld_button_69e9ef4d42cbd.btn-icon-solid .btn-icon{background:rgb(255, 255, 255);}.ld_button_69e9ef4d42cbd.btn-icon-circle.btn-icon-ripple .btn-icon:before{border-color:rgb(255, 255, 255);}.ld_button_69e9ef4d42cbd{color:rgb(255, 255, 255);}.ld_button_69e9ef4d42cbd:before{background:rgb(255, 255, 255);}.ld_button_69e9ef4d42cbd.btn-bordered{border-color:rgb(255, 255, 255);}<\/style><a href=\"https:\/\/mundukmodingplantation.com\/mmp-activities\/trekking\/\" title=\"Trekking\" class=\"btn btn-underlined btn-bordered border-thin ld_button_69e9ef4d42cbd\">\n\t<span>\n\t\t\n\t\t\t\t\t<span class=\"btn-txt\">Discover<\/span>\n\t\t\t\n\t\t\t\t<\/span>\n<\/a>\n\t\t\t<\/div><!-- \/.fancy-box-footer -->\n\t\t\n\t<\/div><!-- \/.fancy-box-contents -->\n\n\t\t\n<\/div><!-- \/.fancy-box fancy-box-classes --><\/div>\n<div class=\"carousel-item\"><style>.ld_content_box_69e9ef4d430e2{min-height:360px;}<\/style>\n<div id=\"ld_content_box_69e9ef4d430e2\" class=\"fancy-box border-radius-3 scheme-light fancy-box-overlay fancy-box-custom-height ld_content_box_69e9ef4d430e2\">\n\t\n\t<div class=\"cb-img-container border-radius-3\">\n\t\t<figure class=\"fancy-box-image border-radius-3\" data-responsive-bg=\"true\" data-liquid-blur=\"true\" data-blur-options='{\"imgSrc\":\"backgroundImage\",\"radius\":25,\"blurHandlerOn\":\"static\"}'><\/figure>\t<\/div><!-- \/.cb-img-container -->\n\n\t<span class=\"cb-overlay\"><\/span><!-- \/.cb-overlay -->\n\n\t<div class=\"fancy-box-contents border-radius-3\">\n\t\t\n\t\t<div class=\"fancy-box-header\">\n\t\t\t\t\t\t<h3>Circuits \u00e0 v\u00e9lo<\/h3>\t\t\t<p>Lancez-vous dans des aventures exaltantes en VTT \u00e0 travers les paysages \u00e0 couper le souffle du nord de Bali&#8230;<\/p>\n\t\t<\/div><!-- \/.fancy-box-header -->\n\t\t\n\t\t\t\t\t<div class=\"fancy-box-footer\">\n\t\t\t\t<style>.ld_button_69e9ef4d43657.btn-icon-solid .btn-icon{background:rgb(255, 255, 255);}.ld_button_69e9ef4d43657.btn-icon-circle.btn-icon-ripple .btn-icon:before{border-color:rgb(255, 255, 255);}.ld_button_69e9ef4d43657{color:rgb(255, 255, 255);}.ld_button_69e9ef4d43657:before{background:rgb(255, 255, 255);}.ld_button_69e9ef4d43657.btn-bordered{border-color:rgb(255, 255, 255);}<\/style><a href=\"https:\/\/mundukmodingplantation.com\/mmp-activities\/cycling-tours\/\" title=\"Cycling Tours\" class=\"btn btn-underlined btn-bordered border-thin ld_button_69e9ef4d43657\">\n\t<span>\n\t\t\n\t\t\t\t\t<span class=\"btn-txt\">Discover<\/span>\n\t\t\t\n\t\t\t\t<\/span>\n<\/a>\n\t\t\t<\/div><!-- \/.fancy-box-footer -->\n\t\t\n\t<\/div><!-- \/.fancy-box-contents -->\n\n\t\t\n<\/div><!-- \/.fancy-box fancy-box-classes --><\/div>\n<div class=\"carousel-item\"><style>.ld_content_box_69e9ef4d44187{min-height:360px;}<\/style>\n<div id=\"ld_content_box_69e9ef4d44187\" class=\"fancy-box border-radius-3 scheme-light fancy-box-overlay fancy-box-custom-height ld_content_box_69e9ef4d44187\">\n\t\n\t<div class=\"cb-img-container border-radius-3\">\n\t\t<figure class=\"fancy-box-image border-radius-3\" data-responsive-bg=\"true\" data-liquid-blur=\"true\" data-blur-options='{\"imgSrc\":\"backgroundImage\",\"radius\":25,\"blurHandlerOn\":\"static\"}'><\/figure>\t<\/div><!-- \/.cb-img-container -->\n\n\t<span class=\"cb-overlay\"><\/span><!-- \/.cb-overlay -->\n\n\t<div class=\"fancy-box-contents border-radius-3\">\n\t\t\n\t\t<div class=\"fancy-box-header\">\n\t\t\t\t\t\t<h3>Visites<\/h3>\t\t\t<p>Partagez avec nous vos vacances de r\u00eave \u00e0 Bali. Notre \u00e9quipe \u00e9laborera un itin\u00e9raire sur mesure ou vous pourrez explorer nos circuits organis\u00e9s, con\u00e7us pour pr\u00e9senter le meilleur de ce que cette \u00eele sp\u00e9ciale a \u00e0 offrir&#8230; <\/p>\n\t\t<\/div><!-- \/.fancy-box-header -->\n\t\t\n\t\t\t\t\t<div class=\"fancy-box-footer\">\n\t\t\t\t<style>.ld_button_69e9ef4d447e0.btn-icon-solid .btn-icon{background:rgb(255, 255, 255);}.ld_button_69e9ef4d447e0.btn-icon-circle.btn-icon-ripple .btn-icon:before{border-color:rgb(255, 255, 255);}.ld_button_69e9ef4d447e0{color:rgb(255, 255, 255);}.ld_button_69e9ef4d447e0:before{background:rgb(255, 255, 255);}.ld_button_69e9ef4d447e0.btn-bordered{border-color:rgb(255, 255, 255);}<\/style><a href=\"https:\/\/mundukmodingplantation.com\/mmp-activities\/other-tours\/\" title=\"Tours\" class=\"btn btn-underlined btn-bordered border-thin ld_button_69e9ef4d447e0\">\n\t<span>\n\t\t\n\t\t\t\t\t<span class=\"btn-txt\">Discover<\/span>\n\t\t\t\n\t\t\t\t<\/span>\n<\/a>\n\t\t\t<\/div><!-- \/.fancy-box-footer -->\n\t\t\n\t<\/div><!-- \/.fancy-box-contents -->\n\n\t\t\n<\/div><!-- \/.fancy-box fancy-box-classes --><\/div>\n\t<\/div>\n\n<\/div>[\/vc_column][\/vc_row]<\/p>\n<\/div>","protected":false},"excerpt":{"rendered":"<p>[vc_row full_width=\u00a0\u00bbstretch_row\u00a0\u00bb equal_height=\u00a0\u00bbyes\u00a0\u00bb video_bg=\u00a0\u00bbyes\u00a0\u00bb video_local_mp4_url=\u00a0\u00bbhttps:\/\/mundukmodingplantation.com\/wp-content\/uploads\/2025\/06\/Branding-MMP.mp4&Prime; disable_element=\u00a0\u00bbyes\u00a0\u00bb css=\u00a0\u00bb.vc_custom_1754321697222{margin-top: -20px !important;padding-top: 100px !important;padding-bottom: 110px !important;background-image: url(https:\/\/mundukmodingplantation.com\/wp-content\/uploads\/2025\/06\/home1.webp?id=6810) !important;background-position:&#8230;<\/p>\n","protected":false},"author":3,"featured_media":0,"parent":9077,"menu_order":0,"comment_status":"closed","ping_status":"closed","template":"","meta":{"footnotes":""},"class_list":["post-11061","page","type-page","status-publish","hentry"],"yoast_head":"<!-- This site is optimized with the Yoast SEO plugin v27.4 - https:\/\/yoast.com\/product\/yoast-seo-wordpress\/ -->\n<title>\u00c9quitation \u00e0 Munduk Moding Plantation<\/title>\n<meta name=\"description\" content=\"Explorez les hauts plateaux de Bali \u00e0 cheval. Nos chevaux dociles et nos guides vous emm\u00e8nent \u00e0 travers des plantations de caf\u00e9 parfum\u00e9es et des sentiers forestiers pittoresques...\" \/>\n<meta name=\"robots\" content=\"index, follow, max-snippet:-1, max-image-preview:large, max-video-preview:-1\" \/>\n<link rel=\"canonical\" href=\"https:\/\/mundukmodingplantation.com\/fr\/activites-mmp\/equitation-a-munduk-moding-plantation\/\" \/>\n<meta property=\"og:locale\" content=\"fr_FR\" \/>\n<meta property=\"og:type\" content=\"article\" \/>\n<meta property=\"og:title\" content=\"\u00c9quitation \u00e0 Munduk Moding Plantation\" \/>\n<meta property=\"og:description\" content=\"Explorez les hauts plateaux de Bali \u00e0 cheval. Nos chevaux dociles et nos guides vous emm\u00e8nent \u00e0 travers des plantations de caf\u00e9 parfum\u00e9es et des sentiers forestiers pittoresques...\" \/>\n<meta property=\"og:url\" content=\"https:\/\/mundukmodingplantation.com\/fr\/activites-mmp\/equitation-a-munduk-moding-plantation\/\" \/>\n<meta property=\"og:site_name\" content=\"Munduk Moding Plantation\" \/>\n<meta property=\"article:modified_time\" content=\"2025-10-30T04:41:32+00:00\" \/>\n<meta property=\"og:image\" content=\"https:\/\/mundukmodingplantation.com\/wp-content\/uploads\/2025\/06\/home1.webp\" \/>\n\t<meta property=\"og:image:width\" content=\"1920\" \/>\n\t<meta property=\"og:image:height\" content=\"1280\" \/>\n\t<meta property=\"og:image:type\" content=\"image\/webp\" \/>\n<meta name=\"twitter:card\" content=\"summary_large_image\" \/>\n<meta name=\"twitter:label1\" content=\"Dur\u00e9e de lecture estim\u00e9e\" \/>\n\t<meta name=\"twitter:data1\" content=\"4 minutes\" \/>\n<script type=\"application\/ld+json\" class=\"yoast-schema-graph\">{\"@context\":\"https:\\\/\\\/schema.org\",\"@graph\":[{\"@type\":\"WebPage\",\"@id\":\"https:\\\/\\\/mundukmodingplantation.com\\\/fr\\\/activites-mmp\\\/equitation-a-munduk-moding-plantation\\\/\",\"url\":\"https:\\\/\\\/mundukmodingplantation.com\\\/fr\\\/activites-mmp\\\/equitation-a-munduk-moding-plantation\\\/\",\"name\":\"\u00c9quitation \u00e0 Munduk Moding Plantation\",\"isPartOf\":{\"@id\":\"https:\\\/\\\/mundukmodingplantation.com\\\/fr\\\/#website\"},\"datePublished\":\"2025-08-08T06:58:37+00:00\",\"dateModified\":\"2025-10-30T04:41:32+00:00\",\"description\":\"Explorez les hauts plateaux de Bali \u00e0 cheval. Nos chevaux dociles et nos guides vous emm\u00e8nent \u00e0 travers des plantations de caf\u00e9 parfum\u00e9es et des sentiers forestiers pittoresques...\",\"breadcrumb\":{\"@id\":\"https:\\\/\\\/mundukmodingplantation.com\\\/fr\\\/activites-mmp\\\/equitation-a-munduk-moding-plantation\\\/#breadcrumb\"},\"inLanguage\":\"fr-FR\",\"potentialAction\":[{\"@type\":\"ReadAction\",\"target\":[\"https:\\\/\\\/mundukmodingplantation.com\\\/fr\\\/activites-mmp\\\/equitation-a-munduk-moding-plantation\\\/\"]}]},{\"@type\":\"BreadcrumbList\",\"@id\":\"https:\\\/\\\/mundukmodingplantation.com\\\/fr\\\/activites-mmp\\\/equitation-a-munduk-moding-plantation\\\/#breadcrumb\",\"itemListElement\":[{\"@type\":\"ListItem\",\"position\":1,\"name\":\"Home\",\"item\":\"https:\\\/\\\/mundukmodingplantation.com\\\/fr\\\/homenew\\\/\"},{\"@type\":\"ListItem\",\"position\":2,\"name\":\"Activit\u00e9s MMP\",\"item\":\"https:\\\/\\\/mundukmodingplantation.com\\\/fr\\\/activites-mmp\\\/\"},{\"@type\":\"ListItem\",\"position\":3,\"name\":\"\u00c9quitation \u00e0 Munduk Moding Plantation\"}]},{\"@type\":\"WebSite\",\"@id\":\"https:\\\/\\\/mundukmodingplantation.com\\\/fr\\\/#website\",\"url\":\"https:\\\/\\\/mundukmodingplantation.com\\\/fr\\\/\",\"name\":\"Munduk Moding Plantation\",\"description\":\"Nature Resort\",\"potentialAction\":[{\"@type\":\"SearchAction\",\"target\":{\"@type\":\"EntryPoint\",\"urlTemplate\":\"https:\\\/\\\/mundukmodingplantation.com\\\/fr\\\/?s={search_term_string}\"},\"query-input\":{\"@type\":\"PropertyValueSpecification\",\"valueRequired\":true,\"valueName\":\"search_term_string\"}}],\"inLanguage\":\"fr-FR\"}]}<\/script>\n<!-- \/ Yoast SEO plugin. -->","yoast_head_json":{"title":"\u00c9quitation \u00e0 Munduk Moding Plantation","description":"Explorez les hauts plateaux de Bali \u00e0 cheval. Nos chevaux dociles et nos guides vous emm\u00e8nent \u00e0 travers des plantations de caf\u00e9 parfum\u00e9es et des sentiers forestiers pittoresques...","robots":{"index":"index","follow":"follow","max-snippet":"max-snippet:-1","max-image-preview":"max-image-preview:large","max-video-preview":"max-video-preview:-1"},"canonical":"https:\/\/mundukmodingplantation.com\/fr\/activites-mmp\/equitation-a-munduk-moding-plantation\/","og_locale":"fr_FR","og_type":"article","og_title":"\u00c9quitation \u00e0 Munduk Moding Plantation","og_description":"Explorez les hauts plateaux de Bali \u00e0 cheval. Nos chevaux dociles et nos guides vous emm\u00e8nent \u00e0 travers des plantations de caf\u00e9 parfum\u00e9es et des sentiers forestiers pittoresques...","og_url":"https:\/\/mundukmodingplantation.com\/fr\/activites-mmp\/equitation-a-munduk-moding-plantation\/","og_site_name":"Munduk Moding Plantation","article_modified_time":"2025-10-30T04:41:32+00:00","og_image":[{"width":1920,"height":1280,"url":"https:\/\/mundukmodingplantation.com\/wp-content\/uploads\/2025\/06\/home1.webp","type":"image\/webp"}],"twitter_card":"summary_large_image","twitter_misc":{"Dur\u00e9e de lecture estim\u00e9e":"4 minutes"},"schema":{"@context":"https:\/\/schema.org","@graph":[{"@type":"WebPage","@id":"https:\/\/mundukmodingplantation.com\/fr\/activites-mmp\/equitation-a-munduk-moding-plantation\/","url":"https:\/\/mundukmodingplantation.com\/fr\/activites-mmp\/equitation-a-munduk-moding-plantation\/","name":"\u00c9quitation \u00e0 Munduk Moding Plantation","isPartOf":{"@id":"https:\/\/mundukmodingplantation.com\/fr\/#website"},"datePublished":"2025-08-08T06:58:37+00:00","dateModified":"2025-10-30T04:41:32+00:00","description":"Explorez les hauts plateaux de Bali \u00e0 cheval. Nos chevaux dociles et nos guides vous emm\u00e8nent \u00e0 travers des plantations de caf\u00e9 parfum\u00e9es et des sentiers forestiers pittoresques...","breadcrumb":{"@id":"https:\/\/mundukmodingplantation.com\/fr\/activites-mmp\/equitation-a-munduk-moding-plantation\/#breadcrumb"},"inLanguage":"fr-FR","potentialAction":[{"@type":"ReadAction","target":["https:\/\/mundukmodingplantation.com\/fr\/activites-mmp\/equitation-a-munduk-moding-plantation\/"]}]},{"@type":"BreadcrumbList","@id":"https:\/\/mundukmodingplantation.com\/fr\/activites-mmp\/equitation-a-munduk-moding-plantation\/#breadcrumb","itemListElement":[{"@type":"ListItem","position":1,"name":"Home","item":"https:\/\/mundukmodingplantation.com\/fr\/homenew\/"},{"@type":"ListItem","position":2,"name":"Activit\u00e9s MMP","item":"https:\/\/mundukmodingplantation.com\/fr\/activites-mmp\/"},{"@type":"ListItem","position":3,"name":"\u00c9quitation \u00e0 Munduk Moding Plantation"}]},{"@type":"WebSite","@id":"https:\/\/mundukmodingplantation.com\/fr\/#website","url":"https:\/\/mundukmodingplantation.com\/fr\/","name":"Munduk Moding Plantation","description":"Nature Resort","potentialAction":[{"@type":"SearchAction","target":{"@type":"EntryPoint","urlTemplate":"https:\/\/mundukmodingplantation.com\/fr\/?s={search_term_string}"},"query-input":{"@type":"PropertyValueSpecification","valueRequired":true,"valueName":"search_term_string"}}],"inLanguage":"fr-FR"}]}},"_links":{"self":[{"href":"https:\/\/mundukmodingplantation.com\/fr\/wp-json\/wp\/v2\/pages\/11061","targetHints":{"allow":["GET"]}}],"collection":[{"href":"https:\/\/mundukmodingplantation.com\/fr\/wp-json\/wp\/v2\/pages"}],"about":[{"href":"https:\/\/mundukmodingplantation.com\/fr\/wp-json\/wp\/v2\/types\/page"}],"author":[{"embeddable":true,"href":"https:\/\/mundukmodingplantation.com\/fr\/wp-json\/wp\/v2\/users\/3"}],"replies":[{"embeddable":true,"href":"https:\/\/mundukmodingplantation.com\/fr\/wp-json\/wp\/v2\/comments?post=11061"}],"version-history":[{"count":2,"href":"https:\/\/mundukmodingplantation.com\/fr\/wp-json\/wp\/v2\/pages\/11061\/revisions"}],"predecessor-version":[{"id":11076,"href":"https:\/\/mundukmodingplantation.com\/fr\/wp-json\/wp\/v2\/pages\/11061\/revisions\/11076"}],"up":[{"embeddable":true,"href":"https:\/\/mundukmodingplantation.com\/fr\/wp-json\/wp\/v2\/pages\/9077"}],"wp:attachment":[{"href":"https:\/\/mundukmodingplantation.com\/fr\/wp-json\/wp\/v2\/media?parent=11061"}],"curies":[{"name":"wp","href":"https:\/\/api.w.org\/{rel}","templated":true}]}}