{"id":11190,"date":"2025-08-08T21:46:17","date_gmt":"2025-08-08T13:46:17","guid":{"rendered":"https:\/\/mundukmodingplantation.com\/cafe-de-munduk\/"},"modified":"2025-12-09T12:01:36","modified_gmt":"2025-12-09T04:01:36","slug":"cafe-de-munduk","status":"publish","type":"page","link":"https:\/\/mundukmodingplantation.com\/fr\/cafe-de-munduk\/","title":{"rendered":"Caf\u00e9 de Munduk"},"content":{"rendered":"<div class=\"wpb-content-wrapper\"><p>[vc_row full_width=\u00a0\u00bbstretch_row\u00a0\u00bb equal_height=\u00a0\u00bbyes\u00a0\u00bb video_bg=\u00a0\u00bbyes\u00a0\u00bb video_local_mp4_url=\u00a0\u00bbhttps:\/\/mundukmodingplantation.com\/wp-content\/uploads\/2025\/06\/Branding-MMP.mp4&Prime; disable_element=\u00a0\u00bbyes\u00a0\u00bb css=\u00a0\u00bb.vc_custom_1754321697222{margin-top: -20px !important;padding-top: 100px !important;padding-bottom: 110px !important;background-image: url(https:\/\/mundukmodingplantation.com\/wp-content\/uploads\/2025\/06\/home1.webp?id=6810) !important;background-position: center !important;background-repeat: no-repeat !important;background-size: cover !important;}\u00a0\u00bb responsive_css=\u00a0\u00bbpadding_top_large:45%25|padding_bottom_large:0px|margin_top_medium:-17px|padding_top_medium:275px|padding_bottom_medium:275px\u00a0\u00bb el_class=\u00a0\u00bbfluid\u00a0\u00bb][vc_column enable_content_animation=\u00a0\u00bbyes\u00a0\u00bb ca_init_scale_x=\u00a0\u00bb1&Prime; ca_init_scale_y=\u00a0\u00bb1&Prime; ca_init_scale_z=\u00a0\u00bb1&Prime; ca_init_opacity=\u00a0\u00bb0&Prime; ca_an_scale_x=\u00a0\u00bb1&Prime; ca_an_scale_y=\u00a0\u00bb1&Prime; ca_an_scale_z=\u00a0\u00bb1&Prime; ca_an_opacity=\u00a0\u00bb1&Prime; align=\u00a0\u00bbtext-center\u00a0\u00bb ca_duration=\u00a0\u00bb1600&Prime; ca_delay=\u00a0\u00bb160&Prime; ca_init_translate_y=\u00a0\u00bb121&Prime; ca_init_translate_z=\u00a0\u00bb-142&Prime; ca_init_rotate_x=\u00a0\u00bb-85&Prime;][\/vc_column][\/vc_row][vc_row responsive_css=\u00a0\u00bbmargin_bottom_medium:150px\u00a0\u00bb css=\u00a0\u00bb.vc_custom_1751012119740{margin-bottom: 65px !important;}\u00a0\u00bb][vc_column align=\u00a0\u00bbtext-center\u00a0\u00bb offset=\u00a0\u00bbvc_col-md-offset-2 vc_col-md-8&Prime;]<style>.ld_fancy_heading_69df0a0a84746 h1{font-size:36px;}.ld_fancy_heading_69df0a0a84746 h1 {margin-bottom:32px !important;  } @media (min-width: 992px) { .ld_fancy_heading_69df0a0a84746 h1 {margin-bottom:52px !important;  }  } .ld_fancy_heading_69df0a0a84746 .lqd-highlight-inner{height:0.275em;bottom:0px;}.ld_fancy_heading_69df0a0a84746 h1 {margin-bottom:32px !important;  } @media (min-width: 992px) { .ld_fancy_heading_69df0a0a84746 h1 {margin-bottom:52px !important;  }  } <\/style><div class=\"ld-fancy-heading text-center ld_fancy_heading_69df0a0a84746\">\n\t<h1 class=\"lqd-highlight-underline lqd-highlight-grow-left\" ><span class=\"ld-fh-txt\"> Munduk Coffee<\/span><\/h1><\/div>[vc_column_text css=\u00a0\u00bb\u00a0\u00bb]Plongez dans le monde aromatique de notre producteur de caf\u00e9 de sp\u00e9cialit\u00e9 sur place, Munduk Coffee, o\u00f9 nous cultivons les meilleurs caf\u00e9s du nord de Bali, offrant \u00e0 nos clients une occasion unique d&rsquo;assister au parcours complet, \u00ab&nbsp;de la graine \u00e0 la tasse&nbsp;\u00bb. Cueillie \u00e0 la main avec un soin m\u00e9ticuleux lorsque les cerises atteignent leur teinte rouge carmin la plus profonde, notre r\u00e9colte s&rsquo;\u00e9tend g\u00e9n\u00e9ralement de juillet \u00e0 septembre, produisant seulement quelques tonnes de grains exquis. D\u00e9couvrez la v\u00e9ritable essence du caf\u00e9 balinais \u00e0 Munduk Moding Plantation.[\/vc_column_text][\/vc_column][\/vc_row][vc_row css=\u00a0\u00bb.vc_custom_1754478607237{margin-bottom: 65px !important;}\u00a0\u00bb][vc_column width=\u00a0\u00bb1\/2&Prime;][vc_single_image image=\u00a0\u00bb10862&Prime; img_size=\u00a0\u00bbfull\u00a0\u00bb css=\u00a0\u00bb\u00a0\u00bb]<style>.ld_fancy_heading_69df0a0a84dbf h3{font-size:28px;}.ld_fancy_heading_69df0a0a84dbf .lqd-highlight-inner{height:0.275em;bottom:0px;}<\/style><div class=\"ld-fancy-heading ld_fancy_heading_69df0a0a84dbf\">\n\t<h3 class=\"lqd-highlight-underline lqd-highlight-grow-left\" ><span class=\"ld-fh-txt\"> Roots<\/span><\/h3><\/div>[vc_column_text css=\u00a0\u00bb\u00a0\u00bb]La plantation de caf\u00e9 biologique de Munduk a \u00e9t\u00e9 cr\u00e9\u00e9e gr\u00e2ce \u00e0 un partenariat balinais et europ\u00e9en dans le but de relancer la production de caf\u00e9 de haute qualit\u00e9 dans la r\u00e9gion des collines centrales de Bali. Ce faisant, nous visons \u00e0 g\u00e9n\u00e9rer des revenus durables pour les agriculteurs, \u00e0 prot\u00e9ger l&rsquo;environnement, \u00e0 soutenir la communaut\u00e9 locale et \u00e0 produire des caf\u00e9s exceptionnels.[\/vc_column_text][\/vc_column][vc_column width=\u00a0\u00bb1\/2&Prime;][vc_single_image image=\u00a0\u00bb11191&Prime; img_size=\u00a0\u00bbfull\u00a0\u00bb css=\u00a0\u00bb\u00a0\u00bb]<style>.ld_fancy_heading_69df0a0a84f1e h3{font-size:28px;}.ld_fancy_heading_69df0a0a84f1e .lqd-highlight-inner{height:0.275em;bottom:0px;}<\/style><div class=\"ld-fancy-heading ld_fancy_heading_69df0a0a84f1e\">\n\t<h3 class=\"lqd-highlight-underline lqd-highlight-grow-left\" ><span class=\"ld-fh-txt\"> Experience<\/span><\/h3><\/div>[vc_column_text css=\u00a0\u00bb\u00a0\u00bb]Go\u00fbtez \u00e0 nos caf\u00e9s exceptionnels au MMP ou faites-les livrer \u00e0 votre porte. Visitez nos installations modernes de transformation et de torr\u00e9faction pour en savoir plus sur notre caf\u00e9 de sp\u00e9cialit\u00e9 gr\u00e2ce \u00e0 des s\u00e9ances de torr\u00e9faction et de d\u00e9gustation. Des s\u00e9ances d&rsquo;initiation sont incluses dans notre programme MMP Experience.[\/vc_column_text][\/vc_column][\/vc_row][vc_row css=\u00a0\u00bb.vc_custom_1754478916508{margin-bottom: 65px !important;}\u00a0\u00bb][vc_column width=\u00a0\u00bb1\/2&Prime;][vc_single_image image=\u00a0\u00bb10863&Prime; img_size=\u00a0\u00bbfull\u00a0\u00bb css=\u00a0\u00bb\u00a0\u00bb]<style>.ld_fancy_heading_69df0a0a84fbb h3{font-size:28px;}.ld_fancy_heading_69df0a0a84fbb .lqd-highlight-inner{height:0.275em;bottom:0px;}<\/style><div class=\"ld-fancy-heading ld_fancy_heading_69df0a0a84fbb\">\n\t<h3 class=\"lqd-highlight-underline lqd-highlight-grow-left\" ><span class=\"ld-fh-txt\"> Environment<\/span><\/h3><\/div>[vc_column_text css=\u00a0\u00bb\u00a0\u00bb]Le caf\u00e9 offre plusieurs avantages environnementaux par rapport aux autres cultures de rente. Les arbres d&rsquo;ombrage n\u00e9cessaires pour prot\u00e9ger les caf\u00e9iers agissent comme de petits r\u00e9servoirs, conservant l&rsquo;eau et emp\u00eachant l&rsquo;\u00e9rosion du sol pendant la saison des pluies. Ceci, \u00e0 son tour, attire les insectes et les oiseaux, contribuant \u00e0 la riche biodiversit\u00e9 de notre plantation. La culture biologique du caf\u00e9 \u00e0 Bali est une pratique durable qui n&rsquo;\u00e9puise pas la terre. Contrairement aux cultures de rente comme les oranges, les fleurs ou les clous de girofle, le caf\u00e9 peut \u00eatre cultiv\u00e9 au m\u00eame endroit pendant de nombreuses d\u00e9cennies.[\/vc_column_text][\/vc_column][vc_column width=\u00a0\u00bb1\/2&Prime;][vc_single_image image=\u00a0\u00bb10864&Prime; img_size=\u00a0\u00bbfull\u00a0\u00bb css=\u00a0\u00bb\u00a0\u00bb]<style>.ld_fancy_heading_69df0a0a85059 h3{font-size:28px;}.ld_fancy_heading_69df0a0a85059 .lqd-highlight-inner{height:0.275em;bottom:0px;}<\/style><div class=\"ld-fancy-heading ld_fancy_heading_69df0a0a85059\">\n\t<h3 class=\"lqd-highlight-underline lqd-highlight-grow-left\" ><span class=\"ld-fh-txt\"> Microclimate<\/span><\/h3><\/div>[vc_column_text css=\u00a0\u00bb\u00a0\u00bb]Nich\u00e9 \u00e0 environ 1&nbsp;200&nbsp;m\u00e8tres d&rsquo;altitude, le microclimat du MMP est id\u00e9al pour la culture du caf\u00e9, introduit dans la r\u00e9gion par les N\u00e9erlandais au XIXe&nbsp;si\u00e8cle. Nous continuons \u00e0 cultiver des descendants des caf\u00e9iers qui proviendraient de Sulawesi. Les archives historiques de l&rsquo;\u00e9poque n\u00e9erlandaise indiquent une production de caf\u00e9 \u00e0 grande \u00e9chelle dans la r\u00e9gion. Jusqu&rsquo;aux ann\u00e9es&nbsp;1980, les stations de montagne de Gobleg et de Munduk \u00e9taient r\u00e9put\u00e9es comme les r\u00e9gions de culture du caf\u00e9 les plus productives de l&rsquo;\u00eele. Apr\u00e8s la r\u00e9colte, les grains de caf\u00e9 \u00e9taient transport\u00e9s vers les villages de basse altitude \u00e0 dos de cheval ou s\u00e9ch\u00e9s par les agriculteurs dans les champs ouverts.[\/vc_column_text][\/vc_column][\/vc_row][vc_row responsive_css=\u00a0\u00bbmargin_bottom_medium:150px\u00a0\u00bb css=\u00a0\u00bb.vc_custom_1751012119740{margin-bottom: 65px !important;}\u00a0\u00bb][vc_column width=\u00a0\u00bb1\/2&Prime;][vc_single_image image=\u00a0\u00bb10865&Prime; img_size=\u00a0\u00bbfull\u00a0\u00bb css=\u00a0\u00bb\u00a0\u00bb]<style>.ld_fancy_heading_69df0a0a850f1 h3{font-size:28px;}.ld_fancy_heading_69df0a0a850f1 .lqd-highlight-inner{height:0.275em;bottom:0px;}<\/style><div class=\"ld-fancy-heading ld_fancy_heading_69df0a0a850f1\">\n\t<h3 class=\"lqd-highlight-underline lqd-highlight-grow-left\" ><span class=\"ld-fh-txt\"> Reviving Coffee Culture<\/span><\/h3><\/div>[vc_column_text css=\u00a0\u00bb\u00a0\u00bb]La baisse spectaculaire des prix du caf\u00e9 dans les ann\u00e9es&nbsp;1990 a conduit de nombreux agriculteurs \u00e0 abandonner la culture du caf\u00e9 au profit de cultures de rente plus lucratives. Ce changement a entra\u00een\u00e9 l&rsquo;\u00e9rosion des sols et la baisse des nappes phr\u00e9atiques. Au MMP, nous plaidons en faveur de la culture du caf\u00e9 aupr\u00e8s de nos voisins, en soulignant ses avantages \u00e0 long terme pour la r\u00e9gion et sa population. Nous travaillons avec nos partenaires pour cultiver du caf\u00e9 biologique, obtenir de meilleurs prix et rationaliser la cha\u00eene de production afin de garantir aux agriculteurs une part plus \u00e9quitable des revenus. Bien que la culture du caf\u00e9 exige de la patience, les arbres mettant environ 3&nbsp;ans \u00e0 porter leurs fruits, nous pensons que la hausse des prix internationaux et le soutien actif des dirigeants locaux permettront \u00e0 nos partenaires de r\u00e9ussir. Une partie des revenus de nos ventes de caf\u00e9 est revers\u00e9e aux communaut\u00e9s de Gobleg et de Munduk par le biais de notre Fondation Munduk, qui soutient les projets locaux et les initiatives de d\u00e9veloppement communautaire.[\/vc_column_text][\/vc_column][vc_column width=\u00a0\u00bb1\/2&Prime;][vc_single_image image=\u00a0\u00bb11192&Prime; img_size=\u00a0\u00bbfull\u00a0\u00bb css=\u00a0\u00bb\u00a0\u00bb]<style>.ld_fancy_heading_69df0a0a8519a h3{font-size:28px;}.ld_fancy_heading_69df0a0a8519a .lqd-highlight-inner{height:0.275em;bottom:0px;}<\/style><div class=\"ld-fancy-heading ld_fancy_heading_69df0a0a8519a\">\n\t<h3 class=\"lqd-highlight-underline lqd-highlight-grow-left\" ><span class=\"ld-fh-txt\"> Homegrown<\/span><\/h3><\/div>[vc_column_text css=\u00a0\u00bb\u00a0\u00bb]Tout le caf\u00e9 que vous d\u00e9gustez au MMP est cultiv\u00e9 sur place. Laissez-vous tenter par nos diff\u00e9rents caf\u00e9s biologiques \u00e0 base de nos grains d&rsquo;Arabica de Munduk, \u00e9labor\u00e9s selon diff\u00e9rentes techniques de transformation. Notre Espresso Blend, enti\u00e8rement originaire de Bali, est une base id\u00e9ale pour les cappuccinos, les macchiatos et les lattes.  <\/p>\n<p>Veuillez consulter le produit Munduk Coffee\u2122 ci-joint pour obtenir des informations plus d\u00e9taill\u00e9es sur nos techniques de r\u00e9colte et de transformation, ainsi que sur les notes de d\u00e9gustation.[\/vc_column_text][\/vc_column][\/vc_row][vc_row responsive_css=\u00a0\u00bbmargin_bottom_medium:150px\u00a0\u00bb css=\u00a0\u00bb.vc_custom_1751012119740{margin-bottom: 65px !important;}\u00a0\u00bb][vc_column width=\u00a0\u00bb1\/2&Prime;][vc_single_image image=\u00a0\u00bb11193&Prime; img_size=\u00a0\u00bbfull\u00a0\u00bb css=\u00a0\u00bb\u00a0\u00bb]<style>.ld_fancy_heading_69df0a0a85257 h3{font-size:28px;}.ld_fancy_heading_69df0a0a85257 .lqd-highlight-inner{height:0.275em;bottom:0px;}<\/style><div class=\"ld-fancy-heading ld_fancy_heading_69df0a0a85257\">\n\t<h3 class=\"lqd-highlight-underline lqd-highlight-grow-left\" ><span class=\"ld-fh-txt\"> Indulge in the Extraordinary: Wild Luwak Coffee<\/span><\/h3><\/div>[vc_column_text css=\u00a0\u00bb\u00a0\u00bb]Savourez le plus rare des rares&nbsp;: notre caf\u00e9 Luwak sauvage. Cette infusion extraordinaire est \u00e9labor\u00e9e \u00e0 partir de grains qui ont subi un voyage unique dans le tube digestif de l&rsquo;insaisissable civette palmiste d&rsquo;Asie, ou luwak.[\/vc_column_text][\/vc_column][vc_column width=\u00a0\u00bb1\/2&Prime;][vc_single_image image=\u00a0\u00bb11194&Prime; img_size=\u00a0\u00bbfull\u00a0\u00bb css=\u00a0\u00bb\u00a0\u00bb]<style>.ld_fancy_heading_69df0a0a852ee h3{font-size:28px;}.ld_fancy_heading_69df0a0a852ee .lqd-highlight-inner{height:0.275em;bottom:0px;}<\/style><div class=\"ld-fancy-heading ld_fancy_heading_69df0a0a852ee\">\n\t<h3 class=\"lqd-highlight-underline lqd-highlight-grow-left\" ><span class=\"ld-fh-txt\"> Nature\u2019s Alchemy<\/span><\/h3><\/div>[vc_column_text css=\u00a0\u00bb\u00a0\u00bb]Les luwaks, naturellement attir\u00e9s par notre for\u00eat luxuriante, se nourrissent de cerises de caf\u00e9 m\u00fbres, ainsi que de fruits comme les bananes et les papayes. Nous collectons soigneusement les grains qu&rsquo;ils laissent derri\u00e8re eux, en veillant \u00e0 ce qu&rsquo;ils soient soigneusement nettoy\u00e9s et torr\u00e9fi\u00e9s \u00e0 la perfection.[\/vc_column_text][\/vc_column][\/vc_row][vc_row responsive_css=\u00a0\u00bbmargin_bottom_medium:150px\u00a0\u00bb css=\u00a0\u00bb.vc_custom_1751012119740{margin-bottom: 65px !important;}\u00a0\u00bb][vc_column width=\u00a0\u00bb1\/2&Prime;][vc_single_image image=\u00a0\u00bb11195&Prime; img_size=\u00a0\u00bbfull\u00a0\u00bb css=\u00a0\u00bb\u00a0\u00bb]<style>.ld_fancy_heading_69df0a0a8537a h3{font-size:28px;}.ld_fancy_heading_69df0a0a8537a .lqd-highlight-inner{height:0.275em;bottom:0px;}<\/style><div class=\"ld-fancy-heading ld_fancy_heading_69df0a0a8537a\">\n\t<h3 class=\"lqd-highlight-underline lqd-highlight-grow-left\" ><span class=\"ld-fh-txt\"> A Taste of the Wild<\/span><\/h3><\/div>[vc_column_text css=\u00a0\u00bb\u00a0\u00bb]Notre caf\u00e9 Luwak sauvage offre un go\u00fbt distinctif et aromatique, sans aucune amertume. Il t\u00e9moigne de la puret\u00e9 du processus et de l&rsquo;environnement unique de notre plantation. Bien que la production soit limit\u00e9e en raison des habitudes naturelles du luwak, nous nous engageons \u00e0 offrir ce caf\u00e9 exquis \u00e0 nos clients les plus exigeants.[\/vc_column_text][\/vc_column][vc_column width=\u00a0\u00bb1\/2&Prime;][vc_single_image image=\u00a0\u00bb11196&Prime; img_size=\u00a0\u00bbfull\u00a0\u00bb css=\u00a0\u00bb\u00a0\u00bb]<style>.ld_fancy_heading_69df0a0a85409 h3{font-size:28px;}.ld_fancy_heading_69df0a0a85409 .lqd-highlight-inner{height:0.275em;bottom:0px;}<\/style><div class=\"ld-fancy-heading ld_fancy_heading_69df0a0a85409\">\n\t<h3 class=\"lqd-highlight-underline lqd-highlight-grow-left\" ><span class=\"ld-fh-txt\"> Ethical Sourcing<\/span><\/h3><\/div>[vc_column_text css=\u00a0\u00bb\u00a0\u00bb]Nous sommes fiers de nous approvisionner en caf\u00e9 Luwak de mani\u00e8re \u00e9thique, en respectant l&rsquo;habitat naturel de ces cr\u00e9atures fascinantes. Nous abhorrons la pratique inhumaine consistant \u00e0 mettre en cage et \u00e0 gaver les luwaks, ce qui se produit malheureusement ailleurs. En choisissant notre caf\u00e9 Luwak sauvage, vous vous offrez un luxe en toute conscience.[\/vc_column_text][\/vc_column][\/vc_row]<\/p>\n<\/div>","protected":false},"excerpt":{"rendered":"<p>[vc_row full_width=\u00a0\u00bbstretch_row\u00a0\u00bb equal_height=\u00a0\u00bbyes\u00a0\u00bb video_bg=\u00a0\u00bbyes\u00a0\u00bb video_local_mp4_url=\u00a0\u00bbhttps:\/\/mundukmodingplantation.com\/wp-content\/uploads\/2025\/06\/Branding-MMP.mp4&Prime; disable_element=\u00a0\u00bbyes\u00a0\u00bb css=\u00a0\u00bb.vc_custom_1754321697222{margin-top: -20px !important;padding-top: 100px !important;padding-bottom: 110px !important;background-image: url(https:\/\/mundukmodingplantation.com\/wp-content\/uploads\/2025\/06\/home1.webp?id=6810) !important;background-position:&#8230;<\/p>\n","protected":false},"author":1,"featured_media":0,"parent":0,"menu_order":0,"comment_status":"closed","ping_status":"closed","template":"","meta":{"footnotes":""},"class_list":["post-11190","page","type-page","status-publish","hentry"],"yoast_head":"<!-- This site is optimized with the Yoast SEO plugin v27.4 - https:\/\/yoast.com\/product\/yoast-seo-wordpress\/ -->\n<title>Caf\u00e9 de Munduk | Munduk Moding Plantation<\/title>\n<meta name=\"description\" content=\"Munduk Coffee propose des grains d&#039;Arabica biologiques et une transformation experte. Visitez notre club Kamu Nakal pour des visites et des d\u00e9gustations immersives dans le nord de Bali...\" \/>\n<meta name=\"robots\" content=\"index, follow, max-snippet:-1, max-image-preview:large, max-video-preview:-1\" \/>\n<link rel=\"canonical\" href=\"https:\/\/mundukmodingplantation.com\/fr\/cafe-de-munduk\/\" \/>\n<meta property=\"og:locale\" content=\"fr_FR\" \/>\n<meta property=\"og:type\" content=\"article\" \/>\n<meta property=\"og:title\" content=\"Caf\u00e9 de Munduk | Munduk Moding Plantation\" \/>\n<meta property=\"og:description\" content=\"Munduk Coffee propose des grains d&#039;Arabica biologiques et une transformation experte. Visitez notre club Kamu Nakal pour des visites et des d\u00e9gustations immersives dans le nord de Bali...\" \/>\n<meta property=\"og:url\" content=\"https:\/\/mundukmodingplantation.com\/fr\/cafe-de-munduk\/\" \/>\n<meta property=\"og:site_name\" content=\"Munduk Moding Plantation\" \/>\n<meta property=\"article:modified_time\" content=\"2025-12-09T04:01:36+00:00\" \/>\n<meta property=\"og:image\" content=\"https:\/\/mundukmodingplantation.com\/wp-content\/uploads\/2025\/06\/home1.webp\" \/>\n\t<meta property=\"og:image:width\" content=\"1920\" \/>\n\t<meta property=\"og:image:height\" content=\"1280\" \/>\n\t<meta property=\"og:image:type\" content=\"image\/webp\" \/>\n<meta name=\"twitter:card\" content=\"summary_large_image\" \/>\n<meta name=\"twitter:label1\" content=\"Dur\u00e9e de lecture estim\u00e9e\" \/>\n\t<meta name=\"twitter:data1\" content=\"8 minutes\" \/>\n<script type=\"application\/ld+json\" class=\"yoast-schema-graph\">{\"@context\":\"https:\\\/\\\/schema.org\",\"@graph\":[{\"@type\":\"WebPage\",\"@id\":\"https:\\\/\\\/mundukmodingplantation.com\\\/fr\\\/cafe-de-munduk\\\/\",\"url\":\"https:\\\/\\\/mundukmodingplantation.com\\\/fr\\\/cafe-de-munduk\\\/\",\"name\":\"Caf\u00e9 de Munduk | Munduk Moding Plantation\",\"isPartOf\":{\"@id\":\"https:\\\/\\\/mundukmodingplantation.com\\\/fr\\\/#website\"},\"datePublished\":\"2025-08-08T13:46:17+00:00\",\"dateModified\":\"2025-12-09T04:01:36+00:00\",\"description\":\"Munduk Coffee propose des grains d'Arabica biologiques et une transformation experte. Visitez notre club Kamu Nakal pour des visites et des d\u00e9gustations immersives dans le nord de Bali...\",\"breadcrumb\":{\"@id\":\"https:\\\/\\\/mundukmodingplantation.com\\\/fr\\\/cafe-de-munduk\\\/#breadcrumb\"},\"inLanguage\":\"fr-FR\",\"potentialAction\":[{\"@type\":\"ReadAction\",\"target\":[\"https:\\\/\\\/mundukmodingplantation.com\\\/fr\\\/cafe-de-munduk\\\/\"]}]},{\"@type\":\"BreadcrumbList\",\"@id\":\"https:\\\/\\\/mundukmodingplantation.com\\\/fr\\\/cafe-de-munduk\\\/#breadcrumb\",\"itemListElement\":[{\"@type\":\"ListItem\",\"position\":1,\"name\":\"Home\",\"item\":\"https:\\\/\\\/mundukmodingplantation.com\\\/fr\\\/homenew\\\/\"},{\"@type\":\"ListItem\",\"position\":2,\"name\":\"Caf\u00e9 de Munduk\"}]},{\"@type\":\"WebSite\",\"@id\":\"https:\\\/\\\/mundukmodingplantation.com\\\/fr\\\/#website\",\"url\":\"https:\\\/\\\/mundukmodingplantation.com\\\/fr\\\/\",\"name\":\"Munduk Moding Plantation\",\"description\":\"Nature Resort\",\"potentialAction\":[{\"@type\":\"SearchAction\",\"target\":{\"@type\":\"EntryPoint\",\"urlTemplate\":\"https:\\\/\\\/mundukmodingplantation.com\\\/fr\\\/?s={search_term_string}\"},\"query-input\":{\"@type\":\"PropertyValueSpecification\",\"valueRequired\":true,\"valueName\":\"search_term_string\"}}],\"inLanguage\":\"fr-FR\"}]}<\/script>\n<!-- \/ Yoast SEO plugin. -->","yoast_head_json":{"title":"Caf\u00e9 de Munduk | Munduk Moding Plantation","description":"Munduk Coffee propose des grains d'Arabica biologiques et une transformation experte. Visitez notre club Kamu Nakal pour des visites et des d\u00e9gustations immersives dans le nord de Bali...","robots":{"index":"index","follow":"follow","max-snippet":"max-snippet:-1","max-image-preview":"max-image-preview:large","max-video-preview":"max-video-preview:-1"},"canonical":"https:\/\/mundukmodingplantation.com\/fr\/cafe-de-munduk\/","og_locale":"fr_FR","og_type":"article","og_title":"Caf\u00e9 de Munduk | Munduk Moding Plantation","og_description":"Munduk Coffee propose des grains d'Arabica biologiques et une transformation experte. Visitez notre club Kamu Nakal pour des visites et des d\u00e9gustations immersives dans le nord de Bali...","og_url":"https:\/\/mundukmodingplantation.com\/fr\/cafe-de-munduk\/","og_site_name":"Munduk Moding Plantation","article_modified_time":"2025-12-09T04:01:36+00:00","og_image":[{"width":1920,"height":1280,"url":"https:\/\/mundukmodingplantation.com\/wp-content\/uploads\/2025\/06\/home1.webp","type":"image\/webp"}],"twitter_card":"summary_large_image","twitter_misc":{"Dur\u00e9e de lecture estim\u00e9e":"8 minutes"},"schema":{"@context":"https:\/\/schema.org","@graph":[{"@type":"WebPage","@id":"https:\/\/mundukmodingplantation.com\/fr\/cafe-de-munduk\/","url":"https:\/\/mundukmodingplantation.com\/fr\/cafe-de-munduk\/","name":"Caf\u00e9 de Munduk | Munduk Moding Plantation","isPartOf":{"@id":"https:\/\/mundukmodingplantation.com\/fr\/#website"},"datePublished":"2025-08-08T13:46:17+00:00","dateModified":"2025-12-09T04:01:36+00:00","description":"Munduk Coffee propose des grains d'Arabica biologiques et une transformation experte. Visitez notre club Kamu Nakal pour des visites et des d\u00e9gustations immersives dans le nord de Bali...","breadcrumb":{"@id":"https:\/\/mundukmodingplantation.com\/fr\/cafe-de-munduk\/#breadcrumb"},"inLanguage":"fr-FR","potentialAction":[{"@type":"ReadAction","target":["https:\/\/mundukmodingplantation.com\/fr\/cafe-de-munduk\/"]}]},{"@type":"BreadcrumbList","@id":"https:\/\/mundukmodingplantation.com\/fr\/cafe-de-munduk\/#breadcrumb","itemListElement":[{"@type":"ListItem","position":1,"name":"Home","item":"https:\/\/mundukmodingplantation.com\/fr\/homenew\/"},{"@type":"ListItem","position":2,"name":"Caf\u00e9 de Munduk"}]},{"@type":"WebSite","@id":"https:\/\/mundukmodingplantation.com\/fr\/#website","url":"https:\/\/mundukmodingplantation.com\/fr\/","name":"Munduk Moding Plantation","description":"Nature Resort","potentialAction":[{"@type":"SearchAction","target":{"@type":"EntryPoint","urlTemplate":"https:\/\/mundukmodingplantation.com\/fr\/?s={search_term_string}"},"query-input":{"@type":"PropertyValueSpecification","valueRequired":true,"valueName":"search_term_string"}}],"inLanguage":"fr-FR"}]}},"_links":{"self":[{"href":"https:\/\/mundukmodingplantation.com\/fr\/wp-json\/wp\/v2\/pages\/11190","targetHints":{"allow":["GET"]}}],"collection":[{"href":"https:\/\/mundukmodingplantation.com\/fr\/wp-json\/wp\/v2\/pages"}],"about":[{"href":"https:\/\/mundukmodingplantation.com\/fr\/wp-json\/wp\/v2\/types\/page"}],"author":[{"embeddable":true,"href":"https:\/\/mundukmodingplantation.com\/fr\/wp-json\/wp\/v2\/users\/1"}],"replies":[{"embeddable":true,"href":"https:\/\/mundukmodingplantation.com\/fr\/wp-json\/wp\/v2\/comments?post=11190"}],"version-history":[{"count":7,"href":"https:\/\/mundukmodingplantation.com\/fr\/wp-json\/wp\/v2\/pages\/11190\/revisions"}],"predecessor-version":[{"id":14490,"href":"https:\/\/mundukmodingplantation.com\/fr\/wp-json\/wp\/v2\/pages\/11190\/revisions\/14490"}],"wp:attachment":[{"href":"https:\/\/mundukmodingplantation.com\/fr\/wp-json\/wp\/v2\/media?parent=11190"}],"curies":[{"name":"wp","href":"https:\/\/api.w.org\/{rel}","templated":true}]}}