{"id":11277,"date":"2025-08-08T22:41:05","date_gmt":"2025-08-08T14:41:05","guid":{"rendered":"https:\/\/mundukmodingplantation.com\/notre-histoire\/notre-parcours-ensemble\/"},"modified":"2025-10-30T12:43:31","modified_gmt":"2025-10-30T04:43:31","slug":"notre-parcours-ensemble","status":"publish","type":"page","link":"https:\/\/mundukmodingplantation.com\/fr\/notre-histoire\/notre-parcours-ensemble\/","title":{"rendered":"Notre parcours ensemble"},"content":{"rendered":"<div class=\"wpb-content-wrapper\"><p>[vc_row full_width=\u00a0\u00bbstretch_row\u00a0\u00bb equal_height=\u00a0\u00bbyes\u00a0\u00bb video_bg=\u00a0\u00bbyes\u00a0\u00bb video_local_mp4_url=\u00a0\u00bbhttps:\/\/mundukmodingplantation.com\/wp-content\/uploads\/2025\/06\/Branding-MMP.mp4&Prime; disable_element=\u00a0\u00bbyes\u00a0\u00bb css=\u00a0\u00bb.vc_custom_1754321697222{margin-top: -20px !important;padding-top: 100px !important;padding-bottom: 110px !important;background-image: url(https:\/\/mundukmodingplantation.com\/wp-content\/uploads\/2025\/06\/home1.webp?id=6810) !important;background-position: center !important;background-repeat: no-repeat !important;background-size: cover !important;}\u00a0\u00bb responsive_css=\u00a0\u00bbpadding_top_large:45%25|padding_bottom_large:0px|margin_top_medium:-17px|padding_top_medium:275px|padding_bottom_medium:275px\u00a0\u00bb el_class=\u00a0\u00bbfluid\u00a0\u00bb][vc_column enable_content_animation=\u00a0\u00bbyes\u00a0\u00bb ca_init_scale_x=\u00a0\u00bb1&Prime; ca_init_scale_y=\u00a0\u00bb1&Prime; ca_init_scale_z=\u00a0\u00bb1&Prime; ca_init_opacity=\u00a0\u00bb0&Prime; ca_an_scale_x=\u00a0\u00bb1&Prime; ca_an_scale_y=\u00a0\u00bb1&Prime; ca_an_scale_z=\u00a0\u00bb1&Prime; ca_an_opacity=\u00a0\u00bb1&Prime; align=\u00a0\u00bbtext-center\u00a0\u00bb ca_duration=\u00a0\u00bb1600&Prime; ca_delay=\u00a0\u00bb160&Prime; ca_init_translate_y=\u00a0\u00bb121&Prime; ca_init_translate_z=\u00a0\u00bb-142&Prime; ca_init_rotate_x=\u00a0\u00bb-85&Prime;][\/vc_column][\/vc_row][vc_row responsive_css=\u00a0\u00bbmargin_bottom_medium:100px|padding_right_medium:0px|padding_left_medium:0px\u00a0\u00bb css=\u00a0\u00bb.vc_custom_1754387919950{margin-top: 48px !important;margin-bottom: 32px !important;padding-right: 15px !important;padding-left: 15px !important;}\u00a0\u00bb][vc_column align=\u00a0\u00bbtext-center\u00a0\u00bb offset=\u00a0\u00bbvc_col-md-offset-2 vc_col-md-8&Prime;]<style>.ld_fancy_heading_69d8f618b4598 h1{font-size:36px;}.ld_fancy_heading_69d8f618b4598 h1 {margin-bottom:32px !important;  } .ld_fancy_heading_69d8f618b4598 .lqd-highlight-inner{height:0.275em;bottom:0px;}.ld_fancy_heading_69d8f618b4598 h1 {margin-bottom:32px !important;  } <\/style><div class=\"ld-fancy-heading text-center ld_fancy_heading_69d8f618b4598\">\n\t<h1 class=\"lqd-highlight-underline lqd-highlight-grow-left\" ><span class=\"ld-fh-txt\"> Our Journey Together<\/span><\/h1><\/div>[vc_column_text css=\u00a0\u00bb\u00a0\u00bb]Notre histoire a commenc\u00e9 en 2007, au c\u0153ur de la beaut\u00e9 \u00e9poustouflante des collines de Munduk. Enchant\u00e9s par ses merveilles naturelles et inspir\u00e9s par une rencontre fortuite avec un dipl\u00f4m\u00e9 local en h\u00f4tellerie, nous nous sommes lanc\u00e9s dans un voyage pour cr\u00e9er quelque chose de vraiment sp\u00e9cial. Une plantation de caf\u00e9 abandonn\u00e9e de cinq hectares est devenue Munduk Moding Plantation, un havre de tranquillit\u00e9 et de luxe durable. D\u00e9couvrez notre vision, nos collaborations avec les artisans et architectes locaux, et notre engagement envers la communaut\u00e9.   <\/p>\n<p>Quand nous avons rencontr\u00e9 Gede Uliadnyana &#8211; maintenant directeur g\u00e9n\u00e9ral du resort, alors jeune dipl\u00f4m\u00e9 local d&rsquo;une \u00e9cole d&rsquo;h\u00f4tellerie avec qui nous avons imm\u00e9diatement sympathis\u00e9 &#8211; nous avons r\u00e9alis\u00e9 que c&rsquo;\u00e9tait l&rsquo;opportunit\u00e9 d&rsquo;une vie. Nous avions toujours voulu cr\u00e9er quelque chose de beau qui favoriserait le d\u00e9veloppement \u00e9conomique du Sud et serait une force v\u00e9ritablement positive pour tous ceux qui y participent. C&rsquo;\u00e9tait cela. Gede nous a aid\u00e9s \u00e0 trouver une plantation de caf\u00e9 abandonn\u00e9e de cinq hectares avec certaines des plus belles vues de l&rsquo;\u00eele et une nature sauvage et ouverte tout autour. Nous l&rsquo;avons achet\u00e9e, avons hypoth\u00e9qu\u00e9 notre maison en Europe pour financer l&rsquo;investissement, et n&rsquo;avons jamais regard\u00e9 en arri\u00e8re.[\/vc_column_text][\/vc_column][\/vc_row][vc_row css=\u00a0\u00bb.vc_custom_1754664197174{margin-bottom: 0px !important;}\u00a0\u00bb][vc_column]<style>.ld_carousel_69d8f618b4e1e .carousel-item{width:66.666666666667%;padding-left:15px;padding-right:15px;}.ld_carousel_69d8f618b4e1e .carousel-items.row{margin-left:-15px;margin-right:-15px;}.ld_carousel_69d8f618b4e1e .flickity-prev-next-button svg{stroke:rgb(204, 204, 204);}.ld_carousel_69d8f618b4e1e .flickity-prev-next-button{color:rgb(204, 204, 204);}.ld_carousel_69d8f618b4e1e .flickity-prev-next-button:hover svg{stroke:rgb(47, 68, 46);}.ld_carousel_69d8f618b4e1e .flickity-prev-next-button:hover{color:rgb(47, 68, 46);}.ld_carousel_69d8f618b4e1e .flickity-page-dots{top:auto;right:auto;bottom:-25px;left:auto;}@media (min-width: 992px) {.ld_carousel_69d8f618b4e1e .carousel-item { width:66.666666666667% }}<\/style><div id=\"ld_carousel_69d8f618b4e1e\" class=\"carousel-container carousel-nav-floated carousel-nav-center carousel-nav-middle carousel-nav-xl carousel-dots-style1 ld_carousel_69d8f618b4e1e\">\n\n\t<div class=\"carousel-items row\"  data-lqd-flickity='{\"cellAlign\":\"center\",\"prevNextButtons\":true,\"buttonsAppendTo\":\"self\",\"pageDots\":false,\"groupCells\":true,\"wrapAround\":true,\"adaptiveHeight\":true,\"autoPlay\":3000,\"pauseAutoPlayOnHover\":true,\"navArrow\":{\"prev\":\"&lt;i class=\\&quot;fa fa-angle-left\\&quot;&gt;&lt;\/i&gt;\",\"next\":\"&lt;i class=\\&quot;fa fa-angle-right\\&quot;&gt;&lt;\/i&gt;\"},\"navOffsets\":{\"prev\":\"-7%\",\"next\":\"-7%\"}}' >\n\t<p>[vc_single_image image=\u00a0\u00bb11241&Prime; img_size=\u00a0\u00bbfull\u00a0\u00bb css=\u00a0\u00bb\u00a0\u00bb][vc_single_image image=\u00a0\u00bb11278&Prime; img_size=\u00a0\u00bbfull\u00a0\u00bb css=\u00a0\u00bb\u00a0\u00bb][vc_single_image image=\u00a0\u00bb11279&Prime; img_size=\u00a0\u00bbfull\u00a0\u00bb css=\u00a0\u00bb\u00a0\u00bb]<\/p>\n\t<\/div>\n\n<\/div>[\/vc_column][\/vc_row][vc_row responsive_css=\u00a0\u00bbmargin_bottom_medium:65px|padding_right_medium:0px|padding_left_medium:0px\u00a0\u00bb css=\u00a0\u00bb.vc_custom_1754486584919{margin-bottom: 32px !important;padding-right: 15px !important;padding-left: 15px !important;}\u00a0\u00bb][vc_column align=\u00a0\u00bbtext-center\u00a0\u00bb offset=\u00a0\u00bbvc_col-md-offset-2 vc_col-md-8&Prime;][vc_column_text css=\u00a0\u00bb\u00a0\u00bb]Dans ce processus, nous avons \u00e9t\u00e9 aid\u00e9s par de nombreuses personnes pour cr\u00e9er le resort : des villageois locaux qui nous ont fait confiance et sont venus travailler pour nous, des clients qui ont fourni conseils et commentaires ainsi que la star architecte de Bali, Popo Danes, qui a cr\u00e9\u00e9 la conception initiale du resort. Largement construit avec des ouvriers locaux, MMP a ouvert en 2009 avec seulement une poign\u00e9e de villas comme pr\u00e9vu par le plan directeur de Popo &#8211; une densit\u00e9 tr\u00e8s faible pour maximiser l&rsquo;intimit\u00e9 et prot\u00e9ger l&rsquo;environnement. Nous nous sommes tenus \u00e0 cette vision tandis que l&rsquo;\u00e9quipe gagnait en exp\u00e9rience et que la plantation prosp\u00e9rait.  <\/p>\n<p>L&rsquo;ancienne associ\u00e9e de Popo &#8211; Era Anastasia &#8211; a pris le relais en tant qu&rsquo;architecte en chef il y a quelques ann\u00e9es. Ensemble, nous avons fait revivre d&rsquo;anciennes techniques de construction, \u00e9rigeant une salle communautaire en bambou, un spa en bambou unique, et un bureau d&rsquo;accueil qui ont remport\u00e9 une admiration universelle. <\/p>\n<p>Avec l&rsquo;aide d&rsquo;amis, nous avons \u00e9tabli Munduk Coffee, une entreprise qui exporte le caf\u00e9 de notre plantation rajeunie. Nous avons \u00e9galement fond\u00e9 la Fondation Munduk pour soutenir la communaut\u00e9 locale. <\/p>\n<p>Ces 15 derni\u00e8res ann\u00e9es ont \u00e9t\u00e9 incroyablement enrichissantes et nous sommes tr\u00e8s fiers de partager cette beaut\u00e9 avec nos clients.<\/p>\n<p>Irene, fondatrice[\/vc_column_text][\/vc_column][\/vc_row]<\/p>\n<\/div>","protected":false},"excerpt":{"rendered":"<p>[vc_row full_width=\u00a0\u00bbstretch_row\u00a0\u00bb equal_height=\u00a0\u00bbyes\u00a0\u00bb video_bg=\u00a0\u00bbyes\u00a0\u00bb video_local_mp4_url=\u00a0\u00bbhttps:\/\/mundukmodingplantation.com\/wp-content\/uploads\/2025\/06\/Branding-MMP.mp4&Prime; disable_element=\u00a0\u00bbyes\u00a0\u00bb css=\u00a0\u00bb.vc_custom_1754321697222{margin-top: -20px !important;padding-top: 100px !important;padding-bottom: 110px !important;background-image: url(https:\/\/mundukmodingplantation.com\/wp-content\/uploads\/2025\/06\/home1.webp?id=6810) !important;background-position:&#8230;<\/p>\n","protected":false},"author":1,"featured_media":0,"parent":11240,"menu_order":0,"comment_status":"closed","ping_status":"closed","template":"","meta":{"footnotes":""},"class_list":["post-11277","page","type-page","status-publish","hentry"],"yoast_head":"<!-- This site is optimized with the Yoast SEO plugin v27.3 - https:\/\/yoast.com\/product\/yoast-seo-wordpress\/ -->\n<title>Notre parcours ensemble | Munduk Moding Plantation<\/title>\n<meta name=\"description\" content=\"L&#039;histoire de MMP a commenc\u00e9 en 2007 dans les collines de Bali, \u00e9voluant d&#039;une renaissance de plantation vers un \u00e9co-resort durable tiss\u00e9 de culture et de communaut\u00e9...\" \/>\n<meta name=\"robots\" content=\"index, follow, max-snippet:-1, max-image-preview:large, max-video-preview:-1\" \/>\n<link rel=\"canonical\" href=\"https:\/\/mundukmodingplantation.com\/fr\/notre-histoire\/notre-parcours-ensemble\/\" \/>\n<meta property=\"og:locale\" content=\"fr_FR\" \/>\n<meta property=\"og:type\" content=\"article\" \/>\n<meta property=\"og:title\" content=\"Notre parcours ensemble | Munduk Moding Plantation\" \/>\n<meta property=\"og:description\" content=\"L&#039;histoire de MMP a commenc\u00e9 en 2007 dans les collines de Bali, \u00e9voluant d&#039;une renaissance de plantation vers un \u00e9co-resort durable tiss\u00e9 de culture et de communaut\u00e9...\" \/>\n<meta property=\"og:url\" content=\"https:\/\/mundukmodingplantation.com\/fr\/notre-histoire\/notre-parcours-ensemble\/\" \/>\n<meta property=\"og:site_name\" content=\"Munduk Moding Plantation\" \/>\n<meta property=\"article:modified_time\" content=\"2025-10-30T04:43:31+00:00\" \/>\n<meta property=\"og:image\" content=\"https:\/\/mundukmodingplantation.com\/wp-content\/uploads\/2025\/06\/home1.webp\" \/>\n\t<meta property=\"og:image:width\" content=\"1920\" \/>\n\t<meta property=\"og:image:height\" content=\"1280\" \/>\n\t<meta property=\"og:image:type\" content=\"image\/webp\" \/>\n<meta name=\"twitter:card\" content=\"summary_large_image\" \/>\n<meta name=\"twitter:label1\" content=\"Dur\u00e9e de lecture estim\u00e9e\" \/>\n\t<meta name=\"twitter:data1\" content=\"4 minutes\" \/>\n<script type=\"application\/ld+json\" class=\"yoast-schema-graph\">{\"@context\":\"https:\\\/\\\/schema.org\",\"@graph\":[{\"@type\":\"WebPage\",\"@id\":\"https:\\\/\\\/mundukmodingplantation.com\\\/fr\\\/notre-histoire\\\/notre-parcours-ensemble\\\/\",\"url\":\"https:\\\/\\\/mundukmodingplantation.com\\\/fr\\\/notre-histoire\\\/notre-parcours-ensemble\\\/\",\"name\":\"Notre parcours ensemble | Munduk Moding Plantation\",\"isPartOf\":{\"@id\":\"https:\\\/\\\/mundukmodingplantation.com\\\/fr\\\/#website\"},\"datePublished\":\"2025-08-08T14:41:05+00:00\",\"dateModified\":\"2025-10-30T04:43:31+00:00\",\"description\":\"L'histoire de MMP a commenc\u00e9 en 2007 dans les collines de Bali, \u00e9voluant d'une renaissance de plantation vers un \u00e9co-resort durable tiss\u00e9 de culture et de communaut\u00e9...\",\"breadcrumb\":{\"@id\":\"https:\\\/\\\/mundukmodingplantation.com\\\/fr\\\/notre-histoire\\\/notre-parcours-ensemble\\\/#breadcrumb\"},\"inLanguage\":\"fr-FR\",\"potentialAction\":[{\"@type\":\"ReadAction\",\"target\":[\"https:\\\/\\\/mundukmodingplantation.com\\\/fr\\\/notre-histoire\\\/notre-parcours-ensemble\\\/\"]}]},{\"@type\":\"BreadcrumbList\",\"@id\":\"https:\\\/\\\/mundukmodingplantation.com\\\/fr\\\/notre-histoire\\\/notre-parcours-ensemble\\\/#breadcrumb\",\"itemListElement\":[{\"@type\":\"ListItem\",\"position\":1,\"name\":\"Home\",\"item\":\"https:\\\/\\\/mundukmodingplantation.com\\\/fr\\\/homenew\\\/\"},{\"@type\":\"ListItem\",\"position\":2,\"name\":\"Notre histoire\",\"item\":\"https:\\\/\\\/mundukmodingplantation.com\\\/fr\\\/notre-histoire\\\/\"},{\"@type\":\"ListItem\",\"position\":3,\"name\":\"Notre parcours ensemble\"}]},{\"@type\":\"WebSite\",\"@id\":\"https:\\\/\\\/mundukmodingplantation.com\\\/fr\\\/#website\",\"url\":\"https:\\\/\\\/mundukmodingplantation.com\\\/fr\\\/\",\"name\":\"Munduk Moding Plantation\",\"description\":\"Nature Resort\",\"potentialAction\":[{\"@type\":\"SearchAction\",\"target\":{\"@type\":\"EntryPoint\",\"urlTemplate\":\"https:\\\/\\\/mundukmodingplantation.com\\\/fr\\\/?s={search_term_string}\"},\"query-input\":{\"@type\":\"PropertyValueSpecification\",\"valueRequired\":true,\"valueName\":\"search_term_string\"}}],\"inLanguage\":\"fr-FR\"}]}<\/script>\n<!-- \/ Yoast SEO plugin. -->","yoast_head_json":{"title":"Notre parcours ensemble | Munduk Moding Plantation","description":"L'histoire de MMP a commenc\u00e9 en 2007 dans les collines de Bali, \u00e9voluant d'une renaissance de plantation vers un \u00e9co-resort durable tiss\u00e9 de culture et de communaut\u00e9...","robots":{"index":"index","follow":"follow","max-snippet":"max-snippet:-1","max-image-preview":"max-image-preview:large","max-video-preview":"max-video-preview:-1"},"canonical":"https:\/\/mundukmodingplantation.com\/fr\/notre-histoire\/notre-parcours-ensemble\/","og_locale":"fr_FR","og_type":"article","og_title":"Notre parcours ensemble | Munduk Moding Plantation","og_description":"L'histoire de MMP a commenc\u00e9 en 2007 dans les collines de Bali, \u00e9voluant d'une renaissance de plantation vers un \u00e9co-resort durable tiss\u00e9 de culture et de communaut\u00e9...","og_url":"https:\/\/mundukmodingplantation.com\/fr\/notre-histoire\/notre-parcours-ensemble\/","og_site_name":"Munduk Moding Plantation","article_modified_time":"2025-10-30T04:43:31+00:00","og_image":[{"width":1920,"height":1280,"url":"https:\/\/mundukmodingplantation.com\/wp-content\/uploads\/2025\/06\/home1.webp","type":"image\/webp"}],"twitter_card":"summary_large_image","twitter_misc":{"Dur\u00e9e de lecture estim\u00e9e":"4 minutes"},"schema":{"@context":"https:\/\/schema.org","@graph":[{"@type":"WebPage","@id":"https:\/\/mundukmodingplantation.com\/fr\/notre-histoire\/notre-parcours-ensemble\/","url":"https:\/\/mundukmodingplantation.com\/fr\/notre-histoire\/notre-parcours-ensemble\/","name":"Notre parcours ensemble | Munduk Moding Plantation","isPartOf":{"@id":"https:\/\/mundukmodingplantation.com\/fr\/#website"},"datePublished":"2025-08-08T14:41:05+00:00","dateModified":"2025-10-30T04:43:31+00:00","description":"L'histoire de MMP a commenc\u00e9 en 2007 dans les collines de Bali, \u00e9voluant d'une renaissance de plantation vers un \u00e9co-resort durable tiss\u00e9 de culture et de communaut\u00e9...","breadcrumb":{"@id":"https:\/\/mundukmodingplantation.com\/fr\/notre-histoire\/notre-parcours-ensemble\/#breadcrumb"},"inLanguage":"fr-FR","potentialAction":[{"@type":"ReadAction","target":["https:\/\/mundukmodingplantation.com\/fr\/notre-histoire\/notre-parcours-ensemble\/"]}]},{"@type":"BreadcrumbList","@id":"https:\/\/mundukmodingplantation.com\/fr\/notre-histoire\/notre-parcours-ensemble\/#breadcrumb","itemListElement":[{"@type":"ListItem","position":1,"name":"Home","item":"https:\/\/mundukmodingplantation.com\/fr\/homenew\/"},{"@type":"ListItem","position":2,"name":"Notre histoire","item":"https:\/\/mundukmodingplantation.com\/fr\/notre-histoire\/"},{"@type":"ListItem","position":3,"name":"Notre parcours ensemble"}]},{"@type":"WebSite","@id":"https:\/\/mundukmodingplantation.com\/fr\/#website","url":"https:\/\/mundukmodingplantation.com\/fr\/","name":"Munduk Moding Plantation","description":"Nature Resort","potentialAction":[{"@type":"SearchAction","target":{"@type":"EntryPoint","urlTemplate":"https:\/\/mundukmodingplantation.com\/fr\/?s={search_term_string}"},"query-input":{"@type":"PropertyValueSpecification","valueRequired":true,"valueName":"search_term_string"}}],"inLanguage":"fr-FR"}]}},"_links":{"self":[{"href":"https:\/\/mundukmodingplantation.com\/fr\/wp-json\/wp\/v2\/pages\/11277","targetHints":{"allow":["GET"]}}],"collection":[{"href":"https:\/\/mundukmodingplantation.com\/fr\/wp-json\/wp\/v2\/pages"}],"about":[{"href":"https:\/\/mundukmodingplantation.com\/fr\/wp-json\/wp\/v2\/types\/page"}],"author":[{"embeddable":true,"href":"https:\/\/mundukmodingplantation.com\/fr\/wp-json\/wp\/v2\/users\/1"}],"replies":[{"embeddable":true,"href":"https:\/\/mundukmodingplantation.com\/fr\/wp-json\/wp\/v2\/comments?post=11277"}],"version-history":[{"count":9,"href":"https:\/\/mundukmodingplantation.com\/fr\/wp-json\/wp\/v2\/pages\/11277\/revisions"}],"predecessor-version":[{"id":11307,"href":"https:\/\/mundukmodingplantation.com\/fr\/wp-json\/wp\/v2\/pages\/11277\/revisions\/11307"}],"up":[{"embeddable":true,"href":"https:\/\/mundukmodingplantation.com\/fr\/wp-json\/wp\/v2\/pages\/11240"}],"wp:attachment":[{"href":"https:\/\/mundukmodingplantation.com\/fr\/wp-json\/wp\/v2\/media?parent=11277"}],"curies":[{"name":"wp","href":"https:\/\/api.w.org\/{rel}","templated":true}]}}