{"id":11385,"date":"2025-08-08T23:02:12","date_gmt":"2025-08-08T15:02:12","guid":{"rendered":"https:\/\/mundukmodingplantation.com\/notre-histoire\/vert\/"},"modified":"2025-10-30T12:44:30","modified_gmt":"2025-10-30T04:44:30","slug":"vert","status":"publish","type":"page","link":"https:\/\/mundukmodingplantation.com\/fr\/notre-histoire\/vert\/","title":{"rendered":"Vert"},"content":{"rendered":"<div class=\"wpb-content-wrapper\"><p>[vc_row full_width=\u00a0\u00bbstretch_row\u00a0\u00bb equal_height=\u00a0\u00bbyes\u00a0\u00bb video_bg=\u00a0\u00bbyes\u00a0\u00bb video_local_mp4_url=\u00a0\u00bbhttps:\/\/mundukmodingplantation.com\/wp-content\/uploads\/2025\/06\/Branding-MMP.mp4&Prime; disable_element=\u00a0\u00bbyes\u00a0\u00bb css=\u00a0\u00bb.vc_custom_1754321697222{margin-top: -20px !important;padding-top: 100px !important;padding-bottom: 110px !important;background-image: url(https:\/\/mundukmodingplantation.com\/wp-content\/uploads\/2025\/06\/home1.webp?id=6810) !important;background-position: center !important;background-repeat: no-repeat !important;background-size: cover !important;}\u00a0\u00bb responsive_css=\u00a0\u00bbpadding_top_large:45%25|padding_bottom_large:0px|margin_top_medium:-17px|padding_top_medium:275px|padding_bottom_medium:275px\u00a0\u00bb el_class=\u00a0\u00bbfluid\u00a0\u00bb][vc_column enable_content_animation=\u00a0\u00bbyes\u00a0\u00bb ca_init_scale_x=\u00a0\u00bb1&Prime; ca_init_scale_y=\u00a0\u00bb1&Prime; ca_init_scale_z=\u00a0\u00bb1&Prime; ca_init_opacity=\u00a0\u00bb0&Prime; ca_an_scale_x=\u00a0\u00bb1&Prime; ca_an_scale_y=\u00a0\u00bb1&Prime; ca_an_scale_z=\u00a0\u00bb1&Prime; ca_an_opacity=\u00a0\u00bb1&Prime; align=\u00a0\u00bbtext-center\u00a0\u00bb ca_duration=\u00a0\u00bb1600&Prime; ca_delay=\u00a0\u00bb160&Prime; ca_init_translate_y=\u00a0\u00bb121&Prime; ca_init_translate_z=\u00a0\u00bb-142&Prime; ca_init_rotate_x=\u00a0\u00bb-85&Prime;][\/vc_column][\/vc_row][vc_row responsive_css=\u00a0\u00bbmargin_bottom_medium:100px|padding_right_medium:0px|padding_left_medium:0px\u00a0\u00bb css=\u00a0\u00bb.vc_custom_1754387919950{margin-top: 48px !important;margin-bottom: 32px !important;padding-right: 15px !important;padding-left: 15px !important;}\u00a0\u00bb][vc_column align=\u00a0\u00bbtext-center\u00a0\u00bb offset=\u00a0\u00bbvc_col-md-offset-2 vc_col-md-8&Prime;]<style>.ld_fancy_heading_69e205bb8b12d h1{font-size:36px;}.ld_fancy_heading_69e205bb8b12d h1 {margin-bottom:32px !important;  } .ld_fancy_heading_69e205bb8b12d .lqd-highlight-inner{height:0.275em;bottom:0px;}.ld_fancy_heading_69e205bb8b12d h1 {margin-bottom:32px !important;  } <\/style><div class=\"ld-fancy-heading text-center ld_fancy_heading_69e205bb8b12d\">\n\t<h1 class=\"lqd-highlight-underline lqd-highlight-grow-left\" ><span class=\"ld-fh-txt\"> Green<\/span><\/h1><\/div>[vc_column_text css=\u00a0\u00bb\u00a0\u00bb]Notre histoire est ancr\u00e9e dans un profond respect pour le paysage immacul\u00e9 du nord de Bali. En tant que plantation de caf\u00e9 biologique, nous nous engageons \u00e0 pr\u00e9server ce paradis naturel gr\u00e2ce \u00e0 des pratiques durables et \u00e0 l&rsquo;engagement communautaire. Rejoignez-nous dans notre d\u00e9marche pour minimiser notre impact environnemental et cr\u00e9er un \u00e9quilibre harmonieux avec la nature. D\u00e9couvrez comment vous pouvez contribuer \u00e0 un avenir durable avec nous.   <\/p>\n<p>Nous nous effor\u00e7ons continuellement d&rsquo;am\u00e9liorer l&rsquo;efficacit\u00e9 de notre h\u00f4tel et de minimiser notre impact environnemental. En tant que l&rsquo;un des premiers membres <g id=\"gid_0\"><g id=\"gid_1\">Green Globe<\/g><\/g> de Bali, nous collaborons avec des r\u00e9seaux verts de premier plan tels que <g id=\"gid_2\"><g id=\"gid_3\">The Punch Community<\/g><\/g> et <g id=\"gid_4\"><g id=\"gid_5\">KemBali Becik<\/g><\/g>. Nous avons eu l&rsquo;honneur de recevoir la <a href=\"https:\/\/staybetterplaces.com\/munduk-moding-plantation-nature-resort-and-spa\/\"><strong>Certification Or Travelife<\/strong><\/a> en 2024 pour notre d\u00e9vouement au tourisme durable.  <\/p>\n<p>Notre objectif est d&rsquo;atteindre la neutralit\u00e9 carbone dans nos op\u00e9rations. Nous avons impliqu\u00e9 notre personnel dans ce processus et sommes ravis de partager notre parcours avec nos clients, en les invitant \u00e0 participer \u00e0 nos initiatives de durabilit\u00e9.[\/vc_column_text][\/vc_column][\/vc_row][vc_row css=\u00a0\u00bb.vc_custom_1754664197174{margin-bottom: 0px !important;}\u00a0\u00bb][vc_column]<style>.ld_carousel_69e205bb8b793 .carousel-item{width:66.666666666667%;padding-left:15px;padding-right:15px;}.ld_carousel_69e205bb8b793 .carousel-items.row{margin-left:-15px;margin-right:-15px;}.ld_carousel_69e205bb8b793 .flickity-prev-next-button svg{stroke:rgb(204, 204, 204);}.ld_carousel_69e205bb8b793 .flickity-prev-next-button{color:rgb(204, 204, 204);}.ld_carousel_69e205bb8b793 .flickity-prev-next-button:hover svg{stroke:rgb(47, 68, 46);}.ld_carousel_69e205bb8b793 .flickity-prev-next-button:hover{color:rgb(47, 68, 46);}.ld_carousel_69e205bb8b793 .flickity-page-dots{top:auto;right:auto;bottom:-25px;left:auto;}@media (min-width: 992px) {.ld_carousel_69e205bb8b793 .carousel-item { width:66.666666666667% }}<\/style><div id=\"ld_carousel_69e205bb8b793\" class=\"carousel-container carousel-nav-floated carousel-nav-center carousel-nav-middle carousel-nav-xl carousel-dots-style1 ld_carousel_69e205bb8b793\">\n\n\t<div class=\"carousel-items row\"  data-lqd-flickity='{\"cellAlign\":\"center\",\"prevNextButtons\":true,\"buttonsAppendTo\":\"self\",\"pageDots\":false,\"groupCells\":true,\"wrapAround\":true,\"adaptiveHeight\":true,\"autoPlay\":3000,\"pauseAutoPlayOnHover\":true,\"navArrow\":{\"prev\":\"&lt;i class=\\&quot;fa fa-angle-left\\&quot;&gt;&lt;\/i&gt;\",\"next\":\"&lt;i class=\\&quot;fa fa-angle-right\\&quot;&gt;&lt;\/i&gt;\"},\"navOffsets\":{\"prev\":\"-7%\",\"next\":\"-7%\"}}' >\n\t<p>[vc_single_image image=\u00a0\u00bb11242&Prime; img_size=\u00a0\u00bbfull\u00a0\u00bb css=\u00a0\u00bb\u00a0\u00bb][vc_single_image image=\u00a0\u00bb11386&Prime; img_size=\u00a0\u00bbfull\u00a0\u00bb css=\u00a0\u00bb\u00a0\u00bb][vc_single_image image=\u00a0\u00bb11387&Prime; img_size=\u00a0\u00bbfull\u00a0\u00bb css=\u00a0\u00bb\u00a0\u00bb][vc_single_image image=\u00a0\u00bb11388&Prime; img_size=\u00a0\u00bbfull\u00a0\u00bb css=\u00a0\u00bb\u00a0\u00bb][vc_single_image image=\u00a0\u00bb11389&Prime; img_size=\u00a0\u00bbfull\u00a0\u00bb css=\u00a0\u00bb\u00a0\u00bb]<\/p>\n\t<\/div>\n\n<\/div>[\/vc_column][\/vc_row][vc_row responsive_css=\u00a0\u00bbmargin_bottom_medium:65px|padding_right_medium:0px|padding_left_medium:0px\u00a0\u00bb css=\u00a0\u00bb.vc_custom_1754486584919{margin-bottom: 32px !important;padding-right: 15px !important;padding-left: 15px !important;}\u00a0\u00bb][vc_column offset=\u00a0\u00bbvc_col-md-offset-2 vc_col-md-8&Prime;][vc_column_text css=\u00a0\u00bb.vc_custom_1754665368933{margin-bottom: 32px !important;}\u00a0\u00bb]Certains de nos domaines d&rsquo;action prioritaires incluent :<\/p>\n<ul>\n<li><strong>Conservation de l&rsquo;eau<\/strong><br \/>\nNous accordons la priorit\u00e9 \u00e0 la conservation de l&rsquo;eau en collectant l&rsquo;eau de pluie pour r\u00e9pondre \u00e0 une part importante de nos besoins. De plus, notre Installation de Traitement \u00c9cologique des Eaux Us\u00e9es (ITEEU) traite toutes les eaux us\u00e9es, produisant de l&rsquo;eau propre qui peut \u00eatre utilis\u00e9e pour irriguer notre Plantation. <\/li>\n<li><strong>Gestion des d\u00e9chets<\/strong><br \/>\nNous donnons la priorit\u00e9 \u00e0 la r\u00e9duction des d\u00e9chets et au recyclage. Tous les d\u00e9chets sont soigneusement tri\u00e9s, les d\u00e9chets organiques \u00e9tant compost\u00e9s sur place et utilis\u00e9s pour fertiliser notre plantation. Nous avons interdit les plastiques \u00e0 usage unique et traitons activement le plastique, le papier usag\u00e9 et l&rsquo;huile de cuisson usag\u00e9e pour cr\u00e9er des articles tels que des bougies, des cadres photo et des commodit\u00e9s h\u00f4teli\u00e8res. Notre programme de Banque de D\u00e9chets ou <em>Bank Sampah<\/em> encourage la collecte et le tri des d\u00e9chets solides de la communaut\u00e9 locale. Cette initiative aide non seulement \u00e0 nettoyer l&rsquo;environnement, mais fournit \u00e9galement des revenus aux r\u00e9sidents locaux, soutient les artistes et artisans locaux, et transforme les d\u00e9chets plastiques en nouveaux produits de valeur. Les clients sont invit\u00e9s \u00e0 participer \u00e0 des ateliers pour en apprendre davantage sur nos efforts de recyclage.    <\/li>\n<li><strong>\u00c9nergie<\/strong><br \/>\nNous accordons la priorit\u00e9 \u00e0 l&rsquo;efficacit\u00e9 \u00e9nerg\u00e9tique. Nous exploitons la plus grande installation d&rsquo;\u00e9lectricit\u00e9 solaire de notre r\u00e9gion et explorons activement la faisabilit\u00e9 d&rsquo;une micro-centrale hydro\u00e9lectrique. Des audits \u00e9nerg\u00e9tiques r\u00e9guliers et des initiatives d&rsquo;efficacit\u00e9 nous ont permis de r\u00e9duire notre consommation d&rsquo;\u00e9nergie malgr\u00e9 notre croissance. Notre objectif est de r\u00e9duire la consommation d&rsquo;\u00e9nergie de 5 % par an.   <\/li>\n<li><strong>Sensibilisation environnementale<\/strong><br \/>\nChez MMP, notre personnel est form\u00e9 aux principes de gestion environnementale, et notre Responsable du D\u00e9veloppement Durable promeut des initiatives de durabilit\u00e9 dans toutes nos op\u00e9rations. Notre \u00c9quipe Verte s&rsquo;engage activement aupr\u00e8s de la communaut\u00e9 locale, y compris les \u00e9coles, en les invitant \u00e0 collaborer sur des initiatives vertes telles que le nettoyage r\u00e9gulier des lacs et cascades \u00e0 proximit\u00e9. <\/li>\n<li><strong>Participation des clients<\/strong><br \/>\nRejoignez-nous dans nos efforts de durabilit\u00e9 ! Nous proposons une vari\u00e9t\u00e9 d&rsquo;ateliers, notamment la fabrication de bougies, de savons et d&rsquo;artisanat. Vos commentaires sont pr\u00e9cieux pour nous, alors n&rsquo;h\u00e9sitez pas \u00e0 partager vos suggestions sur la fa\u00e7on dont nous pouvons am\u00e9liorer davantage nos pratiques.  <\/li>\n<li><strong>Responsabilit\u00e9<\/strong><br \/>\nNotre engagement envers la durabilit\u00e9 est in\u00e9branlable. Nous nous effor\u00e7ons continuellement d&rsquo;am\u00e9liorer notre impact environnemental \u00e0 travers diverses initiatives, de la r\u00e9duction des d\u00e9chets et de la consommation d&rsquo;\u00e9nergie au soutien des communaut\u00e9s locales. Nous croyons en la transparence et partagerons un Rapport de Durabilit\u00e9 annuel pour vous tenir inform\u00e9s de nos progr\u00e8s.  <\/li>\n<\/ul>\n<p><strong>Notre \u00e9quipe verte<\/strong><\/p>\n<p>Notre \u00c9quipe Verte collabore activement avec la communaut\u00e9 locale pour relever les d\u00e9fis environnementaux. Les initiatives comprennent le nettoyage des cascades et des lacs \u00e0 proximit\u00e9, l&rsquo;assainissement des d\u00e9charges ill\u00e9gales et la distribution de poubelles au village local pour promouvoir un meilleur tri et traitement des d\u00e9chets. <\/p>\n<p>Pour pr\u00e9server la beaut\u00e9 naturelle et prot\u00e9ger les nappes phr\u00e9atiques, l&rsquo;\u00c9quipe Verte contribue \u00e0 hauteur de 1 000 arbres par an \u00e0 la communaut\u00e9. Nous croyons que des actions significatives, combin\u00e9es \u00e0 des c\u00e9r\u00e9monies traditionnelles balinaises, peuvent cultiver une mentalit\u00e9 de soin, d&rsquo;amour et d&rsquo;appr\u00e9ciation pour la M\u00e8re Nature. Ces c\u00e9r\u00e9monies, profond\u00e9ment ancr\u00e9es dans la culture balinaise, servent d&rsquo;expression tangible de notre connexion au monde naturel.  <\/p>\n<p><strong>Reforestation &#8211; plantez votre propre arbre<\/strong><\/p>\n<p>\u00c0 Munduk Moding Plantation, notre profond engagement envers l&rsquo;environnement se refl\u00e8te dans nos efforts de reforestation. En plantant une vari\u00e9t\u00e9 d&rsquo;arbres indig\u00e8nes, nous cr\u00e9ons un paysage luxuriant et biodiversifi\u00e9 qui non seulement am\u00e9liore la beaut\u00e9 de notre environnement, mais contribue \u00e9galement \u00e0 la sant\u00e9 globale de l&rsquo;\u00e9cosyst\u00e8me. <\/p>\n<p>Notre initiative de reforestation ne consiste pas seulement \u00e0 planter des arbres, mais est \u00e9galement con\u00e7ue pour promouvoir la biodiversit\u00e9, prot\u00e9geant les habitats naturels d&rsquo;innombrables esp\u00e8ces. Avec la participation active de nos clients, des communaut\u00e9s locales et des membres d\u00e9vou\u00e9s de notre \u00e9quipe, nous visons \u00e0 favoriser un sens de la responsabilit\u00e9 environnementale et \u00e0 cr\u00e9er un impact positif qui s&rsquo;\u00e9tend au-del\u00e0 de notre resort.[\/vc_column_text][vc_row_inner][vc_column_inner offset=\u00a0\u00bbvc_col-md-offset-2 vc_col-md-8&Prime;]<style>.ld_button_69e205bb8bbf3{width:100%;height:50px;}<\/style><a href=\"https:\/\/mundukmodingplantation.com\/wp-content\/uploads\/2025\/08\/Sustainability-Report-2024.pdf\" title=\"View Details\" class=\"btn btn-default btn-custom btn-custom-sized circle btn-bordered border-thin ld_button_69e205bb8bbf3\">\n\t<span>\n\t\t\n\t\t\t\t\t<span class=\"btn-txt\">Voir le rapport de durabilit\u00e9 2024<\/span>\n\t\t\t\n\t\t\t\t<\/span>\n<\/a>\n[\/vc_column_inner][\/vc_row_inner][\/vc_column][\/vc_row]<\/p>\n<\/div>","protected":false},"excerpt":{"rendered":"<p>[vc_row full_width=\u00a0\u00bbstretch_row\u00a0\u00bb equal_height=\u00a0\u00bbyes\u00a0\u00bb video_bg=\u00a0\u00bbyes\u00a0\u00bb video_local_mp4_url=\u00a0\u00bbhttps:\/\/mundukmodingplantation.com\/wp-content\/uploads\/2025\/06\/Branding-MMP.mp4&Prime; disable_element=\u00a0\u00bbyes\u00a0\u00bb css=\u00a0\u00bb.vc_custom_1754321697222{margin-top: -20px !important;padding-top: 100px !important;padding-bottom: 110px !important;background-image: url(https:\/\/mundukmodingplantation.com\/wp-content\/uploads\/2025\/06\/home1.webp?id=6810) !important;background-position:&#8230;<\/p>\n","protected":false},"author":1,"featured_media":0,"parent":11240,"menu_order":0,"comment_status":"closed","ping_status":"closed","template":"","meta":{"footnotes":""},"class_list":["post-11385","page","type-page","status-publish","hentry"],"yoast_head":"<!-- This site is optimized with the Yoast SEO plugin v27.4 - https:\/\/yoast.com\/product\/yoast-seo-wordpress\/ -->\n<title>Vert | Munduk Moding Plantation<\/title>\n<meta name=\"description\" content=\"La vision verte de MMP : r\u00e9duire et composter les d\u00e9chets sur place. La mati\u00e8re organique retourne au sol, tandis que le recyclage alimente des op\u00e9rations durables...\" \/>\n<meta name=\"robots\" content=\"index, follow, max-snippet:-1, max-image-preview:large, max-video-preview:-1\" \/>\n<link rel=\"canonical\" href=\"https:\/\/mundukmodingplantation.com\/fr\/notre-histoire\/vert\/\" \/>\n<meta property=\"og:locale\" content=\"fr_FR\" \/>\n<meta property=\"og:type\" content=\"article\" \/>\n<meta property=\"og:title\" content=\"Vert | Munduk Moding Plantation\" \/>\n<meta property=\"og:description\" content=\"La vision verte de MMP : r\u00e9duire et composter les d\u00e9chets sur place. La mati\u00e8re organique retourne au sol, tandis que le recyclage alimente des op\u00e9rations durables...\" \/>\n<meta property=\"og:url\" content=\"https:\/\/mundukmodingplantation.com\/fr\/notre-histoire\/vert\/\" \/>\n<meta property=\"og:site_name\" content=\"Munduk Moding Plantation\" \/>\n<meta property=\"article:modified_time\" content=\"2025-10-30T04:44:30+00:00\" \/>\n<meta property=\"og:image\" content=\"https:\/\/mundukmodingplantation.com\/wp-content\/uploads\/2025\/06\/home1.webp\" \/>\n\t<meta property=\"og:image:width\" content=\"1920\" \/>\n\t<meta property=\"og:image:height\" content=\"1280\" \/>\n\t<meta property=\"og:image:type\" content=\"image\/webp\" \/>\n<meta name=\"twitter:card\" content=\"summary_large_image\" \/>\n<meta name=\"twitter:label1\" content=\"Dur\u00e9e de lecture estim\u00e9e\" \/>\n\t<meta name=\"twitter:data1\" content=\"7 minutes\" \/>\n<script type=\"application\/ld+json\" class=\"yoast-schema-graph\">{\"@context\":\"https:\\\/\\\/schema.org\",\"@graph\":[{\"@type\":\"WebPage\",\"@id\":\"https:\\\/\\\/mundukmodingplantation.com\\\/fr\\\/notre-histoire\\\/vert\\\/\",\"url\":\"https:\\\/\\\/mundukmodingplantation.com\\\/fr\\\/notre-histoire\\\/vert\\\/\",\"name\":\"Vert | Munduk Moding Plantation\",\"isPartOf\":{\"@id\":\"https:\\\/\\\/mundukmodingplantation.com\\\/fr\\\/#website\"},\"datePublished\":\"2025-08-08T15:02:12+00:00\",\"dateModified\":\"2025-10-30T04:44:30+00:00\",\"description\":\"La vision verte de MMP : r\u00e9duire et composter les d\u00e9chets sur place. La mati\u00e8re organique retourne au sol, tandis que le recyclage alimente des op\u00e9rations durables...\",\"breadcrumb\":{\"@id\":\"https:\\\/\\\/mundukmodingplantation.com\\\/fr\\\/notre-histoire\\\/vert\\\/#breadcrumb\"},\"inLanguage\":\"fr-FR\",\"potentialAction\":[{\"@type\":\"ReadAction\",\"target\":[\"https:\\\/\\\/mundukmodingplantation.com\\\/fr\\\/notre-histoire\\\/vert\\\/\"]}]},{\"@type\":\"BreadcrumbList\",\"@id\":\"https:\\\/\\\/mundukmodingplantation.com\\\/fr\\\/notre-histoire\\\/vert\\\/#breadcrumb\",\"itemListElement\":[{\"@type\":\"ListItem\",\"position\":1,\"name\":\"Home\",\"item\":\"https:\\\/\\\/mundukmodingplantation.com\\\/fr\\\/homenew\\\/\"},{\"@type\":\"ListItem\",\"position\":2,\"name\":\"Notre histoire\",\"item\":\"https:\\\/\\\/mundukmodingplantation.com\\\/fr\\\/notre-histoire\\\/\"},{\"@type\":\"ListItem\",\"position\":3,\"name\":\"Vert\"}]},{\"@type\":\"WebSite\",\"@id\":\"https:\\\/\\\/mundukmodingplantation.com\\\/fr\\\/#website\",\"url\":\"https:\\\/\\\/mundukmodingplantation.com\\\/fr\\\/\",\"name\":\"Munduk Moding Plantation\",\"description\":\"Nature Resort\",\"potentialAction\":[{\"@type\":\"SearchAction\",\"target\":{\"@type\":\"EntryPoint\",\"urlTemplate\":\"https:\\\/\\\/mundukmodingplantation.com\\\/fr\\\/?s={search_term_string}\"},\"query-input\":{\"@type\":\"PropertyValueSpecification\",\"valueRequired\":true,\"valueName\":\"search_term_string\"}}],\"inLanguage\":\"fr-FR\"}]}<\/script>\n<!-- \/ Yoast SEO plugin. -->","yoast_head_json":{"title":"Vert | Munduk Moding Plantation","description":"La vision verte de MMP : r\u00e9duire et composter les d\u00e9chets sur place. La mati\u00e8re organique retourne au sol, tandis que le recyclage alimente des op\u00e9rations durables...","robots":{"index":"index","follow":"follow","max-snippet":"max-snippet:-1","max-image-preview":"max-image-preview:large","max-video-preview":"max-video-preview:-1"},"canonical":"https:\/\/mundukmodingplantation.com\/fr\/notre-histoire\/vert\/","og_locale":"fr_FR","og_type":"article","og_title":"Vert | Munduk Moding Plantation","og_description":"La vision verte de MMP : r\u00e9duire et composter les d\u00e9chets sur place. La mati\u00e8re organique retourne au sol, tandis que le recyclage alimente des op\u00e9rations durables...","og_url":"https:\/\/mundukmodingplantation.com\/fr\/notre-histoire\/vert\/","og_site_name":"Munduk Moding Plantation","article_modified_time":"2025-10-30T04:44:30+00:00","og_image":[{"width":1920,"height":1280,"url":"https:\/\/mundukmodingplantation.com\/wp-content\/uploads\/2025\/06\/home1.webp","type":"image\/webp"}],"twitter_card":"summary_large_image","twitter_misc":{"Dur\u00e9e de lecture estim\u00e9e":"7 minutes"},"schema":{"@context":"https:\/\/schema.org","@graph":[{"@type":"WebPage","@id":"https:\/\/mundukmodingplantation.com\/fr\/notre-histoire\/vert\/","url":"https:\/\/mundukmodingplantation.com\/fr\/notre-histoire\/vert\/","name":"Vert | Munduk Moding Plantation","isPartOf":{"@id":"https:\/\/mundukmodingplantation.com\/fr\/#website"},"datePublished":"2025-08-08T15:02:12+00:00","dateModified":"2025-10-30T04:44:30+00:00","description":"La vision verte de MMP : r\u00e9duire et composter les d\u00e9chets sur place. La mati\u00e8re organique retourne au sol, tandis que le recyclage alimente des op\u00e9rations durables...","breadcrumb":{"@id":"https:\/\/mundukmodingplantation.com\/fr\/notre-histoire\/vert\/#breadcrumb"},"inLanguage":"fr-FR","potentialAction":[{"@type":"ReadAction","target":["https:\/\/mundukmodingplantation.com\/fr\/notre-histoire\/vert\/"]}]},{"@type":"BreadcrumbList","@id":"https:\/\/mundukmodingplantation.com\/fr\/notre-histoire\/vert\/#breadcrumb","itemListElement":[{"@type":"ListItem","position":1,"name":"Home","item":"https:\/\/mundukmodingplantation.com\/fr\/homenew\/"},{"@type":"ListItem","position":2,"name":"Notre histoire","item":"https:\/\/mundukmodingplantation.com\/fr\/notre-histoire\/"},{"@type":"ListItem","position":3,"name":"Vert"}]},{"@type":"WebSite","@id":"https:\/\/mundukmodingplantation.com\/fr\/#website","url":"https:\/\/mundukmodingplantation.com\/fr\/","name":"Munduk Moding Plantation","description":"Nature Resort","potentialAction":[{"@type":"SearchAction","target":{"@type":"EntryPoint","urlTemplate":"https:\/\/mundukmodingplantation.com\/fr\/?s={search_term_string}"},"query-input":{"@type":"PropertyValueSpecification","valueRequired":true,"valueName":"search_term_string"}}],"inLanguage":"fr-FR"}]}},"_links":{"self":[{"href":"https:\/\/mundukmodingplantation.com\/fr\/wp-json\/wp\/v2\/pages\/11385","targetHints":{"allow":["GET"]}}],"collection":[{"href":"https:\/\/mundukmodingplantation.com\/fr\/wp-json\/wp\/v2\/pages"}],"about":[{"href":"https:\/\/mundukmodingplantation.com\/fr\/wp-json\/wp\/v2\/types\/page"}],"author":[{"embeddable":true,"href":"https:\/\/mundukmodingplantation.com\/fr\/wp-json\/wp\/v2\/users\/1"}],"replies":[{"embeddable":true,"href":"https:\/\/mundukmodingplantation.com\/fr\/wp-json\/wp\/v2\/comments?post=11385"}],"version-history":[{"count":5,"href":"https:\/\/mundukmodingplantation.com\/fr\/wp-json\/wp\/v2\/pages\/11385\/revisions"}],"predecessor-version":[{"id":11411,"href":"https:\/\/mundukmodingplantation.com\/fr\/wp-json\/wp\/v2\/pages\/11385\/revisions\/11411"}],"up":[{"embeddable":true,"href":"https:\/\/mundukmodingplantation.com\/fr\/wp-json\/wp\/v2\/pages\/11240"}],"wp:attachment":[{"href":"https:\/\/mundukmodingplantation.com\/fr\/wp-json\/wp\/v2\/media?parent=11385"}],"curies":[{"name":"wp","href":"https:\/\/api.w.org\/{rel}","templated":true}]}}