{"id":11423,"date":"2025-08-08T23:14:51","date_gmt":"2025-08-08T15:14:51","guid":{"rendered":"https:\/\/mundukmodingplantation.com\/notre-histoire\/ateliers-de-durabilite\/"},"modified":"2025-10-30T12:45:13","modified_gmt":"2025-10-30T04:45:13","slug":"ateliers-de-durabilite","status":"publish","type":"page","link":"https:\/\/mundukmodingplantation.com\/fr\/notre-histoire\/ateliers-de-durabilite\/","title":{"rendered":"Ateliers de durabilit\u00e9"},"content":{"rendered":"<div class=\"wpb-content-wrapper\"><p>[vc_row full_width=\u00a0\u00bbstretch_row\u00a0\u00bb equal_height=\u00a0\u00bbyes\u00a0\u00bb video_bg=\u00a0\u00bbyes\u00a0\u00bb video_local_mp4_url=\u00a0\u00bbhttps:\/\/mundukmodingplantation.com\/wp-content\/uploads\/2025\/06\/Branding-MMP.mp4&Prime; disable_element=\u00a0\u00bbyes\u00a0\u00bb css=\u00a0\u00bb.vc_custom_1754321697222{margin-top: -20px !important;padding-top: 100px !important;padding-bottom: 110px !important;background-image: url(https:\/\/mundukmodingplantation.com\/wp-content\/uploads\/2025\/06\/home1.webp?id=6810) !important;background-position: center !important;background-repeat: no-repeat !important;background-size: cover !important;}\u00a0\u00bb responsive_css=\u00a0\u00bbpadding_top_large:45%25|padding_bottom_large:0px|margin_top_medium:-17px|padding_top_medium:275px|padding_bottom_medium:275px\u00a0\u00bb el_class=\u00a0\u00bbfluid\u00a0\u00bb][vc_column enable_content_animation=\u00a0\u00bbyes\u00a0\u00bb ca_init_scale_x=\u00a0\u00bb1&Prime; ca_init_scale_y=\u00a0\u00bb1&Prime; ca_init_scale_z=\u00a0\u00bb1&Prime; ca_init_opacity=\u00a0\u00bb0&Prime; ca_an_scale_x=\u00a0\u00bb1&Prime; ca_an_scale_y=\u00a0\u00bb1&Prime; ca_an_scale_z=\u00a0\u00bb1&Prime; ca_an_opacity=\u00a0\u00bb1&Prime; align=\u00a0\u00bbtext-center\u00a0\u00bb ca_duration=\u00a0\u00bb1600&Prime; ca_delay=\u00a0\u00bb160&Prime; ca_init_translate_y=\u00a0\u00bb121&Prime; ca_init_translate_z=\u00a0\u00bb-142&Prime; ca_init_rotate_x=\u00a0\u00bb-85&Prime;][\/vc_column][\/vc_row][vc_row responsive_css=\u00a0\u00bbmargin_bottom_medium:100px|padding_right_medium:0px|padding_left_medium:0px\u00a0\u00bb css=\u00a0\u00bb.vc_custom_1754387919950{margin-top: 48px !important;margin-bottom: 32px !important;padding-right: 15px !important;padding-left: 15px !important;}\u00a0\u00bb][vc_column align=\u00a0\u00bbtext-center\u00a0\u00bb offset=\u00a0\u00bbvc_col-md-offset-2 vc_col-md-8&Prime;]<style>.ld_fancy_heading_69d642f9e7d4f h1{font-size:36px;}.ld_fancy_heading_69d642f9e7d4f h1 {margin-bottom:32px !important;  } .ld_fancy_heading_69d642f9e7d4f .lqd-highlight-inner{height:0.275em;bottom:0px;}.ld_fancy_heading_69d642f9e7d4f h1 {margin-bottom:32px !important;  } <\/style><div class=\"ld-fancy-heading text-center ld_fancy_heading_69d642f9e7d4f\">\n\t<h1 class=\"lqd-highlight-underline lqd-highlight-grow-left\" ><span class=\"ld-fh-txt\"> Sustainability Workshops<\/span><\/h1><\/div>[vc_column_text css=\u00a0\u00bb\u00a0\u00bb]Ateliers<\/p>\n<p>Inspir\u00e9s par la philosophie balinaise du Tri Hita Karana, nous recherchons l&rsquo;harmonie entre le bien-\u00eatre, l&rsquo;environnement et le patrimoine culturel. D\u00e9couvrez nos initiatives durables et rejoignez-nous pour pr\u00e9server cet \u00e9quilibre. <\/p>\n<p>Chez MMP, nous nous effor\u00e7ons de promouvoir un tourisme v\u00e9ritablement durable qui soit \u00e9conomiquement, socialement et environnementalement responsable. Pour partager nos pratiques de durabilit\u00e9 avec nos clients, nous proposons une vari\u00e9t\u00e9 d&rsquo;ateliers qui offrent une exp\u00e9rience directe de la fa\u00e7on dont nous int\u00e9grons ces principes dans nos op\u00e9rations quotidiennes. <\/p>\n<p>La majorit\u00e9 de nos ateliers se d\u00e9roulent dans notre Salle d&rsquo;Atelier Soap Tree, une structure construite en partie \u00e0 partir de mat\u00e9riaux recycl\u00e9s. Les colonnes en b\u00e9ton color\u00e9es comportent des plaques en plastique recycl\u00e9 fabriqu\u00e9es dans notre Centre de Recyclage du Plastique, et les carreaux de l&rsquo;atelier sont fabriqu\u00e9s \u00e0 partir de verre recycl\u00e9 et de ciment.[\/vc_column_text][\/vc_column][\/vc_row][vc_row css=\u00a0\u00bb.vc_custom_1754664197174{margin-bottom: 0px !important;}\u00a0\u00bb][vc_column]<style>.ld_carousel_69d642f9e82da .carousel-item{width:66.666666666667%;padding-left:15px;padding-right:15px;}.ld_carousel_69d642f9e82da .carousel-items.row{margin-left:-15px;margin-right:-15px;}.ld_carousel_69d642f9e82da .flickity-prev-next-button svg{stroke:rgb(204, 204, 204);}.ld_carousel_69d642f9e82da .flickity-prev-next-button{color:rgb(204, 204, 204);}.ld_carousel_69d642f9e82da .flickity-prev-next-button:hover svg{stroke:rgb(47, 68, 46);}.ld_carousel_69d642f9e82da .flickity-prev-next-button:hover{color:rgb(47, 68, 46);}.ld_carousel_69d642f9e82da .flickity-page-dots{top:auto;right:auto;bottom:-25px;left:auto;}@media (min-width: 992px) {.ld_carousel_69d642f9e82da .carousel-item { width:66.666666666667% }}<\/style><div id=\"ld_carousel_69d642f9e82da\" class=\"carousel-container carousel-nav-floated carousel-nav-center carousel-nav-middle carousel-nav-xl carousel-dots-style1 ld_carousel_69d642f9e82da\">\n\n\t<div class=\"carousel-items row\"  data-lqd-flickity='{\"cellAlign\":\"center\",\"prevNextButtons\":true,\"buttonsAppendTo\":\"self\",\"pageDots\":false,\"groupCells\":true,\"wrapAround\":true,\"adaptiveHeight\":true,\"autoPlay\":3000,\"pauseAutoPlayOnHover\":true,\"navArrow\":{\"prev\":\"&lt;i class=\\&quot;fa fa-angle-left\\&quot;&gt;&lt;\/i&gt;\",\"next\":\"&lt;i class=\\&quot;fa fa-angle-right\\&quot;&gt;&lt;\/i&gt;\"},\"navOffsets\":{\"prev\":\"-7%\",\"next\":\"-7%\"}}' >\n\t<p>[vc_single_image image=\u00a0\u00bb11424&Prime; img_size=\u00a0\u00bbfull\u00a0\u00bb css=\u00a0\u00bb\u00a0\u00bb][vc_single_image image=\u00a0\u00bb11425&Prime; img_size=\u00a0\u00bbfull\u00a0\u00bb css=\u00a0\u00bb\u00a0\u00bb][vc_single_image image=\u00a0\u00bb11426&Prime; img_size=\u00a0\u00bbfull\u00a0\u00bb css=\u00a0\u00bb\u00a0\u00bb][vc_single_image image=\u00a0\u00bb10898&Prime; img_size=\u00a0\u00bbfull\u00a0\u00bb css=\u00a0\u00bb\u00a0\u00bb]<\/p>\n\t<\/div>\n\n<\/div>[\/vc_column][\/vc_row][vc_row responsive_css=\u00a0\u00bbmargin_bottom_medium:65px|padding_right_medium:0px|padding_left_medium:0px\u00a0\u00bb css=\u00a0\u00bb.vc_custom_1754486584919{margin-bottom: 32px !important;padding-right: 15px !important;padding-left: 15px !important;}\u00a0\u00bb][vc_column offset=\u00a0\u00bbvc_col-md-offset-2 vc_col-md-8&Prime;][vc_column_text css=\u00a0\u00bb\u00a0\u00bb]<\/p>\n<ul>\n<li><strong>Fabrication de Bougies \u00e0 partir d&rsquo;Huile de Cuisson Usag\u00e9e<\/strong><br \/>\nLes bougies qui ornent les tables de notre restaurant sont le r\u00e9sultat de l&rsquo;une de nos initiatives de durabilit\u00e9. Notre atelier de fabrication de bougies vous apprend \u00e0 cr\u00e9er des bougies en utilisant de l&rsquo;huile de cuisson recycl\u00e9e, un mat\u00e9riau qui est nocif pour l&rsquo;environnement s&rsquo;il n&rsquo;est pas \u00e9limin\u00e9 correctement. <\/li>\n<li><strong>Fabrication de Pailles en Bambou<\/strong><br \/>\nLes d\u00e9chets plastiques, avec leur taux de d\u00e9composition lent, constituent un contributeur majeur \u00e0 la pollution environnementale, y compris la contamination des sols et des mers. Pour r\u00e9duire notre d\u00e9pendance au plastique, nous avons adopt\u00e9 des pailles en bambou \u00e9cologiques pour nos op\u00e9rations de restauration. En plus de fournir des pailles en bambou \u00e0 nos clients, nous proposons des ateliers o\u00f9 vous pouvez cr\u00e9er vos propres pailles en bambou personnalis\u00e9es.  <\/li>\n<li><strong>Atelier d&rsquo;Artisanat de Papier Usag\u00e9<\/strong><br \/>\nD\u00e9couvrez l&rsquo;art de transformer les d\u00e9chets de papier en beaux objets artisanaux comme des cadres photo et des <em>bokor<\/em> (r\u00e9cipients d&rsquo;offrandes balinais).<\/li>\n<li><strong>Fabrication de Savon \u00e0 partir d&rsquo;Huile de Cuisson Usag\u00e9e<\/strong><br \/>\nCet atelier enseigne aux clients comment cr\u00e9er du savon artisanal en utilisant de l&rsquo;huile de cuisson recycl\u00e9e, un mat\u00e9riau qui est nocif pour l&rsquo;environnement s&rsquo;il n&rsquo;est pas \u00e9limin\u00e9 correctement.<\/li>\n<li><strong>Sculpture sur Bambou et Bois<\/strong><br \/>\nImmergez-vous dans l&rsquo;art et la culture balinais avec notre atelier de Sculpture sur Bambou et Bois. Apprenez les bases de cet artisanat ancestral aupr\u00e8s d&rsquo;artisans locaux et cr\u00e9ez votre propre chef-d&rsquo;\u0153uvre unique dans un v\u00e9ritable style balinais. Cette exp\u00e9rience enrichissante favorise une connexion plus profonde avec les traditions balinaises, promouvant un sentiment de communaut\u00e9 et d&rsquo;appr\u00e9ciation culturelle.  <\/li>\n<li><strong>Fabrication de Bracelets en Plastique Recycl\u00e9<\/strong><br \/>\nNotre Atelier de Fabrication de Bracelets est une activit\u00e9 unique o\u00f9 vous pouvez cr\u00e9er votre propre souvenir \u00e9l\u00e9gant \u00e0 partir de plastique recycl\u00e9. Cette initiative d\u00e9montre notre engagement \u00e0 r\u00e9duire notre impact environnemental en recyclant les d\u00e9chets plastiques et fournit une le\u00e7on pr\u00e9cieuse sur la vie durable. <\/li>\n<li><strong>Cr\u00e9ations Artisanales \u00e0 partir de Sacs Plastiques<\/strong><br \/>\nCet atelier captivant permet aux clients de transformer des sacs plastiques jet\u00e9s en beaux objets, r\u00e9duisant l&rsquo;impact environnemental et soutenant l&rsquo;artisanat durable. Guid\u00e9s par des artisans locaux, les participants tissent, d\u00e9coupent et moulent des sacs plastiques en cr\u00e9ations uniques. Cette initiative compl\u00e8te nos efforts de durabilit\u00e9 plus larges, permettant aux clients de contribuer \u00e0 la r\u00e9duction de la pollution plastique tout en rapportant chez eux des souvenirs significatifs.  <\/li>\n<li><strong>Reforestation<\/strong><br \/>\nLa reforestation est une pierre angulaire de nos pratiques de gestion responsable des terres. Nous investissons dans la replantation et l&rsquo;entretien des for\u00eats environnantes, revitalisant l&rsquo;\u00e9cosyst\u00e8me local et compensant nos \u00e9missions de carbone. Cela garantit un environnement naturel vibrant et sain, pr\u00e9servant l&rsquo;\u00e9quilibre d\u00e9licat de la flore et de la faune de la r\u00e9gion. Les clients sont invit\u00e9s \u00e0 participer \u00e0 ce programme, en plantant des arbres et en contribuant \u00e0 un avenir plus vert.   <\/li>\n<li><strong>Cours d&rsquo;Anglais pour Enfants<\/strong><br \/>\nLe dimanche, nous proposons un programme gratuit de langue anglaise pour les \u00e9l\u00e8ves de l&rsquo;\u00e9cole primaire du village de Gobleg. Pour promouvoir la sensibilisation environnementale, nous encourageons les \u00e9tudiants \u00e0 apporter des d\u00e9chets plastiques. En combinant l&rsquo;\u00e9ducation anglaise avec les concepts de durabilit\u00e9, nous visons \u00e0 aider \u00e0 \u00e9duquer et sensibiliser aux effets n\u00e9fastes des d\u00e9chets plastiques. Nous invitons nos clients \u00e0 nous rejoindre en tant qu&rsquo;assistants d&rsquo;enseignement b\u00e9n\u00e9voles.  <\/li>\n<\/ul>\n<p>[\/vc_column_text][\/vc_column][\/vc_row]<\/p>\n<\/div>","protected":false},"excerpt":{"rendered":"<p>[vc_row full_width=\u00a0\u00bbstretch_row\u00a0\u00bb equal_height=\u00a0\u00bbyes\u00a0\u00bb video_bg=\u00a0\u00bbyes\u00a0\u00bb video_local_mp4_url=\u00a0\u00bbhttps:\/\/mundukmodingplantation.com\/wp-content\/uploads\/2025\/06\/Branding-MMP.mp4&Prime; disable_element=\u00a0\u00bbyes\u00a0\u00bb css=\u00a0\u00bb.vc_custom_1754321697222{margin-top: -20px !important;padding-top: 100px !important;padding-bottom: 110px !important;background-image: url(https:\/\/mundukmodingplantation.com\/wp-content\/uploads\/2025\/06\/home1.webp?id=6810) !important;background-position:&#8230;<\/p>\n","protected":false},"author":1,"featured_media":0,"parent":11240,"menu_order":0,"comment_status":"closed","ping_status":"closed","template":"","meta":{"footnotes":""},"class_list":["post-11423","page","type-page","status-publish","hentry"],"yoast_head":"<!-- This site is optimized with the Yoast SEO plugin v27.3 - https:\/\/yoast.com\/product\/yoast-seo-wordpress\/ -->\n<title>Ateliers de Durabilit\u00e9 | Munduk Moding Plantation<\/title>\n<meta name=\"description\" content=\"Aux Ateliers de Durabilit\u00e9 de MMP, favorisez l&#039;harmonie gr\u00e2ce \u00e0 des exp\u00e9riences culturelles et \u00e9cologiques, apprenez \u00e0 fabriquer du savon, des bougies et bien d&#039;autres choses...\" \/>\n<meta name=\"robots\" content=\"index, follow, max-snippet:-1, max-image-preview:large, max-video-preview:-1\" \/>\n<link rel=\"canonical\" href=\"https:\/\/mundukmodingplantation.com\/fr\/notre-histoire\/ateliers-de-durabilite\/\" \/>\n<meta property=\"og:locale\" content=\"fr_FR\" \/>\n<meta property=\"og:type\" content=\"article\" \/>\n<meta property=\"og:title\" content=\"Ateliers de Durabilit\u00e9 | Munduk Moding Plantation\" \/>\n<meta property=\"og:description\" content=\"Aux Ateliers de Durabilit\u00e9 de MMP, favorisez l&#039;harmonie gr\u00e2ce \u00e0 des exp\u00e9riences culturelles et \u00e9cologiques, apprenez \u00e0 fabriquer du savon, des bougies et bien d&#039;autres choses...\" \/>\n<meta property=\"og:url\" content=\"https:\/\/mundukmodingplantation.com\/fr\/notre-histoire\/ateliers-de-durabilite\/\" \/>\n<meta property=\"og:site_name\" content=\"Munduk Moding Plantation\" \/>\n<meta property=\"article:modified_time\" content=\"2025-10-30T04:45:13+00:00\" \/>\n<meta property=\"og:image\" content=\"https:\/\/mundukmodingplantation.com\/wp-content\/uploads\/2025\/06\/home1.webp\" \/>\n\t<meta property=\"og:image:width\" content=\"1920\" \/>\n\t<meta property=\"og:image:height\" content=\"1280\" \/>\n\t<meta property=\"og:image:type\" content=\"image\/webp\" \/>\n<meta name=\"twitter:card\" content=\"summary_large_image\" \/>\n<meta name=\"twitter:label1\" content=\"Dur\u00e9e de lecture estim\u00e9e\" \/>\n\t<meta name=\"twitter:data1\" content=\"5 minutes\" \/>\n<script type=\"application\/ld+json\" class=\"yoast-schema-graph\">{\"@context\":\"https:\\\/\\\/schema.org\",\"@graph\":[{\"@type\":\"WebPage\",\"@id\":\"https:\\\/\\\/mundukmodingplantation.com\\\/fr\\\/notre-histoire\\\/ateliers-de-durabilite\\\/\",\"url\":\"https:\\\/\\\/mundukmodingplantation.com\\\/fr\\\/notre-histoire\\\/ateliers-de-durabilite\\\/\",\"name\":\"Ateliers de Durabilit\u00e9 | Munduk Moding Plantation\",\"isPartOf\":{\"@id\":\"https:\\\/\\\/mundukmodingplantation.com\\\/fr\\\/#website\"},\"datePublished\":\"2025-08-08T15:14:51+00:00\",\"dateModified\":\"2025-10-30T04:45:13+00:00\",\"description\":\"Aux Ateliers de Durabilit\u00e9 de MMP, favorisez l'harmonie gr\u00e2ce \u00e0 des exp\u00e9riences culturelles et \u00e9cologiques, apprenez \u00e0 fabriquer du savon, des bougies et bien d'autres choses...\",\"breadcrumb\":{\"@id\":\"https:\\\/\\\/mundukmodingplantation.com\\\/fr\\\/notre-histoire\\\/ateliers-de-durabilite\\\/#breadcrumb\"},\"inLanguage\":\"fr-FR\",\"potentialAction\":[{\"@type\":\"ReadAction\",\"target\":[\"https:\\\/\\\/mundukmodingplantation.com\\\/fr\\\/notre-histoire\\\/ateliers-de-durabilite\\\/\"]}]},{\"@type\":\"BreadcrumbList\",\"@id\":\"https:\\\/\\\/mundukmodingplantation.com\\\/fr\\\/notre-histoire\\\/ateliers-de-durabilite\\\/#breadcrumb\",\"itemListElement\":[{\"@type\":\"ListItem\",\"position\":1,\"name\":\"Home\",\"item\":\"https:\\\/\\\/mundukmodingplantation.com\\\/fr\\\/homenew\\\/\"},{\"@type\":\"ListItem\",\"position\":2,\"name\":\"Notre histoire\",\"item\":\"https:\\\/\\\/mundukmodingplantation.com\\\/fr\\\/notre-histoire\\\/\"},{\"@type\":\"ListItem\",\"position\":3,\"name\":\"Ateliers de durabilit\u00e9\"}]},{\"@type\":\"WebSite\",\"@id\":\"https:\\\/\\\/mundukmodingplantation.com\\\/fr\\\/#website\",\"url\":\"https:\\\/\\\/mundukmodingplantation.com\\\/fr\\\/\",\"name\":\"Munduk Moding Plantation\",\"description\":\"Nature Resort\",\"potentialAction\":[{\"@type\":\"SearchAction\",\"target\":{\"@type\":\"EntryPoint\",\"urlTemplate\":\"https:\\\/\\\/mundukmodingplantation.com\\\/fr\\\/?s={search_term_string}\"},\"query-input\":{\"@type\":\"PropertyValueSpecification\",\"valueRequired\":true,\"valueName\":\"search_term_string\"}}],\"inLanguage\":\"fr-FR\"}]}<\/script>\n<!-- \/ Yoast SEO plugin. -->","yoast_head_json":{"title":"Ateliers de Durabilit\u00e9 | Munduk Moding Plantation","description":"Aux Ateliers de Durabilit\u00e9 de MMP, favorisez l'harmonie gr\u00e2ce \u00e0 des exp\u00e9riences culturelles et \u00e9cologiques, apprenez \u00e0 fabriquer du savon, des bougies et bien d'autres choses...","robots":{"index":"index","follow":"follow","max-snippet":"max-snippet:-1","max-image-preview":"max-image-preview:large","max-video-preview":"max-video-preview:-1"},"canonical":"https:\/\/mundukmodingplantation.com\/fr\/notre-histoire\/ateliers-de-durabilite\/","og_locale":"fr_FR","og_type":"article","og_title":"Ateliers de Durabilit\u00e9 | Munduk Moding Plantation","og_description":"Aux Ateliers de Durabilit\u00e9 de MMP, favorisez l'harmonie gr\u00e2ce \u00e0 des exp\u00e9riences culturelles et \u00e9cologiques, apprenez \u00e0 fabriquer du savon, des bougies et bien d'autres choses...","og_url":"https:\/\/mundukmodingplantation.com\/fr\/notre-histoire\/ateliers-de-durabilite\/","og_site_name":"Munduk Moding Plantation","article_modified_time":"2025-10-30T04:45:13+00:00","og_image":[{"width":1920,"height":1280,"url":"https:\/\/mundukmodingplantation.com\/wp-content\/uploads\/2025\/06\/home1.webp","type":"image\/webp"}],"twitter_card":"summary_large_image","twitter_misc":{"Dur\u00e9e de lecture estim\u00e9e":"5 minutes"},"schema":{"@context":"https:\/\/schema.org","@graph":[{"@type":"WebPage","@id":"https:\/\/mundukmodingplantation.com\/fr\/notre-histoire\/ateliers-de-durabilite\/","url":"https:\/\/mundukmodingplantation.com\/fr\/notre-histoire\/ateliers-de-durabilite\/","name":"Ateliers de Durabilit\u00e9 | Munduk Moding Plantation","isPartOf":{"@id":"https:\/\/mundukmodingplantation.com\/fr\/#website"},"datePublished":"2025-08-08T15:14:51+00:00","dateModified":"2025-10-30T04:45:13+00:00","description":"Aux Ateliers de Durabilit\u00e9 de MMP, favorisez l'harmonie gr\u00e2ce \u00e0 des exp\u00e9riences culturelles et \u00e9cologiques, apprenez \u00e0 fabriquer du savon, des bougies et bien d'autres choses...","breadcrumb":{"@id":"https:\/\/mundukmodingplantation.com\/fr\/notre-histoire\/ateliers-de-durabilite\/#breadcrumb"},"inLanguage":"fr-FR","potentialAction":[{"@type":"ReadAction","target":["https:\/\/mundukmodingplantation.com\/fr\/notre-histoire\/ateliers-de-durabilite\/"]}]},{"@type":"BreadcrumbList","@id":"https:\/\/mundukmodingplantation.com\/fr\/notre-histoire\/ateliers-de-durabilite\/#breadcrumb","itemListElement":[{"@type":"ListItem","position":1,"name":"Home","item":"https:\/\/mundukmodingplantation.com\/fr\/homenew\/"},{"@type":"ListItem","position":2,"name":"Notre histoire","item":"https:\/\/mundukmodingplantation.com\/fr\/notre-histoire\/"},{"@type":"ListItem","position":3,"name":"Ateliers de durabilit\u00e9"}]},{"@type":"WebSite","@id":"https:\/\/mundukmodingplantation.com\/fr\/#website","url":"https:\/\/mundukmodingplantation.com\/fr\/","name":"Munduk Moding Plantation","description":"Nature Resort","potentialAction":[{"@type":"SearchAction","target":{"@type":"EntryPoint","urlTemplate":"https:\/\/mundukmodingplantation.com\/fr\/?s={search_term_string}"},"query-input":{"@type":"PropertyValueSpecification","valueRequired":true,"valueName":"search_term_string"}}],"inLanguage":"fr-FR"}]}},"_links":{"self":[{"href":"https:\/\/mundukmodingplantation.com\/fr\/wp-json\/wp\/v2\/pages\/11423","targetHints":{"allow":["GET"]}}],"collection":[{"href":"https:\/\/mundukmodingplantation.com\/fr\/wp-json\/wp\/v2\/pages"}],"about":[{"href":"https:\/\/mundukmodingplantation.com\/fr\/wp-json\/wp\/v2\/types\/page"}],"author":[{"embeddable":true,"href":"https:\/\/mundukmodingplantation.com\/fr\/wp-json\/wp\/v2\/users\/1"}],"replies":[{"embeddable":true,"href":"https:\/\/mundukmodingplantation.com\/fr\/wp-json\/wp\/v2\/comments?post=11423"}],"version-history":[{"count":2,"href":"https:\/\/mundukmodingplantation.com\/fr\/wp-json\/wp\/v2\/pages\/11423\/revisions"}],"predecessor-version":[{"id":11447,"href":"https:\/\/mundukmodingplantation.com\/fr\/wp-json\/wp\/v2\/pages\/11423\/revisions\/11447"}],"up":[{"embeddable":true,"href":"https:\/\/mundukmodingplantation.com\/fr\/wp-json\/wp\/v2\/pages\/11240"}],"wp:attachment":[{"href":"https:\/\/mundukmodingplantation.com\/fr\/wp-json\/wp\/v2\/media?parent=11423"}],"curies":[{"name":"wp","href":"https:\/\/api.w.org\/{rel}","templated":true}]}}