{"id":11476,"date":"2025-08-10T12:46:11","date_gmt":"2025-08-10T04:46:11","guid":{"rendered":"https:\/\/mundukmodingplantation.com\/evenements-et-mariages\/forfait-mariage-mountain-magic\/"},"modified":"2025-10-30T12:46:22","modified_gmt":"2025-10-30T04:46:22","slug":"forfait-mariage-mountain-magic","status":"publish","type":"page","link":"https:\/\/mundukmodingplantation.com\/fr\/evenements-et-mariages\/forfait-mariage-mountain-magic\/","title":{"rendered":"Forfait mariage Mountain Magic"},"content":{"rendered":"<div class=\"wpb-content-wrapper\"><p>[vc_row full_width=\u00a0\u00bbstretch_row\u00a0\u00bb equal_height=\u00a0\u00bbyes\u00a0\u00bb video_bg=\u00a0\u00bbyes\u00a0\u00bb video_local_mp4_url=\u00a0\u00bbhttps:\/\/mundukmodingplantation.com\/wp-content\/uploads\/2025\/06\/Branding-MMP.mp4&Prime; disable_element=\u00a0\u00bbyes\u00a0\u00bb css=\u00a0\u00bb.vc_custom_1754321697222{margin-top: -20px !important;padding-top: 100px !important;padding-bottom: 110px !important;background-image: url(https:\/\/mundukmodingplantation.com\/wp-content\/uploads\/2025\/06\/home1.webp?id=6810) !important;background-position: center !important;background-repeat: no-repeat !important;background-size: cover !important;}\u00a0\u00bb responsive_css=\u00a0\u00bbpadding_top_large:45%25|padding_bottom_large:0px|margin_top_medium:-17px|padding_top_medium:275px|padding_bottom_medium:275px\u00a0\u00bb el_class=\u00a0\u00bbfluid\u00a0\u00bb][vc_column enable_content_animation=\u00a0\u00bbyes\u00a0\u00bb ca_init_scale_x=\u00a0\u00bb1&Prime; ca_init_scale_y=\u00a0\u00bb1&Prime; ca_init_scale_z=\u00a0\u00bb1&Prime; ca_init_opacity=\u00a0\u00bb0&Prime; ca_an_scale_x=\u00a0\u00bb1&Prime; ca_an_scale_y=\u00a0\u00bb1&Prime; ca_an_scale_z=\u00a0\u00bb1&Prime; ca_an_opacity=\u00a0\u00bb1&Prime; align=\u00a0\u00bbtext-center\u00a0\u00bb ca_duration=\u00a0\u00bb1600&Prime; ca_delay=\u00a0\u00bb160&Prime; ca_init_translate_y=\u00a0\u00bb121&Prime; ca_init_translate_z=\u00a0\u00bb-142&Prime; ca_init_rotate_x=\u00a0\u00bb-85&Prime;][\/vc_column][\/vc_row][vc_row responsive_css=\u00a0\u00bbmargin_bottom_medium:100px|padding_right_medium:0px|padding_left_medium:0px\u00a0\u00bb css=\u00a0\u00bb.vc_custom_1754387919950{margin-top: 48px !important;margin-bottom: 32px !important;padding-right: 15px !important;padding-left: 15px !important;}\u00a0\u00bb][vc_column align=\u00a0\u00bbtext-center\u00a0\u00bb offset=\u00a0\u00bbvc_col-md-offset-2 vc_col-md-8&Prime;]<style>.ld_fancy_heading_69e3039713fe3 .lqd-highlight-inner{height:0.275em;bottom:0px;}<\/style><div class=\"ld-fancy-heading text-center ld_fancy_heading_69e3039713fe3\">\n\t<p class=\"lqd-highlight-underline lqd-highlight-grow-left\" ><span class=\"ld-fh-txt\"> Events &amp; Weddings<\/span><\/p><\/div><style>.ld_fancy_heading_69e303971466f h1{font-size:36px;}.ld_fancy_heading_69e303971466f h1 {margin-bottom:32px !important;  } .ld_fancy_heading_69e303971466f .lqd-highlight-inner{height:0.275em;bottom:0px;}.ld_fancy_heading_69e303971466f h1 {margin-bottom:32px !important;  } <\/style><div class=\"ld-fancy-heading text-center ld_fancy_heading_69e303971466f\">\n\t<h1 class=\"lqd-highlight-underline lqd-highlight-grow-left\" ><span class=\"ld-fh-txt\">  Mountain Magic Wedding Package<\/span><\/h1><\/div>[vc_column_text css=\u00a0\u00bb\u00a0\u00bb]C\u00e9l\u00e9brez votre histoire d&rsquo;amour \u00e0 Munduk Moding Plantation. \u00c9changez vos v\u0153ux entour\u00e9s d&rsquo;une v\u00e9g\u00e9tation luxuriante et de vues \u00e0 couper le souffle. Notre forfait mariage exclusif est con\u00e7u pour rendre votre journ\u00e9e sp\u00e9ciale inoubliable.[\/vc_column_text][\/vc_column][\/vc_row][vc_row][vc_column]<style>.ld_carousel_69e30397147cd .carousel-item{width:66.666666666667%;padding-left:15px;padding-right:15px;}.ld_carousel_69e30397147cd .carousel-items.row{margin-left:-15px;margin-right:-15px;}.ld_carousel_69e30397147cd .flickity-prev-next-button svg{stroke:rgb(204, 204, 204);}.ld_carousel_69e30397147cd .flickity-prev-next-button{color:rgb(204, 204, 204);}.ld_carousel_69e30397147cd .flickity-prev-next-button:hover svg{stroke:rgb(47, 68, 46);}.ld_carousel_69e30397147cd .flickity-prev-next-button:hover{color:rgb(47, 68, 46);}.ld_carousel_69e30397147cd .flickity-page-dots{top:auto;right:auto;bottom:-25px;left:auto;}@media (min-width: 992px) {.ld_carousel_69e30397147cd .carousel-item { width:40% }}<\/style><div id=\"ld_carousel_69e30397147cd\" class=\"carousel-container carousel-nav-floated carousel-nav-center carousel-nav-middle carousel-nav-xl carousel-dots-style1 ld_carousel_69e30397147cd\">\n\n\t<div class=\"carousel-items row\"  data-lqd-flickity='{\"cellAlign\":\"center\",\"prevNextButtons\":true,\"buttonsAppendTo\":\"self\",\"pageDots\":false,\"groupCells\":true,\"wrapAround\":true,\"adaptiveHeight\":true,\"autoPlay\":3000,\"pauseAutoPlayOnHover\":true,\"navArrow\":{\"prev\":\"&lt;i class=\\&quot;fa fa-angle-left\\&quot;&gt;&lt;\/i&gt;\",\"next\":\"&lt;i class=\\&quot;fa fa-angle-right\\&quot;&gt;&lt;\/i&gt;\"},\"navOffsets\":{\"prev\":\"-7%\",\"next\":\"-7%\"}}' >\n\t<p>[vc_single_image image=\u00a0\u00bb10900&Prime; img_size=\u00a0\u00bbfull\u00a0\u00bb css=\u00a0\u00bb\u00a0\u00bb][vc_single_image image=\u00a0\u00bb10901&Prime; img_size=\u00a0\u00bbfull\u00a0\u00bb css=\u00a0\u00bb\u00a0\u00bb][vc_single_image image=\u00a0\u00bb10903&Prime; img_size=\u00a0\u00bbfull\u00a0\u00bb css=\u00a0\u00bb\u00a0\u00bb][vc_single_image image=\u00a0\u00bb10902&Prime; img_size=\u00a0\u00bbfull\u00a0\u00bb css=\u00a0\u00bb\u00a0\u00bb]<\/p>\n\t<\/div>\n\n<\/div>[\/vc_column][\/vc_row][vc_row responsive_css=\u00a0\u00bbmargin_top_medium:0px\u00a0\u00bb css=\u00a0\u00bb.vc_custom_1754387538589{margin-top: 32px !important;}\u00a0\u00bb][vc_column]<style>.ld_fancy_heading_69e3039714a12 h3{font-size:28px;}.ld_fancy_heading_69e3039714a12 h3 {margin-bottom:32px !important;  } @media (min-width: 992px) { .ld_fancy_heading_69e3039714a12 h3 {margin-bottom:52px !important;  }  } .ld_fancy_heading_69e3039714a12 .lqd-highlight-inner{height:0.275em;bottom:0px;}.ld_fancy_heading_69e3039714a12 h3 {margin-bottom:32px !important;  } @media (min-width: 992px) { .ld_fancy_heading_69e3039714a12 h3 {margin-bottom:52px !important;  }  } <\/style><div class=\"ld-fancy-heading text-center ld_fancy_heading_69e3039714a12\">\n\t<h3 class=\"lqd-highlight-underline lqd-highlight-grow-left\" ><span class=\"ld-fh-txt\">  Pourquoi choisir MMP pour accueillir votre journ\u00e9e sp\u00e9ciale ?<\/span><\/h3><\/div>[\/vc_column][\/vc_row][vc_row responsive_css=\u00a0\u00bbpadding_right_medium:0px|padding_left_medium:0px\u00a0\u00bb css=\u00a0\u00bb.vc_custom_1754387452989{padding-right: 15px !important;padding-left: 15px !important;}\u00a0\u00bb][vc_column]<style>.ld_list_69e3039714c20 li{margin-bottom:px;}<\/style><div class=\"one-bullet-list\">\n\n\t<ul id=\"ld_list_69e3039714c20\" class=\"reset-ul ld_list_69e3039714c20\">\n\t\t<li> Luxe red\u00e9fini : Immergez-vous dans l&rsquo;harmonie entre luxe et nature \u00e0 MMP. Notre approche \u00e9co-responsable et notre \u00e9l\u00e9gance raffin\u00e9e garantissent une exp\u00e9rience vraiment exceptionnelle.<\/li><li> Intimit\u00e9 ininterrompue : C\u00e9l\u00e9brez votre histoire d&rsquo;amour dans une relative tranquillit\u00e9. Notre vaste domaine de 5 hectares offre une intimit\u00e9 exclusive pour votre rassemblement intime.<\/li><li> Cadre idyllique : Capturez la magie de votre jour de mariage avec en toile de fond une beaut\u00e9 naturelle \u00e9poustouflante. Nos paysages pittoresques offrent le cadre parfait pour vos photos de mariage de r\u00eave.<\/li><li> D\u00e9lices culinaires : \u00c9veillez vos sens avec des offres culinaires exquises. Nos chefs talentueux \u00e9laboreront un menu personnalis\u00e9 pour satisfaire les palais les plus exigeants.<\/li><li> Service impeccable : Notre \u00e9quipe d\u00e9vou\u00e9e s&rsquo;engage \u00e0 assurer une exp\u00e9rience fluide et inoubliable. De la planification \u00e0 l&rsquo;ex\u00e9cution<\/li><li> nous nous occupons de chaque d\u00e9tail.<\/li>\t<\/ul>\n\n<\/div><!-- \/.one-bullet-list --><style>.ld_fancy_heading_69e3039714ccb .lqd-highlight-inner{height:0.275em;bottom:0px;}<\/style><div class=\"ld-fancy-heading ld_fancy_heading_69e3039714ccb\">\n\t<p class=\"lqd-highlight-underline lqd-highlight-grow-left h5\" ><span class=\"ld-fh-txt\"> Pr\u00eat \u00e0 faire de votre mariage de r\u00eave une r\u00e9alit\u00e9 ?<\/span><\/p><\/div>[\/vc_column][\/vc_row][vc_row responsive_css=\u00a0\u00bbmargin_top_medium:65px|margin_bottom_medium:64px\u00a0\u00bb css=\u00a0\u00bb.vc_custom_1754371498622{margin-top: 32px !important;margin-bottom: 32px !important;}\u00a0\u00bb][vc_column align=\u00a0\u00bbtext-center\u00a0\u00bb]<style>.ld_button_69e3039714f32.btn-icon-solid .btn-icon{background:rgb(61, 61, 60);}.ld_button_69e3039714f32.btn-icon-circle.btn-icon-ripple .btn-icon:before{border-color:rgb(61, 61, 60);}.ld_button_69e3039714f32{width:150px;height:40px;color:rgb(61, 61, 60);border-color:rgb(61, 61, 60);}.ld_button_69e3039714f32:hover{background-color:rgb(61, 61, 60);}.ld_button_69e3039714f32.btn-bordered:hover{border-color:rgb(61, 61, 60);}<\/style><a href=\"https:\/\/drive.google.com\/file\/d\/1depAZaHFi_Nq1rWdyW7GT1Y55QMYrHQn\/view?usp=sharing\" title=\"Details\" class=\"btn btn-default btn-custom btn-custom-sized circle btn-bordered border-thin ld_button_69e3039714f32 vc_custom_1754801132064\">\n\t<span>\n\t\t\n\t\t\t\t\t<span class=\"btn-txt\">D\u00e9tails<\/span>\n\t\t\t\n\t\t\t\t<\/span>\n<\/a>\n<style>.ld_button_69e30397151f3.btn-icon-solid .btn-icon{background:rgb(61, 61, 60);}.ld_button_69e30397151f3.btn-icon-circle.btn-icon-ripple .btn-icon:before{border-color:rgb(61, 61, 60);}.ld_button_69e30397151f3{width:150px;height:40px;color:rgb(61, 61, 60);border-color:rgb(61, 61, 60);}.ld_button_69e30397151f3:hover{background-color:rgb(61, 61, 60);}.ld_button_69e30397151f3.btn-bordered:hover{border-color:rgb(61, 61, 60);}<\/style><a href=\"https:\/\/wa.me\/628113810123\" title=\"Book Now\" class=\"btn btn-default btn-custom btn-custom-sized circle btn-bordered border-thin ld_button_69e30397151f3\">\n\t<span>\n\t\t\n\t\t\t\t\t<span class=\"btn-txt\">R\u00e9server maintenant<\/span>\n\t\t\t\n\t\t\t\t<\/span>\n<\/a>\n[\/vc_column][\/vc_row]<\/p>\n<\/div>","protected":false},"excerpt":{"rendered":"<p>[vc_row full_width=\u00a0\u00bbstretch_row\u00a0\u00bb equal_height=\u00a0\u00bbyes\u00a0\u00bb video_bg=\u00a0\u00bbyes\u00a0\u00bb video_local_mp4_url=\u00a0\u00bbhttps:\/\/mundukmodingplantation.com\/wp-content\/uploads\/2025\/06\/Branding-MMP.mp4&Prime; disable_element=\u00a0\u00bbyes\u00a0\u00bb css=\u00a0\u00bb.vc_custom_1754321697222{margin-top: -20px !important;padding-top: 100px !important;padding-bottom: 110px !important;background-image: url(https:\/\/mundukmodingplantation.com\/wp-content\/uploads\/2025\/06\/home1.webp?id=6810) !important;background-position:&#8230;<\/p>\n","protected":false},"author":3,"featured_media":0,"parent":11413,"menu_order":0,"comment_status":"closed","ping_status":"closed","template":"","meta":{"footnotes":""},"class_list":["post-11476","page","type-page","status-publish","hentry"],"yoast_head":"<!-- This site is optimized with the Yoast SEO plugin v27.4 - https:\/\/yoast.com\/product\/yoast-seo-wordpress\/ -->\n<title>Forfait mariage Mountain Magic | Munduk Moding Plantation<\/title>\n<meta name=\"description\" content=\"Organisez votre mariage Mountain Magic \u00e0 MMP. Une plantation isol\u00e9e de 5 hectares offrant luxe, menus personnalis\u00e9s et vues naturelles \u00e0 couper le souffle...\" \/>\n<meta name=\"robots\" content=\"index, follow, max-snippet:-1, max-image-preview:large, max-video-preview:-1\" \/>\n<link rel=\"canonical\" href=\"https:\/\/mundukmodingplantation.com\/fr\/evenements-et-mariages\/forfait-mariage-mountain-magic\/\" \/>\n<meta property=\"og:locale\" content=\"fr_FR\" \/>\n<meta property=\"og:type\" content=\"article\" \/>\n<meta property=\"og:title\" content=\"Forfait mariage Mountain Magic | Munduk Moding Plantation\" \/>\n<meta property=\"og:description\" content=\"Organisez votre mariage Mountain Magic \u00e0 MMP. Une plantation isol\u00e9e de 5 hectares offrant luxe, menus personnalis\u00e9s et vues naturelles \u00e0 couper le souffle...\" \/>\n<meta property=\"og:url\" content=\"https:\/\/mundukmodingplantation.com\/fr\/evenements-et-mariages\/forfait-mariage-mountain-magic\/\" \/>\n<meta property=\"og:site_name\" content=\"Munduk Moding Plantation\" \/>\n<meta property=\"article:modified_time\" content=\"2025-10-30T04:46:22+00:00\" \/>\n<meta property=\"og:image\" content=\"https:\/\/mundukmodingplantation.com\/wp-content\/uploads\/2025\/06\/home1.webp\" \/>\n\t<meta property=\"og:image:width\" content=\"1920\" \/>\n\t<meta property=\"og:image:height\" content=\"1280\" \/>\n\t<meta property=\"og:image:type\" content=\"image\/webp\" \/>\n<meta name=\"twitter:card\" content=\"summary_large_image\" \/>\n<meta name=\"twitter:label1\" content=\"Dur\u00e9e de lecture estim\u00e9e\" \/>\n\t<meta name=\"twitter:data1\" content=\"4 minutes\" \/>\n<script type=\"application\/ld+json\" class=\"yoast-schema-graph\">{\"@context\":\"https:\\\/\\\/schema.org\",\"@graph\":[{\"@type\":\"WebPage\",\"@id\":\"https:\\\/\\\/mundukmodingplantation.com\\\/fr\\\/evenements-et-mariages\\\/forfait-mariage-mountain-magic\\\/\",\"url\":\"https:\\\/\\\/mundukmodingplantation.com\\\/fr\\\/evenements-et-mariages\\\/forfait-mariage-mountain-magic\\\/\",\"name\":\"Forfait mariage Mountain Magic | Munduk Moding Plantation\",\"isPartOf\":{\"@id\":\"https:\\\/\\\/mundukmodingplantation.com\\\/fr\\\/#website\"},\"datePublished\":\"2025-08-10T04:46:11+00:00\",\"dateModified\":\"2025-10-30T04:46:22+00:00\",\"description\":\"Organisez votre mariage Mountain Magic \u00e0 MMP. Une plantation isol\u00e9e de 5 hectares offrant luxe, menus personnalis\u00e9s et vues naturelles \u00e0 couper le souffle...\",\"breadcrumb\":{\"@id\":\"https:\\\/\\\/mundukmodingplantation.com\\\/fr\\\/evenements-et-mariages\\\/forfait-mariage-mountain-magic\\\/#breadcrumb\"},\"inLanguage\":\"fr-FR\",\"potentialAction\":[{\"@type\":\"ReadAction\",\"target\":[\"https:\\\/\\\/mundukmodingplantation.com\\\/fr\\\/evenements-et-mariages\\\/forfait-mariage-mountain-magic\\\/\"]}]},{\"@type\":\"BreadcrumbList\",\"@id\":\"https:\\\/\\\/mundukmodingplantation.com\\\/fr\\\/evenements-et-mariages\\\/forfait-mariage-mountain-magic\\\/#breadcrumb\",\"itemListElement\":[{\"@type\":\"ListItem\",\"position\":1,\"name\":\"Home\",\"item\":\"https:\\\/\\\/mundukmodingplantation.com\\\/fr\\\/homenew\\\/\"},{\"@type\":\"ListItem\",\"position\":2,\"name\":\"\u00c9v\u00e9nements et mariages\",\"item\":\"https:\\\/\\\/mundukmodingplantation.com\\\/fr\\\/evenements-et-mariages\\\/\"},{\"@type\":\"ListItem\",\"position\":3,\"name\":\"Forfait mariage Mountain Magic\"}]},{\"@type\":\"WebSite\",\"@id\":\"https:\\\/\\\/mundukmodingplantation.com\\\/fr\\\/#website\",\"url\":\"https:\\\/\\\/mundukmodingplantation.com\\\/fr\\\/\",\"name\":\"Munduk Moding Plantation\",\"description\":\"Nature Resort\",\"potentialAction\":[{\"@type\":\"SearchAction\",\"target\":{\"@type\":\"EntryPoint\",\"urlTemplate\":\"https:\\\/\\\/mundukmodingplantation.com\\\/fr\\\/?s={search_term_string}\"},\"query-input\":{\"@type\":\"PropertyValueSpecification\",\"valueRequired\":true,\"valueName\":\"search_term_string\"}}],\"inLanguage\":\"fr-FR\"}]}<\/script>\n<!-- \/ Yoast SEO plugin. -->","yoast_head_json":{"title":"Forfait mariage Mountain Magic | Munduk Moding Plantation","description":"Organisez votre mariage Mountain Magic \u00e0 MMP. Une plantation isol\u00e9e de 5 hectares offrant luxe, menus personnalis\u00e9s et vues naturelles \u00e0 couper le souffle...","robots":{"index":"index","follow":"follow","max-snippet":"max-snippet:-1","max-image-preview":"max-image-preview:large","max-video-preview":"max-video-preview:-1"},"canonical":"https:\/\/mundukmodingplantation.com\/fr\/evenements-et-mariages\/forfait-mariage-mountain-magic\/","og_locale":"fr_FR","og_type":"article","og_title":"Forfait mariage Mountain Magic | Munduk Moding Plantation","og_description":"Organisez votre mariage Mountain Magic \u00e0 MMP. Une plantation isol\u00e9e de 5 hectares offrant luxe, menus personnalis\u00e9s et vues naturelles \u00e0 couper le souffle...","og_url":"https:\/\/mundukmodingplantation.com\/fr\/evenements-et-mariages\/forfait-mariage-mountain-magic\/","og_site_name":"Munduk Moding Plantation","article_modified_time":"2025-10-30T04:46:22+00:00","og_image":[{"width":1920,"height":1280,"url":"https:\/\/mundukmodingplantation.com\/wp-content\/uploads\/2025\/06\/home1.webp","type":"image\/webp"}],"twitter_card":"summary_large_image","twitter_misc":{"Dur\u00e9e de lecture estim\u00e9e":"4 minutes"},"schema":{"@context":"https:\/\/schema.org","@graph":[{"@type":"WebPage","@id":"https:\/\/mundukmodingplantation.com\/fr\/evenements-et-mariages\/forfait-mariage-mountain-magic\/","url":"https:\/\/mundukmodingplantation.com\/fr\/evenements-et-mariages\/forfait-mariage-mountain-magic\/","name":"Forfait mariage Mountain Magic | Munduk Moding Plantation","isPartOf":{"@id":"https:\/\/mundukmodingplantation.com\/fr\/#website"},"datePublished":"2025-08-10T04:46:11+00:00","dateModified":"2025-10-30T04:46:22+00:00","description":"Organisez votre mariage Mountain Magic \u00e0 MMP. Une plantation isol\u00e9e de 5 hectares offrant luxe, menus personnalis\u00e9s et vues naturelles \u00e0 couper le souffle...","breadcrumb":{"@id":"https:\/\/mundukmodingplantation.com\/fr\/evenements-et-mariages\/forfait-mariage-mountain-magic\/#breadcrumb"},"inLanguage":"fr-FR","potentialAction":[{"@type":"ReadAction","target":["https:\/\/mundukmodingplantation.com\/fr\/evenements-et-mariages\/forfait-mariage-mountain-magic\/"]}]},{"@type":"BreadcrumbList","@id":"https:\/\/mundukmodingplantation.com\/fr\/evenements-et-mariages\/forfait-mariage-mountain-magic\/#breadcrumb","itemListElement":[{"@type":"ListItem","position":1,"name":"Home","item":"https:\/\/mundukmodingplantation.com\/fr\/homenew\/"},{"@type":"ListItem","position":2,"name":"\u00c9v\u00e9nements et mariages","item":"https:\/\/mundukmodingplantation.com\/fr\/evenements-et-mariages\/"},{"@type":"ListItem","position":3,"name":"Forfait mariage Mountain Magic"}]},{"@type":"WebSite","@id":"https:\/\/mundukmodingplantation.com\/fr\/#website","url":"https:\/\/mundukmodingplantation.com\/fr\/","name":"Munduk Moding Plantation","description":"Nature Resort","potentialAction":[{"@type":"SearchAction","target":{"@type":"EntryPoint","urlTemplate":"https:\/\/mundukmodingplantation.com\/fr\/?s={search_term_string}"},"query-input":{"@type":"PropertyValueSpecification","valueRequired":true,"valueName":"search_term_string"}}],"inLanguage":"fr-FR"}]}},"_links":{"self":[{"href":"https:\/\/mundukmodingplantation.com\/fr\/wp-json\/wp\/v2\/pages\/11476","targetHints":{"allow":["GET"]}}],"collection":[{"href":"https:\/\/mundukmodingplantation.com\/fr\/wp-json\/wp\/v2\/pages"}],"about":[{"href":"https:\/\/mundukmodingplantation.com\/fr\/wp-json\/wp\/v2\/types\/page"}],"author":[{"embeddable":true,"href":"https:\/\/mundukmodingplantation.com\/fr\/wp-json\/wp\/v2\/users\/3"}],"replies":[{"embeddable":true,"href":"https:\/\/mundukmodingplantation.com\/fr\/wp-json\/wp\/v2\/comments?post=11476"}],"version-history":[{"count":11,"href":"https:\/\/mundukmodingplantation.com\/fr\/wp-json\/wp\/v2\/pages\/11476\/revisions"}],"predecessor-version":[{"id":11498,"href":"https:\/\/mundukmodingplantation.com\/fr\/wp-json\/wp\/v2\/pages\/11476\/revisions\/11498"}],"up":[{"embeddable":true,"href":"https:\/\/mundukmodingplantation.com\/fr\/wp-json\/wp\/v2\/pages\/11413"}],"wp:attachment":[{"href":"https:\/\/mundukmodingplantation.com\/fr\/wp-json\/wp\/v2\/media?parent=11476"}],"curies":[{"name":"wp","href":"https:\/\/api.w.org\/{rel}","templated":true}]}}