{"id":11494,"date":"2025-08-10T12:07:34","date_gmt":"2025-08-10T04:07:34","guid":{"rendered":"https:\/\/mundukmodingplantation.com\/evenements-et-mariages\/benediction-de-mariage-balinaise-traditionnelle\/"},"modified":"2025-10-30T12:46:27","modified_gmt":"2025-10-30T04:46:27","slug":"benediction-de-mariage-balinaise-traditionnelle","status":"publish","type":"page","link":"https:\/\/mundukmodingplantation.com\/fr\/evenements-et-mariages\/benediction-de-mariage-balinaise-traditionnelle\/","title":{"rendered":"B\u00e9n\u00e9diction de mariage balinaise traditionnelle"},"content":{"rendered":"<div class=\"wpb-content-wrapper\"><p>[vc_row full_width=\u00a0\u00bbstretch_row\u00a0\u00bb equal_height=\u00a0\u00bbyes\u00a0\u00bb video_bg=\u00a0\u00bbyes\u00a0\u00bb video_local_mp4_url=\u00a0\u00bbhttps:\/\/mundukmodingplantation.com\/wp-content\/uploads\/2025\/06\/Branding-MMP.mp4&Prime; disable_element=\u00a0\u00bbyes\u00a0\u00bb css=\u00a0\u00bb.vc_custom_1754321697222{margin-top: -20px !important;padding-top: 100px !important;padding-bottom: 110px !important;background-image: url(https:\/\/mundukmodingplantation.com\/wp-content\/uploads\/2025\/06\/home1.webp?id=6810) !important;background-position: center !important;background-repeat: no-repeat !important;background-size: cover !important;}\u00a0\u00bb responsive_css=\u00a0\u00bbpadding_top_large:45%25|padding_bottom_large:0px|margin_top_medium:-17px|padding_top_medium:275px|padding_bottom_medium:275px\u00a0\u00bb el_class=\u00a0\u00bbfluid\u00a0\u00bb][vc_column enable_content_animation=\u00a0\u00bbyes\u00a0\u00bb ca_init_scale_x=\u00a0\u00bb1&Prime; ca_init_scale_y=\u00a0\u00bb1&Prime; ca_init_scale_z=\u00a0\u00bb1&Prime; ca_init_opacity=\u00a0\u00bb0&Prime; ca_an_scale_x=\u00a0\u00bb1&Prime; ca_an_scale_y=\u00a0\u00bb1&Prime; ca_an_scale_z=\u00a0\u00bb1&Prime; ca_an_opacity=\u00a0\u00bb1&Prime; align=\u00a0\u00bbtext-center\u00a0\u00bb ca_duration=\u00a0\u00bb1600&Prime; ca_delay=\u00a0\u00bb160&Prime; ca_init_translate_y=\u00a0\u00bb121&Prime; ca_init_translate_z=\u00a0\u00bb-142&Prime; ca_init_rotate_x=\u00a0\u00bb-85&Prime;][\/vc_column][\/vc_row][vc_row responsive_css=\u00a0\u00bbmargin_bottom_medium:100px|padding_right_medium:0px|padding_left_medium:0px\u00a0\u00bb css=\u00a0\u00bb.vc_custom_1754387919950{margin-top: 48px !important;margin-bottom: 32px !important;padding-right: 15px !important;padding-left: 15px !important;}\u00a0\u00bb][vc_column align=\u00a0\u00bbtext-center\u00a0\u00bb offset=\u00a0\u00bbvc_col-md-offset-2 vc_col-md-8&Prime;]<style>.ld_fancy_heading_69e1e5112b799 .lqd-highlight-inner{height:0.275em;bottom:0px;}<\/style><div class=\"ld-fancy-heading text-center ld_fancy_heading_69e1e5112b799\">\n\t<p class=\"lqd-highlight-underline lqd-highlight-grow-left\" ><span class=\"ld-fh-txt\"> Events &amp; Weddings<\/span><\/p><\/div><style>.ld_fancy_heading_69e1e5112bdbe h1{font-size:36px;}.ld_fancy_heading_69e1e5112bdbe h1 {margin-bottom:32px !important;  } .ld_fancy_heading_69e1e5112bdbe .lqd-highlight-inner{height:0.275em;bottom:0px;}.ld_fancy_heading_69e1e5112bdbe h1 {margin-bottom:32px !important;  } <\/style><div class=\"ld-fancy-heading text-center ld_fancy_heading_69e1e5112bdbe\">\n\t<h1 class=\"lqd-highlight-underline lqd-highlight-grow-left\" ><span class=\"ld-fh-txt\"> Traditional Balinese Wedding Blessing<\/span><\/h1><\/div>[vc_column_text css=\u00a0\u00bb\u00a0\u00bb]C\u00e9l\u00e9brez votre union avec une b\u00e9n\u00e9diction balinaise traditionnelle. Imaginez une c\u00e9r\u00e9monie sacr\u00e9e au milieu de la beaut\u00e9 sereine de la plantation de Munduk Moding. Notre forfait exclusif de b\u00e9n\u00e9diction de mariage balinais vous permet de d\u00e9couvrir la magie intemporelle de Bali avec une c\u00e9r\u00e9monie qui honore les traditions ancestrales de l\u2019\u00eele.[\/vc_column_text][\/vc_column][\/vc_row][vc_row][vc_column]<style>.ld_carousel_69e1e5112bf99 .carousel-item{width:66.666666666667%;padding-left:15px;padding-right:15px;}.ld_carousel_69e1e5112bf99 .carousel-items.row{margin-left:-15px;margin-right:-15px;}.ld_carousel_69e1e5112bf99 .flickity-prev-next-button svg{stroke:rgb(204, 204, 204);}.ld_carousel_69e1e5112bf99 .flickity-prev-next-button{color:rgb(204, 204, 204);}.ld_carousel_69e1e5112bf99 .flickity-prev-next-button:hover svg{stroke:rgb(47, 68, 46);}.ld_carousel_69e1e5112bf99 .flickity-prev-next-button:hover{color:rgb(47, 68, 46);}.ld_carousel_69e1e5112bf99 .flickity-page-dots{top:auto;right:auto;bottom:-25px;left:auto;}@media (min-width: 992px) {.ld_carousel_69e1e5112bf99 .carousel-item { width:40% }}<\/style><div id=\"ld_carousel_69e1e5112bf99\" class=\"carousel-container carousel-nav-floated carousel-nav-center carousel-nav-middle carousel-nav-xl carousel-dots-style1 ld_carousel_69e1e5112bf99\">\n\n\t<div class=\"carousel-items row\"  data-lqd-flickity='{\"cellAlign\":\"center\",\"prevNextButtons\":true,\"buttonsAppendTo\":\"self\",\"pageDots\":false,\"groupCells\":true,\"wrapAround\":true,\"adaptiveHeight\":true,\"autoPlay\":3000,\"pauseAutoPlayOnHover\":true,\"navArrow\":{\"prev\":\"&lt;i class=\\&quot;fa fa-angle-left\\&quot;&gt;&lt;\/i&gt;\",\"next\":\"&lt;i class=\\&quot;fa fa-angle-right\\&quot;&gt;&lt;\/i&gt;\"},\"navOffsets\":{\"prev\":\"-7%\",\"next\":\"-7%\"}}' >\n\t<p>[vc_single_image image=\u00a0\u00bb10906&Prime; img_size=\u00a0\u00bbfull\u00a0\u00bb css=\u00a0\u00bb\u00a0\u00bb][vc_single_image image=\u00a0\u00bb10907&Prime; img_size=\u00a0\u00bbfull\u00a0\u00bb css=\u00a0\u00bb\u00a0\u00bb][vc_single_image image=\u00a0\u00bb10904&Prime; img_size=\u00a0\u00bbfull\u00a0\u00bb css=\u00a0\u00bb\u00a0\u00bb][vc_single_image image=\u00a0\u00bb10905&Prime; img_size=\u00a0\u00bbfull\u00a0\u00bb css=\u00a0\u00bb\u00a0\u00bb]<\/p>\n\t<\/div>\n\n<\/div>[\/vc_column][\/vc_row][vc_row responsive_css=\u00a0\u00bbmargin_top_medium:0px\u00a0\u00bb css=\u00a0\u00bb.vc_custom_1754387538589{margin-top: 32px !important;}\u00a0\u00bb][vc_column]<style>.ld_fancy_heading_69e1e5112c2d4 h3{font-size:28px;}.ld_fancy_heading_69e1e5112c2d4 h3 {margin-bottom:32px !important;  } @media (min-width: 992px) { .ld_fancy_heading_69e1e5112c2d4 h3 {margin-bottom:52px !important;  }  } .ld_fancy_heading_69e1e5112c2d4 .lqd-highlight-inner{height:0.275em;bottom:0px;}.ld_fancy_heading_69e1e5112c2d4 h3 {margin-bottom:32px !important;  } @media (min-width: 992px) { .ld_fancy_heading_69e1e5112c2d4 h3 {margin-bottom:52px !important;  }  } <\/style><div class=\"ld-fancy-heading text-center ld_fancy_heading_69e1e5112c2d4\">\n\t<h3 class=\"lqd-highlight-underline lqd-highlight-grow-left\" ><span class=\"ld-fh-txt\"> Inclusions :<\/span><\/h3><\/div>[\/vc_column][\/vc_row][vc_row responsive_css=\u00a0\u00bbpadding_right_medium:0px|padding_left_medium:0px\u00a0\u00bb css=\u00a0\u00bb.vc_custom_1754387452989{padding-right: 15px !important;padding-left: 15px !important;}\u00a0\u00bb][vc_column width=\u00a0\u00bb1\/2&Prime;]<style>.ld_list_69e1e5112c5a1 li{margin-bottom:px;}<\/style><div class=\"one-bullet-list\">\n\n\t<ul id=\"ld_list_69e1e5112c5a1\" class=\"reset-ul ld_list_69e1e5112c5a1\">\n\t\t<li>Nuits de bonheur : D\u00e9tendez-vous dans votre suite ou villa de luxe<\/li><li> entour\u00e9 de paysages \u00e0 couper le souffle<\/li><li>Connexion spirituelle : Un pr\u00eatre balinais vous guidera \u00e0 travers une c\u00e9r\u00e9monie authentique avec des v\u00eatements et des offrandes traditionnels<\/li><li> cr\u00e9ant une exp\u00e9rience profond\u00e9ment \u00e9mouvante<\/li><li>Des souvenirs grav\u00e9s dans le temps : Capturez la beaut\u00e9 de votre journ\u00e9e avec des photos et des vid\u00e9os professionnelles<\/li><li> assurant ainsi la p\u00e9rennit\u00e9 de votre histoire d\u2019amour<\/li>\t<\/ul>\n\n<\/div><!-- \/.one-bullet-list -->[\/vc_column][vc_column width=\u00a0\u00bb1\/2&Prime;]<style>.ld_list_69e1e5112c62e li{margin-bottom:px;}<\/style><div class=\"one-bullet-list\">\n\n\t<ul id=\"ld_list_69e1e5112c62e\" class=\"reset-ul ld_list_69e1e5112c62e\">\n\t\t<li>\u00c9l\u00e9gance florale : Rehaussez l\u2019ambiance avec de superbes arrangements floraux qui incarnent l\u2019essence de Bali<\/li><li>Cure de jouvence royale : Laissez-vous tenter par notre soin spa Cure de jouvence royale<\/li><li> inspir\u00e9 par la royaut\u00e9 javanaise<\/li><li> pour une relaxation compl\u00e8te<\/li><li>Voyage culinaire : Un d\u00eener priv\u00e9 aux chandelles avec un menu balinais sp\u00e9cialement con\u00e7u pour c\u00e9l\u00e9brer votre union<\/li>\t<\/ul>\n\n<\/div><!-- \/.one-bullet-list -->[\/vc_column][\/vc_row][vc_row responsive_css=\u00a0\u00bbmargin_top_medium:65px|margin_bottom_medium:64px\u00a0\u00bb css=\u00a0\u00bb.vc_custom_1754371498622{margin-top: 32px !important;margin-bottom: 32px !important;}\u00a0\u00bb][vc_column align=\u00a0\u00bbtext-center\u00a0\u00bb]<style>.ld_button_69e1e5112c6dd.btn-icon-solid .btn-icon{background:rgb(61, 61, 60);}.ld_button_69e1e5112c6dd.btn-icon-circle.btn-icon-ripple .btn-icon:before{border-color:rgb(61, 61, 60);}.ld_button_69e1e5112c6dd{width:150px;height:40px;color:rgb(61, 61, 60);border-color:rgb(61, 61, 60);}.ld_button_69e1e5112c6dd:hover{background-color:rgb(61, 61, 60);}.ld_button_69e1e5112c6dd.btn-bordered:hover{border-color:rgb(61, 61, 60);}<\/style><a href=\"https:\/\/wa.me\/628113810123\" title=\"Book Now\" class=\"btn btn-default btn-custom btn-custom-sized circle btn-bordered border-thin ld_button_69e1e5112c6dd\">\n\t<span>\n\t\t\n\t\t\t\t\t<span class=\"btn-txt\">R\u00e9server maintenant<\/span>\n\t\t\t\n\t\t\t\t<\/span>\n<\/a>\n[\/vc_column][\/vc_row]<\/p>\n<\/div>","protected":false},"excerpt":{"rendered":"<p>[vc_row full_width=\u00a0\u00bbstretch_row\u00a0\u00bb equal_height=\u00a0\u00bbyes\u00a0\u00bb video_bg=\u00a0\u00bbyes\u00a0\u00bb video_local_mp4_url=\u00a0\u00bbhttps:\/\/mundukmodingplantation.com\/wp-content\/uploads\/2025\/06\/Branding-MMP.mp4&Prime; disable_element=\u00a0\u00bbyes\u00a0\u00bb css=\u00a0\u00bb.vc_custom_1754321697222{margin-top: -20px !important;padding-top: 100px !important;padding-bottom: 110px !important;background-image: url(https:\/\/mundukmodingplantation.com\/wp-content\/uploads\/2025\/06\/home1.webp?id=6810) !important;background-position:&#8230;<\/p>\n","protected":false},"author":3,"featured_media":0,"parent":11413,"menu_order":0,"comment_status":"closed","ping_status":"closed","template":"","meta":{"footnotes":""},"class_list":["post-11494","page","type-page","status-publish","hentry"],"yoast_head":"<!-- This site is optimized with the Yoast SEO plugin v27.4 - https:\/\/yoast.com\/product\/yoast-seo-wordpress\/ -->\n<title>B\u00e9n\u00e9diction de mariage balinaise traditionnelle | Munduk Moding<\/title>\n<meta name=\"description\" content=\"La b\u00e9n\u00e9diction de mariage balinaise traditionnelle du MMP allie h\u00e9ritage et romantisme. C\u00e9r\u00e9monie avec pr\u00eatre, fleurs, spa et d\u00eener aux chandelles...\" \/>\n<meta name=\"robots\" content=\"index, follow, max-snippet:-1, max-image-preview:large, max-video-preview:-1\" \/>\n<link rel=\"canonical\" href=\"https:\/\/mundukmodingplantation.com\/fr\/evenements-et-mariages\/benediction-de-mariage-balinaise-traditionnelle\/\" \/>\n<meta property=\"og:locale\" content=\"fr_FR\" \/>\n<meta property=\"og:type\" content=\"article\" \/>\n<meta property=\"og:title\" content=\"B\u00e9n\u00e9diction de mariage balinaise traditionnelle | Munduk Moding\" \/>\n<meta property=\"og:description\" content=\"La b\u00e9n\u00e9diction de mariage balinaise traditionnelle du MMP allie h\u00e9ritage et romantisme. C\u00e9r\u00e9monie avec pr\u00eatre, fleurs, spa et d\u00eener aux chandelles...\" \/>\n<meta property=\"og:url\" content=\"https:\/\/mundukmodingplantation.com\/fr\/evenements-et-mariages\/benediction-de-mariage-balinaise-traditionnelle\/\" \/>\n<meta property=\"og:site_name\" content=\"Munduk Moding Plantation\" \/>\n<meta property=\"article:modified_time\" content=\"2025-10-30T04:46:27+00:00\" \/>\n<meta property=\"og:image\" content=\"https:\/\/mundukmodingplantation.com\/wp-content\/uploads\/2025\/06\/home1.webp\" \/>\n\t<meta property=\"og:image:width\" content=\"1920\" \/>\n\t<meta property=\"og:image:height\" content=\"1280\" \/>\n\t<meta property=\"og:image:type\" content=\"image\/webp\" \/>\n<meta name=\"twitter:card\" content=\"summary_large_image\" \/>\n<meta name=\"twitter:label1\" content=\"Dur\u00e9e de lecture estim\u00e9e\" \/>\n\t<meta name=\"twitter:data1\" content=\"3 minutes\" \/>\n<script type=\"application\/ld+json\" class=\"yoast-schema-graph\">{\"@context\":\"https:\\\/\\\/schema.org\",\"@graph\":[{\"@type\":\"WebPage\",\"@id\":\"https:\\\/\\\/mundukmodingplantation.com\\\/fr\\\/evenements-et-mariages\\\/benediction-de-mariage-balinaise-traditionnelle\\\/\",\"url\":\"https:\\\/\\\/mundukmodingplantation.com\\\/fr\\\/evenements-et-mariages\\\/benediction-de-mariage-balinaise-traditionnelle\\\/\",\"name\":\"B\u00e9n\u00e9diction de mariage balinaise traditionnelle | Munduk Moding\",\"isPartOf\":{\"@id\":\"https:\\\/\\\/mundukmodingplantation.com\\\/fr\\\/#website\"},\"datePublished\":\"2025-08-10T04:07:34+00:00\",\"dateModified\":\"2025-10-30T04:46:27+00:00\",\"description\":\"La b\u00e9n\u00e9diction de mariage balinaise traditionnelle du MMP allie h\u00e9ritage et romantisme. C\u00e9r\u00e9monie avec pr\u00eatre, fleurs, spa et d\u00eener aux chandelles...\",\"breadcrumb\":{\"@id\":\"https:\\\/\\\/mundukmodingplantation.com\\\/fr\\\/evenements-et-mariages\\\/benediction-de-mariage-balinaise-traditionnelle\\\/#breadcrumb\"},\"inLanguage\":\"fr-FR\",\"potentialAction\":[{\"@type\":\"ReadAction\",\"target\":[\"https:\\\/\\\/mundukmodingplantation.com\\\/fr\\\/evenements-et-mariages\\\/benediction-de-mariage-balinaise-traditionnelle\\\/\"]}]},{\"@type\":\"BreadcrumbList\",\"@id\":\"https:\\\/\\\/mundukmodingplantation.com\\\/fr\\\/evenements-et-mariages\\\/benediction-de-mariage-balinaise-traditionnelle\\\/#breadcrumb\",\"itemListElement\":[{\"@type\":\"ListItem\",\"position\":1,\"name\":\"Home\",\"item\":\"https:\\\/\\\/mundukmodingplantation.com\\\/fr\\\/homenew\\\/\"},{\"@type\":\"ListItem\",\"position\":2,\"name\":\"\u00c9v\u00e9nements et mariages\",\"item\":\"https:\\\/\\\/mundukmodingplantation.com\\\/fr\\\/evenements-et-mariages\\\/\"},{\"@type\":\"ListItem\",\"position\":3,\"name\":\"B\u00e9n\u00e9diction de mariage balinaise traditionnelle\"}]},{\"@type\":\"WebSite\",\"@id\":\"https:\\\/\\\/mundukmodingplantation.com\\\/fr\\\/#website\",\"url\":\"https:\\\/\\\/mundukmodingplantation.com\\\/fr\\\/\",\"name\":\"Munduk Moding Plantation\",\"description\":\"Nature Resort\",\"potentialAction\":[{\"@type\":\"SearchAction\",\"target\":{\"@type\":\"EntryPoint\",\"urlTemplate\":\"https:\\\/\\\/mundukmodingplantation.com\\\/fr\\\/?s={search_term_string}\"},\"query-input\":{\"@type\":\"PropertyValueSpecification\",\"valueRequired\":true,\"valueName\":\"search_term_string\"}}],\"inLanguage\":\"fr-FR\"}]}<\/script>\n<!-- \/ Yoast SEO plugin. -->","yoast_head_json":{"title":"B\u00e9n\u00e9diction de mariage balinaise traditionnelle | Munduk Moding","description":"La b\u00e9n\u00e9diction de mariage balinaise traditionnelle du MMP allie h\u00e9ritage et romantisme. C\u00e9r\u00e9monie avec pr\u00eatre, fleurs, spa et d\u00eener aux chandelles...","robots":{"index":"index","follow":"follow","max-snippet":"max-snippet:-1","max-image-preview":"max-image-preview:large","max-video-preview":"max-video-preview:-1"},"canonical":"https:\/\/mundukmodingplantation.com\/fr\/evenements-et-mariages\/benediction-de-mariage-balinaise-traditionnelle\/","og_locale":"fr_FR","og_type":"article","og_title":"B\u00e9n\u00e9diction de mariage balinaise traditionnelle | Munduk Moding","og_description":"La b\u00e9n\u00e9diction de mariage balinaise traditionnelle du MMP allie h\u00e9ritage et romantisme. C\u00e9r\u00e9monie avec pr\u00eatre, fleurs, spa et d\u00eener aux chandelles...","og_url":"https:\/\/mundukmodingplantation.com\/fr\/evenements-et-mariages\/benediction-de-mariage-balinaise-traditionnelle\/","og_site_name":"Munduk Moding Plantation","article_modified_time":"2025-10-30T04:46:27+00:00","og_image":[{"width":1920,"height":1280,"url":"https:\/\/mundukmodingplantation.com\/wp-content\/uploads\/2025\/06\/home1.webp","type":"image\/webp"}],"twitter_card":"summary_large_image","twitter_misc":{"Dur\u00e9e de lecture estim\u00e9e":"3 minutes"},"schema":{"@context":"https:\/\/schema.org","@graph":[{"@type":"WebPage","@id":"https:\/\/mundukmodingplantation.com\/fr\/evenements-et-mariages\/benediction-de-mariage-balinaise-traditionnelle\/","url":"https:\/\/mundukmodingplantation.com\/fr\/evenements-et-mariages\/benediction-de-mariage-balinaise-traditionnelle\/","name":"B\u00e9n\u00e9diction de mariage balinaise traditionnelle | Munduk Moding","isPartOf":{"@id":"https:\/\/mundukmodingplantation.com\/fr\/#website"},"datePublished":"2025-08-10T04:07:34+00:00","dateModified":"2025-10-30T04:46:27+00:00","description":"La b\u00e9n\u00e9diction de mariage balinaise traditionnelle du MMP allie h\u00e9ritage et romantisme. C\u00e9r\u00e9monie avec pr\u00eatre, fleurs, spa et d\u00eener aux chandelles...","breadcrumb":{"@id":"https:\/\/mundukmodingplantation.com\/fr\/evenements-et-mariages\/benediction-de-mariage-balinaise-traditionnelle\/#breadcrumb"},"inLanguage":"fr-FR","potentialAction":[{"@type":"ReadAction","target":["https:\/\/mundukmodingplantation.com\/fr\/evenements-et-mariages\/benediction-de-mariage-balinaise-traditionnelle\/"]}]},{"@type":"BreadcrumbList","@id":"https:\/\/mundukmodingplantation.com\/fr\/evenements-et-mariages\/benediction-de-mariage-balinaise-traditionnelle\/#breadcrumb","itemListElement":[{"@type":"ListItem","position":1,"name":"Home","item":"https:\/\/mundukmodingplantation.com\/fr\/homenew\/"},{"@type":"ListItem","position":2,"name":"\u00c9v\u00e9nements et mariages","item":"https:\/\/mundukmodingplantation.com\/fr\/evenements-et-mariages\/"},{"@type":"ListItem","position":3,"name":"B\u00e9n\u00e9diction de mariage balinaise traditionnelle"}]},{"@type":"WebSite","@id":"https:\/\/mundukmodingplantation.com\/fr\/#website","url":"https:\/\/mundukmodingplantation.com\/fr\/","name":"Munduk Moding Plantation","description":"Nature Resort","potentialAction":[{"@type":"SearchAction","target":{"@type":"EntryPoint","urlTemplate":"https:\/\/mundukmodingplantation.com\/fr\/?s={search_term_string}"},"query-input":{"@type":"PropertyValueSpecification","valueRequired":true,"valueName":"search_term_string"}}],"inLanguage":"fr-FR"}]}},"_links":{"self":[{"href":"https:\/\/mundukmodingplantation.com\/fr\/wp-json\/wp\/v2\/pages\/11494","targetHints":{"allow":["GET"]}}],"collection":[{"href":"https:\/\/mundukmodingplantation.com\/fr\/wp-json\/wp\/v2\/pages"}],"about":[{"href":"https:\/\/mundukmodingplantation.com\/fr\/wp-json\/wp\/v2\/types\/page"}],"author":[{"embeddable":true,"href":"https:\/\/mundukmodingplantation.com\/fr\/wp-json\/wp\/v2\/users\/3"}],"replies":[{"embeddable":true,"href":"https:\/\/mundukmodingplantation.com\/fr\/wp-json\/wp\/v2\/comments?post=11494"}],"version-history":[{"count":2,"href":"https:\/\/mundukmodingplantation.com\/fr\/wp-json\/wp\/v2\/pages\/11494\/revisions"}],"predecessor-version":[{"id":11502,"href":"https:\/\/mundukmodingplantation.com\/fr\/wp-json\/wp\/v2\/pages\/11494\/revisions\/11502"}],"up":[{"embeddable":true,"href":"https:\/\/mundukmodingplantation.com\/fr\/wp-json\/wp\/v2\/pages\/11413"}],"wp:attachment":[{"href":"https:\/\/mundukmodingplantation.com\/fr\/wp-json\/wp\/v2\/media?parent=11494"}],"curies":[{"name":"wp","href":"https:\/\/api.w.org\/{rel}","templated":true}]}}