{"id":11515,"date":"2025-08-11T01:53:58","date_gmt":"2025-08-10T17:53:58","guid":{"rendered":"https:\/\/mundukmodingplantation.com\/piscines-a-debordement-et-jacuzzi\/"},"modified":"2025-10-30T12:47:47","modified_gmt":"2025-10-30T04:47:47","slug":"piscines-a-debordement-et-jacuzzi","status":"publish","type":"page","link":"https:\/\/mundukmodingplantation.com\/fr\/equipements\/piscines-a-debordement-et-jacuzzi\/","title":{"rendered":"Piscines \u00e0 d\u00e9bordement et jacuzzi"},"content":{"rendered":"<div class=\"wpb-content-wrapper\"><p>[vc_row full_width=\u00a0\u00bbstretch_row\u00a0\u00bb equal_height=\u00a0\u00bbyes\u00a0\u00bb video_bg=\u00a0\u00bbyes\u00a0\u00bb video_local_mp4_url=\u00a0\u00bbhttps:\/\/mundukmodingplantation.com\/wp-content\/uploads\/2025\/06\/Branding-MMP.mp4&Prime; disable_element=\u00a0\u00bbyes\u00a0\u00bb css=\u00a0\u00bb.vc_custom_1754321697222{margin-top: -20px !important;padding-top: 100px !important;padding-bottom: 110px !important;background-image: url(https:\/\/mundukmodingplantation.com\/wp-content\/uploads\/2025\/06\/home1.webp?id=6810) !important;background-position: center !important;background-repeat: no-repeat !important;background-size: cover !important;}\u00a0\u00bb responsive_css=\u00a0\u00bbpadding_top_large:45%25|padding_bottom_large:0px|margin_top_medium:-17px|padding_top_medium:275px|padding_bottom_medium:275px\u00a0\u00bb el_class=\u00a0\u00bbfluid\u00a0\u00bb][vc_column enable_content_animation=\u00a0\u00bbyes\u00a0\u00bb ca_init_scale_x=\u00a0\u00bb1&Prime; ca_init_scale_y=\u00a0\u00bb1&Prime; ca_init_scale_z=\u00a0\u00bb1&Prime; ca_init_opacity=\u00a0\u00bb0&Prime; ca_an_scale_x=\u00a0\u00bb1&Prime; ca_an_scale_y=\u00a0\u00bb1&Prime; ca_an_scale_z=\u00a0\u00bb1&Prime; ca_an_opacity=\u00a0\u00bb1&Prime; align=\u00a0\u00bbtext-center\u00a0\u00bb ca_duration=\u00a0\u00bb1600&Prime; ca_delay=\u00a0\u00bb160&Prime; ca_init_translate_y=\u00a0\u00bb121&Prime; ca_init_translate_z=\u00a0\u00bb-142&Prime; ca_init_rotate_x=\u00a0\u00bb-85&Prime;][\/vc_column][\/vc_row][vc_row responsive_css=\u00a0\u00bbmargin_bottom_medium:100px|padding_right_medium:0px|padding_left_medium:0px\u00a0\u00bb css=\u00a0\u00bb.vc_custom_1754387919950{margin-top: 48px !important;margin-bottom: 32px !important;padding-right: 15px !important;padding-left: 15px !important;}\u00a0\u00bb][vc_column align=\u00a0\u00bbtext-center\u00a0\u00bb offset=\u00a0\u00bbvc_col-md-offset-2 vc_col-md-8&Prime;]<style>.ld_fancy_heading_69d12b7b233f4 .lqd-highlight-inner{height:0.275em;bottom:0px;}<\/style><div class=\"ld-fancy-heading text-center ld_fancy_heading_69d12b7b233f4\">\n\t<p class=\"lqd-highlight-underline lqd-highlight-grow-left\" ><span class=\"ld-fh-txt\"> Installations<\/span><\/p><\/div><style>.ld_fancy_heading_69d12b7b23950 h1{font-size:36px;}.ld_fancy_heading_69d12b7b23950 h1 {margin-bottom:32px !important;  } .ld_fancy_heading_69d12b7b23950 .lqd-highlight-inner{height:0.275em;bottom:0px;}.ld_fancy_heading_69d12b7b23950 h1 {margin-bottom:32px !important;  } <\/style><div class=\"ld-fancy-heading text-center ld_fancy_heading_69d12b7b23950\">\n\t<h1 class=\"lqd-highlight-underline lqd-highlight-grow-left\" ><span class=\"ld-fh-txt\"> piscines \u00e0 d\u00e9bordement et jacuzzi<\/span><\/h1><\/div>[\/vc_column][\/vc_row][vc_row][vc_column]<style>.ld_carousel_69d12b7b23a9d .carousel-item{width:66.666666666667%;padding-left:15px;padding-right:15px;}.ld_carousel_69d12b7b23a9d .carousel-items.row{margin-left:-15px;margin-right:-15px;}.ld_carousel_69d12b7b23a9d .flickity-prev-next-button svg{stroke:rgb(204, 204, 204);}.ld_carousel_69d12b7b23a9d .flickity-prev-next-button{color:rgb(204, 204, 204);}.ld_carousel_69d12b7b23a9d .flickity-prev-next-button:hover svg{stroke:rgb(47, 68, 46);}.ld_carousel_69d12b7b23a9d .flickity-prev-next-button:hover{color:rgb(47, 68, 46);}.ld_carousel_69d12b7b23a9d .flickity-page-dots{top:auto;right:auto;bottom:-25px;left:auto;}@media (min-width: 992px) {.ld_carousel_69d12b7b23a9d .carousel-item { width:40% }}<\/style><div id=\"ld_carousel_69d12b7b23a9d\" class=\"carousel-container carousel-nav-floated carousel-nav-center carousel-nav-middle carousel-nav-xl carousel-dots-style1 ld_carousel_69d12b7b23a9d\">\n\n\t<div class=\"carousel-items row\"  data-lqd-flickity='{\"cellAlign\":\"center\",\"prevNextButtons\":true,\"buttonsAppendTo\":\"self\",\"pageDots\":false,\"groupCells\":true,\"wrapAround\":true,\"adaptiveHeight\":true,\"autoPlay\":3000,\"pauseAutoPlayOnHover\":true,\"navArrow\":{\"prev\":\"&lt;i class=\\&quot;fa fa-angle-left\\&quot;&gt;&lt;\/i&gt;\",\"next\":\"&lt;i class=\\&quot;fa fa-angle-right\\&quot;&gt;&lt;\/i&gt;\"},\"navOffsets\":{\"prev\":\"-7%\",\"next\":\"-7%\"}}' >\n\t<p>[vc_single_image image=\u00a0\u00bb10858&Prime; img_size=\u00a0\u00bbfull\u00a0\u00bb css=\u00a0\u00bb\u00a0\u00bb][vc_single_image image=\u00a0\u00bb10859&Prime; img_size=\u00a0\u00bbfull\u00a0\u00bb css=\u00a0\u00bb\u00a0\u00bb][vc_single_image image=\u00a0\u00bb10860&Prime; img_size=\u00a0\u00bbfull\u00a0\u00bb css=\u00a0\u00bb\u00a0\u00bb][vc_single_image image=\u00a0\u00bb10861&Prime; img_size=\u00a0\u00bb876&#215;583&Prime; css=\u00a0\u00bb\u00a0\u00bb]<\/p>\n\t<\/div>\n\n<\/div>[\/vc_column][\/vc_row][vc_row responsive_css=\u00a0\u00bbpadding_right_medium:0px|padding_left_medium:0px\u00a0\u00bb css=\u00a0\u00bb.vc_custom_1754387452989{padding-right: 15px !important;padding-left: 15px !important;}\u00a0\u00bb][vc_column][vc_column_text css=\u00a0\u00bb\u00a0\u00bb]Perdez-vous dans l&rsquo;\u00e9tendue \u00e9poustouflante de nos piscines \u00e0 d\u00e9bordement, o\u00f9 l&rsquo;horizon se fond harmonieusement avec le ciel. Surplombant des vues panoramiques sur des for\u00eats tropicales luxuriantes, des montagnes lointaines et la sereine mer de Bali, ces \u00e9l\u00e9ments aquatiques embl\u00e9matiques offrent l&rsquo;\u00e9vasion ultime. <\/p>\n<p>D\u00e9tendez-vous avec \u00e9l\u00e9gance dans nos deux piscines parfaitement chauff\u00e9es. Lorsque le soleil dispara\u00eet sous l&rsquo;horizon, le ciel peint un chef-d&rsquo;\u0153uvre de teintes vibrantes, cr\u00e9ant une toile de fond magique pour votre soir\u00e9e. <\/p>\n<p>Pour un summum de d\u00e9tente, plongez dans notre jacuzzi chauff\u00e9. Pendant que vous apaisez vos sens et faites fondre les tensions, savourez des boissons exotiques au Sunset Bar situ\u00e9 \u00e0 proximit\u00e9.[\/vc_column_text][vc_empty_space]<style>@media (min-width: 992px) { .ld_fancy_heading_69d12b7b23cd8 h3 {margin-bottom:52px !important;  }  } .ld_fancy_heading_69d12b7b23cd8 .lqd-highlight-inner{height:0.275em;bottom:0px;}@media (min-width: 992px) { .ld_fancy_heading_69d12b7b23cd8 h3 {margin-bottom:52px !important;  }  } <\/style><div class=\"ld-fancy-heading text-center ld_fancy_heading_69d12b7b23cd8\">\n\t<h3 class=\"lqd-highlight-underline lqd-highlight-grow-left h6\" ><span class=\"ld-fh-txt\"> Pool &amp; Jacuzzi Hours: 8 AM \u2013 8 PM<\/span><\/h3><\/div>[\/vc_column][\/vc_row][vc_row css=\u00a0\u00bb.vc_custom_1754848295553{margin-bottom: 32px !important;}\u00a0\u00bb][vc_column align=\u00a0\u00bbtext-center\u00a0\u00bb]<style>.ld_button_69d12b7b23f11.btn-icon-solid .btn-icon{background:rgb(61, 61, 60);}.ld_button_69d12b7b23f11.btn-icon-circle.btn-icon-ripple .btn-icon:before{border-color:rgb(61, 61, 60);}.ld_button_69d12b7b23f11{color:rgb(61, 61, 60);}.ld_button_69d12b7b23f11:before{background:rgb(61, 61, 60);}.ld_button_69d12b7b23f11.btn-bordered{border-color:rgb(61, 61, 60);}<\/style><a href=\"https:\/\/mundukmodingplantation.com\/facilities\/\" title=\"Facilities\" class=\"btn btn-underlined btn-bordered border-thin ld_button_69d12b7b23f11\">\n\t<span>\n\t\t\n\t\t\t\t\t<span class=\"btn-txt\">Retour \u00e0 la liste des installations<\/span>\n\t\t\t\n\t\t\t\t<\/span>\n<\/a>\n[\/vc_column][\/vc_row]<\/p>\n<\/div>","protected":false},"excerpt":{"rendered":"<p>[vc_row full_width=\u00a0\u00bbstretch_row\u00a0\u00bb equal_height=\u00a0\u00bbyes\u00a0\u00bb video_bg=\u00a0\u00bbyes\u00a0\u00bb video_local_mp4_url=\u00a0\u00bbhttps:\/\/mundukmodingplantation.com\/wp-content\/uploads\/2025\/06\/Branding-MMP.mp4&Prime; disable_element=\u00a0\u00bbyes\u00a0\u00bb css=\u00a0\u00bb.vc_custom_1754321697222{margin-top: -20px !important;padding-top: 100px !important;padding-bottom: 110px !important;background-image: url(https:\/\/mundukmodingplantation.com\/wp-content\/uploads\/2025\/06\/home1.webp?id=6810) !important;background-position:&#8230;<\/p>\n","protected":false},"author":3,"featured_media":0,"parent":11578,"menu_order":0,"comment_status":"closed","ping_status":"closed","template":"","meta":{"footnotes":""},"class_list":["post-11515","page","type-page","status-publish","hentry"],"yoast_head":"<!-- This site is optimized with the Yoast SEO plugin v27.2 - https:\/\/yoast.com\/product\/yoast-seo-wordpress\/ -->\n<title>Piscines \u00e0 d\u00e9bordement et jacuzzi | Munduk Moding Plantation<\/title>\n<meta name=\"description\" content=\"D\u00e9tendez-vous dans les piscines \u00e0 d\u00e9bordement chauff\u00e9es et le jacuzzi du MMP, avec vue sur la for\u00eat tropicale, la montagne et la mer. Sirotez un cocktail tandis que le coucher de soleil de Bali illumine le ciel...\" \/>\n<meta name=\"robots\" content=\"index, follow, max-snippet:-1, max-image-preview:large, max-video-preview:-1\" \/>\n<link rel=\"canonical\" href=\"https:\/\/mundukmodingplantation.com\/fr\/equipements\/piscines-a-debordement-et-jacuzzi\/\" \/>\n<meta property=\"og:locale\" content=\"fr_FR\" \/>\n<meta property=\"og:type\" content=\"article\" \/>\n<meta property=\"og:title\" content=\"Piscines \u00e0 d\u00e9bordement et jacuzzi | Munduk Moding Plantation\" \/>\n<meta property=\"og:description\" content=\"D\u00e9tendez-vous dans les piscines \u00e0 d\u00e9bordement chauff\u00e9es et le jacuzzi du MMP, avec vue sur la for\u00eat tropicale, la montagne et la mer. Sirotez un cocktail tandis que le coucher de soleil de Bali illumine le ciel...\" \/>\n<meta property=\"og:url\" content=\"https:\/\/mundukmodingplantation.com\/fr\/equipements\/piscines-a-debordement-et-jacuzzi\/\" \/>\n<meta property=\"og:site_name\" content=\"Munduk Moding Plantation\" \/>\n<meta property=\"article:modified_time\" content=\"2025-10-30T04:47:47+00:00\" \/>\n<meta property=\"og:image\" content=\"https:\/\/mundukmodingplantation.com\/wp-content\/uploads\/2025\/06\/home1.webp\" \/>\n\t<meta property=\"og:image:width\" content=\"1920\" \/>\n\t<meta property=\"og:image:height\" content=\"1280\" \/>\n\t<meta property=\"og:image:type\" content=\"image\/webp\" \/>\n<meta name=\"twitter:card\" content=\"summary_large_image\" \/>\n<meta name=\"twitter:label1\" content=\"Dur\u00e9e de lecture estim\u00e9e\" \/>\n\t<meta name=\"twitter:data1\" content=\"3 minutes\" \/>\n<script type=\"application\/ld+json\" class=\"yoast-schema-graph\">{\"@context\":\"https:\/\/schema.org\",\"@graph\":[{\"@type\":\"WebPage\",\"@id\":\"https:\/\/mundukmodingplantation.com\/fr\/equipements\/piscines-a-debordement-et-jacuzzi\/\",\"url\":\"https:\/\/mundukmodingplantation.com\/fr\/equipements\/piscines-a-debordement-et-jacuzzi\/\",\"name\":\"Piscines \u00e0 d\u00e9bordement et jacuzzi | Munduk Moding Plantation\",\"isPartOf\":{\"@id\":\"https:\/\/mundukmodingplantation.com\/fr\/#website\"},\"datePublished\":\"2025-08-10T17:53:58+00:00\",\"dateModified\":\"2025-10-30T04:47:47+00:00\",\"description\":\"D\u00e9tendez-vous dans les piscines \u00e0 d\u00e9bordement chauff\u00e9es et le jacuzzi du MMP, avec vue sur la for\u00eat tropicale, la montagne et la mer. Sirotez un cocktail tandis que le coucher de soleil de Bali illumine le ciel...\",\"breadcrumb\":{\"@id\":\"https:\/\/mundukmodingplantation.com\/fr\/equipements\/piscines-a-debordement-et-jacuzzi\/#breadcrumb\"},\"inLanguage\":\"fr-FR\",\"potentialAction\":[{\"@type\":\"ReadAction\",\"target\":[\"https:\/\/mundukmodingplantation.com\/fr\/equipements\/piscines-a-debordement-et-jacuzzi\/\"]}]},{\"@type\":\"BreadcrumbList\",\"@id\":\"https:\/\/mundukmodingplantation.com\/fr\/equipements\/piscines-a-debordement-et-jacuzzi\/#breadcrumb\",\"itemListElement\":[{\"@type\":\"ListItem\",\"position\":1,\"name\":\"Home\",\"item\":\"https:\/\/mundukmodingplantation.com\/fr\/homenew\/\"},{\"@type\":\"ListItem\",\"position\":2,\"name\":\"\u00c9quipements\",\"item\":\"https:\/\/mundukmodingplantation.com\/fr\/equipements\/\"},{\"@type\":\"ListItem\",\"position\":3,\"name\":\"Piscines \u00e0 d\u00e9bordement et jacuzzi\"}]},{\"@type\":\"WebSite\",\"@id\":\"https:\/\/mundukmodingplantation.com\/fr\/#website\",\"url\":\"https:\/\/mundukmodingplantation.com\/fr\/\",\"name\":\"Munduk Moding Plantation\",\"description\":\"Nature Resort\",\"potentialAction\":[{\"@type\":\"SearchAction\",\"target\":{\"@type\":\"EntryPoint\",\"urlTemplate\":\"https:\/\/mundukmodingplantation.com\/fr\/?s={search_term_string}\"},\"query-input\":{\"@type\":\"PropertyValueSpecification\",\"valueRequired\":true,\"valueName\":\"search_term_string\"}}],\"inLanguage\":\"fr-FR\"}]}<\/script>\n<!-- \/ Yoast SEO plugin. -->","yoast_head_json":{"title":"Piscines \u00e0 d\u00e9bordement et jacuzzi | Munduk Moding Plantation","description":"D\u00e9tendez-vous dans les piscines \u00e0 d\u00e9bordement chauff\u00e9es et le jacuzzi du MMP, avec vue sur la for\u00eat tropicale, la montagne et la mer. Sirotez un cocktail tandis que le coucher de soleil de Bali illumine le ciel...","robots":{"index":"index","follow":"follow","max-snippet":"max-snippet:-1","max-image-preview":"max-image-preview:large","max-video-preview":"max-video-preview:-1"},"canonical":"https:\/\/mundukmodingplantation.com\/fr\/equipements\/piscines-a-debordement-et-jacuzzi\/","og_locale":"fr_FR","og_type":"article","og_title":"Piscines \u00e0 d\u00e9bordement et jacuzzi | Munduk Moding Plantation","og_description":"D\u00e9tendez-vous dans les piscines \u00e0 d\u00e9bordement chauff\u00e9es et le jacuzzi du MMP, avec vue sur la for\u00eat tropicale, la montagne et la mer. Sirotez un cocktail tandis que le coucher de soleil de Bali illumine le ciel...","og_url":"https:\/\/mundukmodingplantation.com\/fr\/equipements\/piscines-a-debordement-et-jacuzzi\/","og_site_name":"Munduk Moding Plantation","article_modified_time":"2025-10-30T04:47:47+00:00","og_image":[{"width":1920,"height":1280,"url":"https:\/\/mundukmodingplantation.com\/wp-content\/uploads\/2025\/06\/home1.webp","type":"image\/webp"}],"twitter_card":"summary_large_image","twitter_misc":{"Dur\u00e9e de lecture estim\u00e9e":"3 minutes"},"schema":{"@context":"https:\/\/schema.org","@graph":[{"@type":"WebPage","@id":"https:\/\/mundukmodingplantation.com\/fr\/equipements\/piscines-a-debordement-et-jacuzzi\/","url":"https:\/\/mundukmodingplantation.com\/fr\/equipements\/piscines-a-debordement-et-jacuzzi\/","name":"Piscines \u00e0 d\u00e9bordement et jacuzzi | Munduk Moding Plantation","isPartOf":{"@id":"https:\/\/mundukmodingplantation.com\/fr\/#website"},"datePublished":"2025-08-10T17:53:58+00:00","dateModified":"2025-10-30T04:47:47+00:00","description":"D\u00e9tendez-vous dans les piscines \u00e0 d\u00e9bordement chauff\u00e9es et le jacuzzi du MMP, avec vue sur la for\u00eat tropicale, la montagne et la mer. Sirotez un cocktail tandis que le coucher de soleil de Bali illumine le ciel...","breadcrumb":{"@id":"https:\/\/mundukmodingplantation.com\/fr\/equipements\/piscines-a-debordement-et-jacuzzi\/#breadcrumb"},"inLanguage":"fr-FR","potentialAction":[{"@type":"ReadAction","target":["https:\/\/mundukmodingplantation.com\/fr\/equipements\/piscines-a-debordement-et-jacuzzi\/"]}]},{"@type":"BreadcrumbList","@id":"https:\/\/mundukmodingplantation.com\/fr\/equipements\/piscines-a-debordement-et-jacuzzi\/#breadcrumb","itemListElement":[{"@type":"ListItem","position":1,"name":"Home","item":"https:\/\/mundukmodingplantation.com\/fr\/homenew\/"},{"@type":"ListItem","position":2,"name":"\u00c9quipements","item":"https:\/\/mundukmodingplantation.com\/fr\/equipements\/"},{"@type":"ListItem","position":3,"name":"Piscines \u00e0 d\u00e9bordement et jacuzzi"}]},{"@type":"WebSite","@id":"https:\/\/mundukmodingplantation.com\/fr\/#website","url":"https:\/\/mundukmodingplantation.com\/fr\/","name":"Munduk Moding Plantation","description":"Nature Resort","potentialAction":[{"@type":"SearchAction","target":{"@type":"EntryPoint","urlTemplate":"https:\/\/mundukmodingplantation.com\/fr\/?s={search_term_string}"},"query-input":{"@type":"PropertyValueSpecification","valueRequired":true,"valueName":"search_term_string"}}],"inLanguage":"fr-FR"}]}},"_links":{"self":[{"href":"https:\/\/mundukmodingplantation.com\/fr\/wp-json\/wp\/v2\/pages\/11515","targetHints":{"allow":["GET"]}}],"collection":[{"href":"https:\/\/mundukmodingplantation.com\/fr\/wp-json\/wp\/v2\/pages"}],"about":[{"href":"https:\/\/mundukmodingplantation.com\/fr\/wp-json\/wp\/v2\/types\/page"}],"author":[{"embeddable":true,"href":"https:\/\/mundukmodingplantation.com\/fr\/wp-json\/wp\/v2\/users\/3"}],"replies":[{"embeddable":true,"href":"https:\/\/mundukmodingplantation.com\/fr\/wp-json\/wp\/v2\/comments?post=11515"}],"version-history":[{"count":9,"href":"https:\/\/mundukmodingplantation.com\/fr\/wp-json\/wp\/v2\/pages\/11515\/revisions"}],"predecessor-version":[{"id":11574,"href":"https:\/\/mundukmodingplantation.com\/fr\/wp-json\/wp\/v2\/pages\/11515\/revisions\/11574"}],"up":[{"embeddable":true,"href":"https:\/\/mundukmodingplantation.com\/fr\/wp-json\/wp\/v2\/pages\/11578"}],"wp:attachment":[{"href":"https:\/\/mundukmodingplantation.com\/fr\/wp-json\/wp\/v2\/media?parent=11515"}],"curies":[{"name":"wp","href":"https:\/\/api.w.org\/{rel}","templated":true}]}}