{"id":11729,"date":"2025-08-11T02:24:47","date_gmt":"2025-08-10T18:24:47","guid":{"rendered":"https:\/\/mundukmodingplantation.com\/equipements\/atelier-de-larbre-a-savon-un-voyage-culturel\/"},"modified":"2025-10-30T12:48:48","modified_gmt":"2025-10-30T04:48:48","slug":"atelier-de-larbre-a-savon-un-voyage-culturel","status":"publish","type":"page","link":"https:\/\/mundukmodingplantation.com\/fr\/equipements\/atelier-de-larbre-a-savon-un-voyage-culturel\/","title":{"rendered":"Atelier de l\u2019arbre \u00e0 savon&nbsp;: un voyage culturel"},"content":{"rendered":"<div class=\"wpb-content-wrapper\"><p>[vc_row full_width=\u00a0\u00bbstretch_row\u00a0\u00bb equal_height=\u00a0\u00bbyes\u00a0\u00bb video_bg=\u00a0\u00bbyes\u00a0\u00bb video_local_mp4_url=\u00a0\u00bbhttps:\/\/mundukmodingplantation.com\/wp-content\/uploads\/2025\/06\/Branding-MMP.mp4&Prime; disable_element=\u00a0\u00bbyes\u00a0\u00bb css=\u00a0\u00bb.vc_custom_1754321697222{margin-top: -20px !important;padding-top: 100px !important;padding-bottom: 110px !important;background-image: url(https:\/\/mundukmodingplantation.com\/wp-content\/uploads\/2025\/06\/home1.webp?id=6810) !important;background-position: center !important;background-repeat: no-repeat !important;background-size: cover !important;}\u00a0\u00bb responsive_css=\u00a0\u00bbpadding_top_large:45%25|padding_bottom_large:0px|margin_top_medium:-17px|padding_top_medium:275px|padding_bottom_medium:275px\u00a0\u00bb el_class=\u00a0\u00bbfluid\u00a0\u00bb][vc_column enable_content_animation=\u00a0\u00bbyes\u00a0\u00bb ca_init_scale_x=\u00a0\u00bb1&Prime; ca_init_scale_y=\u00a0\u00bb1&Prime; ca_init_scale_z=\u00a0\u00bb1&Prime; ca_init_opacity=\u00a0\u00bb0&Prime; ca_an_scale_x=\u00a0\u00bb1&Prime; ca_an_scale_y=\u00a0\u00bb1&Prime; ca_an_scale_z=\u00a0\u00bb1&Prime; ca_an_opacity=\u00a0\u00bb1&Prime; align=\u00a0\u00bbtext-center\u00a0\u00bb ca_duration=\u00a0\u00bb1600&Prime; ca_delay=\u00a0\u00bb160&Prime; ca_init_translate_y=\u00a0\u00bb121&Prime; ca_init_translate_z=\u00a0\u00bb-142&Prime; ca_init_rotate_x=\u00a0\u00bb-85&Prime;][\/vc_column][\/vc_row][vc_row responsive_css=\u00a0\u00bbmargin_bottom_medium:100px|padding_right_medium:0px|padding_left_medium:0px\u00a0\u00bb css=\u00a0\u00bb.vc_custom_1754387919950{margin-top: 48px !important;margin-bottom: 32px !important;padding-right: 15px !important;padding-left: 15px !important;}\u00a0\u00bb][vc_column align=\u00a0\u00bbtext-center\u00a0\u00bb offset=\u00a0\u00bbvc_col-md-offset-2 vc_col-md-8&Prime;]<style>.ld_fancy_heading_69f6570fab757 .lqd-highlight-inner{height:0.275em;bottom:0px;}<\/style><div class=\"ld-fancy-heading text-center ld_fancy_heading_69f6570fab757\">\n\t<p class=\"lqd-highlight-underline lqd-highlight-grow-left\" ><span class=\"ld-fh-txt\"> Installations<\/span><\/p><\/div><style>.ld_fancy_heading_69f6570fabf54 h1{font-size:36px;}.ld_fancy_heading_69f6570fabf54 h1 {margin-bottom:32px !important;  } .ld_fancy_heading_69f6570fabf54 .lqd-highlight-inner{height:0.275em;bottom:0px;}.ld_fancy_heading_69f6570fabf54 h1 {margin-bottom:32px !important;  } <\/style><div class=\"ld-fancy-heading text-center ld_fancy_heading_69f6570fabf54\">\n\t<h1 class=\"lqd-highlight-underline lqd-highlight-grow-left\" ><span class=\"ld-fh-txt\"> Atelier de l\u2019arbre \u00e0 savon&nbsp;:<br \/>\nun voyage culturel<\/span><\/h1><\/div>[\/vc_column][\/vc_row][vc_row][vc_column]<style>.ld_carousel_69f6570fac1af .carousel-item{width:66.666666666667%;padding-left:15px;padding-right:15px;}.ld_carousel_69f6570fac1af .carousel-items.row{margin-left:-15px;margin-right:-15px;}.ld_carousel_69f6570fac1af .flickity-prev-next-button svg{stroke:rgb(204, 204, 204);}.ld_carousel_69f6570fac1af .flickity-prev-next-button{color:rgb(204, 204, 204);}.ld_carousel_69f6570fac1af .flickity-prev-next-button:hover svg{stroke:rgb(47, 68, 46);}.ld_carousel_69f6570fac1af .flickity-prev-next-button:hover{color:rgb(47, 68, 46);}.ld_carousel_69f6570fac1af .flickity-page-dots{top:auto;right:auto;bottom:-25px;left:auto;}@media (min-width: 992px) {.ld_carousel_69f6570fac1af .carousel-item { width:40% }}<\/style><div id=\"ld_carousel_69f6570fac1af\" class=\"carousel-container carousel-nav-floated carousel-nav-center carousel-nav-middle carousel-nav-xl carousel-dots-style1 ld_carousel_69f6570fac1af\">\n\n\t<div class=\"carousel-items row\"  data-lqd-flickity='{\"cellAlign\":\"center\",\"prevNextButtons\":true,\"buttonsAppendTo\":\"self\",\"pageDots\":false,\"groupCells\":true,\"wrapAround\":true,\"adaptiveHeight\":true,\"autoPlay\":3000,\"pauseAutoPlayOnHover\":true,\"navArrow\":{\"prev\":\"&lt;i class=\\&quot;fa fa-angle-left\\&quot;&gt;&lt;\/i&gt;\",\"next\":\"&lt;i class=\\&quot;fa fa-angle-right\\&quot;&gt;&lt;\/i&gt;\"},\"navOffsets\":{\"prev\":\"-7%\",\"next\":\"-7%\"}}' >\n\t<p>[vc_single_image image=\u00a0\u00bb10877&Prime; img_size=\u00a0\u00bbfull\u00a0\u00bb css=\u00a0\u00bb\u00a0\u00bb][vc_single_image image=\u00a0\u00bb10878&Prime; img_size=\u00a0\u00bbfull\u00a0\u00bb css=\u00a0\u00bb\u00a0\u00bb][vc_single_image image=\u00a0\u00bb10879&Prime; img_size=\u00a0\u00bbfull\u00a0\u00bb css=\u00a0\u00bb\u00a0\u00bb][vc_single_image image=\u00a0\u00bb10880&Prime; img_size=\u00a0\u00bbfull\u00a0\u00bb css=\u00a0\u00bb\u00a0\u00bb]<\/p>\n\t<\/div>\n\n<\/div>[\/vc_column][\/vc_row][vc_row responsive_css=\u00a0\u00bbpadding_right_medium:0px|padding_left_medium:0px\u00a0\u00bb css=\u00a0\u00bb.vc_custom_1754387452989{padding-right: 15px !important;padding-left: 15px !important;}\u00a0\u00bb][vc_column][vc_column_text css=\u00a0\u00bb\u00a0\u00bb]Nomm\u00e9 d\u2019apr\u00e8s l\u2019arbre majestueux qui le surplombe, l\u2019atelier de l\u2019arbre \u00e0 savon est un espace unique o\u00f9 nous encourageons la cr\u00e9ativit\u00e9 et la durabilit\u00e9.<\/p>\n<p>Admirez les paysages complexes sculpt\u00e9s \u00e0 la main sur les murs du fond, un t\u00e9moignage du talent de nos artisans locaux. Les colonnes color\u00e9es en b\u00e9ton, orn\u00e9es d\u2019assiettes en plastique recycl\u00e9, t\u00e9moignent de notre engagement envers les pratiques \u00e9cologiques. M\u00eame les carreaux de l\u2019atelier sont fabriqu\u00e9s \u00e0 partir d\u2019un m\u00e9lange de verre recycl\u00e9 et de ciment.  <\/p>\n<p>Rejoignez-nous pour une vari\u00e9t\u00e9 d\u2019ateliers et d\u2019\u00e9v\u00e9nements, o\u00f9 vous pourrez acqu\u00e9rir de nouvelles comp\u00e9tences, rencontrer des personnes partageant les m\u00eames id\u00e9es et soutenir la cr\u00e9ativit\u00e9 balinaise.[\/vc_column_text][vc_empty_space][\/vc_column][\/vc_row][vc_row css=\u00a0\u00bb.vc_custom_1754848295553{margin-bottom: 32px !important;}\u00a0\u00bb][vc_column align=\u00a0\u00bbtext-center\u00a0\u00bb]<style>.ld_button_69f6570fac561.btn-icon-solid .btn-icon{background:rgb(61, 61, 60);}.ld_button_69f6570fac561.btn-icon-circle.btn-icon-ripple .btn-icon:before{border-color:rgb(61, 61, 60);}.ld_button_69f6570fac561{color:rgb(61, 61, 60);}.ld_button_69f6570fac561:before{background:rgb(61, 61, 60);}.ld_button_69f6570fac561.btn-bordered{border-color:rgb(61, 61, 60);}<\/style><a href=\"https:\/\/mundukmodingplantation.com\/facilities\/\" title=\"Facilities\" class=\"btn btn-underlined btn-bordered border-thin ld_button_69f6570fac561\">\n\t<span>\n\t\t\n\t\t\t\t\t<span class=\"btn-txt\">Retour \u00e0 la liste des installations<\/span>\n\t\t\t\n\t\t\t\t<\/span>\n<\/a>\n[\/vc_column][\/vc_row]<\/p>\n<\/div>","protected":false},"excerpt":{"rendered":"<p>[vc_row full_width=\u00a0\u00bbstretch_row\u00a0\u00bb equal_height=\u00a0\u00bbyes\u00a0\u00bb video_bg=\u00a0\u00bbyes\u00a0\u00bb video_local_mp4_url=\u00a0\u00bbhttps:\/\/mundukmodingplantation.com\/wp-content\/uploads\/2025\/06\/Branding-MMP.mp4&Prime; disable_element=\u00a0\u00bbyes\u00a0\u00bb css=\u00a0\u00bb.vc_custom_1754321697222{margin-top: -20px !important;padding-top: 100px !important;padding-bottom: 110px !important;background-image: url(https:\/\/mundukmodingplantation.com\/wp-content\/uploads\/2025\/06\/home1.webp?id=6810) !important;background-position:&#8230;<\/p>\n","protected":false},"author":3,"featured_media":0,"parent":11578,"menu_order":0,"comment_status":"closed","ping_status":"closed","template":"","meta":{"footnotes":""},"class_list":["post-11729","page","type-page","status-publish","hentry"],"yoast_head":"<!-- This site is optimized with the Yoast SEO plugin v27.4 - https:\/\/yoast.com\/product\/yoast-seo-wordpress\/ -->\n<title>Atelier de l\u2019arbre \u00e0 savon\u00a0: un voyage culturel - munduk moding<\/title>\n<meta name=\"description\" content=\"D\u00e9couvrez un art durable \u00e0 l\u2019atelier de l\u2019arbre \u00e0 savon. Transformez l\u2019huile de cuisson usag\u00e9e en savon artisanal lors d\u2019un atelier culturel...\" \/>\n<meta name=\"robots\" content=\"index, follow, max-snippet:-1, max-image-preview:large, max-video-preview:-1\" \/>\n<link rel=\"canonical\" href=\"https:\/\/mundukmodingplantation.com\/fr\/equipements\/atelier-de-larbre-a-savon-un-voyage-culturel\/\" \/>\n<meta property=\"og:locale\" content=\"fr_FR\" \/>\n<meta property=\"og:type\" content=\"article\" \/>\n<meta property=\"og:title\" content=\"Atelier de l\u2019arbre \u00e0 savon\u00a0: un voyage culturel - munduk moding\" \/>\n<meta property=\"og:description\" content=\"D\u00e9couvrez un art durable \u00e0 l\u2019atelier de l\u2019arbre \u00e0 savon. Transformez l\u2019huile de cuisson usag\u00e9e en savon artisanal lors d\u2019un atelier culturel...\" \/>\n<meta property=\"og:url\" content=\"https:\/\/mundukmodingplantation.com\/fr\/equipements\/atelier-de-larbre-a-savon-un-voyage-culturel\/\" \/>\n<meta property=\"og:site_name\" content=\"Munduk Moding Plantation\" \/>\n<meta property=\"article:modified_time\" content=\"2025-10-30T04:48:48+00:00\" \/>\n<meta property=\"og:image\" content=\"https:\/\/mundukmodingplantation.com\/wp-content\/uploads\/2025\/06\/home1.webp\" \/>\n\t<meta property=\"og:image:width\" content=\"1920\" \/>\n\t<meta property=\"og:image:height\" content=\"1280\" \/>\n\t<meta property=\"og:image:type\" content=\"image\/webp\" \/>\n<meta name=\"twitter:card\" content=\"summary_large_image\" \/>\n<meta name=\"twitter:label1\" content=\"Dur\u00e9e de lecture estim\u00e9e\" \/>\n\t<meta name=\"twitter:data1\" content=\"3 minutes\" \/>\n<script type=\"application\/ld+json\" class=\"yoast-schema-graph\">{\"@context\":\"https:\\\/\\\/schema.org\",\"@graph\":[{\"@type\":\"WebPage\",\"@id\":\"https:\\\/\\\/mundukmodingplantation.com\\\/fr\\\/equipements\\\/atelier-de-larbre-a-savon-un-voyage-culturel\\\/\",\"url\":\"https:\\\/\\\/mundukmodingplantation.com\\\/fr\\\/equipements\\\/atelier-de-larbre-a-savon-un-voyage-culturel\\\/\",\"name\":\"Atelier de l\u2019arbre \u00e0 savon\u00a0: un voyage culturel - munduk moding\",\"isPartOf\":{\"@id\":\"https:\\\/\\\/mundukmodingplantation.com\\\/fr\\\/#website\"},\"datePublished\":\"2025-08-10T18:24:47+00:00\",\"dateModified\":\"2025-10-30T04:48:48+00:00\",\"description\":\"D\u00e9couvrez un art durable \u00e0 l\u2019atelier de l\u2019arbre \u00e0 savon. Transformez l\u2019huile de cuisson usag\u00e9e en savon artisanal lors d\u2019un atelier culturel...\",\"breadcrumb\":{\"@id\":\"https:\\\/\\\/mundukmodingplantation.com\\\/fr\\\/equipements\\\/atelier-de-larbre-a-savon-un-voyage-culturel\\\/#breadcrumb\"},\"inLanguage\":\"fr-FR\",\"potentialAction\":[{\"@type\":\"ReadAction\",\"target\":[\"https:\\\/\\\/mundukmodingplantation.com\\\/fr\\\/equipements\\\/atelier-de-larbre-a-savon-un-voyage-culturel\\\/\"]}]},{\"@type\":\"BreadcrumbList\",\"@id\":\"https:\\\/\\\/mundukmodingplantation.com\\\/fr\\\/equipements\\\/atelier-de-larbre-a-savon-un-voyage-culturel\\\/#breadcrumb\",\"itemListElement\":[{\"@type\":\"ListItem\",\"position\":1,\"name\":\"Home\",\"item\":\"https:\\\/\\\/mundukmodingplantation.com\\\/fr\\\/homenew\\\/\"},{\"@type\":\"ListItem\",\"position\":2,\"name\":\"\u00c9quipements\",\"item\":\"https:\\\/\\\/mundukmodingplantation.com\\\/fr\\\/equipements\\\/\"},{\"@type\":\"ListItem\",\"position\":3,\"name\":\"Atelier de l\u2019arbre \u00e0 savon&nbsp;: un voyage culturel\"}]},{\"@type\":\"WebSite\",\"@id\":\"https:\\\/\\\/mundukmodingplantation.com\\\/fr\\\/#website\",\"url\":\"https:\\\/\\\/mundukmodingplantation.com\\\/fr\\\/\",\"name\":\"Munduk Moding Plantation\",\"description\":\"Nature Resort\",\"potentialAction\":[{\"@type\":\"SearchAction\",\"target\":{\"@type\":\"EntryPoint\",\"urlTemplate\":\"https:\\\/\\\/mundukmodingplantation.com\\\/fr\\\/?s={search_term_string}\"},\"query-input\":{\"@type\":\"PropertyValueSpecification\",\"valueRequired\":true,\"valueName\":\"search_term_string\"}}],\"inLanguage\":\"fr-FR\"}]}<\/script>\n<!-- \/ Yoast SEO plugin. -->","yoast_head_json":{"title":"Atelier de l\u2019arbre \u00e0 savon\u00a0: un voyage culturel - munduk moding","description":"D\u00e9couvrez un art durable \u00e0 l\u2019atelier de l\u2019arbre \u00e0 savon. Transformez l\u2019huile de cuisson usag\u00e9e en savon artisanal lors d\u2019un atelier culturel...","robots":{"index":"index","follow":"follow","max-snippet":"max-snippet:-1","max-image-preview":"max-image-preview:large","max-video-preview":"max-video-preview:-1"},"canonical":"https:\/\/mundukmodingplantation.com\/fr\/equipements\/atelier-de-larbre-a-savon-un-voyage-culturel\/","og_locale":"fr_FR","og_type":"article","og_title":"Atelier de l\u2019arbre \u00e0 savon\u00a0: un voyage culturel - munduk moding","og_description":"D\u00e9couvrez un art durable \u00e0 l\u2019atelier de l\u2019arbre \u00e0 savon. Transformez l\u2019huile de cuisson usag\u00e9e en savon artisanal lors d\u2019un atelier culturel...","og_url":"https:\/\/mundukmodingplantation.com\/fr\/equipements\/atelier-de-larbre-a-savon-un-voyage-culturel\/","og_site_name":"Munduk Moding Plantation","article_modified_time":"2025-10-30T04:48:48+00:00","og_image":[{"width":1920,"height":1280,"url":"https:\/\/mundukmodingplantation.com\/wp-content\/uploads\/2025\/06\/home1.webp","type":"image\/webp"}],"twitter_card":"summary_large_image","twitter_misc":{"Dur\u00e9e de lecture estim\u00e9e":"3 minutes"},"schema":{"@context":"https:\/\/schema.org","@graph":[{"@type":"WebPage","@id":"https:\/\/mundukmodingplantation.com\/fr\/equipements\/atelier-de-larbre-a-savon-un-voyage-culturel\/","url":"https:\/\/mundukmodingplantation.com\/fr\/equipements\/atelier-de-larbre-a-savon-un-voyage-culturel\/","name":"Atelier de l\u2019arbre \u00e0 savon\u00a0: un voyage culturel - munduk moding","isPartOf":{"@id":"https:\/\/mundukmodingplantation.com\/fr\/#website"},"datePublished":"2025-08-10T18:24:47+00:00","dateModified":"2025-10-30T04:48:48+00:00","description":"D\u00e9couvrez un art durable \u00e0 l\u2019atelier de l\u2019arbre \u00e0 savon. Transformez l\u2019huile de cuisson usag\u00e9e en savon artisanal lors d\u2019un atelier culturel...","breadcrumb":{"@id":"https:\/\/mundukmodingplantation.com\/fr\/equipements\/atelier-de-larbre-a-savon-un-voyage-culturel\/#breadcrumb"},"inLanguage":"fr-FR","potentialAction":[{"@type":"ReadAction","target":["https:\/\/mundukmodingplantation.com\/fr\/equipements\/atelier-de-larbre-a-savon-un-voyage-culturel\/"]}]},{"@type":"BreadcrumbList","@id":"https:\/\/mundukmodingplantation.com\/fr\/equipements\/atelier-de-larbre-a-savon-un-voyage-culturel\/#breadcrumb","itemListElement":[{"@type":"ListItem","position":1,"name":"Home","item":"https:\/\/mundukmodingplantation.com\/fr\/homenew\/"},{"@type":"ListItem","position":2,"name":"\u00c9quipements","item":"https:\/\/mundukmodingplantation.com\/fr\/equipements\/"},{"@type":"ListItem","position":3,"name":"Atelier de l\u2019arbre \u00e0 savon&nbsp;: un voyage culturel"}]},{"@type":"WebSite","@id":"https:\/\/mundukmodingplantation.com\/fr\/#website","url":"https:\/\/mundukmodingplantation.com\/fr\/","name":"Munduk Moding Plantation","description":"Nature Resort","potentialAction":[{"@type":"SearchAction","target":{"@type":"EntryPoint","urlTemplate":"https:\/\/mundukmodingplantation.com\/fr\/?s={search_term_string}"},"query-input":{"@type":"PropertyValueSpecification","valueRequired":true,"valueName":"search_term_string"}}],"inLanguage":"fr-FR"}]}},"_links":{"self":[{"href":"https:\/\/mundukmodingplantation.com\/fr\/wp-json\/wp\/v2\/pages\/11729","targetHints":{"allow":["GET"]}}],"collection":[{"href":"https:\/\/mundukmodingplantation.com\/fr\/wp-json\/wp\/v2\/pages"}],"about":[{"href":"https:\/\/mundukmodingplantation.com\/fr\/wp-json\/wp\/v2\/types\/page"}],"author":[{"embeddable":true,"href":"https:\/\/mundukmodingplantation.com\/fr\/wp-json\/wp\/v2\/users\/3"}],"replies":[{"embeddable":true,"href":"https:\/\/mundukmodingplantation.com\/fr\/wp-json\/wp\/v2\/comments?post=11729"}],"version-history":[{"count":2,"href":"https:\/\/mundukmodingplantation.com\/fr\/wp-json\/wp\/v2\/pages\/11729\/revisions"}],"predecessor-version":[{"id":11740,"href":"https:\/\/mundukmodingplantation.com\/fr\/wp-json\/wp\/v2\/pages\/11729\/revisions\/11740"}],"up":[{"embeddable":true,"href":"https:\/\/mundukmodingplantation.com\/fr\/wp-json\/wp\/v2\/pages\/11578"}],"wp:attachment":[{"href":"https:\/\/mundukmodingplantation.com\/fr\/wp-json\/wp\/v2\/media?parent=11729"}],"curies":[{"name":"wp","href":"https:\/\/api.w.org\/{rel}","templated":true}]}}