{"id":11787,"date":"2025-08-11T02:48:36","date_gmt":"2025-08-10T18:48:36","guid":{"rendered":"https:\/\/mundukmodingplantation.com\/equipements\/tennis\/"},"modified":"2025-10-30T12:49:32","modified_gmt":"2025-10-30T04:49:32","slug":"tennis","status":"publish","type":"page","link":"https:\/\/mundukmodingplantation.com\/fr\/equipements\/tennis\/","title":{"rendered":"Tennis"},"content":{"rendered":"<div class=\"wpb-content-wrapper\"><p>[vc_row full_width=\u00a0\u00bbstretch_row\u00a0\u00bb equal_height=\u00a0\u00bbyes\u00a0\u00bb video_bg=\u00a0\u00bbyes\u00a0\u00bb video_local_mp4_url=\u00a0\u00bbhttps:\/\/mundukmodingplantation.com\/wp-content\/uploads\/2025\/06\/Branding-MMP.mp4&Prime; disable_element=\u00a0\u00bbyes\u00a0\u00bb css=\u00a0\u00bb.vc_custom_1754321697222{margin-top: -20px !important;padding-top: 100px !important;padding-bottom: 110px !important;background-image: url(https:\/\/mundukmodingplantation.com\/wp-content\/uploads\/2025\/06\/home1.webp?id=6810) !important;background-position: center !important;background-repeat: no-repeat !important;background-size: cover !important;}\u00a0\u00bb responsive_css=\u00a0\u00bbpadding_top_large:45%25|padding_bottom_large:0px|margin_top_medium:-17px|padding_top_medium:275px|padding_bottom_medium:275px\u00a0\u00bb el_class=\u00a0\u00bbfluid\u00a0\u00bb][vc_column enable_content_animation=\u00a0\u00bbyes\u00a0\u00bb ca_init_scale_x=\u00a0\u00bb1&Prime; ca_init_scale_y=\u00a0\u00bb1&Prime; ca_init_scale_z=\u00a0\u00bb1&Prime; ca_init_opacity=\u00a0\u00bb0&Prime; ca_an_scale_x=\u00a0\u00bb1&Prime; ca_an_scale_y=\u00a0\u00bb1&Prime; ca_an_scale_z=\u00a0\u00bb1&Prime; ca_an_opacity=\u00a0\u00bb1&Prime; align=\u00a0\u00bbtext-center\u00a0\u00bb ca_duration=\u00a0\u00bb1600&Prime; ca_delay=\u00a0\u00bb160&Prime; ca_init_translate_y=\u00a0\u00bb121&Prime; ca_init_translate_z=\u00a0\u00bb-142&Prime; ca_init_rotate_x=\u00a0\u00bb-85&Prime;][\/vc_column][\/vc_row][vc_row responsive_css=\u00a0\u00bbmargin_bottom_medium:100px|padding_right_medium:0px|padding_left_medium:0px\u00a0\u00bb css=\u00a0\u00bb.vc_custom_1754387919950{margin-top: 48px !important;margin-bottom: 32px !important;padding-right: 15px !important;padding-left: 15px !important;}\u00a0\u00bb][vc_column align=\u00a0\u00bbtext-center\u00a0\u00bb offset=\u00a0\u00bbvc_col-md-offset-2 vc_col-md-8&Prime;]<style>.ld_fancy_heading_69f3a62741a56 .lqd-highlight-inner{height:0.275em;bottom:0px;}<\/style><div class=\"ld-fancy-heading text-center ld_fancy_heading_69f3a62741a56\">\n\t<p class=\"lqd-highlight-underline lqd-highlight-grow-left\" ><span class=\"ld-fh-txt\"> Installations<\/span><\/p><\/div><style>.ld_fancy_heading_69f3a62741fd4 h1{font-size:36px;}.ld_fancy_heading_69f3a62741fd4 h1 {margin-bottom:32px !important;  } .ld_fancy_heading_69f3a62741fd4 .lqd-highlight-inner{height:0.275em;bottom:0px;}.ld_fancy_heading_69f3a62741fd4 h1 {margin-bottom:32px !important;  } <\/style><div class=\"ld-fancy-heading text-center ld_fancy_heading_69f3a62741fd4\">\n\t<h1 class=\"lqd-highlight-underline lqd-highlight-grow-left\" ><span class=\"ld-fh-txt\"> tennis<\/span><\/h1><\/div>[\/vc_column][\/vc_row][vc_row][vc_column]<style>.ld_carousel_69f3a62742120 .carousel-item{width:66.666666666667%;padding-left:15px;padding-right:15px;}.ld_carousel_69f3a62742120 .carousel-items.row{margin-left:-15px;margin-right:-15px;}.ld_carousel_69f3a62742120 .flickity-prev-next-button svg{stroke:rgb(204, 204, 204);}.ld_carousel_69f3a62742120 .flickity-prev-next-button{color:rgb(204, 204, 204);}.ld_carousel_69f3a62742120 .flickity-prev-next-button:hover svg{stroke:rgb(47, 68, 46);}.ld_carousel_69f3a62742120 .flickity-prev-next-button:hover{color:rgb(47, 68, 46);}.ld_carousel_69f3a62742120 .flickity-page-dots{top:auto;right:auto;bottom:-25px;left:auto;}@media (min-width: 992px) {.ld_carousel_69f3a62742120 .carousel-item { width:40% }}<\/style><div id=\"ld_carousel_69f3a62742120\" class=\"carousel-container carousel-nav-floated carousel-nav-center carousel-nav-middle carousel-nav-xl carousel-dots-style1 ld_carousel_69f3a62742120\">\n\n\t<div class=\"carousel-items row\"  data-lqd-flickity='{\"cellAlign\":\"center\",\"prevNextButtons\":true,\"buttonsAppendTo\":\"self\",\"pageDots\":false,\"groupCells\":true,\"wrapAround\":true,\"adaptiveHeight\":true,\"autoPlay\":3000,\"pauseAutoPlayOnHover\":true,\"navArrow\":{\"prev\":\"&lt;i class=\\&quot;fa fa-angle-left\\&quot;&gt;&lt;\/i&gt;\",\"next\":\"&lt;i class=\\&quot;fa fa-angle-right\\&quot;&gt;&lt;\/i&gt;\"},\"navOffsets\":{\"prev\":\"-7%\",\"next\":\"-7%\"}}' >\n\t<p>[vc_single_image image=\u00a0\u00bb10895&Prime; img_size=\u00a0\u00bbfull\u00a0\u00bb css=\u00a0\u00bb\u00a0\u00bb][vc_single_image image=\u00a0\u00bb9583&Prime; img_size=\u00a0\u00bbfull\u00a0\u00bb css=\u00a0\u00bb\u00a0\u00bb][vc_single_image image=\u00a0\u00bb10896&Prime; img_size=\u00a0\u00bbfull\u00a0\u00bb css=\u00a0\u00bb\u00a0\u00bb][vc_single_image image=\u00a0\u00bb10897&Prime; img_size=\u00a0\u00bbfull\u00a0\u00bb css=\u00a0\u00bb\u00a0\u00bb]<\/p>\n\t<\/div>\n\n<\/div>[\/vc_column][\/vc_row][vc_row responsive_css=\u00a0\u00bbpadding_right_medium:0px|padding_left_medium:0px\u00a0\u00bb css=\u00a0\u00bb.vc_custom_1754387452989{padding-right: 15px !important;padding-left: 15px !important;}\u00a0\u00bb][vc_column][vc_column_text css=\u00a0\u00bb\u00a0\u00bb]Restez actif au Munduk Moding Plantation ! Notre court de tennis est l&rsquo;endroit parfait pour un match amical avec des amis, la famille ou d&rsquo;autres clients. <\/p>\n<p>R\u00e9servez votre cr\u00e9neau de court avec votre majordome ou \u00e0 la r\u00e9ception.[\/vc_column_text][vc_empty_space]<style>@media (min-width: 992px) { .ld_fancy_heading_69f3a62742362 h3 {margin-bottom:52px !important;  }  } .ld_fancy_heading_69f3a62742362 .lqd-highlight-inner{height:0.275em;bottom:0px;}@media (min-width: 992px) { .ld_fancy_heading_69f3a62742362 h3 {margin-bottom:52px !important;  }  } <\/style><div class=\"ld-fancy-heading text-center ld_fancy_heading_69f3a62742362\">\n\t<h3 class=\"lqd-highlight-underline lqd-highlight-grow-left h6\" ><span class=\"ld-fh-txt\"> Tennis court hours: 9 AM to 9 PM<\/span><\/h3><\/div>[\/vc_column][\/vc_row][vc_row css=\u00a0\u00bb.vc_custom_1754848295553{margin-bottom: 32px !important;}\u00a0\u00bb][vc_column align=\u00a0\u00bbtext-center\u00a0\u00bb]<style>.ld_button_69f3a627425a3.btn-icon-solid .btn-icon{background:rgb(61, 61, 60);}.ld_button_69f3a627425a3.btn-icon-circle.btn-icon-ripple .btn-icon:before{border-color:rgb(61, 61, 60);}.ld_button_69f3a627425a3{color:rgb(61, 61, 60);}.ld_button_69f3a627425a3:before{background:rgb(61, 61, 60);}.ld_button_69f3a627425a3.btn-bordered{border-color:rgb(61, 61, 60);}<\/style><a href=\"https:\/\/mundukmodingplantation.com\/facilities\/\" title=\"Facilities\" class=\"btn btn-underlined btn-bordered border-thin ld_button_69f3a627425a3\">\n\t<span>\n\t\t\n\t\t\t\t\t<span class=\"btn-txt\">Retour \u00e0 la liste des installations<\/span>\n\t\t\t\n\t\t\t\t<\/span>\n<\/a>\n[\/vc_column][\/vc_row]<\/p>\n<\/div>","protected":false},"excerpt":{"rendered":"<p>[vc_row full_width=\u00a0\u00bbstretch_row\u00a0\u00bb equal_height=\u00a0\u00bbyes\u00a0\u00bb video_bg=\u00a0\u00bbyes\u00a0\u00bb video_local_mp4_url=\u00a0\u00bbhttps:\/\/mundukmodingplantation.com\/wp-content\/uploads\/2025\/06\/Branding-MMP.mp4&Prime; disable_element=\u00a0\u00bbyes\u00a0\u00bb css=\u00a0\u00bb.vc_custom_1754321697222{margin-top: -20px !important;padding-top: 100px !important;padding-bottom: 110px !important;background-image: url(https:\/\/mundukmodingplantation.com\/wp-content\/uploads\/2025\/06\/home1.webp?id=6810) !important;background-position:&#8230;<\/p>\n","protected":false},"author":3,"featured_media":0,"parent":11578,"menu_order":0,"comment_status":"closed","ping_status":"closed","template":"","meta":{"footnotes":""},"class_list":["post-11787","page","type-page","status-publish","hentry"],"yoast_head":"<!-- This site is optimized with the Yoast SEO plugin v27.4 - https:\/\/yoast.com\/product\/yoast-seo-wordpress\/ -->\n<title>Tennis - Munduk Moding Plantation<\/title>\n<meta name=\"description\" content=\"Restez actif au MMP avec le tennis, r\u00e9servez par votre majordome ou \u00e0 la r\u00e9ception. Court ouvert tous les jours de 9h \u00e0 21h avec vue panoramique sur la plantation et la for\u00eat...\" \/>\n<meta name=\"robots\" content=\"index, follow, max-snippet:-1, max-image-preview:large, max-video-preview:-1\" \/>\n<link rel=\"canonical\" href=\"https:\/\/mundukmodingplantation.com\/fr\/equipements\/tennis\/\" \/>\n<meta property=\"og:locale\" content=\"fr_FR\" \/>\n<meta property=\"og:type\" content=\"article\" \/>\n<meta property=\"og:title\" content=\"Tennis - Munduk Moding Plantation\" \/>\n<meta property=\"og:description\" content=\"Restez actif au MMP avec le tennis, r\u00e9servez par votre majordome ou \u00e0 la r\u00e9ception. Court ouvert tous les jours de 9h \u00e0 21h avec vue panoramique sur la plantation et la for\u00eat...\" \/>\n<meta property=\"og:url\" content=\"https:\/\/mundukmodingplantation.com\/fr\/equipements\/tennis\/\" \/>\n<meta property=\"og:site_name\" content=\"Munduk Moding Plantation\" \/>\n<meta property=\"article:modified_time\" content=\"2025-10-30T04:49:32+00:00\" \/>\n<meta property=\"og:image\" content=\"https:\/\/mundukmodingplantation.com\/wp-content\/uploads\/2025\/06\/home1.webp\" \/>\n\t<meta property=\"og:image:width\" content=\"1920\" \/>\n\t<meta property=\"og:image:height\" content=\"1280\" \/>\n\t<meta property=\"og:image:type\" content=\"image\/webp\" \/>\n<meta name=\"twitter:card\" content=\"summary_large_image\" \/>\n<meta name=\"twitter:label1\" content=\"Dur\u00e9e de lecture estim\u00e9e\" \/>\n\t<meta name=\"twitter:data1\" content=\"2 minutes\" \/>\n<script type=\"application\/ld+json\" class=\"yoast-schema-graph\">{\"@context\":\"https:\\\/\\\/schema.org\",\"@graph\":[{\"@type\":\"WebPage\",\"@id\":\"https:\\\/\\\/mundukmodingplantation.com\\\/fr\\\/equipements\\\/tennis\\\/\",\"url\":\"https:\\\/\\\/mundukmodingplantation.com\\\/fr\\\/equipements\\\/tennis\\\/\",\"name\":\"Tennis - Munduk Moding Plantation\",\"isPartOf\":{\"@id\":\"https:\\\/\\\/mundukmodingplantation.com\\\/fr\\\/#website\"},\"datePublished\":\"2025-08-10T18:48:36+00:00\",\"dateModified\":\"2025-10-30T04:49:32+00:00\",\"description\":\"Restez actif au MMP avec le tennis, r\u00e9servez par votre majordome ou \u00e0 la r\u00e9ception. Court ouvert tous les jours de 9h \u00e0 21h avec vue panoramique sur la plantation et la for\u00eat...\",\"breadcrumb\":{\"@id\":\"https:\\\/\\\/mundukmodingplantation.com\\\/fr\\\/equipements\\\/tennis\\\/#breadcrumb\"},\"inLanguage\":\"fr-FR\",\"potentialAction\":[{\"@type\":\"ReadAction\",\"target\":[\"https:\\\/\\\/mundukmodingplantation.com\\\/fr\\\/equipements\\\/tennis\\\/\"]}]},{\"@type\":\"BreadcrumbList\",\"@id\":\"https:\\\/\\\/mundukmodingplantation.com\\\/fr\\\/equipements\\\/tennis\\\/#breadcrumb\",\"itemListElement\":[{\"@type\":\"ListItem\",\"position\":1,\"name\":\"Home\",\"item\":\"https:\\\/\\\/mundukmodingplantation.com\\\/fr\\\/homenew\\\/\"},{\"@type\":\"ListItem\",\"position\":2,\"name\":\"\u00c9quipements\",\"item\":\"https:\\\/\\\/mundukmodingplantation.com\\\/fr\\\/equipements\\\/\"},{\"@type\":\"ListItem\",\"position\":3,\"name\":\"Tennis\"}]},{\"@type\":\"WebSite\",\"@id\":\"https:\\\/\\\/mundukmodingplantation.com\\\/fr\\\/#website\",\"url\":\"https:\\\/\\\/mundukmodingplantation.com\\\/fr\\\/\",\"name\":\"Munduk Moding Plantation\",\"description\":\"Nature Resort\",\"potentialAction\":[{\"@type\":\"SearchAction\",\"target\":{\"@type\":\"EntryPoint\",\"urlTemplate\":\"https:\\\/\\\/mundukmodingplantation.com\\\/fr\\\/?s={search_term_string}\"},\"query-input\":{\"@type\":\"PropertyValueSpecification\",\"valueRequired\":true,\"valueName\":\"search_term_string\"}}],\"inLanguage\":\"fr-FR\"}]}<\/script>\n<!-- \/ Yoast SEO plugin. -->","yoast_head_json":{"title":"Tennis - Munduk Moding Plantation","description":"Restez actif au MMP avec le tennis, r\u00e9servez par votre majordome ou \u00e0 la r\u00e9ception. Court ouvert tous les jours de 9h \u00e0 21h avec vue panoramique sur la plantation et la for\u00eat...","robots":{"index":"index","follow":"follow","max-snippet":"max-snippet:-1","max-image-preview":"max-image-preview:large","max-video-preview":"max-video-preview:-1"},"canonical":"https:\/\/mundukmodingplantation.com\/fr\/equipements\/tennis\/","og_locale":"fr_FR","og_type":"article","og_title":"Tennis - Munduk Moding Plantation","og_description":"Restez actif au MMP avec le tennis, r\u00e9servez par votre majordome ou \u00e0 la r\u00e9ception. Court ouvert tous les jours de 9h \u00e0 21h avec vue panoramique sur la plantation et la for\u00eat...","og_url":"https:\/\/mundukmodingplantation.com\/fr\/equipements\/tennis\/","og_site_name":"Munduk Moding Plantation","article_modified_time":"2025-10-30T04:49:32+00:00","og_image":[{"width":1920,"height":1280,"url":"https:\/\/mundukmodingplantation.com\/wp-content\/uploads\/2025\/06\/home1.webp","type":"image\/webp"}],"twitter_card":"summary_large_image","twitter_misc":{"Dur\u00e9e de lecture estim\u00e9e":"2 minutes"},"schema":{"@context":"https:\/\/schema.org","@graph":[{"@type":"WebPage","@id":"https:\/\/mundukmodingplantation.com\/fr\/equipements\/tennis\/","url":"https:\/\/mundukmodingplantation.com\/fr\/equipements\/tennis\/","name":"Tennis - Munduk Moding Plantation","isPartOf":{"@id":"https:\/\/mundukmodingplantation.com\/fr\/#website"},"datePublished":"2025-08-10T18:48:36+00:00","dateModified":"2025-10-30T04:49:32+00:00","description":"Restez actif au MMP avec le tennis, r\u00e9servez par votre majordome ou \u00e0 la r\u00e9ception. Court ouvert tous les jours de 9h \u00e0 21h avec vue panoramique sur la plantation et la for\u00eat...","breadcrumb":{"@id":"https:\/\/mundukmodingplantation.com\/fr\/equipements\/tennis\/#breadcrumb"},"inLanguage":"fr-FR","potentialAction":[{"@type":"ReadAction","target":["https:\/\/mundukmodingplantation.com\/fr\/equipements\/tennis\/"]}]},{"@type":"BreadcrumbList","@id":"https:\/\/mundukmodingplantation.com\/fr\/equipements\/tennis\/#breadcrumb","itemListElement":[{"@type":"ListItem","position":1,"name":"Home","item":"https:\/\/mundukmodingplantation.com\/fr\/homenew\/"},{"@type":"ListItem","position":2,"name":"\u00c9quipements","item":"https:\/\/mundukmodingplantation.com\/fr\/equipements\/"},{"@type":"ListItem","position":3,"name":"Tennis"}]},{"@type":"WebSite","@id":"https:\/\/mundukmodingplantation.com\/fr\/#website","url":"https:\/\/mundukmodingplantation.com\/fr\/","name":"Munduk Moding Plantation","description":"Nature Resort","potentialAction":[{"@type":"SearchAction","target":{"@type":"EntryPoint","urlTemplate":"https:\/\/mundukmodingplantation.com\/fr\/?s={search_term_string}"},"query-input":{"@type":"PropertyValueSpecification","valueRequired":true,"valueName":"search_term_string"}}],"inLanguage":"fr-FR"}]}},"_links":{"self":[{"href":"https:\/\/mundukmodingplantation.com\/fr\/wp-json\/wp\/v2\/pages\/11787","targetHints":{"allow":["GET"]}}],"collection":[{"href":"https:\/\/mundukmodingplantation.com\/fr\/wp-json\/wp\/v2\/pages"}],"about":[{"href":"https:\/\/mundukmodingplantation.com\/fr\/wp-json\/wp\/v2\/types\/page"}],"author":[{"embeddable":true,"href":"https:\/\/mundukmodingplantation.com\/fr\/wp-json\/wp\/v2\/users\/3"}],"replies":[{"embeddable":true,"href":"https:\/\/mundukmodingplantation.com\/fr\/wp-json\/wp\/v2\/comments?post=11787"}],"version-history":[{"count":9,"href":"https:\/\/mundukmodingplantation.com\/fr\/wp-json\/wp\/v2\/pages\/11787\/revisions"}],"predecessor-version":[{"id":11818,"href":"https:\/\/mundukmodingplantation.com\/fr\/wp-json\/wp\/v2\/pages\/11787\/revisions\/11818"}],"up":[{"embeddable":true,"href":"https:\/\/mundukmodingplantation.com\/fr\/wp-json\/wp\/v2\/pages\/11578"}],"wp:attachment":[{"href":"https:\/\/mundukmodingplantation.com\/fr\/wp-json\/wp\/v2\/media?parent=11787"}],"curies":[{"name":"wp","href":"https:\/\/api.w.org\/{rel}","templated":true}]}}