{"id":9077,"date":"2025-08-08T11:36:59","date_gmt":"2025-08-08T03:36:59","guid":{"rendered":"https:\/\/mundukmodingplantation.com\/activites-mmp\/"},"modified":"2026-01-01T15:39:07","modified_gmt":"2026-01-01T07:39:07","slug":"activites-mmp","status":"publish","type":"page","link":"https:\/\/mundukmodingplantation.com\/fr\/activites-mmp\/","title":{"rendered":"Activit\u00e9s MMP"},"content":{"rendered":"<div class=\"wpb-content-wrapper\"><p>[vc_row full_width=\u00a0\u00bbstretch_row\u00a0\u00bb equal_height=\u00a0\u00bbyes\u00a0\u00bb video_bg=\u00a0\u00bbyes\u00a0\u00bb video_local_mp4_url=\u00a0\u00bbhttps:\/\/mundukmodingplantation.com\/wp-content\/uploads\/2025\/06\/Branding-MMP.mp4&Prime; disable_element=\u00a0\u00bbyes\u00a0\u00bb css=\u00a0\u00bb.vc_custom_1754321697222{margin-top: -20px !important;padding-top: 100px !important;padding-bottom: 110px !important;background-image: url(https:\/\/mundukmodingplantation.com\/wp-content\/uploads\/2025\/06\/home1.webp?id=6810) !important;background-position: center !important;background-repeat: no-repeat !important;background-size: cover !important;}\u00a0\u00bb responsive_css=\u00a0\u00bbpadding_top_large:45%25|padding_bottom_large:0px|margin_top_medium:-17px|padding_top_medium:275px|padding_bottom_medium:275px\u00a0\u00bb el_class=\u00a0\u00bbfluid\u00a0\u00bb][vc_column enable_content_animation=\u00a0\u00bbyes\u00a0\u00bb ca_init_scale_x=\u00a0\u00bb1&Prime; ca_init_scale_y=\u00a0\u00bb1&Prime; ca_init_scale_z=\u00a0\u00bb1&Prime; ca_init_opacity=\u00a0\u00bb0&Prime; ca_an_scale_x=\u00a0\u00bb1&Prime; ca_an_scale_y=\u00a0\u00bb1&Prime; ca_an_scale_z=\u00a0\u00bb1&Prime; ca_an_opacity=\u00a0\u00bb1&Prime; align=\u00a0\u00bbtext-center\u00a0\u00bb ca_duration=\u00a0\u00bb1600&Prime; ca_delay=\u00a0\u00bb160&Prime; ca_init_translate_y=\u00a0\u00bb121&Prime; ca_init_translate_z=\u00a0\u00bb-142&Prime; ca_init_rotate_x=\u00a0\u00bb-85&Prime;][\/vc_column][\/vc_row][vc_row responsive_css=\u00a0\u00bbmargin_bottom_medium:100px|padding_right_medium:0px|padding_left_medium:0px\u00a0\u00bb css=\u00a0\u00bb.vc_custom_1754387919950{margin-top: 48px !important;margin-bottom: 32px !important;padding-right: 15px !important;padding-left: 15px !important;}\u00a0\u00bb][vc_column align=\u00a0\u00bbtext-center\u00a0\u00bb offset=\u00a0\u00bbvc_col-md-offset-2 vc_col-md-8&Prime;]<style>.ld_fancy_heading_69e1ed9027773 h1{font-size:36px;}.ld_fancy_heading_69e1ed9027773 h1 {margin-bottom:32px !important;  } .ld_fancy_heading_69e1ed9027773 .lqd-highlight-inner{height:0.275em;bottom:0px;}.ld_fancy_heading_69e1ed9027773 h1 {margin-bottom:32px !important;  } <\/style><div class=\"ld-fancy-heading text-center ld_fancy_heading_69e1ed9027773\">\n\t<h1 class=\"lqd-highlight-underline lqd-highlight-grow-left\" ><span class=\"ld-fh-txt\"> MMP Activities<\/span><\/h1><\/div>[vc_column_text css=\u00a0\u00bb\u00a0\u00bb]En plus de notre <a href=\"https:\/\/mundukmodingplantation.com\/wp-content\/uploads\/2026\/01\/A4-MMP-Experience-Schedule-Resort-Map-Updated-on-January-01-2026-2.pdf\">Programme d&rsquo;Exp\u00e9rience MMP<\/a>, immergez-vous au c\u0153ur de Bali avec nos exp\u00e9riences personnalis\u00e9es. De l&rsquo;exploration des temples anciens aux randonn\u00e9es dans les for\u00eats tropicales luxuriantes, nos itin\u00e9raires personnalis\u00e9s offrent une occasion unique de se connecter \u00e0 la riche culture de l&rsquo;\u00eele et \u00e0 sa beaut\u00e9 naturelle \u00e9poustouflante.[\/vc_column_text][\/vc_column][\/vc_row][vc_row content_placement=\u00a0\u00bbmiddle\u00a0\u00bb responsive_css=\u00a0\u00bbmargin_bottom_medium:65px|padding_right_medium:0px|padding_left_medium:0px\u00a0\u00bb css=\u00a0\u00bb.vc_custom_1754613502366{margin-bottom: 32px !important;padding-right: 15px !important;padding-left: 15px !important;}\u00a0\u00bb][vc_column width=\u00a0\u00bb3\/5&Prime;][vc_single_image image=\u00a0\u00bb9078&Prime; img_size=\u00a0\u00bbfull\u00a0\u00bb css=\u00a0\u00bb\u00a0\u00bb][\/vc_column][vc_column width=\u00a0\u00bb2\/5&Prime;]<style>.ld_fancy_heading_69e1ed9027cf2 h3{font-size:24px;}.ld_fancy_heading_69e1ed9027cf2 .lqd-highlight-inner{height:0.275em;bottom:0px;}<\/style><div class=\"ld-fancy-heading ld_fancy_heading_69e1ed9027cf2\">\n\t<h3 class=\"lqd-highlight-underline lqd-highlight-grow-left\" ><span class=\"ld-fh-txt\"> Trekking<\/span><\/h3><\/div>[vc_column_text css=\u00a0\u00bb\u00a0\u00bb]De nombreuses randonn\u00e9es spectaculaires sont propos\u00e9es vers des cascades magnifiques, des lacs de montagne sereins, des temples anciens nich\u00e9s dans la for\u00eat tropicale, et certaines des rizi\u00e8res en terrasses les plus pittoresques de Bali. Ces excursions s&rsquo;adaptent \u00e0 tous les niveaux de condition physique.[\/vc_column_text][vc_empty_space height=\u00a0\u00bb15px\u00a0\u00bb]<style>.ld_button_69e1ed9027e2d.btn-icon-solid .btn-icon{background:rgb(61, 61, 60);}.ld_button_69e1ed9027e2d.btn-icon-circle.btn-icon-ripple .btn-icon:before{border-color:rgb(61, 61, 60);}.ld_button_69e1ed9027e2d{color:rgb(61, 61, 60);}.ld_button_69e1ed9027e2d:before{background:rgb(61, 61, 60);}.ld_button_69e1ed9027e2d.btn-bordered{border-color:rgb(61, 61, 60);}<\/style><a href=\"https:\/\/mundukmodingplantation.com\/mmp-activities\/trekking\/\" title=\"Trekking\" class=\"btn btn-underlined btn-bordered border-thin ld_button_69e1ed9027e2d\">\n\t<span>\n\t\t\n\t\t\t\t\t<span class=\"btn-txt\">Learn More<\/span>\n\t\t\t\n\t\t\t\t<\/span>\n<\/a>\n[vc_empty_space][\/vc_column][\/vc_row][vc_row content_placement=\u00a0\u00bbmiddle\u00a0\u00bb responsive_css=\u00a0\u00bbmargin_bottom_medium:65px|padding_right_medium:0px|padding_left_medium:0px\u00a0\u00bb css=\u00a0\u00bb.vc_custom_1754892354164{margin-bottom: 32px !important;padding-right: 15px !important;padding-left: 15px !important;}\u00a0\u00bb el_class=\u00a0\u00bborder-mobile\u00a0\u00bb][vc_column width=\u00a0\u00bb2\/5&Prime;]<style>.ld_fancy_heading_69e1ed9028051 h3{font-size:24px;}.ld_fancy_heading_69e1ed9028051 .lqd-highlight-inner{height:0.275em;bottom:0px;}<\/style><div class=\"ld-fancy-heading ld_fancy_heading_69e1ed9028051\">\n\t<h3 class=\"lqd-highlight-underline lqd-highlight-grow-left\" ><span class=\"ld-fh-txt\"> Cycling Tours<\/span><\/h3><\/div>[vc_column_text css=\u00a0\u00bb\u00a0\u00bb]Lancez-vous dans des aventures palpitantes de VTT \u00e0 travers les paysages \u00e0 couper le souffle du nord de Bali. Nos circuits guid\u00e9s \u00e0 v\u00e9lo offrent une occasion unique d&rsquo;explorer des sentiers cach\u00e9s, des for\u00eats tropicales luxuriantes et des panoramas stup\u00e9fiants.[\/vc_column_text][vc_empty_space height=\u00a0\u00bb15px\u00a0\u00bb]<style>.ld_button_69e1ed902825f.btn-icon-solid .btn-icon{background:rgb(61, 61, 60);}.ld_button_69e1ed902825f.btn-icon-circle.btn-icon-ripple .btn-icon:before{border-color:rgb(61, 61, 60);}.ld_button_69e1ed902825f{color:rgb(61, 61, 60);}.ld_button_69e1ed902825f:before{background:rgb(61, 61, 60);}.ld_button_69e1ed902825f.btn-bordered{border-color:rgb(61, 61, 60);}<\/style><a href=\"https:\/\/mundukmodingplantation.com\/mmp-activities\/cycling-tours\/\" title=\"Cycling Tours\" class=\"btn btn-underlined btn-bordered border-thin ld_button_69e1ed902825f\">\n\t<span>\n\t\t\n\t\t\t\t\t<span class=\"btn-txt\">Learn More<\/span>\n\t\t\t\n\t\t\t\t<\/span>\n<\/a>\n[vc_empty_space][\/vc_column][vc_column width=\u00a0\u00bb3\/5&Prime;][vc_single_image image=\u00a0\u00bb9079&Prime; img_size=\u00a0\u00bbfull\u00a0\u00bb css=\u00a0\u00bb\u00a0\u00bb][\/vc_column][\/vc_row][vc_row content_placement=\u00a0\u00bbmiddle\u00a0\u00bb responsive_css=\u00a0\u00bbmargin_bottom_medium:65px|padding_right_medium:0px|padding_left_medium:0px\u00a0\u00bb css=\u00a0\u00bb.vc_custom_1754613502366{margin-bottom: 32px !important;padding-right: 15px !important;padding-left: 15px !important;}\u00a0\u00bb][vc_column width=\u00a0\u00bb3\/5&Prime;][vc_single_image image=\u00a0\u00bb9080&Prime; img_size=\u00a0\u00bbfull\u00a0\u00bb css=\u00a0\u00bb\u00a0\u00bb][\/vc_column][vc_column width=\u00a0\u00bb2\/5&Prime;]<style>.ld_fancy_heading_69e1ed902848d h3{font-size:24px;}.ld_fancy_heading_69e1ed902848d .lqd-highlight-inner{height:0.275em;bottom:0px;}<\/style><div class=\"ld-fancy-heading ld_fancy_heading_69e1ed902848d\">\n\t<h3 class=\"lqd-highlight-underline lqd-highlight-grow-left\" ><span class=\"ld-fh-txt\"> Horseback Riding at Munduk Moding Plantation<\/span><\/h3><\/div>[vc_column_text css=\u00a0\u00bb\u00a0\u00bb]Mettez-vous en selle et explorez les paysages magnifiques de Gobleg. Nos guides exp\u00e9riment\u00e9s et nos chevaux dociles vous conduiront \u00e0 travers des collines verdoyantes, des lacs paisibles et des for\u00eats vierges.[\/vc_column_text][vc_empty_space height=\u00a0\u00bb15px\u00a0\u00bb]<style>.ld_button_69e1ed9028683.btn-icon-solid .btn-icon{background:rgb(61, 61, 60);}.ld_button_69e1ed9028683.btn-icon-circle.btn-icon-ripple .btn-icon:before{border-color:rgb(61, 61, 60);}.ld_button_69e1ed9028683{color:rgb(61, 61, 60);}.ld_button_69e1ed9028683:before{background:rgb(61, 61, 60);}.ld_button_69e1ed9028683.btn-bordered{border-color:rgb(61, 61, 60);}<\/style><a href=\"https:\/\/mundukmodingplantation.com\/mmp-activities\/horseback-riding-at-munduk-moding-plantation\/\" title=\"Horseback Riding at Munduk Moding Plantation\" class=\"btn btn-underlined btn-bordered border-thin ld_button_69e1ed9028683\">\n\t<span>\n\t\t\n\t\t\t\t\t<span class=\"btn-txt\">Learn More<\/span>\n\t\t\t\n\t\t\t\t<\/span>\n<\/a>\n[vc_empty_space][\/vc_column][\/vc_row][vc_row content_placement=\u00a0\u00bbmiddle\u00a0\u00bb responsive_css=\u00a0\u00bbmargin_bottom_medium:65px|padding_right_medium:0px|padding_left_medium:0px\u00a0\u00bb css=\u00a0\u00bb.vc_custom_1754892387060{margin-bottom: 32px !important;padding-right: 15px !important;padding-left: 15px !important;}\u00a0\u00bb el_class=\u00a0\u00bborder-mobile\u00a0\u00bb][vc_column width=\u00a0\u00bb2\/5&Prime;]<style>.ld_fancy_heading_69e1ed9028ad5 h3{font-size:24px;}.ld_fancy_heading_69e1ed9028ad5 .lqd-highlight-inner{height:0.275em;bottom:0px;}<\/style><div class=\"ld-fancy-heading ld_fancy_heading_69e1ed9028ad5\">\n\t<h3 class=\"lqd-highlight-underline lqd-highlight-grow-left\" ><span class=\"ld-fh-txt\"> Tours \u2013 Your Personalized Bali Adventure<\/span><\/h3><\/div>[vc_column_text css=\u00a0\u00bb\u00a0\u00bb]Partagez avec nous vos r\u00eaves de vacances \u00e0 Bali. Notre \u00e9quipe \u00e9laborera un itin\u00e9raire sur mesure ou vous pourrez explorer nos circuits soigneusement con\u00e7us, destin\u00e9s \u00e0 mettre en valeur le meilleur que cette \u00eele exceptionnelle a \u00e0 offrir.[\/vc_column_text][vc_empty_space height=\u00a0\u00bb15px\u00a0\u00bb]<style>.ld_button_69e1ed9028cea.btn-icon-solid .btn-icon{background:rgb(61, 61, 60);}.ld_button_69e1ed9028cea.btn-icon-circle.btn-icon-ripple .btn-icon:before{border-color:rgb(61, 61, 60);}.ld_button_69e1ed9028cea{color:rgb(61, 61, 60);}.ld_button_69e1ed9028cea:before{background:rgb(61, 61, 60);}.ld_button_69e1ed9028cea.btn-bordered{border-color:rgb(61, 61, 60);}<\/style><a href=\"https:\/\/mundukmodingplantation.com\/mmp-activities\/other-tours\/\" title=\"Tours\" class=\"btn btn-underlined btn-bordered border-thin ld_button_69e1ed9028cea\">\n\t<span>\n\t\t\n\t\t\t\t\t<span class=\"btn-txt\">Learn More<\/span>\n\t\t\t\n\t\t\t\t<\/span>\n<\/a>\n[vc_empty_space][\/vc_column][vc_column width=\u00a0\u00bb3\/5&Prime;][vc_single_image image=\u00a0\u00bb9081&Prime; img_size=\u00a0\u00bbfull\u00a0\u00bb css=\u00a0\u00bb\u00a0\u00bb][\/vc_column][\/vc_row]<\/p>\n<\/div>","protected":false},"excerpt":{"rendered":"<p>[vc_row full_width=\u00a0\u00bbstretch_row\u00a0\u00bb equal_height=\u00a0\u00bbyes\u00a0\u00bb video_bg=\u00a0\u00bbyes\u00a0\u00bb video_local_mp4_url=\u00a0\u00bbhttps:\/\/mundukmodingplantation.com\/wp-content\/uploads\/2025\/06\/Branding-MMP.mp4&Prime; disable_element=\u00a0\u00bbyes\u00a0\u00bb css=\u00a0\u00bb.vc_custom_1754321697222{margin-top: -20px !important;padding-top: 100px !important;padding-bottom: 110px !important;background-image: url(https:\/\/mundukmodingplantation.com\/wp-content\/uploads\/2025\/06\/home1.webp?id=6810) !important;background-position:&#8230;<\/p>\n","protected":false},"author":3,"featured_media":0,"parent":0,"menu_order":0,"comment_status":"closed","ping_status":"closed","template":"","meta":{"footnotes":""},"class_list":["post-9077","page","type-page","status-publish","hentry"],"yoast_head":"<!-- This site is optimized with the Yoast SEO plugin v27.4 - https:\/\/yoast.com\/product\/yoast-seo-wordpress\/ -->\n<title>Activit\u00e9s MMP | Munduk Moding Plantation<\/title>\n<meta name=\"description\" content=\"D\u00e9couvrez les activit\u00e9s MMP. Randonn\u00e9es, circuits \u00e0 v\u00e9lo, \u00e9quitation et visites guid\u00e9es aux cascades et temples dans les hautes terres luxuriantes de Bali...\" \/>\n<meta name=\"robots\" content=\"index, follow, max-snippet:-1, max-image-preview:large, max-video-preview:-1\" \/>\n<link rel=\"canonical\" href=\"https:\/\/mundukmodingplantation.com\/fr\/activites-mmp\/\" \/>\n<meta property=\"og:locale\" content=\"fr_FR\" \/>\n<meta property=\"og:type\" content=\"article\" \/>\n<meta property=\"og:title\" content=\"Activit\u00e9s MMP | Munduk Moding Plantation\" \/>\n<meta property=\"og:description\" content=\"D\u00e9couvrez les activit\u00e9s MMP. Randonn\u00e9es, circuits \u00e0 v\u00e9lo, \u00e9quitation et visites guid\u00e9es aux cascades et temples dans les hautes terres luxuriantes de Bali...\" \/>\n<meta property=\"og:url\" content=\"https:\/\/mundukmodingplantation.com\/fr\/activites-mmp\/\" \/>\n<meta property=\"og:site_name\" content=\"Munduk Moding Plantation\" \/>\n<meta property=\"article:modified_time\" content=\"2026-01-01T07:39:07+00:00\" \/>\n<meta property=\"og:image\" content=\"https:\/\/mundukmodingplantation.com\/wp-content\/uploads\/2025\/06\/home1.webp\" \/>\n\t<meta property=\"og:image:width\" content=\"1920\" \/>\n\t<meta property=\"og:image:height\" content=\"1280\" \/>\n\t<meta property=\"og:image:type\" content=\"image\/webp\" \/>\n<meta name=\"twitter:card\" content=\"summary_large_image\" \/>\n<meta name=\"twitter:label1\" content=\"Dur\u00e9e de lecture estim\u00e9e\" \/>\n\t<meta name=\"twitter:data1\" content=\"4 minutes\" \/>\n<script type=\"application\/ld+json\" class=\"yoast-schema-graph\">{\"@context\":\"https:\\\/\\\/schema.org\",\"@graph\":[{\"@type\":\"WebPage\",\"@id\":\"https:\\\/\\\/mundukmodingplantation.com\\\/fr\\\/activites-mmp\\\/\",\"url\":\"https:\\\/\\\/mundukmodingplantation.com\\\/fr\\\/activites-mmp\\\/\",\"name\":\"Activit\u00e9s MMP | Munduk Moding Plantation\",\"isPartOf\":{\"@id\":\"https:\\\/\\\/mundukmodingplantation.com\\\/fr\\\/#website\"},\"datePublished\":\"2025-08-08T03:36:59+00:00\",\"dateModified\":\"2026-01-01T07:39:07+00:00\",\"description\":\"D\u00e9couvrez les activit\u00e9s MMP. Randonn\u00e9es, circuits \u00e0 v\u00e9lo, \u00e9quitation et visites guid\u00e9es aux cascades et temples dans les hautes terres luxuriantes de Bali...\",\"breadcrumb\":{\"@id\":\"https:\\\/\\\/mundukmodingplantation.com\\\/fr\\\/activites-mmp\\\/#breadcrumb\"},\"inLanguage\":\"fr-FR\",\"potentialAction\":[{\"@type\":\"ReadAction\",\"target\":[\"https:\\\/\\\/mundukmodingplantation.com\\\/fr\\\/activites-mmp\\\/\"]}]},{\"@type\":\"BreadcrumbList\",\"@id\":\"https:\\\/\\\/mundukmodingplantation.com\\\/fr\\\/activites-mmp\\\/#breadcrumb\",\"itemListElement\":[{\"@type\":\"ListItem\",\"position\":1,\"name\":\"Home\",\"item\":\"https:\\\/\\\/mundukmodingplantation.com\\\/fr\\\/homenew\\\/\"},{\"@type\":\"ListItem\",\"position\":2,\"name\":\"Activit\u00e9s MMP\"}]},{\"@type\":\"WebSite\",\"@id\":\"https:\\\/\\\/mundukmodingplantation.com\\\/fr\\\/#website\",\"url\":\"https:\\\/\\\/mundukmodingplantation.com\\\/fr\\\/\",\"name\":\"Munduk Moding Plantation\",\"description\":\"Nature Resort\",\"potentialAction\":[{\"@type\":\"SearchAction\",\"target\":{\"@type\":\"EntryPoint\",\"urlTemplate\":\"https:\\\/\\\/mundukmodingplantation.com\\\/fr\\\/?s={search_term_string}\"},\"query-input\":{\"@type\":\"PropertyValueSpecification\",\"valueRequired\":true,\"valueName\":\"search_term_string\"}}],\"inLanguage\":\"fr-FR\"}]}<\/script>\n<!-- \/ Yoast SEO plugin. -->","yoast_head_json":{"title":"Activit\u00e9s MMP | Munduk Moding Plantation","description":"D\u00e9couvrez les activit\u00e9s MMP. Randonn\u00e9es, circuits \u00e0 v\u00e9lo, \u00e9quitation et visites guid\u00e9es aux cascades et temples dans les hautes terres luxuriantes de Bali...","robots":{"index":"index","follow":"follow","max-snippet":"max-snippet:-1","max-image-preview":"max-image-preview:large","max-video-preview":"max-video-preview:-1"},"canonical":"https:\/\/mundukmodingplantation.com\/fr\/activites-mmp\/","og_locale":"fr_FR","og_type":"article","og_title":"Activit\u00e9s MMP | Munduk Moding Plantation","og_description":"D\u00e9couvrez les activit\u00e9s MMP. Randonn\u00e9es, circuits \u00e0 v\u00e9lo, \u00e9quitation et visites guid\u00e9es aux cascades et temples dans les hautes terres luxuriantes de Bali...","og_url":"https:\/\/mundukmodingplantation.com\/fr\/activites-mmp\/","og_site_name":"Munduk Moding Plantation","article_modified_time":"2026-01-01T07:39:07+00:00","og_image":[{"width":1920,"height":1280,"url":"https:\/\/mundukmodingplantation.com\/wp-content\/uploads\/2025\/06\/home1.webp","type":"image\/webp"}],"twitter_card":"summary_large_image","twitter_misc":{"Dur\u00e9e de lecture estim\u00e9e":"4 minutes"},"schema":{"@context":"https:\/\/schema.org","@graph":[{"@type":"WebPage","@id":"https:\/\/mundukmodingplantation.com\/fr\/activites-mmp\/","url":"https:\/\/mundukmodingplantation.com\/fr\/activites-mmp\/","name":"Activit\u00e9s MMP | Munduk Moding Plantation","isPartOf":{"@id":"https:\/\/mundukmodingplantation.com\/fr\/#website"},"datePublished":"2025-08-08T03:36:59+00:00","dateModified":"2026-01-01T07:39:07+00:00","description":"D\u00e9couvrez les activit\u00e9s MMP. Randonn\u00e9es, circuits \u00e0 v\u00e9lo, \u00e9quitation et visites guid\u00e9es aux cascades et temples dans les hautes terres luxuriantes de Bali...","breadcrumb":{"@id":"https:\/\/mundukmodingplantation.com\/fr\/activites-mmp\/#breadcrumb"},"inLanguage":"fr-FR","potentialAction":[{"@type":"ReadAction","target":["https:\/\/mundukmodingplantation.com\/fr\/activites-mmp\/"]}]},{"@type":"BreadcrumbList","@id":"https:\/\/mundukmodingplantation.com\/fr\/activites-mmp\/#breadcrumb","itemListElement":[{"@type":"ListItem","position":1,"name":"Home","item":"https:\/\/mundukmodingplantation.com\/fr\/homenew\/"},{"@type":"ListItem","position":2,"name":"Activit\u00e9s MMP"}]},{"@type":"WebSite","@id":"https:\/\/mundukmodingplantation.com\/fr\/#website","url":"https:\/\/mundukmodingplantation.com\/fr\/","name":"Munduk Moding Plantation","description":"Nature Resort","potentialAction":[{"@type":"SearchAction","target":{"@type":"EntryPoint","urlTemplate":"https:\/\/mundukmodingplantation.com\/fr\/?s={search_term_string}"},"query-input":{"@type":"PropertyValueSpecification","valueRequired":true,"valueName":"search_term_string"}}],"inLanguage":"fr-FR"}]}},"_links":{"self":[{"href":"https:\/\/mundukmodingplantation.com\/fr\/wp-json\/wp\/v2\/pages\/9077","targetHints":{"allow":["GET"]}}],"collection":[{"href":"https:\/\/mundukmodingplantation.com\/fr\/wp-json\/wp\/v2\/pages"}],"about":[{"href":"https:\/\/mundukmodingplantation.com\/fr\/wp-json\/wp\/v2\/types\/page"}],"author":[{"embeddable":true,"href":"https:\/\/mundukmodingplantation.com\/fr\/wp-json\/wp\/v2\/users\/3"}],"replies":[{"embeddable":true,"href":"https:\/\/mundukmodingplantation.com\/fr\/wp-json\/wp\/v2\/comments?post=9077"}],"version-history":[{"count":90,"href":"https:\/\/mundukmodingplantation.com\/fr\/wp-json\/wp\/v2\/pages\/9077\/revisions"}],"predecessor-version":[{"id":15708,"href":"https:\/\/mundukmodingplantation.com\/fr\/wp-json\/wp\/v2\/pages\/9077\/revisions\/15708"}],"wp:attachment":[{"href":"https:\/\/mundukmodingplantation.com\/fr\/wp-json\/wp\/v2\/media?parent=9077"}],"curies":[{"name":"wp","href":"https:\/\/api.w.org\/{rel}","templated":true}]}}