{"id":9343,"date":"2025-08-07T17:51:59","date_gmt":"2025-08-07T09:51:59","guid":{"rendered":"https:\/\/mundukmodingplantation.com\/spa-et-bien-etre\/"},"modified":"2025-12-09T12:07:58","modified_gmt":"2025-12-09T04:07:58","slug":"spa-et-bien-etre","status":"publish","type":"page","link":"https:\/\/mundukmodingplantation.com\/fr\/spa-et-bien-etre\/","title":{"rendered":"Spa et bien-\u00eatre"},"content":{"rendered":"<div class=\"wpb-content-wrapper\"><p>[vc_row full_width=\u00a0\u00bbstretch_row\u00a0\u00bb equal_height=\u00a0\u00bbyes\u00a0\u00bb video_bg=\u00a0\u00bbyes\u00a0\u00bb video_local_mp4_url=\u00a0\u00bbhttps:\/\/mundukmodingplantation.com\/wp-content\/uploads\/2025\/06\/Branding-MMP.mp4&Prime; disable_element=\u00a0\u00bbyes\u00a0\u00bb css=\u00a0\u00bb.vc_custom_1754321697222{margin-top: -20px !important;padding-top: 100px !important;padding-bottom: 110px !important;background-image: url(https:\/\/mundukmodingplantation.com\/wp-content\/uploads\/2025\/06\/home1.webp?id=6810) !important;background-position: center !important;background-repeat: no-repeat !important;background-size: cover !important;}\u00a0\u00bb responsive_css=\u00a0\u00bbpadding_top_large:45%25|padding_bottom_large:0px|margin_top_medium:-17px|padding_top_medium:275px|padding_bottom_medium:275px\u00a0\u00bb el_class=\u00a0\u00bbfluid\u00a0\u00bb][vc_column enable_content_animation=\u00a0\u00bbyes\u00a0\u00bb ca_init_scale_x=\u00a0\u00bb1&Prime; ca_init_scale_y=\u00a0\u00bb1&Prime; ca_init_scale_z=\u00a0\u00bb1&Prime; ca_init_opacity=\u00a0\u00bb0&Prime; ca_an_scale_x=\u00a0\u00bb1&Prime; ca_an_scale_y=\u00a0\u00bb1&Prime; ca_an_scale_z=\u00a0\u00bb1&Prime; ca_an_opacity=\u00a0\u00bb1&Prime; align=\u00a0\u00bbtext-center\u00a0\u00bb ca_duration=\u00a0\u00bb1600&Prime; ca_delay=\u00a0\u00bb160&Prime; ca_init_translate_y=\u00a0\u00bb121&Prime; ca_init_translate_z=\u00a0\u00bb-142&Prime; ca_init_rotate_x=\u00a0\u00bb-85&Prime;][\/vc_column][\/vc_row][vc_row responsive_css=\u00a0\u00bbmargin_bottom_medium:150px\u00a0\u00bb css=\u00a0\u00bb.vc_custom_1751012119740{margin-bottom: 65px !important;}\u00a0\u00bb][vc_column align=\u00a0\u00bbtext-center\u00a0\u00bb offset=\u00a0\u00bbvc_col-md-offset-2 vc_col-md-8&Prime;]<style>.ld_fancy_heading_69df1e0697184 h1{font-size:36px;}.ld_fancy_heading_69df1e0697184 h1 {margin-bottom:32px !important;  } @media (min-width: 992px) { .ld_fancy_heading_69df1e0697184 h1 {margin-bottom:52px !important;  }  } .ld_fancy_heading_69df1e0697184 .lqd-highlight-inner{height:0.275em;bottom:0px;}.ld_fancy_heading_69df1e0697184 h1 {margin-bottom:32px !important;  } @media (min-width: 992px) { .ld_fancy_heading_69df1e0697184 h1 {margin-bottom:52px !important;  }  } <\/style><div class=\"ld-fancy-heading text-center ld_fancy_heading_69df1e0697184\">\n\t<h1 class=\"lqd-highlight-underline lqd-highlight-grow-left\" ><span class=\"ld-fh-txt\"> Spa et bien-\u00eatre<\/span><\/h1><\/div>[\/vc_column][\/vc_row][vc_row css=\u00a0\u00bb.vc_custom_1754478607237{margin-bottom: 65px !important;}\u00a0\u00bb][vc_column width=\u00a0\u00bb1\/2&Prime;][vc_single_image image=\u00a0\u00bb9344&Prime; img_size=\u00a0\u00bbfull\u00a0\u00bb css=\u00a0\u00bb\u00a0\u00bb]<style>.ld_fancy_heading_69df1e0697846 h3{font-size:28px;}.ld_fancy_heading_69df1e0697846 .lqd-highlight-inner{height:0.275em;bottom:0px;}<\/style><div class=\"ld-fancy-heading ld_fancy_heading_69df1e0697846\">\n\t<h3 class=\"lqd-highlight-underline lqd-highlight-grow-left\" ><span class=\"ld-fh-txt\"> Bamboo Spa<\/span><\/h3><\/div>[vc_column_text css=\u00a0\u00bb\u00a0\u00bb]D\u00e9tendez-vous dans notre Bamboo Spa, une oasis sereine nich\u00e9e au c\u0153ur de la beaut\u00e9 naturelle.[\/vc_column_text]<style>.ld_button_69df1e06979fe.btn-icon-solid .btn-icon{background:rgb(61, 61, 60);}.ld_button_69df1e06979fe.btn-icon-circle.btn-icon-ripple .btn-icon:before{border-color:rgb(61, 61, 60);}.ld_button_69df1e06979fe{color:rgb(61, 61, 60);}.ld_button_69df1e06979fe:before{background:rgb(61, 61, 60);}.ld_button_69df1e06979fe.btn-bordered{border-color:rgb(61, 61, 60);}<\/style><a href=\"https:\/\/mundukmodingplantation.com\/bamboo-spa\/\" title=\"Bamboo Spa\" class=\"btn btn-underlined btn-bordered border-thin ld_button_69df1e06979fe\">\n\t<span>\n\t\t\n\t\t\t\t\t<span class=\"btn-txt\">Discover more<\/span>\n\t\t\t\n\t\t\t\t<\/span>\n<\/a>\n[\/vc_column][vc_column width=\u00a0\u00bb1\/2&Prime;][vc_single_image image=\u00a0\u00bb9345&Prime; img_size=\u00a0\u00bbfull\u00a0\u00bb css=\u00a0\u00bb\u00a0\u00bb]<style>.ld_fancy_heading_69df1e0697ce0 h3{font-size:28px;}.ld_fancy_heading_69df1e0697ce0 .lqd-highlight-inner{height:0.275em;bottom:0px;}<\/style><div class=\"ld-fancy-heading ld_fancy_heading_69df1e0697ce0\">\n\t<h3 class=\"lqd-highlight-underline lqd-highlight-grow-left\" ><span class=\"ld-fh-txt\"> Sauna<\/span><\/h3><\/div>[vc_column_text css=\u00a0\u00bb\u00a0\u00bb]D\u00e9couvrez le pouvoir transformateur de la th\u00e9rapie par sauna infrarouge.[\/vc_column_text]<style>.ld_button_69df1e0698027.btn-icon-solid .btn-icon{background:rgb(61, 61, 60);}.ld_button_69df1e0698027.btn-icon-circle.btn-icon-ripple .btn-icon:before{border-color:rgb(61, 61, 60);}.ld_button_69df1e0698027{color:rgb(61, 61, 60);}.ld_button_69df1e0698027:before{background:rgb(61, 61, 60);}.ld_button_69df1e0698027.btn-bordered{border-color:rgb(61, 61, 60);}<\/style><a href=\"https:\/\/mundukmodingplantation.com\/sauna\/\" title=\"Sauna\" class=\"btn btn-underlined btn-bordered border-thin ld_button_69df1e0698027\">\n\t<span>\n\t\t\n\t\t\t\t\t<span class=\"btn-txt\">Discover more<\/span>\n\t\t\t\n\t\t\t\t<\/span>\n<\/a>\n[\/vc_column][\/vc_row][vc_row css=\u00a0\u00bb.vc_custom_1754478916508{margin-bottom: 65px !important;}\u00a0\u00bb][vc_column width=\u00a0\u00bb1\/2&Prime;][vc_single_image image=\u00a0\u00bb9346&Prime; img_size=\u00a0\u00bbfull\u00a0\u00bb css=\u00a0\u00bb\u00a0\u00bb]<style>.ld_fancy_heading_69df1e06983df h3{font-size:28px;}.ld_fancy_heading_69df1e06983df .lqd-highlight-inner{height:0.275em;bottom:0px;}<\/style><div class=\"ld-fancy-heading ld_fancy_heading_69df1e06983df\">\n\t<h3 class=\"lqd-highlight-underline lqd-highlight-grow-left\" ><span class=\"ld-fh-txt\"> Yoga<\/span><\/h3><\/div>[vc_column_text css=\u00a0\u00bb\u00a0\u00bb]Que vous soyez d\u00e9butant ou yogi exp\u00e9riment\u00e9, nos s\u00e9ances de yoga offrent l&rsquo;\u00e9vasion parfaite.[\/vc_column_text]<style>.ld_button_69df1e0698746.btn-icon-solid .btn-icon{background:rgb(61, 61, 60);}.ld_button_69df1e0698746.btn-icon-circle.btn-icon-ripple .btn-icon:before{border-color:rgb(61, 61, 60);}.ld_button_69df1e0698746{color:rgb(61, 61, 60);}.ld_button_69df1e0698746:before{background:rgb(61, 61, 60);}.ld_button_69df1e0698746.btn-bordered{border-color:rgb(61, 61, 60);}<\/style><a href=\"https:\/\/mundukmodingplantation.com\/yoga\/\" title=\"Yoga\" class=\"btn btn-underlined btn-bordered border-thin ld_button_69df1e0698746\">\n\t<span>\n\t\t\n\t\t\t\t\t<span class=\"btn-txt\">Discover more<\/span>\n\t\t\t\n\t\t\t\t<\/span>\n<\/a>\n[\/vc_column][vc_column width=\u00a0\u00bb1\/2&Prime;][\/vc_column][\/vc_row]<\/p>\n<\/div>","protected":false},"excerpt":{"rendered":"<p>[vc_row full_width=\u00a0\u00bbstretch_row\u00a0\u00bb equal_height=\u00a0\u00bbyes\u00a0\u00bb video_bg=\u00a0\u00bbyes\u00a0\u00bb video_local_mp4_url=\u00a0\u00bbhttps:\/\/mundukmodingplantation.com\/wp-content\/uploads\/2025\/06\/Branding-MMP.mp4&Prime; disable_element=\u00a0\u00bbyes\u00a0\u00bb css=\u00a0\u00bb.vc_custom_1754321697222{margin-top: -20px !important;padding-top: 100px !important;padding-bottom: 110px !important;background-image: url(https:\/\/mundukmodingplantation.com\/wp-content\/uploads\/2025\/06\/home1.webp?id=6810) !important;background-position:&#8230;<\/p>\n","protected":false},"author":1,"featured_media":0,"parent":0,"menu_order":0,"comment_status":"closed","ping_status":"closed","template":"","meta":{"footnotes":""},"class_list":["post-9343","page","type-page","status-publish","hentry"],"yoast_head":"<!-- This site is optimized with the Yoast SEO plugin v27.4 - https:\/\/yoast.com\/product\/yoast-seo-wordpress\/ -->\n<title>Spa Bien-\u00eatre | Munduk Moding Plantation<\/title>\n<meta name=\"description\" content=\"Trouvez l&#039;\u00e9quilibre dans notre Spa et Bien-\u00eatre. Rituels apaisants du Bamboo Spa, s\u00e9ances de sauna infrarouge et yoga au c\u0153ur des paisibles hautes terres de Bali...\" \/>\n<meta name=\"robots\" content=\"index, follow, max-snippet:-1, max-image-preview:large, max-video-preview:-1\" \/>\n<link rel=\"canonical\" href=\"https:\/\/mundukmodingplantation.com\/fr\/spa-et-bien-etre\/\" \/>\n<meta property=\"og:locale\" content=\"fr_FR\" \/>\n<meta property=\"og:type\" content=\"article\" \/>\n<meta property=\"og:title\" content=\"Spa Bien-\u00eatre | Munduk Moding Plantation\" \/>\n<meta property=\"og:description\" content=\"Trouvez l&#039;\u00e9quilibre dans notre Spa et Bien-\u00eatre. Rituels apaisants du Bamboo Spa, s\u00e9ances de sauna infrarouge et yoga au c\u0153ur des paisibles hautes terres de Bali...\" \/>\n<meta property=\"og:url\" content=\"https:\/\/mundukmodingplantation.com\/fr\/spa-et-bien-etre\/\" \/>\n<meta property=\"og:site_name\" content=\"Munduk Moding Plantation\" \/>\n<meta property=\"article:modified_time\" content=\"2025-12-09T04:07:58+00:00\" \/>\n<meta property=\"og:image\" content=\"https:\/\/mundukmodingplantation.com\/wp-content\/uploads\/2025\/06\/home1.webp\" \/>\n\t<meta property=\"og:image:width\" content=\"1920\" \/>\n\t<meta property=\"og:image:height\" content=\"1280\" \/>\n\t<meta property=\"og:image:type\" content=\"image\/webp\" \/>\n<meta name=\"twitter:card\" content=\"summary_large_image\" \/>\n<meta name=\"twitter:label1\" content=\"Dur\u00e9e de lecture estim\u00e9e\" \/>\n\t<meta name=\"twitter:data1\" content=\"2 minutes\" \/>\n<script type=\"application\/ld+json\" class=\"yoast-schema-graph\">{\"@context\":\"https:\\\/\\\/schema.org\",\"@graph\":[{\"@type\":\"WebPage\",\"@id\":\"https:\\\/\\\/mundukmodingplantation.com\\\/fr\\\/spa-et-bien-etre\\\/\",\"url\":\"https:\\\/\\\/mundukmodingplantation.com\\\/fr\\\/spa-et-bien-etre\\\/\",\"name\":\"Spa Bien-\u00eatre | Munduk Moding Plantation\",\"isPartOf\":{\"@id\":\"https:\\\/\\\/mundukmodingplantation.com\\\/fr\\\/#website\"},\"datePublished\":\"2025-08-07T09:51:59+00:00\",\"dateModified\":\"2025-12-09T04:07:58+00:00\",\"description\":\"Trouvez l'\u00e9quilibre dans notre Spa et Bien-\u00eatre. Rituels apaisants du Bamboo Spa, s\u00e9ances de sauna infrarouge et yoga au c\u0153ur des paisibles hautes terres de Bali...\",\"breadcrumb\":{\"@id\":\"https:\\\/\\\/mundukmodingplantation.com\\\/fr\\\/spa-et-bien-etre\\\/#breadcrumb\"},\"inLanguage\":\"fr-FR\",\"potentialAction\":[{\"@type\":\"ReadAction\",\"target\":[\"https:\\\/\\\/mundukmodingplantation.com\\\/fr\\\/spa-et-bien-etre\\\/\"]}]},{\"@type\":\"BreadcrumbList\",\"@id\":\"https:\\\/\\\/mundukmodingplantation.com\\\/fr\\\/spa-et-bien-etre\\\/#breadcrumb\",\"itemListElement\":[{\"@type\":\"ListItem\",\"position\":1,\"name\":\"Home\",\"item\":\"https:\\\/\\\/mundukmodingplantation.com\\\/fr\\\/homenew\\\/\"},{\"@type\":\"ListItem\",\"position\":2,\"name\":\"Spa et bien-\u00eatre\"}]},{\"@type\":\"WebSite\",\"@id\":\"https:\\\/\\\/mundukmodingplantation.com\\\/fr\\\/#website\",\"url\":\"https:\\\/\\\/mundukmodingplantation.com\\\/fr\\\/\",\"name\":\"Munduk Moding Plantation\",\"description\":\"Nature Resort\",\"potentialAction\":[{\"@type\":\"SearchAction\",\"target\":{\"@type\":\"EntryPoint\",\"urlTemplate\":\"https:\\\/\\\/mundukmodingplantation.com\\\/fr\\\/?s={search_term_string}\"},\"query-input\":{\"@type\":\"PropertyValueSpecification\",\"valueRequired\":true,\"valueName\":\"search_term_string\"}}],\"inLanguage\":\"fr-FR\"}]}<\/script>\n<!-- \/ Yoast SEO plugin. -->","yoast_head_json":{"title":"Spa Bien-\u00eatre | Munduk Moding Plantation","description":"Trouvez l'\u00e9quilibre dans notre Spa et Bien-\u00eatre. Rituels apaisants du Bamboo Spa, s\u00e9ances de sauna infrarouge et yoga au c\u0153ur des paisibles hautes terres de Bali...","robots":{"index":"index","follow":"follow","max-snippet":"max-snippet:-1","max-image-preview":"max-image-preview:large","max-video-preview":"max-video-preview:-1"},"canonical":"https:\/\/mundukmodingplantation.com\/fr\/spa-et-bien-etre\/","og_locale":"fr_FR","og_type":"article","og_title":"Spa Bien-\u00eatre | Munduk Moding Plantation","og_description":"Trouvez l'\u00e9quilibre dans notre Spa et Bien-\u00eatre. Rituels apaisants du Bamboo Spa, s\u00e9ances de sauna infrarouge et yoga au c\u0153ur des paisibles hautes terres de Bali...","og_url":"https:\/\/mundukmodingplantation.com\/fr\/spa-et-bien-etre\/","og_site_name":"Munduk Moding Plantation","article_modified_time":"2025-12-09T04:07:58+00:00","og_image":[{"width":1920,"height":1280,"url":"https:\/\/mundukmodingplantation.com\/wp-content\/uploads\/2025\/06\/home1.webp","type":"image\/webp"}],"twitter_card":"summary_large_image","twitter_misc":{"Dur\u00e9e de lecture estim\u00e9e":"2 minutes"},"schema":{"@context":"https:\/\/schema.org","@graph":[{"@type":"WebPage","@id":"https:\/\/mundukmodingplantation.com\/fr\/spa-et-bien-etre\/","url":"https:\/\/mundukmodingplantation.com\/fr\/spa-et-bien-etre\/","name":"Spa Bien-\u00eatre | Munduk Moding Plantation","isPartOf":{"@id":"https:\/\/mundukmodingplantation.com\/fr\/#website"},"datePublished":"2025-08-07T09:51:59+00:00","dateModified":"2025-12-09T04:07:58+00:00","description":"Trouvez l'\u00e9quilibre dans notre Spa et Bien-\u00eatre. Rituels apaisants du Bamboo Spa, s\u00e9ances de sauna infrarouge et yoga au c\u0153ur des paisibles hautes terres de Bali...","breadcrumb":{"@id":"https:\/\/mundukmodingplantation.com\/fr\/spa-et-bien-etre\/#breadcrumb"},"inLanguage":"fr-FR","potentialAction":[{"@type":"ReadAction","target":["https:\/\/mundukmodingplantation.com\/fr\/spa-et-bien-etre\/"]}]},{"@type":"BreadcrumbList","@id":"https:\/\/mundukmodingplantation.com\/fr\/spa-et-bien-etre\/#breadcrumb","itemListElement":[{"@type":"ListItem","position":1,"name":"Home","item":"https:\/\/mundukmodingplantation.com\/fr\/homenew\/"},{"@type":"ListItem","position":2,"name":"Spa et bien-\u00eatre"}]},{"@type":"WebSite","@id":"https:\/\/mundukmodingplantation.com\/fr\/#website","url":"https:\/\/mundukmodingplantation.com\/fr\/","name":"Munduk Moding Plantation","description":"Nature Resort","potentialAction":[{"@type":"SearchAction","target":{"@type":"EntryPoint","urlTemplate":"https:\/\/mundukmodingplantation.com\/fr\/?s={search_term_string}"},"query-input":{"@type":"PropertyValueSpecification","valueRequired":true,"valueName":"search_term_string"}}],"inLanguage":"fr-FR"}]}},"_links":{"self":[{"href":"https:\/\/mundukmodingplantation.com\/fr\/wp-json\/wp\/v2\/pages\/9343","targetHints":{"allow":["GET"]}}],"collection":[{"href":"https:\/\/mundukmodingplantation.com\/fr\/wp-json\/wp\/v2\/pages"}],"about":[{"href":"https:\/\/mundukmodingplantation.com\/fr\/wp-json\/wp\/v2\/types\/page"}],"author":[{"embeddable":true,"href":"https:\/\/mundukmodingplantation.com\/fr\/wp-json\/wp\/v2\/users\/1"}],"replies":[{"embeddable":true,"href":"https:\/\/mundukmodingplantation.com\/fr\/wp-json\/wp\/v2\/comments?post=9343"}],"version-history":[{"count":11,"href":"https:\/\/mundukmodingplantation.com\/fr\/wp-json\/wp\/v2\/pages\/9343\/revisions"}],"predecessor-version":[{"id":14501,"href":"https:\/\/mundukmodingplantation.com\/fr\/wp-json\/wp\/v2\/pages\/9343\/revisions\/14501"}],"wp:attachment":[{"href":"https:\/\/mundukmodingplantation.com\/fr\/wp-json\/wp\/v2\/media?parent=9343"}],"curies":[{"name":"wp","href":"https:\/\/api.w.org\/{rel}","templated":true}]}}