{"id":9446,"date":"2025-08-07T15:37:51","date_gmt":"2025-08-07T07:37:51","guid":{"rendered":"https:\/\/mundukmodingplantation.com\/spa-et-bien-etre\/sauna\/"},"modified":"2025-10-30T12:38:14","modified_gmt":"2025-10-30T04:38:14","slug":"sauna","status":"publish","type":"page","link":"https:\/\/mundukmodingplantation.com\/fr\/spa-et-bien-etre\/sauna\/","title":{"rendered":"Sauna"},"content":{"rendered":"<div class=\"wpb-content-wrapper\"><p>[vc_row full_width=\u00a0\u00bbstretch_row\u00a0\u00bb equal_height=\u00a0\u00bbyes\u00a0\u00bb video_bg=\u00a0\u00bbyes\u00a0\u00bb video_local_mp4_url=\u00a0\u00bbhttps:\/\/mundukmodingplantation.com\/wp-content\/uploads\/2025\/06\/Branding-MMP.mp4&Prime; disable_element=\u00a0\u00bbyes\u00a0\u00bb css=\u00a0\u00bb.vc_custom_1754321697222{margin-top: -20px !important;padding-top: 100px !important;padding-bottom: 110px !important;background-image: url(https:\/\/mundukmodingplantation.com\/wp-content\/uploads\/2025\/06\/home1.webp?id=6810) !important;background-position: center !important;background-repeat: no-repeat !important;background-size: cover !important;}\u00a0\u00bb responsive_css=\u00a0\u00bbpadding_top_large:45%25|padding_bottom_large:0px|margin_top_medium:-17px|padding_top_medium:275px|padding_bottom_medium:275px\u00a0\u00bb el_class=\u00a0\u00bbfluid\u00a0\u00bb][vc_column enable_content_animation=\u00a0\u00bbyes\u00a0\u00bb ca_init_scale_x=\u00a0\u00bb1&Prime; ca_init_scale_y=\u00a0\u00bb1&Prime; ca_init_scale_z=\u00a0\u00bb1&Prime; ca_init_opacity=\u00a0\u00bb0&Prime; ca_an_scale_x=\u00a0\u00bb1&Prime; ca_an_scale_y=\u00a0\u00bb1&Prime; ca_an_scale_z=\u00a0\u00bb1&Prime; ca_an_opacity=\u00a0\u00bb1&Prime; align=\u00a0\u00bbtext-center\u00a0\u00bb ca_duration=\u00a0\u00bb1600&Prime; ca_delay=\u00a0\u00bb160&Prime; ca_init_translate_y=\u00a0\u00bb121&Prime; ca_init_translate_z=\u00a0\u00bb-142&Prime; ca_init_rotate_x=\u00a0\u00bb-85&Prime;][\/vc_column][\/vc_row][vc_row responsive_css=\u00a0\u00bbmargin_bottom_medium:100px|padding_right_medium:0px|padding_left_medium:0px\u00a0\u00bb css=\u00a0\u00bb.vc_custom_1754387919950{margin-top: 48px !important;margin-bottom: 32px !important;padding-right: 15px !important;padding-left: 15px !important;}\u00a0\u00bb][vc_column align=\u00a0\u00bbtext-center\u00a0\u00bb offset=\u00a0\u00bbvc_col-md-offset-2 vc_col-md-8&Prime;]<style>.ld_fancy_heading_69df2aa5d72dd h1{font-size:36px;}.ld_fancy_heading_69df2aa5d72dd h1 {margin-bottom:32px !important;  } .ld_fancy_heading_69df2aa5d72dd .lqd-highlight-inner{height:0.275em;bottom:0px;}.ld_fancy_heading_69df2aa5d72dd h1 {margin-bottom:32px !important;  } <\/style><div class=\"ld-fancy-heading text-center ld_fancy_heading_69df2aa5d72dd\">\n\t<h1 class=\"lqd-highlight-underline lqd-highlight-grow-left\" ><span class=\"ld-fh-txt\"> Sauna<\/span><\/h1><\/div>[vc_column_text css=\u00a0\u00bb\u00a0\u00bb]D\u00e9couvrez le pouvoir transformateur de la th\u00e9rapie par sauna infrarouge. Notre sauna \u00e0 la pointe de la technologie utilise la chaleur infrarouge pour p\u00e9n\u00e9trer profond\u00e9ment dans votre corps, favorisant la relaxation et la r\u00e9g\u00e9n\u00e9ration. Contrairement aux saunas traditionnels, vous ressentirez une chaleur douce et apaisante \u00e0 des temp\u00e9ratures plus basses. Personnalisez votre s\u00e9ance de sauna pour optimiser votre exp\u00e9rience et en ressortir revigor\u00e9 et revitalis\u00e9.[\/vc_column_text][\/vc_column][\/vc_row][vc_row css=\u00a0\u00bb.vc_custom_1754495108252{margin-bottom: 48px !important;}\u00a0\u00bb][vc_column]<style>.ld_carousel_69df2aa5d7aba .carousel-item{width:66.666666666667%;padding-left:15px;padding-right:15px;}.ld_carousel_69df2aa5d7aba .carousel-items.row{margin-left:-15px;margin-right:-15px;}.ld_carousel_69df2aa5d7aba .flickity-prev-next-button svg{stroke:rgb(204, 204, 204);}.ld_carousel_69df2aa5d7aba .flickity-prev-next-button{color:rgb(204, 204, 204);}.ld_carousel_69df2aa5d7aba .flickity-prev-next-button:hover svg{stroke:rgb(47, 68, 46);}.ld_carousel_69df2aa5d7aba .flickity-prev-next-button:hover{color:rgb(47, 68, 46);}.ld_carousel_69df2aa5d7aba .flickity-page-dots{top:auto;right:auto;bottom:-25px;left:auto;}@media (min-width: 992px) {.ld_carousel_69df2aa5d7aba .carousel-item { width:66.666666666667% }}<\/style><div id=\"ld_carousel_69df2aa5d7aba\" class=\"carousel-container carousel-nav-floated carousel-nav-center carousel-nav-middle carousel-nav-xl carousel-dots-style1 ld_carousel_69df2aa5d7aba\">\n\n\t<div class=\"carousel-items row\"  data-lqd-flickity='{\"cellAlign\":\"center\",\"prevNextButtons\":true,\"buttonsAppendTo\":\"self\",\"pageDots\":false,\"groupCells\":true,\"wrapAround\":true,\"adaptiveHeight\":true,\"autoPlay\":3000,\"pauseAutoPlayOnHover\":true,\"navArrow\":{\"prev\":\"&lt;i class=\\&quot;fa fa-angle-left\\&quot;&gt;&lt;\/i&gt;\",\"next\":\"&lt;i class=\\&quot;fa fa-angle-right\\&quot;&gt;&lt;\/i&gt;\"},\"navOffsets\":{\"prev\":\"-7%\",\"next\":\"-7%\"}}' >\n\t<p>[vc_single_image image=\u00a0\u00bb9345&Prime; img_size=\u00a0\u00bbfull\u00a0\u00bb css=\u00a0\u00bb\u00a0\u00bb][vc_single_image image=\u00a0\u00bb9447&Prime; img_size=\u00a0\u00bbfull\u00a0\u00bb css=\u00a0\u00bb\u00a0\u00bb][vc_single_image image=\u00a0\u00bb9448&Prime; img_size=\u00a0\u00bbfull\u00a0\u00bb css=\u00a0\u00bb\u00a0\u00bb][vc_single_image image=\u00a0\u00bb9449&Prime; img_size=\u00a0\u00bbfull\u00a0\u00bb css=\u00a0\u00bb\u00a0\u00bb]<\/p>\n\t<\/div>\n\n<\/div>[\/vc_column][\/vc_row][vc_row responsive_css=\u00a0\u00bbmargin_bottom_medium:65px|padding_right_medium:0px|padding_left_medium:0px\u00a0\u00bb css=\u00a0\u00bb.vc_custom_1754486584919{margin-bottom: 32px !important;padding-right: 15px !important;padding-left: 15px !important;}\u00a0\u00bb][vc_column width=\u00a0\u00bb1\/2&Prime;]<style>.ld_fancy_heading_69df2aa5d7f12 h3{font-size:20px;}.ld_fancy_heading_69df2aa5d7f12 .lqd-highlight-inner{height:0.275em;bottom:0px;}<\/style><div class=\"ld-fancy-heading ld_fancy_heading_69df2aa5d7f12\">\n\t<h3 class=\"lqd-highlight-underline lqd-highlight-grow-left\" ><span class=\"ld-fh-txt\"> Packages<\/span><\/h3><\/div>[vc_column_text css=\u00a0\u00bb\u00a0\u00bb]<strong>S\u00e9ance de sauna<\/strong><\/p>\n<p>45 min : 360 000 IDR pour jusqu&rsquo;\u00e0 2 personnes<br \/>\nDerni\u00e8re r\u00e9servation \u00e0 19h00<\/p>\n<p><em>Tarif soumis \u00e0 21 % de taxes et frais de service<\/em>[\/vc_column_text][\/vc_column][vc_column width=\u00a0\u00bb1\/2&Prime;][vc_row_inner][vc_column_inner align=\u00a0\u00bbtext-center\u00a0\u00bb offset=\u00a0\u00bbvc_col-md-offset-2 vc_col-md-8&Prime;]<style>.ld_button_69df2aa5d82d2.btn-icon-solid .btn-icon{background:rgb(61, 61, 60);}.ld_button_69df2aa5d82d2.btn-icon-circle.btn-icon-ripple .btn-icon:before{border-color:rgb(61, 61, 60);}.ld_button_69df2aa5d82d2{width:100%;height:50px;color:rgb(61, 61, 60);border-color:rgb(61, 61, 60);}.ld_button_69df2aa5d82d2:hover{background-color:rgb(61, 61, 60);}.ld_button_69df2aa5d82d2.btn-bordered:hover{border-color:rgb(61, 61, 60);}<\/style><a href=\"https:\/\/wa.me\/628113810123\" title=\"Reserve\" class=\"btn btn-default btn-custom btn-custom-sized circle btn-bordered border-thin ld_button_69df2aa5d82d2 vc_custom_1754550287941\">\n\t<span>\n\t\t\n\t\t\t\t\t<span class=\"btn-txt\">R\u00e9server<\/span>\n\t\t\t\n\t\t\t\t<\/span>\n<\/a>\n[\/vc_column_inner][\/vc_row_inner][\/vc_column][\/vc_row]<\/p>\n<\/div>","protected":false},"excerpt":{"rendered":"<p>[vc_row full_width=\u00a0\u00bbstretch_row\u00a0\u00bb equal_height=\u00a0\u00bbyes\u00a0\u00bb video_bg=\u00a0\u00bbyes\u00a0\u00bb video_local_mp4_url=\u00a0\u00bbhttps:\/\/mundukmodingplantation.com\/wp-content\/uploads\/2025\/06\/Branding-MMP.mp4&Prime; disable_element=\u00a0\u00bbyes\u00a0\u00bb css=\u00a0\u00bb.vc_custom_1754321697222{margin-top: -20px !important;padding-top: 100px !important;padding-bottom: 110px !important;background-image: url(https:\/\/mundukmodingplantation.com\/wp-content\/uploads\/2025\/06\/home1.webp?id=6810) !important;background-position:&#8230;<\/p>\n","protected":false},"author":1,"featured_media":0,"parent":9343,"menu_order":0,"comment_status":"closed","ping_status":"closed","template":"","meta":{"footnotes":""},"class_list":["post-9446","page","type-page","status-publish","hentry"],"yoast_head":"<!-- This site is optimized with the Yoast SEO plugin v27.4 - https:\/\/yoast.com\/product\/yoast-seo-wordpress\/ -->\n<title>Sauna | Munduk Moding Plantation<\/title>\n<meta name=\"description\" content=\"D\u00e9couvrez la th\u00e9rapie par sauna infrarouge \u00e0 MMP. Une chaleur douce et profonde apaise les muscles, stimule la circulation et peut \u00eatre personnalis\u00e9e pour votre confort...\" \/>\n<meta name=\"robots\" content=\"index, follow, max-snippet:-1, max-image-preview:large, max-video-preview:-1\" \/>\n<link rel=\"canonical\" href=\"https:\/\/mundukmodingplantation.com\/fr\/spa-et-bien-etre\/sauna\/\" \/>\n<meta property=\"og:locale\" content=\"fr_FR\" \/>\n<meta property=\"og:type\" content=\"article\" \/>\n<meta property=\"og:title\" content=\"Sauna | Munduk Moding Plantation\" \/>\n<meta property=\"og:description\" content=\"D\u00e9couvrez la th\u00e9rapie par sauna infrarouge \u00e0 MMP. Une chaleur douce et profonde apaise les muscles, stimule la circulation et peut \u00eatre personnalis\u00e9e pour votre confort...\" \/>\n<meta property=\"og:url\" content=\"https:\/\/mundukmodingplantation.com\/fr\/spa-et-bien-etre\/sauna\/\" \/>\n<meta property=\"og:site_name\" content=\"Munduk Moding Plantation\" \/>\n<meta property=\"article:modified_time\" content=\"2025-10-30T04:38:14+00:00\" \/>\n<meta property=\"og:image\" content=\"https:\/\/mundukmodingplantation.com\/wp-content\/uploads\/2025\/06\/home1.webp\" \/>\n\t<meta property=\"og:image:width\" content=\"1920\" \/>\n\t<meta property=\"og:image:height\" content=\"1280\" \/>\n\t<meta property=\"og:image:type\" content=\"image\/webp\" \/>\n<meta name=\"twitter:card\" content=\"summary_large_image\" \/>\n<meta name=\"twitter:label1\" content=\"Dur\u00e9e de lecture estim\u00e9e\" \/>\n\t<meta name=\"twitter:data1\" content=\"3 minutes\" \/>\n<script type=\"application\/ld+json\" class=\"yoast-schema-graph\">{\"@context\":\"https:\\\/\\\/schema.org\",\"@graph\":[{\"@type\":\"WebPage\",\"@id\":\"https:\\\/\\\/mundukmodingplantation.com\\\/fr\\\/spa-et-bien-etre\\\/sauna\\\/\",\"url\":\"https:\\\/\\\/mundukmodingplantation.com\\\/fr\\\/spa-et-bien-etre\\\/sauna\\\/\",\"name\":\"Sauna | Munduk Moding Plantation\",\"isPartOf\":{\"@id\":\"https:\\\/\\\/mundukmodingplantation.com\\\/fr\\\/#website\"},\"datePublished\":\"2025-08-07T07:37:51+00:00\",\"dateModified\":\"2025-10-30T04:38:14+00:00\",\"description\":\"D\u00e9couvrez la th\u00e9rapie par sauna infrarouge \u00e0 MMP. Une chaleur douce et profonde apaise les muscles, stimule la circulation et peut \u00eatre personnalis\u00e9e pour votre confort...\",\"breadcrumb\":{\"@id\":\"https:\\\/\\\/mundukmodingplantation.com\\\/fr\\\/spa-et-bien-etre\\\/sauna\\\/#breadcrumb\"},\"inLanguage\":\"fr-FR\",\"potentialAction\":[{\"@type\":\"ReadAction\",\"target\":[\"https:\\\/\\\/mundukmodingplantation.com\\\/fr\\\/spa-et-bien-etre\\\/sauna\\\/\"]}]},{\"@type\":\"BreadcrumbList\",\"@id\":\"https:\\\/\\\/mundukmodingplantation.com\\\/fr\\\/spa-et-bien-etre\\\/sauna\\\/#breadcrumb\",\"itemListElement\":[{\"@type\":\"ListItem\",\"position\":1,\"name\":\"Home\",\"item\":\"https:\\\/\\\/mundukmodingplantation.com\\\/fr\\\/homenew\\\/\"},{\"@type\":\"ListItem\",\"position\":2,\"name\":\"Spa et bien-\u00eatre\",\"item\":\"https:\\\/\\\/mundukmodingplantation.com\\\/fr\\\/spa-et-bien-etre\\\/\"},{\"@type\":\"ListItem\",\"position\":3,\"name\":\"Sauna\"}]},{\"@type\":\"WebSite\",\"@id\":\"https:\\\/\\\/mundukmodingplantation.com\\\/fr\\\/#website\",\"url\":\"https:\\\/\\\/mundukmodingplantation.com\\\/fr\\\/\",\"name\":\"Munduk Moding Plantation\",\"description\":\"Nature Resort\",\"potentialAction\":[{\"@type\":\"SearchAction\",\"target\":{\"@type\":\"EntryPoint\",\"urlTemplate\":\"https:\\\/\\\/mundukmodingplantation.com\\\/fr\\\/?s={search_term_string}\"},\"query-input\":{\"@type\":\"PropertyValueSpecification\",\"valueRequired\":true,\"valueName\":\"search_term_string\"}}],\"inLanguage\":\"fr-FR\"}]}<\/script>\n<!-- \/ Yoast SEO plugin. -->","yoast_head_json":{"title":"Sauna | Munduk Moding Plantation","description":"D\u00e9couvrez la th\u00e9rapie par sauna infrarouge \u00e0 MMP. Une chaleur douce et profonde apaise les muscles, stimule la circulation et peut \u00eatre personnalis\u00e9e pour votre confort...","robots":{"index":"index","follow":"follow","max-snippet":"max-snippet:-1","max-image-preview":"max-image-preview:large","max-video-preview":"max-video-preview:-1"},"canonical":"https:\/\/mundukmodingplantation.com\/fr\/spa-et-bien-etre\/sauna\/","og_locale":"fr_FR","og_type":"article","og_title":"Sauna | Munduk Moding Plantation","og_description":"D\u00e9couvrez la th\u00e9rapie par sauna infrarouge \u00e0 MMP. Une chaleur douce et profonde apaise les muscles, stimule la circulation et peut \u00eatre personnalis\u00e9e pour votre confort...","og_url":"https:\/\/mundukmodingplantation.com\/fr\/spa-et-bien-etre\/sauna\/","og_site_name":"Munduk Moding Plantation","article_modified_time":"2025-10-30T04:38:14+00:00","og_image":[{"width":1920,"height":1280,"url":"https:\/\/mundukmodingplantation.com\/wp-content\/uploads\/2025\/06\/home1.webp","type":"image\/webp"}],"twitter_card":"summary_large_image","twitter_misc":{"Dur\u00e9e de lecture estim\u00e9e":"3 minutes"},"schema":{"@context":"https:\/\/schema.org","@graph":[{"@type":"WebPage","@id":"https:\/\/mundukmodingplantation.com\/fr\/spa-et-bien-etre\/sauna\/","url":"https:\/\/mundukmodingplantation.com\/fr\/spa-et-bien-etre\/sauna\/","name":"Sauna | Munduk Moding Plantation","isPartOf":{"@id":"https:\/\/mundukmodingplantation.com\/fr\/#website"},"datePublished":"2025-08-07T07:37:51+00:00","dateModified":"2025-10-30T04:38:14+00:00","description":"D\u00e9couvrez la th\u00e9rapie par sauna infrarouge \u00e0 MMP. Une chaleur douce et profonde apaise les muscles, stimule la circulation et peut \u00eatre personnalis\u00e9e pour votre confort...","breadcrumb":{"@id":"https:\/\/mundukmodingplantation.com\/fr\/spa-et-bien-etre\/sauna\/#breadcrumb"},"inLanguage":"fr-FR","potentialAction":[{"@type":"ReadAction","target":["https:\/\/mundukmodingplantation.com\/fr\/spa-et-bien-etre\/sauna\/"]}]},{"@type":"BreadcrumbList","@id":"https:\/\/mundukmodingplantation.com\/fr\/spa-et-bien-etre\/sauna\/#breadcrumb","itemListElement":[{"@type":"ListItem","position":1,"name":"Home","item":"https:\/\/mundukmodingplantation.com\/fr\/homenew\/"},{"@type":"ListItem","position":2,"name":"Spa et bien-\u00eatre","item":"https:\/\/mundukmodingplantation.com\/fr\/spa-et-bien-etre\/"},{"@type":"ListItem","position":3,"name":"Sauna"}]},{"@type":"WebSite","@id":"https:\/\/mundukmodingplantation.com\/fr\/#website","url":"https:\/\/mundukmodingplantation.com\/fr\/","name":"Munduk Moding Plantation","description":"Nature Resort","potentialAction":[{"@type":"SearchAction","target":{"@type":"EntryPoint","urlTemplate":"https:\/\/mundukmodingplantation.com\/fr\/?s={search_term_string}"},"query-input":{"@type":"PropertyValueSpecification","valueRequired":true,"valueName":"search_term_string"}}],"inLanguage":"fr-FR"}]}},"_links":{"self":[{"href":"https:\/\/mundukmodingplantation.com\/fr\/wp-json\/wp\/v2\/pages\/9446","targetHints":{"allow":["GET"]}}],"collection":[{"href":"https:\/\/mundukmodingplantation.com\/fr\/wp-json\/wp\/v2\/pages"}],"about":[{"href":"https:\/\/mundukmodingplantation.com\/fr\/wp-json\/wp\/v2\/types\/page"}],"author":[{"embeddable":true,"href":"https:\/\/mundukmodingplantation.com\/fr\/wp-json\/wp\/v2\/users\/1"}],"replies":[{"embeddable":true,"href":"https:\/\/mundukmodingplantation.com\/fr\/wp-json\/wp\/v2\/comments?post=9446"}],"version-history":[{"count":9,"href":"https:\/\/mundukmodingplantation.com\/fr\/wp-json\/wp\/v2\/pages\/9446\/revisions"}],"predecessor-version":[{"id":9535,"href":"https:\/\/mundukmodingplantation.com\/fr\/wp-json\/wp\/v2\/pages\/9446\/revisions\/9535"}],"up":[{"embeddable":true,"href":"https:\/\/mundukmodingplantation.com\/fr\/wp-json\/wp\/v2\/pages\/9343"}],"wp:attachment":[{"href":"https:\/\/mundukmodingplantation.com\/fr\/wp-json\/wp\/v2\/media?parent=9446"}],"curies":[{"name":"wp","href":"https:\/\/api.w.org\/{rel}","templated":true}]}}