{"id":9450,"date":"2025-08-07T12:23:31","date_gmt":"2025-08-07T04:23:31","guid":{"rendered":"https:\/\/mundukmodingplantation.com\/spa-et-bien-etre\/bamboo-spa\/"},"modified":"2025-10-30T12:38:15","modified_gmt":"2025-10-30T04:38:15","slug":"bamboo-spa","status":"publish","type":"page","link":"https:\/\/mundukmodingplantation.com\/fr\/spa-et-bien-etre\/bamboo-spa\/","title":{"rendered":"Bamboo Spa"},"content":{"rendered":"<div class=\"wpb-content-wrapper\"><p>[vc_row full_width=\u00a0\u00bbstretch_row\u00a0\u00bb equal_height=\u00a0\u00bbyes\u00a0\u00bb video_bg=\u00a0\u00bbyes\u00a0\u00bb video_local_mp4_url=\u00a0\u00bbhttps:\/\/mundukmodingplantation.com\/wp-content\/uploads\/2025\/06\/Branding-MMP.mp4&Prime; disable_element=\u00a0\u00bbyes\u00a0\u00bb css=\u00a0\u00bb.vc_custom_1754321697222{margin-top: -20px !important;padding-top: 100px !important;padding-bottom: 110px !important;background-image: url(https:\/\/mundukmodingplantation.com\/wp-content\/uploads\/2025\/06\/home1.webp?id=6810) !important;background-position: center !important;background-repeat: no-repeat !important;background-size: cover !important;}\u00a0\u00bb responsive_css=\u00a0\u00bbpadding_top_large:45%25|padding_bottom_large:0px|margin_top_medium:-17px|padding_top_medium:275px|padding_bottom_medium:275px\u00a0\u00bb el_class=\u00a0\u00bbfluid\u00a0\u00bb][vc_column enable_content_animation=\u00a0\u00bbyes\u00a0\u00bb ca_init_scale_x=\u00a0\u00bb1&Prime; ca_init_scale_y=\u00a0\u00bb1&Prime; ca_init_scale_z=\u00a0\u00bb1&Prime; ca_init_opacity=\u00a0\u00bb0&Prime; ca_an_scale_x=\u00a0\u00bb1&Prime; ca_an_scale_y=\u00a0\u00bb1&Prime; ca_an_scale_z=\u00a0\u00bb1&Prime; ca_an_opacity=\u00a0\u00bb1&Prime; align=\u00a0\u00bbtext-center\u00a0\u00bb ca_duration=\u00a0\u00bb1600&Prime; ca_delay=\u00a0\u00bb160&Prime; ca_init_translate_y=\u00a0\u00bb121&Prime; ca_init_translate_z=\u00a0\u00bb-142&Prime; ca_init_rotate_x=\u00a0\u00bb-85&Prime;][\/vc_column][\/vc_row][vc_row responsive_css=\u00a0\u00bbmargin_bottom_medium:100px|padding_right_medium:0px|padding_left_medium:0px\u00a0\u00bb css=\u00a0\u00bb.vc_custom_1754387919950{margin-top: 48px !important;margin-bottom: 32px !important;padding-right: 15px !important;padding-left: 15px !important;}\u00a0\u00bb][vc_column align=\u00a0\u00bbtext-center\u00a0\u00bb offset=\u00a0\u00bbvc_col-md-offset-2 vc_col-md-8&Prime;]<style>.ld_fancy_heading_69df52bd5af89 h1{font-size:36px;}.ld_fancy_heading_69df52bd5af89 h1 {margin-bottom:32px !important;  } .ld_fancy_heading_69df52bd5af89 .lqd-highlight-inner{height:0.275em;bottom:0px;}.ld_fancy_heading_69df52bd5af89 h1 {margin-bottom:32px !important;  } <\/style><div class=\"ld-fancy-heading text-center ld_fancy_heading_69df52bd5af89\">\n\t<h1 class=\"lqd-highlight-underline lqd-highlight-grow-left\" ><span class=\"ld-fh-txt\"> Bamboo Spa<\/span><\/h1><\/div>[vc_column_text css=\u00a0\u00bb\u00a0\u00bb]Laissez notre \u00e9quipe spa attentionn\u00e9e apaiser votre corps et votre esprit. Nos soins d&rsquo;inspiration balinaise vont des massages balinais traditionnels aux huiles essentielles \u00e0 notre gommage signature au Chocolat et au Caf\u00e9, con\u00e7u pour r\u00e9g\u00e9n\u00e9rer votre peau et vos muscles. <\/p>\n<p>Nich\u00e9 dans des structures de bambou \u00e9lanc\u00e9es et couvert d&rsquo;un toit en alang-alang (feuilles de palmier), notre Spa \u00e9voque la beaut\u00e9 sauvage de Flores ou de Sumatra en Indon\u00e9sie. L&rsquo;int\u00e9rieur arbore pourtant un design moderniste \u00e9l\u00e9gant. Les quatre salles de soins enchanteresses sont construites en bois tropical, en pierre de palimanan et en marbre. 2 salles de soins disposent de spacieuses salles de bains privatives avec une imposante baignoire taill\u00e9e dans un seul bloc de pierre de rivi\u00e8re.   <\/p>\n<p>Le Bamboo Spa est un sanctuaire o\u00f9 vous pouvez v\u00e9ritablement vous abandonner aux secrets ancestraux du bien-\u00eatre balinais. Nos th\u00e9rapeutes qualifi\u00e9s vous choyeront avec des soins apaisants et revigorants, vous enveloppant dans les parfums envo\u00fbtants des fleurs et des \u00e9pices locales.[\/vc_column_text][\/vc_column][\/vc_row][vc_row css=\u00a0\u00bb.vc_custom_1754495108252{margin-bottom: 48px !important;}\u00a0\u00bb][vc_column]<style>.ld_carousel_69df52bd5b71b .carousel-item{width:66.666666666667%;padding-left:15px;padding-right:15px;}.ld_carousel_69df52bd5b71b .carousel-items.row{margin-left:-15px;margin-right:-15px;}.ld_carousel_69df52bd5b71b .flickity-prev-next-button svg{stroke:rgb(204, 204, 204);}.ld_carousel_69df52bd5b71b .flickity-prev-next-button{color:rgb(204, 204, 204);}.ld_carousel_69df52bd5b71b .flickity-prev-next-button:hover svg{stroke:rgb(47, 68, 46);}.ld_carousel_69df52bd5b71b .flickity-prev-next-button:hover{color:rgb(47, 68, 46);}.ld_carousel_69df52bd5b71b .flickity-page-dots{top:auto;right:auto;bottom:-25px;left:auto;}@media (min-width: 992px) {.ld_carousel_69df52bd5b71b .carousel-item { width:66.666666666667% }}<\/style><div id=\"ld_carousel_69df52bd5b71b\" class=\"carousel-container carousel-nav-floated carousel-nav-center carousel-nav-middle carousel-nav-xl carousel-dots-style1 ld_carousel_69df52bd5b71b\">\n\n\t<div class=\"carousel-items row\"  data-lqd-flickity='{\"cellAlign\":\"center\",\"prevNextButtons\":true,\"buttonsAppendTo\":\"self\",\"pageDots\":false,\"groupCells\":true,\"wrapAround\":true,\"adaptiveHeight\":true,\"autoPlay\":3000,\"pauseAutoPlayOnHover\":true,\"navArrow\":{\"prev\":\"&lt;i class=\\&quot;fa fa-angle-left\\&quot;&gt;&lt;\/i&gt;\",\"next\":\"&lt;i class=\\&quot;fa fa-angle-right\\&quot;&gt;&lt;\/i&gt;\"},\"navOffsets\":{\"prev\":\"-7%\",\"next\":\"-7%\"}}' >\n\t<p>[vc_single_image image=\u00a0\u00bb9452&Prime; img_size=\u00a0\u00bbfull\u00a0\u00bb css=\u00a0\u00bb\u00a0\u00bb][vc_single_image image=\u00a0\u00bb9453&Prime; img_size=\u00a0\u00bbfull\u00a0\u00bb css=\u00a0\u00bb\u00a0\u00bb][vc_single_image image=\u00a0\u00bb9451&Prime; img_size=\u00a0\u00bbfull\u00a0\u00bb css=\u00a0\u00bb\u00a0\u00bb][vc_single_image image=\u00a0\u00bb9344&Prime; img_size=\u00a0\u00bbfull\u00a0\u00bb css=\u00a0\u00bb\u00a0\u00bb][vc_single_image image=\u00a0\u00bb9455&Prime; img_size=\u00a0\u00bbfull\u00a0\u00bb css=\u00a0\u00bb\u00a0\u00bb][vc_single_image image=\u00a0\u00bb9449&Prime; img_size=\u00a0\u00bbfull\u00a0\u00bb css=\u00a0\u00bb\u00a0\u00bb]<\/p>\n\t<\/div>\n\n<\/div>[\/vc_column][\/vc_row][vc_row responsive_css=\u00a0\u00bbmargin_bottom_medium:65px|padding_right_medium:0px|padding_left_medium:0px\u00a0\u00bb css=\u00a0\u00bb.vc_custom_1754486584919{margin-bottom: 32px !important;padding-right: 15px !important;padding-left: 15px !important;}\u00a0\u00bb][vc_column offset=\u00a0\u00bbvc_col-md-offset-3 vc_col-md-6&Prime;][vc_row_inner][vc_column_inner align=\u00a0\u00bbtext-center\u00a0\u00bb offset=\u00a0\u00bbvc_col-md-offset-2 vc_col-md-8&Prime;]<style>.ld_button_69df52bd5bab5.btn-icon-solid .btn-icon{background:rgb(61, 61, 60);}.ld_button_69df52bd5bab5.btn-icon-circle.btn-icon-ripple .btn-icon:before{border-color:rgb(61, 61, 60);}.ld_button_69df52bd5bab5{width:100%;height:50px;color:rgb(61, 61, 60);border-color:rgb(61, 61, 60);}.ld_button_69df52bd5bab5:hover{background-color:rgb(61, 61, 60);}.ld_button_69df52bd5bab5.btn-bordered:hover{border-color:rgb(61, 61, 60);}<\/style><a href=\"https:\/\/mundukmodingplantation.com\/wp-content\/uploads\/2025\/08\/SPA-MENU-UPDATED-ON-MARCH-30-2025-1.pdf\" title=\"Spa Menu\" class=\"btn btn-default btn-custom btn-custom-sized circle btn-bordered border-thin ld_button_69df52bd5bab5 vc_custom_1754550680273\">\n\t<span>\n\t\t\n\t\t\t\t\t<span class=\"btn-txt\">D\u00e9couvrez nos forfaits de soins<\/span>\n\t\t\t\n\t\t\t\t<\/span>\n<\/a>\n<style>.ld_button_69df52bd5be05.btn-icon-solid .btn-icon{background:rgb(61, 61, 60);}.ld_button_69df52bd5be05.btn-icon-circle.btn-icon-ripple .btn-icon:before{border-color:rgb(61, 61, 60);}.ld_button_69df52bd5be05{width:100%;height:50px;color:rgb(61, 61, 60);border-color:rgb(61, 61, 60);}.ld_button_69df52bd5be05:hover{background-color:rgb(61, 61, 60);}.ld_button_69df52bd5be05.btn-bordered:hover{border-color:rgb(61, 61, 60);}<\/style><a href=\"https:\/\/my.matterport.com\/show\/?m=mCoZJHzYQA2\" title=\"Virtual tour\" class=\"btn btn-default btn-custom btn-custom-sized circle btn-bordered border-thin ld_button_69df52bd5be05 vc_custom_1754550222976\">\n\t<span>\n\t\t\n\t\t\t\t\t<span class=\"btn-txt\">Visite virtuelle du Bamboo Spa<\/span>\n\t\t\t\n\t\t\t\t<\/span>\n<\/a>\n<style>.ld_button_69df52bd5c0d7.btn-icon-solid .btn-icon{background:rgb(61, 61, 60);}.ld_button_69df52bd5c0d7.btn-icon-circle.btn-icon-ripple .btn-icon:before{border-color:rgb(61, 61, 60);}.ld_button_69df52bd5c0d7{width:100%;height:50px;color:rgb(61, 61, 60);border-color:rgb(61, 61, 60);}.ld_button_69df52bd5c0d7:hover{background-color:rgb(61, 61, 60);}.ld_button_69df52bd5c0d7.btn-bordered:hover{border-color:rgb(61, 61, 60);}<\/style><a href=\"https:\/\/wa.me\/628113810123\" title=\"Reserve\" class=\"btn btn-default btn-custom btn-custom-sized circle btn-bordered border-thin ld_button_69df52bd5c0d7 vc_custom_1754550287941\">\n\t<span>\n\t\t\n\t\t\t\t\t<span class=\"btn-txt\">R\u00e9server<\/span>\n\t\t\t\n\t\t\t\t<\/span>\n<\/a>\n[\/vc_column_inner][\/vc_row_inner][\/vc_column][\/vc_row]<\/p>\n<\/div>","protected":false},"excerpt":{"rendered":"<p>[vc_row full_width=\u00a0\u00bbstretch_row\u00a0\u00bb equal_height=\u00a0\u00bbyes\u00a0\u00bb video_bg=\u00a0\u00bbyes\u00a0\u00bb video_local_mp4_url=\u00a0\u00bbhttps:\/\/mundukmodingplantation.com\/wp-content\/uploads\/2025\/06\/Branding-MMP.mp4&Prime; disable_element=\u00a0\u00bbyes\u00a0\u00bb css=\u00a0\u00bb.vc_custom_1754321697222{margin-top: -20px !important;padding-top: 100px !important;padding-bottom: 110px !important;background-image: url(https:\/\/mundukmodingplantation.com\/wp-content\/uploads\/2025\/06\/home1.webp?id=6810) !important;background-position:&#8230;<\/p>\n","protected":false},"author":1,"featured_media":0,"parent":9343,"menu_order":0,"comment_status":"closed","ping_status":"closed","template":"","meta":{"footnotes":""},"class_list":["post-9450","page","type-page","status-publish","hentry"],"yoast_head":"<!-- This site is optimized with the Yoast SEO plugin v27.4 - https:\/\/yoast.com\/product\/yoast-seo-wordpress\/ -->\n<title>Bamboo Spa | Munduk Moding Plantation<\/title>\n<meta name=\"description\" content=\"D\u00e9tendez-vous au Bamboo Spa. Des soins apaisants sous des toits de bambou et d&#039;alang-alang dans un cadre tranquille de for\u00eat tropicale pour une r\u00e9g\u00e9n\u00e9ration totale...\" \/>\n<meta name=\"robots\" content=\"index, follow, max-snippet:-1, max-image-preview:large, max-video-preview:-1\" \/>\n<link rel=\"canonical\" href=\"https:\/\/mundukmodingplantation.com\/fr\/spa-et-bien-etre\/bamboo-spa\/\" \/>\n<meta property=\"og:locale\" content=\"fr_FR\" \/>\n<meta property=\"og:type\" content=\"article\" \/>\n<meta property=\"og:title\" content=\"Bamboo Spa | Munduk Moding Plantation\" \/>\n<meta property=\"og:description\" content=\"D\u00e9tendez-vous au Bamboo Spa. Des soins apaisants sous des toits de bambou et d&#039;alang-alang dans un cadre tranquille de for\u00eat tropicale pour une r\u00e9g\u00e9n\u00e9ration totale...\" \/>\n<meta property=\"og:url\" content=\"https:\/\/mundukmodingplantation.com\/fr\/spa-et-bien-etre\/bamboo-spa\/\" \/>\n<meta property=\"og:site_name\" content=\"Munduk Moding Plantation\" \/>\n<meta property=\"article:modified_time\" content=\"2025-10-30T04:38:15+00:00\" \/>\n<meta property=\"og:image\" content=\"https:\/\/mundukmodingplantation.com\/wp-content\/uploads\/2025\/06\/home1.webp\" \/>\n\t<meta property=\"og:image:width\" content=\"1920\" \/>\n\t<meta property=\"og:image:height\" content=\"1280\" \/>\n\t<meta property=\"og:image:type\" content=\"image\/webp\" \/>\n<meta name=\"twitter:card\" content=\"summary_large_image\" \/>\n<meta name=\"twitter:label1\" content=\"Dur\u00e9e de lecture estim\u00e9e\" \/>\n\t<meta name=\"twitter:data1\" content=\"4 minutes\" \/>\n<script type=\"application\/ld+json\" class=\"yoast-schema-graph\">{\"@context\":\"https:\\\/\\\/schema.org\",\"@graph\":[{\"@type\":\"WebPage\",\"@id\":\"https:\\\/\\\/mundukmodingplantation.com\\\/fr\\\/spa-et-bien-etre\\\/bamboo-spa\\\/\",\"url\":\"https:\\\/\\\/mundukmodingplantation.com\\\/fr\\\/spa-et-bien-etre\\\/bamboo-spa\\\/\",\"name\":\"Bamboo Spa | Munduk Moding Plantation\",\"isPartOf\":{\"@id\":\"https:\\\/\\\/mundukmodingplantation.com\\\/fr\\\/#website\"},\"datePublished\":\"2025-08-07T04:23:31+00:00\",\"dateModified\":\"2025-10-30T04:38:15+00:00\",\"description\":\"D\u00e9tendez-vous au Bamboo Spa. Des soins apaisants sous des toits de bambou et d'alang-alang dans un cadre tranquille de for\u00eat tropicale pour une r\u00e9g\u00e9n\u00e9ration totale...\",\"breadcrumb\":{\"@id\":\"https:\\\/\\\/mundukmodingplantation.com\\\/fr\\\/spa-et-bien-etre\\\/bamboo-spa\\\/#breadcrumb\"},\"inLanguage\":\"fr-FR\",\"potentialAction\":[{\"@type\":\"ReadAction\",\"target\":[\"https:\\\/\\\/mundukmodingplantation.com\\\/fr\\\/spa-et-bien-etre\\\/bamboo-spa\\\/\"]}]},{\"@type\":\"BreadcrumbList\",\"@id\":\"https:\\\/\\\/mundukmodingplantation.com\\\/fr\\\/spa-et-bien-etre\\\/bamboo-spa\\\/#breadcrumb\",\"itemListElement\":[{\"@type\":\"ListItem\",\"position\":1,\"name\":\"Home\",\"item\":\"https:\\\/\\\/mundukmodingplantation.com\\\/fr\\\/homenew\\\/\"},{\"@type\":\"ListItem\",\"position\":2,\"name\":\"Spa et bien-\u00eatre\",\"item\":\"https:\\\/\\\/mundukmodingplantation.com\\\/fr\\\/spa-et-bien-etre\\\/\"},{\"@type\":\"ListItem\",\"position\":3,\"name\":\"Bamboo Spa\"}]},{\"@type\":\"WebSite\",\"@id\":\"https:\\\/\\\/mundukmodingplantation.com\\\/fr\\\/#website\",\"url\":\"https:\\\/\\\/mundukmodingplantation.com\\\/fr\\\/\",\"name\":\"Munduk Moding Plantation\",\"description\":\"Nature Resort\",\"potentialAction\":[{\"@type\":\"SearchAction\",\"target\":{\"@type\":\"EntryPoint\",\"urlTemplate\":\"https:\\\/\\\/mundukmodingplantation.com\\\/fr\\\/?s={search_term_string}\"},\"query-input\":{\"@type\":\"PropertyValueSpecification\",\"valueRequired\":true,\"valueName\":\"search_term_string\"}}],\"inLanguage\":\"fr-FR\"}]}<\/script>\n<!-- \/ Yoast SEO plugin. -->","yoast_head_json":{"title":"Bamboo Spa | Munduk Moding Plantation","description":"D\u00e9tendez-vous au Bamboo Spa. Des soins apaisants sous des toits de bambou et d'alang-alang dans un cadre tranquille de for\u00eat tropicale pour une r\u00e9g\u00e9n\u00e9ration totale...","robots":{"index":"index","follow":"follow","max-snippet":"max-snippet:-1","max-image-preview":"max-image-preview:large","max-video-preview":"max-video-preview:-1"},"canonical":"https:\/\/mundukmodingplantation.com\/fr\/spa-et-bien-etre\/bamboo-spa\/","og_locale":"fr_FR","og_type":"article","og_title":"Bamboo Spa | Munduk Moding Plantation","og_description":"D\u00e9tendez-vous au Bamboo Spa. Des soins apaisants sous des toits de bambou et d'alang-alang dans un cadre tranquille de for\u00eat tropicale pour une r\u00e9g\u00e9n\u00e9ration totale...","og_url":"https:\/\/mundukmodingplantation.com\/fr\/spa-et-bien-etre\/bamboo-spa\/","og_site_name":"Munduk Moding Plantation","article_modified_time":"2025-10-30T04:38:15+00:00","og_image":[{"width":1920,"height":1280,"url":"https:\/\/mundukmodingplantation.com\/wp-content\/uploads\/2025\/06\/home1.webp","type":"image\/webp"}],"twitter_card":"summary_large_image","twitter_misc":{"Dur\u00e9e de lecture estim\u00e9e":"4 minutes"},"schema":{"@context":"https:\/\/schema.org","@graph":[{"@type":"WebPage","@id":"https:\/\/mundukmodingplantation.com\/fr\/spa-et-bien-etre\/bamboo-spa\/","url":"https:\/\/mundukmodingplantation.com\/fr\/spa-et-bien-etre\/bamboo-spa\/","name":"Bamboo Spa | Munduk Moding Plantation","isPartOf":{"@id":"https:\/\/mundukmodingplantation.com\/fr\/#website"},"datePublished":"2025-08-07T04:23:31+00:00","dateModified":"2025-10-30T04:38:15+00:00","description":"D\u00e9tendez-vous au Bamboo Spa. Des soins apaisants sous des toits de bambou et d'alang-alang dans un cadre tranquille de for\u00eat tropicale pour une r\u00e9g\u00e9n\u00e9ration totale...","breadcrumb":{"@id":"https:\/\/mundukmodingplantation.com\/fr\/spa-et-bien-etre\/bamboo-spa\/#breadcrumb"},"inLanguage":"fr-FR","potentialAction":[{"@type":"ReadAction","target":["https:\/\/mundukmodingplantation.com\/fr\/spa-et-bien-etre\/bamboo-spa\/"]}]},{"@type":"BreadcrumbList","@id":"https:\/\/mundukmodingplantation.com\/fr\/spa-et-bien-etre\/bamboo-spa\/#breadcrumb","itemListElement":[{"@type":"ListItem","position":1,"name":"Home","item":"https:\/\/mundukmodingplantation.com\/fr\/homenew\/"},{"@type":"ListItem","position":2,"name":"Spa et bien-\u00eatre","item":"https:\/\/mundukmodingplantation.com\/fr\/spa-et-bien-etre\/"},{"@type":"ListItem","position":3,"name":"Bamboo Spa"}]},{"@type":"WebSite","@id":"https:\/\/mundukmodingplantation.com\/fr\/#website","url":"https:\/\/mundukmodingplantation.com\/fr\/","name":"Munduk Moding Plantation","description":"Nature Resort","potentialAction":[{"@type":"SearchAction","target":{"@type":"EntryPoint","urlTemplate":"https:\/\/mundukmodingplantation.com\/fr\/?s={search_term_string}"},"query-input":{"@type":"PropertyValueSpecification","valueRequired":true,"valueName":"search_term_string"}}],"inLanguage":"fr-FR"}]}},"_links":{"self":[{"href":"https:\/\/mundukmodingplantation.com\/fr\/wp-json\/wp\/v2\/pages\/9450","targetHints":{"allow":["GET"]}}],"collection":[{"href":"https:\/\/mundukmodingplantation.com\/fr\/wp-json\/wp\/v2\/pages"}],"about":[{"href":"https:\/\/mundukmodingplantation.com\/fr\/wp-json\/wp\/v2\/types\/page"}],"author":[{"embeddable":true,"href":"https:\/\/mundukmodingplantation.com\/fr\/wp-json\/wp\/v2\/users\/1"}],"replies":[{"embeddable":true,"href":"https:\/\/mundukmodingplantation.com\/fr\/wp-json\/wp\/v2\/comments?post=9450"}],"version-history":[{"count":9,"href":"https:\/\/mundukmodingplantation.com\/fr\/wp-json\/wp\/v2\/pages\/9450\/revisions"}],"predecessor-version":[{"id":9540,"href":"https:\/\/mundukmodingplantation.com\/fr\/wp-json\/wp\/v2\/pages\/9450\/revisions\/9540"}],"up":[{"embeddable":true,"href":"https:\/\/mundukmodingplantation.com\/fr\/wp-json\/wp\/v2\/pages\/9343"}],"wp:attachment":[{"href":"https:\/\/mundukmodingplantation.com\/fr\/wp-json\/wp\/v2\/media?parent=9450"}],"curies":[{"name":"wp","href":"https:\/\/api.w.org\/{rel}","templated":true}]}}