{"id":9563,"date":"2025-08-07T00:03:06","date_gmt":"2025-08-06T16:03:06","guid":{"rendered":"https:\/\/mundukmodingplantation.com\/rasa-alam-decouvrez-les-saveurs-de-la-nature\/"},"modified":"2025-12-12T14:52:11","modified_gmt":"2025-12-12T06:52:11","slug":"rasa-alam-decouvrez-les-saveurs-de-la-nature","status":"publish","type":"page","link":"https:\/\/mundukmodingplantation.com\/fr\/restauration\/rasa-alam-decouvrez-les-saveurs-de-la-nature\/","title":{"rendered":"Rasa alam&nbsp;: d\u00e9couvrez les saveurs de la nature"},"content":{"rendered":"<div class=\"wpb-content-wrapper\"><p>[vc_row full_width=\u00a0\u00bbstretch_row\u00a0\u00bb equal_height=\u00a0\u00bbyes\u00a0\u00bb video_bg=\u00a0\u00bbyes\u00a0\u00bb video_local_mp4_url=\u00a0\u00bbhttps:\/\/mundukmodingplantation.com\/wp-content\/uploads\/2025\/06\/Branding-MMP.mp4&Prime; disable_element=\u00a0\u00bbyes\u00a0\u00bb css=\u00a0\u00bb.vc_custom_1754321697222{margin-top: -20px !important;padding-top: 100px !important;padding-bottom: 110px !important;background-image: url(https:\/\/mundukmodingplantation.com\/wp-content\/uploads\/2025\/06\/home1.webp?id=6810) !important;background-position: center !important;background-repeat: no-repeat !important;background-size: cover !important;}\u00a0\u00bb responsive_css=\u00a0\u00bbpadding_top_large:45%25|padding_bottom_large:0px|margin_top_medium:-17px|padding_top_medium:275px|padding_bottom_medium:275px\u00a0\u00bb el_class=\u00a0\u00bbfluid\u00a0\u00bb][vc_column enable_content_animation=\u00a0\u00bbyes\u00a0\u00bb ca_init_scale_x=\u00a0\u00bb1&Prime; ca_init_scale_y=\u00a0\u00bb1&Prime; ca_init_scale_z=\u00a0\u00bb1&Prime; ca_init_opacity=\u00a0\u00bb0&Prime; ca_an_scale_x=\u00a0\u00bb1&Prime; ca_an_scale_y=\u00a0\u00bb1&Prime; ca_an_scale_z=\u00a0\u00bb1&Prime; ca_an_opacity=\u00a0\u00bb1&Prime; align=\u00a0\u00bbtext-center\u00a0\u00bb ca_duration=\u00a0\u00bb1600&Prime; ca_delay=\u00a0\u00bb160&Prime; ca_init_translate_y=\u00a0\u00bb121&Prime; ca_init_translate_z=\u00a0\u00bb-142&Prime; ca_init_rotate_x=\u00a0\u00bb-85&Prime;][\/vc_column][\/vc_row][vc_row responsive_css=\u00a0\u00bbmargin_bottom_medium:100px|padding_right_medium:0px|padding_left_medium:0px\u00a0\u00bb css=\u00a0\u00bb.vc_custom_1754387919950{margin-top: 48px !important;margin-bottom: 32px !important;padding-right: 15px !important;padding-left: 15px !important;}\u00a0\u00bb][vc_column align=\u00a0\u00bbtext-center\u00a0\u00bb offset=\u00a0\u00bbvc_col-md-offset-2 vc_col-md-8&Prime;]<style>.ld_fancy_heading_69deb6fe87188 h1{font-size:36px;}.ld_fancy_heading_69deb6fe87188 h1 {margin-bottom:32px !important;  } .ld_fancy_heading_69deb6fe87188 .lqd-highlight-inner{height:0.275em;bottom:0px;}.ld_fancy_heading_69deb6fe87188 h1 {margin-bottom:32px !important;  } <\/style><div class=\"ld-fancy-heading text-center ld_fancy_heading_69deb6fe87188\">\n\t<h1 class=\"lqd-highlight-underline lqd-highlight-grow-left\" ><span class=\"ld-fh-txt\"> Rasa Alam: Discover Nature\u2019s Flavours<\/span><\/h1><\/div>[vc_column_text css=\u00a0\u00bb\u00a0\u00bb]Nich\u00e9 au c\u0153ur de la for\u00eat tropicale luxuriante de Munduk Moding Plantation, Rasa Alam est un espace serein d\u00e9di\u00e9 \u00e0 la c\u00e9l\u00e9bration de la nature et du patrimoine culturel de Bali. Ici, les clients sont invit\u00e9s \u00e0 ralentir, \u00e0 se reconnecter avec l&rsquo;environnement et \u00e0 d\u00e9couvrir en douceur les traditions balinaises \u00e0 travers des exp\u00e9riences de bien-\u00eatre et de d\u00e9gustation soigneusement s\u00e9lectionn\u00e9es. <\/p>\n<p>\u00c0 Rasa Alam, les clients sont initi\u00e9s en douceur aux traditions de bien-\u00eatre balinaises gr\u00e2ce \u00e0 de simples d\u00e9monstrations de boissons saines. Utilisant des herbes et des feuilles d&rsquo;origine locale, ces sessions mettent en \u00e9vidence la fa\u00e7on dont les ingr\u00e9dients naturels sont couramment appr\u00e9ci\u00e9s dans les rafra\u00eechissements balinais de tous les jours. Nous organisons \u00e9galement des s\u00e9ances de d\u00e9gustation d&rsquo;arak, offrant une fa\u00e7on \u00e9ducative et respectueuse de d\u00e9couvrir l&rsquo;alcool traditionnel de Bali. Les d\u00e9gustations guid\u00e9es explorent les m\u00e9thodes de production, les caract\u00e9ristiques r\u00e9gionales et les profils distincts de nos cr\u00e9ations d&rsquo;arak infus\u00e9, tout en partageant le r\u00f4le culturel de l&rsquo;arak dans la vie balinaise.   <\/p>\n<p>Entour\u00e9 par la nature et surplombant la plantation, Rasa Alam offre une atmosph\u00e8re calme qui am\u00e9liore chaque exp\u00e9rience. Ce n&rsquo;est pas un bar, mais un lieu d&rsquo;apprentissage, de culture et d&rsquo;appr\u00e9ciation o\u00f9 les saveurs, les histoires et les traditions de Bali prennent vie d&rsquo;une mani\u00e8re douce et significative.[\/vc_column_text][\/vc_column][\/vc_row][vc_row css=\u00a0\u00bb.vc_custom_1754494658244{margin-bottom: 48px !important;}\u00a0\u00bb][vc_column]<style>.ld_carousel_69deb6fe877b4 .carousel-item{width:66.666666666667%;padding-left:15px;padding-right:15px;}.ld_carousel_69deb6fe877b4 .carousel-items.row{margin-left:-15px;margin-right:-15px;}.ld_carousel_69deb6fe877b4 .flickity-prev-next-button svg{stroke:rgb(204, 204, 204);}.ld_carousel_69deb6fe877b4 .flickity-prev-next-button{color:rgb(204, 204, 204);}.ld_carousel_69deb6fe877b4 .flickity-prev-next-button:hover svg{stroke:rgb(47, 68, 46);}.ld_carousel_69deb6fe877b4 .flickity-prev-next-button:hover{color:rgb(47, 68, 46);}.ld_carousel_69deb6fe877b4 .flickity-page-dots{top:auto;right:auto;bottom:-25px;left:auto;}@media (min-width: 992px) {.ld_carousel_69deb6fe877b4 .carousel-item { width:66.666666666667% }}<\/style><div id=\"ld_carousel_69deb6fe877b4\" class=\"carousel-container carousel-nav-floated carousel-nav-center carousel-nav-middle carousel-nav-xl carousel-dots-style1 ld_carousel_69deb6fe877b4\">\n\n\t<div class=\"carousel-items row\"  data-lqd-flickity='{\"cellAlign\":\"center\",\"prevNextButtons\":true,\"buttonsAppendTo\":\"self\",\"pageDots\":false,\"groupCells\":true,\"wrapAround\":true,\"adaptiveHeight\":true,\"autoPlay\":3000,\"pauseAutoPlayOnHover\":true,\"navArrow\":{\"prev\":\"&lt;i class=\\&quot;fa fa-angle-left\\&quot;&gt;&lt;\/i&gt;\",\"next\":\"&lt;i class=\\&quot;fa fa-angle-right\\&quot;&gt;&lt;\/i&gt;\"},\"navOffsets\":{\"prev\":\"-7%\",\"next\":\"-7%\"}}' >\n\t<p>[vc_single_image image=\u00a0\u00bb9569&Prime; img_size=\u00a0\u00bbfull\u00a0\u00bb css=\u00a0\u00bb\u00a0\u00bb][vc_single_image image=\u00a0\u00bb14691&Prime; img_size=\u00a0\u00bbfull\u00a0\u00bb css=\u00a0\u00bb\u00a0\u00bb][vc_single_image image=\u00a0\u00bb14692&Prime; img_size=\u00a0\u00bbfull\u00a0\u00bb css=\u00a0\u00bb\u00a0\u00bb][vc_single_image image=\u00a0\u00bb14693&Prime; img_size=\u00a0\u00bbfull\u00a0\u00bb css=\u00a0\u00bb\u00a0\u00bb][vc_single_image image=\u00a0\u00bb14694&Prime; img_size=\u00a0\u00bbfull\u00a0\u00bb css=\u00a0\u00bb\u00a0\u00bb]<\/p>\n\t<\/div>\n\n<\/div>[\/vc_column][\/vc_row]<\/p>\n<\/div>","protected":false},"excerpt":{"rendered":"<p>[vc_row full_width=\u00a0\u00bbstretch_row\u00a0\u00bb equal_height=\u00a0\u00bbyes\u00a0\u00bb video_bg=\u00a0\u00bbyes\u00a0\u00bb video_local_mp4_url=\u00a0\u00bbhttps:\/\/mundukmodingplantation.com\/wp-content\/uploads\/2025\/06\/Branding-MMP.mp4&Prime; disable_element=\u00a0\u00bbyes\u00a0\u00bb css=\u00a0\u00bb.vc_custom_1754321697222{margin-top: -20px !important;padding-top: 100px !important;padding-bottom: 110px !important;background-image: url(https:\/\/mundukmodingplantation.com\/wp-content\/uploads\/2025\/06\/home1.webp?id=6810) !important;background-position:&#8230;<\/p>\n","protected":false},"author":1,"featured_media":0,"parent":9850,"menu_order":0,"comment_status":"closed","ping_status":"closed","template":"","meta":{"footnotes":""},"class_list":["post-9563","page","type-page","status-publish","hentry"],"yoast_head":"<!-- This site is optimized with the Yoast SEO plugin v27.4 - https:\/\/yoast.com\/product\/yoast-seo-wordpress\/ -->\n<title>Rasa Alam | Munduk Moding Plantation<\/title>\n<meta name=\"description\" content=\"D\u00e9couvrez Rasa Alam, un espace paisible dans la for\u00eat tropicale offrant des exp\u00e9riences de bien-\u00eatre balinaises, des ingr\u00e9dients naturels et des d\u00e9gustations d&#039;arak traditionnelles...\" \/>\n<meta name=\"robots\" content=\"index, follow, max-snippet:-1, max-image-preview:large, max-video-preview:-1\" \/>\n<link rel=\"canonical\" href=\"https:\/\/mundukmodingplantation.com\/fr\/restauration\/rasa-alam-decouvrez-les-saveurs-de-la-nature\/\" \/>\n<meta property=\"og:locale\" content=\"fr_FR\" \/>\n<meta property=\"og:type\" content=\"article\" \/>\n<meta property=\"og:title\" content=\"Rasa Alam | Munduk Moding Plantation\" \/>\n<meta property=\"og:description\" content=\"D\u00e9couvrez Rasa Alam, un espace paisible dans la for\u00eat tropicale offrant des exp\u00e9riences de bien-\u00eatre balinaises, des ingr\u00e9dients naturels et des d\u00e9gustations d&#039;arak traditionnelles...\" \/>\n<meta property=\"og:url\" content=\"https:\/\/mundukmodingplantation.com\/fr\/restauration\/rasa-alam-decouvrez-les-saveurs-de-la-nature\/\" \/>\n<meta property=\"og:site_name\" content=\"Munduk Moding Plantation\" \/>\n<meta property=\"article:modified_time\" content=\"2025-12-12T06:52:11+00:00\" \/>\n<meta property=\"og:image\" content=\"https:\/\/mundukmodingplantation.com\/wp-content\/uploads\/2025\/06\/home1.webp\" \/>\n\t<meta property=\"og:image:width\" content=\"1920\" \/>\n\t<meta property=\"og:image:height\" content=\"1280\" \/>\n\t<meta property=\"og:image:type\" content=\"image\/webp\" \/>\n<meta name=\"twitter:card\" content=\"summary_large_image\" \/>\n<meta name=\"twitter:label1\" content=\"Dur\u00e9e de lecture estim\u00e9e\" \/>\n\t<meta name=\"twitter:data1\" content=\"3 minutes\" \/>\n<script type=\"application\/ld+json\" class=\"yoast-schema-graph\">{\"@context\":\"https:\\\/\\\/schema.org\",\"@graph\":[{\"@type\":\"WebPage\",\"@id\":\"https:\\\/\\\/mundukmodingplantation.com\\\/fr\\\/restauration\\\/rasa-alam-decouvrez-les-saveurs-de-la-nature\\\/\",\"url\":\"https:\\\/\\\/mundukmodingplantation.com\\\/fr\\\/restauration\\\/rasa-alam-decouvrez-les-saveurs-de-la-nature\\\/\",\"name\":\"Rasa Alam | Munduk Moding Plantation\",\"isPartOf\":{\"@id\":\"https:\\\/\\\/mundukmodingplantation.com\\\/fr\\\/#website\"},\"datePublished\":\"2025-08-06T16:03:06+00:00\",\"dateModified\":\"2025-12-12T06:52:11+00:00\",\"description\":\"D\u00e9couvrez Rasa Alam, un espace paisible dans la for\u00eat tropicale offrant des exp\u00e9riences de bien-\u00eatre balinaises, des ingr\u00e9dients naturels et des d\u00e9gustations d'arak traditionnelles...\",\"breadcrumb\":{\"@id\":\"https:\\\/\\\/mundukmodingplantation.com\\\/fr\\\/restauration\\\/rasa-alam-decouvrez-les-saveurs-de-la-nature\\\/#breadcrumb\"},\"inLanguage\":\"fr-FR\",\"potentialAction\":[{\"@type\":\"ReadAction\",\"target\":[\"https:\\\/\\\/mundukmodingplantation.com\\\/fr\\\/restauration\\\/rasa-alam-decouvrez-les-saveurs-de-la-nature\\\/\"]}]},{\"@type\":\"BreadcrumbList\",\"@id\":\"https:\\\/\\\/mundukmodingplantation.com\\\/fr\\\/restauration\\\/rasa-alam-decouvrez-les-saveurs-de-la-nature\\\/#breadcrumb\",\"itemListElement\":[{\"@type\":\"ListItem\",\"position\":1,\"name\":\"Home\",\"item\":\"https:\\\/\\\/mundukmodingplantation.com\\\/fr\\\/homenew\\\/\"},{\"@type\":\"ListItem\",\"position\":2,\"name\":\"Restauration\",\"item\":\"https:\\\/\\\/mundukmodingplantation.com\\\/fr\\\/restauration\\\/\"},{\"@type\":\"ListItem\",\"position\":3,\"name\":\"Rasa alam&nbsp;: d\u00e9couvrez les saveurs de la nature\"}]},{\"@type\":\"WebSite\",\"@id\":\"https:\\\/\\\/mundukmodingplantation.com\\\/fr\\\/#website\",\"url\":\"https:\\\/\\\/mundukmodingplantation.com\\\/fr\\\/\",\"name\":\"Munduk Moding Plantation\",\"description\":\"Nature Resort\",\"potentialAction\":[{\"@type\":\"SearchAction\",\"target\":{\"@type\":\"EntryPoint\",\"urlTemplate\":\"https:\\\/\\\/mundukmodingplantation.com\\\/fr\\\/?s={search_term_string}\"},\"query-input\":{\"@type\":\"PropertyValueSpecification\",\"valueRequired\":true,\"valueName\":\"search_term_string\"}}],\"inLanguage\":\"fr-FR\"}]}<\/script>\n<!-- \/ Yoast SEO plugin. -->","yoast_head_json":{"title":"Rasa Alam | Munduk Moding Plantation","description":"D\u00e9couvrez Rasa Alam, un espace paisible dans la for\u00eat tropicale offrant des exp\u00e9riences de bien-\u00eatre balinaises, des ingr\u00e9dients naturels et des d\u00e9gustations d'arak traditionnelles...","robots":{"index":"index","follow":"follow","max-snippet":"max-snippet:-1","max-image-preview":"max-image-preview:large","max-video-preview":"max-video-preview:-1"},"canonical":"https:\/\/mundukmodingplantation.com\/fr\/restauration\/rasa-alam-decouvrez-les-saveurs-de-la-nature\/","og_locale":"fr_FR","og_type":"article","og_title":"Rasa Alam | Munduk Moding Plantation","og_description":"D\u00e9couvrez Rasa Alam, un espace paisible dans la for\u00eat tropicale offrant des exp\u00e9riences de bien-\u00eatre balinaises, des ingr\u00e9dients naturels et des d\u00e9gustations d'arak traditionnelles...","og_url":"https:\/\/mundukmodingplantation.com\/fr\/restauration\/rasa-alam-decouvrez-les-saveurs-de-la-nature\/","og_site_name":"Munduk Moding Plantation","article_modified_time":"2025-12-12T06:52:11+00:00","og_image":[{"width":1920,"height":1280,"url":"https:\/\/mundukmodingplantation.com\/wp-content\/uploads\/2025\/06\/home1.webp","type":"image\/webp"}],"twitter_card":"summary_large_image","twitter_misc":{"Dur\u00e9e de lecture estim\u00e9e":"3 minutes"},"schema":{"@context":"https:\/\/schema.org","@graph":[{"@type":"WebPage","@id":"https:\/\/mundukmodingplantation.com\/fr\/restauration\/rasa-alam-decouvrez-les-saveurs-de-la-nature\/","url":"https:\/\/mundukmodingplantation.com\/fr\/restauration\/rasa-alam-decouvrez-les-saveurs-de-la-nature\/","name":"Rasa Alam | Munduk Moding Plantation","isPartOf":{"@id":"https:\/\/mundukmodingplantation.com\/fr\/#website"},"datePublished":"2025-08-06T16:03:06+00:00","dateModified":"2025-12-12T06:52:11+00:00","description":"D\u00e9couvrez Rasa Alam, un espace paisible dans la for\u00eat tropicale offrant des exp\u00e9riences de bien-\u00eatre balinaises, des ingr\u00e9dients naturels et des d\u00e9gustations d'arak traditionnelles...","breadcrumb":{"@id":"https:\/\/mundukmodingplantation.com\/fr\/restauration\/rasa-alam-decouvrez-les-saveurs-de-la-nature\/#breadcrumb"},"inLanguage":"fr-FR","potentialAction":[{"@type":"ReadAction","target":["https:\/\/mundukmodingplantation.com\/fr\/restauration\/rasa-alam-decouvrez-les-saveurs-de-la-nature\/"]}]},{"@type":"BreadcrumbList","@id":"https:\/\/mundukmodingplantation.com\/fr\/restauration\/rasa-alam-decouvrez-les-saveurs-de-la-nature\/#breadcrumb","itemListElement":[{"@type":"ListItem","position":1,"name":"Home","item":"https:\/\/mundukmodingplantation.com\/fr\/homenew\/"},{"@type":"ListItem","position":2,"name":"Restauration","item":"https:\/\/mundukmodingplantation.com\/fr\/restauration\/"},{"@type":"ListItem","position":3,"name":"Rasa alam&nbsp;: d\u00e9couvrez les saveurs de la nature"}]},{"@type":"WebSite","@id":"https:\/\/mundukmodingplantation.com\/fr\/#website","url":"https:\/\/mundukmodingplantation.com\/fr\/","name":"Munduk Moding Plantation","description":"Nature Resort","potentialAction":[{"@type":"SearchAction","target":{"@type":"EntryPoint","urlTemplate":"https:\/\/mundukmodingplantation.com\/fr\/?s={search_term_string}"},"query-input":{"@type":"PropertyValueSpecification","valueRequired":true,"valueName":"search_term_string"}}],"inLanguage":"fr-FR"}]}},"_links":{"self":[{"href":"https:\/\/mundukmodingplantation.com\/fr\/wp-json\/wp\/v2\/pages\/9563","targetHints":{"allow":["GET"]}}],"collection":[{"href":"https:\/\/mundukmodingplantation.com\/fr\/wp-json\/wp\/v2\/pages"}],"about":[{"href":"https:\/\/mundukmodingplantation.com\/fr\/wp-json\/wp\/v2\/types\/page"}],"author":[{"embeddable":true,"href":"https:\/\/mundukmodingplantation.com\/fr\/wp-json\/wp\/v2\/users\/1"}],"replies":[{"embeddable":true,"href":"https:\/\/mundukmodingplantation.com\/fr\/wp-json\/wp\/v2\/comments?post=9563"}],"version-history":[{"count":40,"href":"https:\/\/mundukmodingplantation.com\/fr\/wp-json\/wp\/v2\/pages\/9563\/revisions"}],"predecessor-version":[{"id":14770,"href":"https:\/\/mundukmodingplantation.com\/fr\/wp-json\/wp\/v2\/pages\/9563\/revisions\/14770"}],"up":[{"embeddable":true,"href":"https:\/\/mundukmodingplantation.com\/fr\/wp-json\/wp\/v2\/pages\/9850"}],"wp:attachment":[{"href":"https:\/\/mundukmodingplantation.com\/fr\/wp-json\/wp\/v2\/media?parent=9563"}],"curies":[{"name":"wp","href":"https:\/\/api.w.org\/{rel}","templated":true}]}}