{"id":9575,"date":"2025-08-06T23:27:32","date_gmt":"2025-08-06T15:27:32","guid":{"rendered":"https:\/\/mundukmodingplantation.com\/kamu-nakal-club-de-campagne-et-cafe\/"},"modified":"2026-01-21T17:39:54","modified_gmt":"2026-01-21T09:39:54","slug":"kamu-nakal-club-de-campagne-et-cafe","status":"publish","type":"page","link":"https:\/\/mundukmodingplantation.com\/fr\/restauration\/kamu-nakal-club-de-campagne-et-cafe\/","title":{"rendered":"Bamboo Clubhouse Caf\u00e9"},"content":{"rendered":"<div class=\"wpb-content-wrapper\"><p>[vc_row full_width=\u00a0\u00bbstretch_row\u00a0\u00bb equal_height=\u00a0\u00bbyes\u00a0\u00bb video_bg=\u00a0\u00bbyes\u00a0\u00bb video_local_mp4_url=\u00a0\u00bbhttps:\/\/mundukmodingplantation.com\/wp-content\/uploads\/2025\/06\/Branding-MMP.mp4&Prime; disable_element=\u00a0\u00bbyes\u00a0\u00bb css=\u00a0\u00bb.vc_custom_1754321697222{margin-top: -20px !important;padding-top: 100px !important;padding-bottom: 110px !important;background-image: url(https:\/\/mundukmodingplantation.com\/wp-content\/uploads\/2025\/06\/home1.webp?id=6810) !important;background-position: center !important;background-repeat: no-repeat !important;background-size: cover !important;}\u00a0\u00bb responsive_css=\u00a0\u00bbpadding_top_large:45%25|padding_bottom_large:0px|margin_top_medium:-17px|padding_top_medium:275px|padding_bottom_medium:275px\u00a0\u00bb el_class=\u00a0\u00bbfluid\u00a0\u00bb][vc_column enable_content_animation=\u00a0\u00bbyes\u00a0\u00bb ca_init_scale_x=\u00a0\u00bb1&Prime; ca_init_scale_y=\u00a0\u00bb1&Prime; ca_init_scale_z=\u00a0\u00bb1&Prime; ca_init_opacity=\u00a0\u00bb0&Prime; ca_an_scale_x=\u00a0\u00bb1&Prime; ca_an_scale_y=\u00a0\u00bb1&Prime; ca_an_scale_z=\u00a0\u00bb1&Prime; ca_an_opacity=\u00a0\u00bb1&Prime; align=\u00a0\u00bbtext-center\u00a0\u00bb ca_duration=\u00a0\u00bb1600&Prime; ca_delay=\u00a0\u00bb160&Prime; ca_init_translate_y=\u00a0\u00bb121&Prime; ca_init_translate_z=\u00a0\u00bb-142&Prime; ca_init_rotate_x=\u00a0\u00bb-85&Prime;][\/vc_column][\/vc_row][vc_row responsive_css=\u00a0\u00bbmargin_bottom_medium:100px|padding_right_medium:0px|padding_left_medium:0px\u00a0\u00bb css=\u00a0\u00bb.vc_custom_1754387919950{margin-top: 48px !important;margin-bottom: 32px !important;padding-right: 15px !important;padding-left: 15px !important;}\u00a0\u00bb][vc_column align=\u00a0\u00bbtext-center\u00a0\u00bb offset=\u00a0\u00bbvc_col-md-offset-2 vc_col-md-8&Prime;]<style>.ld_fancy_heading_69d642449e13c h1{font-size:36px;}.ld_fancy_heading_69d642449e13c h1 {margin-bottom:32px !important;  } .ld_fancy_heading_69d642449e13c .lqd-highlight-inner{height:0.275em;bottom:0px;}.ld_fancy_heading_69d642449e13c h1 {margin-bottom:32px !important;  } <\/style><div class=\"ld-fancy-heading text-center ld_fancy_heading_69d642449e13c\">\n\t<h1 class=\"lqd-highlight-underline lqd-highlight-grow-left\" ><span class=\"ld-fh-txt\"> Bamboo Clubhouse Caf\u00e9<\/span><\/h1><\/div>[vc_column_text css=\u00a0\u00bb\u00a0\u00bb]Le Bamboo Clubhouse Caf\u00e9 est un caf\u00e9 en plein air confortable, construit en bambou et con\u00e7u pour se fondre naturellement dans le paysage environnant. Surplombant le jardin biologique et les collines ondulantes, c&rsquo;est un lieu o\u00f9 les clients viennent se d\u00e9tendre, se connecter et se ressourcer tout en savourant des repas fra\u00eechement pr\u00e9par\u00e9s, des sp\u00e9cialit\u00e9s locales et des boissons artisanales. <\/p>\n<p>Autour du Clubhouse, l&rsquo;exp\u00e9rience d&rsquo;assise s&rsquo;\u00e9tend \u00e0 nos espaces Ranggon. Inspir\u00e9 des huttes de bambou traditionnelles autrefois utilis\u00e9es par les agriculteurs de Bali et de Java comme lieux de repos tout en surveillant leurs champs, le Ranggon est sur\u00e9lev\u00e9 par rapport au sol et ouvert aux \u00e9l\u00e9ments. Ces espaces offrent un point de vue tranquille sur la verdure, offrant un abri tout en permettant aux clients de rester \u00e9troitement li\u00e9s \u00e0 la nature.  <\/p>\n<p>Ensemble, le Bamboo Clubhouse et le Ranggon cr\u00e9ent un cadre qui encourage un mode de vie plus lent et plus conscient. Un endroit pour faire une pause, sentir la brise, \u00e9couter le chant des oiseaux et profiter de moments simples, o\u00f9 la nourriture, la nature et la convivialit\u00e9 se rencontrent naturellement.[\/vc_column_text][\/vc_column][\/vc_row][vc_row css=\u00a0\u00bb.vc_custom_1754494658244{margin-bottom: 48px !important;}\u00a0\u00bb][vc_column]<style>.ld_carousel_69d642449e6b4 .carousel-item{width:66.666666666667%;padding-left:15px;padding-right:15px;}.ld_carousel_69d642449e6b4 .carousel-items.row{margin-left:-15px;margin-right:-15px;}.ld_carousel_69d642449e6b4 .flickity-prev-next-button svg{stroke:rgb(204, 204, 204);}.ld_carousel_69d642449e6b4 .flickity-prev-next-button{color:rgb(204, 204, 204);}.ld_carousel_69d642449e6b4 .flickity-prev-next-button:hover svg{stroke:rgb(47, 68, 46);}.ld_carousel_69d642449e6b4 .flickity-prev-next-button:hover{color:rgb(47, 68, 46);}.ld_carousel_69d642449e6b4 .flickity-page-dots{top:auto;right:auto;bottom:-25px;left:auto;}@media (min-width: 992px) {.ld_carousel_69d642449e6b4 .carousel-item { width:66.666666666667% }}<\/style><div id=\"ld_carousel_69d642449e6b4\" class=\"carousel-container carousel-nav-floated carousel-nav-center carousel-nav-middle carousel-nav-xl carousel-dots-style1 ld_carousel_69d642449e6b4\">\n\n\t<div class=\"carousel-items row\"  data-lqd-flickity='{\"cellAlign\":\"center\",\"prevNextButtons\":true,\"buttonsAppendTo\":\"self\",\"pageDots\":false,\"groupCells\":true,\"wrapAround\":true,\"adaptiveHeight\":true,\"autoPlay\":3000,\"pauseAutoPlayOnHover\":true,\"navArrow\":{\"prev\":\"&lt;i class=\\&quot;fa fa-angle-left\\&quot;&gt;&lt;\/i&gt;\",\"next\":\"&lt;i class=\\&quot;fa fa-angle-right\\&quot;&gt;&lt;\/i&gt;\"},\"navOffsets\":{\"prev\":\"-7%\",\"next\":\"-7%\"}}' >\n\t<p>[vc_single_image image=\u00a0\u00bb9585&Prime; img_size=\u00a0\u00bbfull\u00a0\u00bb css=\u00a0\u00bb\u00a0\u00bb][vc_single_image image=\u00a0\u00bb14836&Prime; img_size=\u00a0\u00bbfull\u00a0\u00bb css=\u00a0\u00bb\u00a0\u00bb][vc_single_image image=\u00a0\u00bb14837&Prime; img_size=\u00a0\u00bbfull\u00a0\u00bb css=\u00a0\u00bb\u00a0\u00bb][vc_single_image image=\u00a0\u00bb14838&Prime; img_size=\u00a0\u00bbfull\u00a0\u00bb css=\u00a0\u00bb\u00a0\u00bb][vc_single_image image=\u00a0\u00bb9579&Prime; img_size=\u00a0\u00bbfull\u00a0\u00bb css=\u00a0\u00bb\u00a0\u00bb][vc_single_image image=\u00a0\u00bb14839&Prime; img_size=\u00a0\u00bbfull\u00a0\u00bb css=\u00a0\u00bb\u00a0\u00bb][vc_single_image image=\u00a0\u00bb14840&Prime; img_size=\u00a0\u00bbfull\u00a0\u00bb css=\u00a0\u00bb\u00a0\u00bb][vc_single_image image=\u00a0\u00bb14841&Prime; img_size=\u00a0\u00bbfull\u00a0\u00bb css=\u00a0\u00bb\u00a0\u00bb][vc_single_image image=\u00a0\u00bb14843&Prime; img_size=\u00a0\u00bbfull\u00a0\u00bb css=\u00a0\u00bb\u00a0\u00bb]<\/p>\n\t<\/div>\n\n<\/div>[\/vc_column][\/vc_row][vc_row responsive_css=\u00a0\u00bbmargin_bottom_medium:65px|padding_right_medium:0px|padding_left_medium:0px\u00a0\u00bb css=\u00a0\u00bb.vc_custom_1754494824248{margin-bottom: 32px !important;padding-right: 15px !important;padding-left: 15px !important;}\u00a0\u00bb][vc_column width=\u00a0\u00bb1\/2&Prime;]<style>.ld_icon_box_69d642449e980 h3{margin-bottom:px;}.ld_icon_box_69d642449e980 .iconbox-icon-container{border-radius:px;}<\/style>\n<div class=\"iconbox iconbox-side iconbox-heading-xs ld_icon_box_69d642449e980\" id=\"ld_icon_box_69d642449e980\"   >\n\t\n\t\t<div class=\"iconbox-icon-wrap\"><span class=\"iconbox-icon-container\"><i class=\"\"><\/i><\/span><\/div><!-- \/.iconbox-icon-wrap -->\t\n\t\t\n\t<div class=\"contents\">\t\n\t<h3>Heures d'ouverture<\/h3>\t<p>08h00 \u00e0 21h00<\/p>\n<p>&nbsp;<\/p>\n\t\t\n\t<\/div>\t\n\t\n<\/div>\n[\/vc_column][vc_column width=\u00a0\u00bb1\/2&Prime;][vc_row_inner][vc_column_inner align=\u00a0\u00bbtext-center\u00a0\u00bb offset=\u00a0\u00bbvc_col-md-offset-2 vc_col-md-8&Prime;]<style>.ld_button_69d642449ec58.btn-icon-solid .btn-icon{background:rgb(61, 61, 60);}.ld_button_69d642449ec58.btn-icon-circle.btn-icon-ripple .btn-icon:before{border-color:rgb(61, 61, 60);}.ld_button_69d642449ec58{width:100%;height:50px;color:rgb(61, 61, 60);border-color:rgb(61, 61, 60);}.ld_button_69d642449ec58:hover{background-color:rgb(61, 61, 60);}.ld_button_69d642449ec58.btn-bordered:hover{border-color:rgb(61, 61, 60);}<\/style><a href=\"https:\/\/mundukmodingplantation.com\/wp-content\/uploads\/2026\/01\/Menu-Bamboo-Clubhouse-2.pdf\" title=\"Discover Our Menu\" class=\"btn btn-default btn-custom btn-custom-sized circle btn-bordered border-thin ld_button_69d642449ec58 vc_custom_1768988345109\">\n\t<span>\n\t\t\n\t\t\t\t\t<span class=\"btn-txt\">D\u00e9couvrez notre menu<\/span>\n\t\t\t\n\t\t\t\t<\/span>\n<\/a>\n[\/vc_column_inner][\/vc_row_inner][\/vc_column][\/vc_row]<\/p>\n<\/div>","protected":false},"excerpt":{"rendered":"<p>[vc_row full_width=\u00a0\u00bbstretch_row\u00a0\u00bb equal_height=\u00a0\u00bbyes\u00a0\u00bb video_bg=\u00a0\u00bbyes\u00a0\u00bb video_local_mp4_url=\u00a0\u00bbhttps:\/\/mundukmodingplantation.com\/wp-content\/uploads\/2025\/06\/Branding-MMP.mp4&Prime; disable_element=\u00a0\u00bbyes\u00a0\u00bb css=\u00a0\u00bb.vc_custom_1754321697222{margin-top: -20px !important;padding-top: 100px !important;padding-bottom: 110px !important;background-image: url(https:\/\/mundukmodingplantation.com\/wp-content\/uploads\/2025\/06\/home1.webp?id=6810) !important;background-position:&#8230;<\/p>\n","protected":false},"author":1,"featured_media":0,"parent":9850,"menu_order":0,"comment_status":"closed","ping_status":"closed","template":"","meta":{"footnotes":""},"class_list":["post-9575","page","type-page","status-publish","hentry"],"yoast_head":"<!-- This site is optimized with the Yoast SEO plugin v27.3 - https:\/\/yoast.com\/product\/yoast-seo-wordpress\/ -->\n<title>Bamboo Clubhuse Caf\u00e9 | Munduk Moding<\/title>\n<meta name=\"description\" content=\"Le Bamboo Clubhouse Caf\u00e9 est un caf\u00e9 en bambou confortable et en plein air, con\u00e7u pour se fondre naturellement dans le paysage environnant...\" \/>\n<meta name=\"robots\" content=\"index, follow, max-snippet:-1, max-image-preview:large, max-video-preview:-1\" \/>\n<link rel=\"canonical\" href=\"https:\/\/mundukmodingplantation.com\/fr\/restauration\/kamu-nakal-club-de-campagne-et-cafe\/\" \/>\n<meta property=\"og:locale\" content=\"fr_FR\" \/>\n<meta property=\"og:type\" content=\"article\" \/>\n<meta property=\"og:title\" content=\"Bamboo Clubhuse Caf\u00e9 | Munduk Moding\" \/>\n<meta property=\"og:description\" content=\"Le Bamboo Clubhouse Caf\u00e9 est un caf\u00e9 en bambou confortable et en plein air, con\u00e7u pour se fondre naturellement dans le paysage environnant...\" \/>\n<meta property=\"og:url\" content=\"https:\/\/mundukmodingplantation.com\/fr\/restauration\/kamu-nakal-club-de-campagne-et-cafe\/\" \/>\n<meta property=\"og:site_name\" content=\"Munduk Moding Plantation\" \/>\n<meta property=\"article:modified_time\" content=\"2026-01-21T09:39:54+00:00\" \/>\n<meta property=\"og:image\" content=\"https:\/\/mundukmodingplantation.com\/wp-content\/uploads\/2025\/06\/home1.webp\" \/>\n\t<meta property=\"og:image:width\" content=\"1920\" \/>\n\t<meta property=\"og:image:height\" content=\"1280\" \/>\n\t<meta property=\"og:image:type\" content=\"image\/webp\" \/>\n<meta name=\"twitter:card\" content=\"summary_large_image\" \/>\n<meta name=\"twitter:label1\" content=\"Dur\u00e9e de lecture estim\u00e9e\" \/>\n\t<meta name=\"twitter:data1\" content=\"3 minutes\" \/>\n<script type=\"application\/ld+json\" class=\"yoast-schema-graph\">{\"@context\":\"https:\\\/\\\/schema.org\",\"@graph\":[{\"@type\":\"WebPage\",\"@id\":\"https:\\\/\\\/mundukmodingplantation.com\\\/fr\\\/restauration\\\/kamu-nakal-club-de-campagne-et-cafe\\\/\",\"url\":\"https:\\\/\\\/mundukmodingplantation.com\\\/fr\\\/restauration\\\/kamu-nakal-club-de-campagne-et-cafe\\\/\",\"name\":\"Bamboo Clubhuse Caf\u00e9 | Munduk Moding\",\"isPartOf\":{\"@id\":\"https:\\\/\\\/mundukmodingplantation.com\\\/fr\\\/#website\"},\"datePublished\":\"2025-08-06T15:27:32+00:00\",\"dateModified\":\"2026-01-21T09:39:54+00:00\",\"description\":\"Le Bamboo Clubhouse Caf\u00e9 est un caf\u00e9 en bambou confortable et en plein air, con\u00e7u pour se fondre naturellement dans le paysage environnant...\",\"breadcrumb\":{\"@id\":\"https:\\\/\\\/mundukmodingplantation.com\\\/fr\\\/restauration\\\/kamu-nakal-club-de-campagne-et-cafe\\\/#breadcrumb\"},\"inLanguage\":\"fr-FR\",\"potentialAction\":[{\"@type\":\"ReadAction\",\"target\":[\"https:\\\/\\\/mundukmodingplantation.com\\\/fr\\\/restauration\\\/kamu-nakal-club-de-campagne-et-cafe\\\/\"]}]},{\"@type\":\"BreadcrumbList\",\"@id\":\"https:\\\/\\\/mundukmodingplantation.com\\\/fr\\\/restauration\\\/kamu-nakal-club-de-campagne-et-cafe\\\/#breadcrumb\",\"itemListElement\":[{\"@type\":\"ListItem\",\"position\":1,\"name\":\"Home\",\"item\":\"https:\\\/\\\/mundukmodingplantation.com\\\/fr\\\/homenew\\\/\"},{\"@type\":\"ListItem\",\"position\":2,\"name\":\"Restauration\",\"item\":\"https:\\\/\\\/mundukmodingplantation.com\\\/fr\\\/restauration\\\/\"},{\"@type\":\"ListItem\",\"position\":3,\"name\":\"Bamboo Clubhouse Caf\u00e9\"}]},{\"@type\":\"WebSite\",\"@id\":\"https:\\\/\\\/mundukmodingplantation.com\\\/fr\\\/#website\",\"url\":\"https:\\\/\\\/mundukmodingplantation.com\\\/fr\\\/\",\"name\":\"Munduk Moding Plantation\",\"description\":\"Nature Resort\",\"potentialAction\":[{\"@type\":\"SearchAction\",\"target\":{\"@type\":\"EntryPoint\",\"urlTemplate\":\"https:\\\/\\\/mundukmodingplantation.com\\\/fr\\\/?s={search_term_string}\"},\"query-input\":{\"@type\":\"PropertyValueSpecification\",\"valueRequired\":true,\"valueName\":\"search_term_string\"}}],\"inLanguage\":\"fr-FR\"}]}<\/script>\n<!-- \/ Yoast SEO plugin. -->","yoast_head_json":{"title":"Bamboo Clubhuse Caf\u00e9 | Munduk Moding","description":"Le Bamboo Clubhouse Caf\u00e9 est un caf\u00e9 en bambou confortable et en plein air, con\u00e7u pour se fondre naturellement dans le paysage environnant...","robots":{"index":"index","follow":"follow","max-snippet":"max-snippet:-1","max-image-preview":"max-image-preview:large","max-video-preview":"max-video-preview:-1"},"canonical":"https:\/\/mundukmodingplantation.com\/fr\/restauration\/kamu-nakal-club-de-campagne-et-cafe\/","og_locale":"fr_FR","og_type":"article","og_title":"Bamboo Clubhuse Caf\u00e9 | Munduk Moding","og_description":"Le Bamboo Clubhouse Caf\u00e9 est un caf\u00e9 en bambou confortable et en plein air, con\u00e7u pour se fondre naturellement dans le paysage environnant...","og_url":"https:\/\/mundukmodingplantation.com\/fr\/restauration\/kamu-nakal-club-de-campagne-et-cafe\/","og_site_name":"Munduk Moding Plantation","article_modified_time":"2026-01-21T09:39:54+00:00","og_image":[{"width":1920,"height":1280,"url":"https:\/\/mundukmodingplantation.com\/wp-content\/uploads\/2025\/06\/home1.webp","type":"image\/webp"}],"twitter_card":"summary_large_image","twitter_misc":{"Dur\u00e9e de lecture estim\u00e9e":"3 minutes"},"schema":{"@context":"https:\/\/schema.org","@graph":[{"@type":"WebPage","@id":"https:\/\/mundukmodingplantation.com\/fr\/restauration\/kamu-nakal-club-de-campagne-et-cafe\/","url":"https:\/\/mundukmodingplantation.com\/fr\/restauration\/kamu-nakal-club-de-campagne-et-cafe\/","name":"Bamboo Clubhuse Caf\u00e9 | Munduk Moding","isPartOf":{"@id":"https:\/\/mundukmodingplantation.com\/fr\/#website"},"datePublished":"2025-08-06T15:27:32+00:00","dateModified":"2026-01-21T09:39:54+00:00","description":"Le Bamboo Clubhouse Caf\u00e9 est un caf\u00e9 en bambou confortable et en plein air, con\u00e7u pour se fondre naturellement dans le paysage environnant...","breadcrumb":{"@id":"https:\/\/mundukmodingplantation.com\/fr\/restauration\/kamu-nakal-club-de-campagne-et-cafe\/#breadcrumb"},"inLanguage":"fr-FR","potentialAction":[{"@type":"ReadAction","target":["https:\/\/mundukmodingplantation.com\/fr\/restauration\/kamu-nakal-club-de-campagne-et-cafe\/"]}]},{"@type":"BreadcrumbList","@id":"https:\/\/mundukmodingplantation.com\/fr\/restauration\/kamu-nakal-club-de-campagne-et-cafe\/#breadcrumb","itemListElement":[{"@type":"ListItem","position":1,"name":"Home","item":"https:\/\/mundukmodingplantation.com\/fr\/homenew\/"},{"@type":"ListItem","position":2,"name":"Restauration","item":"https:\/\/mundukmodingplantation.com\/fr\/restauration\/"},{"@type":"ListItem","position":3,"name":"Bamboo Clubhouse Caf\u00e9"}]},{"@type":"WebSite","@id":"https:\/\/mundukmodingplantation.com\/fr\/#website","url":"https:\/\/mundukmodingplantation.com\/fr\/","name":"Munduk Moding Plantation","description":"Nature Resort","potentialAction":[{"@type":"SearchAction","target":{"@type":"EntryPoint","urlTemplate":"https:\/\/mundukmodingplantation.com\/fr\/?s={search_term_string}"},"query-input":{"@type":"PropertyValueSpecification","valueRequired":true,"valueName":"search_term_string"}}],"inLanguage":"fr-FR"}]}},"_links":{"self":[{"href":"https:\/\/mundukmodingplantation.com\/fr\/wp-json\/wp\/v2\/pages\/9575","targetHints":{"allow":["GET"]}}],"collection":[{"href":"https:\/\/mundukmodingplantation.com\/fr\/wp-json\/wp\/v2\/pages"}],"about":[{"href":"https:\/\/mundukmodingplantation.com\/fr\/wp-json\/wp\/v2\/types\/page"}],"author":[{"embeddable":true,"href":"https:\/\/mundukmodingplantation.com\/fr\/wp-json\/wp\/v2\/users\/1"}],"replies":[{"embeddable":true,"href":"https:\/\/mundukmodingplantation.com\/fr\/wp-json\/wp\/v2\/comments?post=9575"}],"version-history":[{"count":88,"href":"https:\/\/mundukmodingplantation.com\/fr\/wp-json\/wp\/v2\/pages\/9575\/revisions"}],"predecessor-version":[{"id":16660,"href":"https:\/\/mundukmodingplantation.com\/fr\/wp-json\/wp\/v2\/pages\/9575\/revisions\/16660"}],"up":[{"embeddable":true,"href":"https:\/\/mundukmodingplantation.com\/fr\/wp-json\/wp\/v2\/pages\/9850"}],"wp:attachment":[{"href":"https:\/\/mundukmodingplantation.com\/fr\/wp-json\/wp\/v2\/media?parent=9575"}],"curies":[{"name":"wp","href":"https:\/\/api.w.org\/{rel}","templated":true}]}}