{"id":9715,"date":"2025-08-06T23:00:41","date_gmt":"2025-08-06T15:00:41","guid":{"rendered":"https:\/\/mundukmodingplantation.com\/bar-du-coucher-de-soleil\/"},"modified":"2026-01-02T16:22:02","modified_gmt":"2026-01-02T08:22:02","slug":"bar-du-coucher-de-soleil","status":"publish","type":"page","link":"https:\/\/mundukmodingplantation.com\/fr\/restauration\/bar-du-coucher-de-soleil\/","title":{"rendered":"Bar du Coucher de Soleil"},"content":{"rendered":"<div class=\"wpb-content-wrapper\"><p>[vc_row full_width=\u00a0\u00bbstretch_row\u00a0\u00bb equal_height=\u00a0\u00bbyes\u00a0\u00bb video_bg=\u00a0\u00bbyes\u00a0\u00bb video_local_mp4_url=\u00a0\u00bbhttps:\/\/mundukmodingplantation.com\/wp-content\/uploads\/2025\/06\/Branding-MMP.mp4&Prime; disable_element=\u00a0\u00bbyes\u00a0\u00bb css=\u00a0\u00bb.vc_custom_1754321697222{margin-top: -20px !important;padding-top: 100px !important;padding-bottom: 110px !important;background-image: url(https:\/\/mundukmodingplantation.com\/wp-content\/uploads\/2025\/06\/home1.webp?id=6810) !important;background-position: center !important;background-repeat: no-repeat !important;background-size: cover !important;}\u00a0\u00bb responsive_css=\u00a0\u00bbpadding_top_large:45%25|padding_bottom_large:0px|margin_top_medium:-17px|padding_top_medium:275px|padding_bottom_medium:275px\u00a0\u00bb el_class=\u00a0\u00bbfluid\u00a0\u00bb][vc_column enable_content_animation=\u00a0\u00bbyes\u00a0\u00bb ca_init_scale_x=\u00a0\u00bb1&Prime; ca_init_scale_y=\u00a0\u00bb1&Prime; ca_init_scale_z=\u00a0\u00bb1&Prime; ca_init_opacity=\u00a0\u00bb0&Prime; ca_an_scale_x=\u00a0\u00bb1&Prime; ca_an_scale_y=\u00a0\u00bb1&Prime; ca_an_scale_z=\u00a0\u00bb1&Prime; ca_an_opacity=\u00a0\u00bb1&Prime; align=\u00a0\u00bbtext-center\u00a0\u00bb ca_duration=\u00a0\u00bb1600&Prime; ca_delay=\u00a0\u00bb160&Prime; ca_init_translate_y=\u00a0\u00bb121&Prime; ca_init_translate_z=\u00a0\u00bb-142&Prime; ca_init_rotate_x=\u00a0\u00bb-85&Prime;][\/vc_column][\/vc_row][vc_row responsive_css=\u00a0\u00bbmargin_bottom_medium:100px|padding_right_medium:0px|padding_left_medium:0px\u00a0\u00bb css=\u00a0\u00bb.vc_custom_1754387919950{margin-top: 48px !important;margin-bottom: 32px !important;padding-right: 15px !important;padding-left: 15px !important;}\u00a0\u00bb][vc_column align=\u00a0\u00bbtext-center\u00a0\u00bb offset=\u00a0\u00bbvc_col-md-offset-2 vc_col-md-8&Prime;]<style>.ld_fancy_heading_69df227c275a8 h1{font-size:36px;}.ld_fancy_heading_69df227c275a8 h1 {margin-bottom:32px !important;  } .ld_fancy_heading_69df227c275a8 .lqd-highlight-inner{height:0.275em;bottom:0px;}.ld_fancy_heading_69df227c275a8 h1 {margin-bottom:32px !important;  } <\/style><div class=\"ld-fancy-heading text-center ld_fancy_heading_69df227c275a8\">\n\t<h1 class=\"lqd-highlight-underline lqd-highlight-grow-left\" ><span class=\"ld-fh-txt\"> Sunset Bar<\/span><\/h1><\/div>[vc_column_text css=\u00a0\u00bb\u00a0\u00bb]Alors que le soleil dispara\u00eet sous l&rsquo;horizon, peignant le ciel de couleurs \u00e9clatantes, retirez-vous dans notre Bar du Coucher de Soleil. Admirez les vues panoramiques sur les collines du nord de Bali et l&rsquo;oc\u00e9an scintillant, cr\u00e9ant un d\u00e9cor \u00e0 couper le souffle pour votre soir\u00e9e. <\/p>\n<p>D\u00e9tendez-vous pr\u00e8s de notre piscine \u00e0 d\u00e9bordement inf\u00e9rieure, sirotez votre cocktail pr\u00e9f\u00e9r\u00e9 et savourez de d\u00e9licieux en-cas traditionnels. L&rsquo;ambiance tranquille de la Plantation offre le cadre parfait pour se d\u00e9tendre et profiter de la beaut\u00e9 du coucher de soleil.[\/vc_column_text][\/vc_column][\/vc_row][vc_row css=\u00a0\u00bb.vc_custom_1754495076306{margin-bottom: 48px !important;}\u00a0\u00bb][vc_column]<style>.ld_carousel_69df227c27bbf .carousel-item{width:66.666666666667%;padding-left:15px;padding-right:15px;}.ld_carousel_69df227c27bbf .carousel-items.row{margin-left:-15px;margin-right:-15px;}.ld_carousel_69df227c27bbf .flickity-prev-next-button svg{stroke:rgb(204, 204, 204);}.ld_carousel_69df227c27bbf .flickity-prev-next-button{color:rgb(204, 204, 204);}.ld_carousel_69df227c27bbf .flickity-prev-next-button:hover svg{stroke:rgb(47, 68, 46);}.ld_carousel_69df227c27bbf .flickity-prev-next-button:hover{color:rgb(47, 68, 46);}.ld_carousel_69df227c27bbf .flickity-page-dots{top:auto;right:auto;bottom:-25px;left:auto;}@media (min-width: 992px) {.ld_carousel_69df227c27bbf .carousel-item { width:66.666666666667% }}<\/style><div id=\"ld_carousel_69df227c27bbf\" class=\"carousel-container carousel-nav-floated carousel-nav-center carousel-nav-middle carousel-nav-xl carousel-dots-style1 ld_carousel_69df227c27bbf\">\n\n\t<div class=\"carousel-items row\"  data-lqd-flickity='{\"cellAlign\":\"center\",\"prevNextButtons\":true,\"buttonsAppendTo\":\"self\",\"pageDots\":false,\"groupCells\":true,\"wrapAround\":true,\"adaptiveHeight\":true,\"autoPlay\":3000,\"pauseAutoPlayOnHover\":true,\"navArrow\":{\"prev\":\"&lt;i class=\\&quot;fa fa-angle-left\\&quot;&gt;&lt;\/i&gt;\",\"next\":\"&lt;i class=\\&quot;fa fa-angle-right\\&quot;&gt;&lt;\/i&gt;\"},\"navOffsets\":{\"prev\":\"-7%\",\"next\":\"-7%\"}}' >\n\t<p>[vc_single_image image=\u00a0\u00bb9723&Prime; img_size=\u00a0\u00bbfull\u00a0\u00bb css=\u00a0\u00bb\u00a0\u00bb][vc_single_image image=\u00a0\u00bb9716&Prime; img_size=\u00a0\u00bbfull\u00a0\u00bb css=\u00a0\u00bb\u00a0\u00bb][vc_single_image image=\u00a0\u00bb9717&Prime; img_size=\u00a0\u00bbfull\u00a0\u00bb css=\u00a0\u00bb\u00a0\u00bb][vc_single_image image=\u00a0\u00bb9718&Prime; img_size=\u00a0\u00bbfull\u00a0\u00bb css=\u00a0\u00bb\u00a0\u00bb][vc_single_image image=\u00a0\u00bb9719&Prime; img_size=\u00a0\u00bbfull\u00a0\u00bb css=\u00a0\u00bb\u00a0\u00bb][vc_single_image image=\u00a0\u00bb9721&Prime; img_size=\u00a0\u00bbfull\u00a0\u00bb css=\u00a0\u00bb\u00a0\u00bb][vc_single_image image=\u00a0\u00bb9722&Prime; img_size=\u00a0\u00bbfull\u00a0\u00bb css=\u00a0\u00bb\u00a0\u00bb]<\/p>\n\t<\/div>\n\n<\/div>[\/vc_column][\/vc_row][vc_row responsive_css=\u00a0\u00bbmargin_bottom_medium:65px|padding_right_medium:0px|padding_left_medium:0px\u00a0\u00bb css=\u00a0\u00bb.vc_custom_1754486584919{margin-bottom: 32px !important;padding-right: 15px !important;padding-left: 15px !important;}\u00a0\u00bb][vc_column width=\u00a0\u00bb1\/2&Prime;]<style>.ld_icon_box_69df227c27f48 h3{margin-bottom:px;}.ld_icon_box_69df227c27f48 .iconbox-icon-container{border-radius:px;}<\/style>\n<div class=\"iconbox iconbox-side iconbox-heading-xs ld_icon_box_69df227c27f48\" id=\"ld_icon_box_69df227c27f48\"   >\n\t\n\t\t<div class=\"iconbox-icon-wrap\"><span class=\"iconbox-icon-container\"><i class=\"far fa-clock\"><\/i><\/span><\/div><!-- \/.iconbox-icon-wrap -->\t\n\t\t\n\t<div class=\"contents\">\t\n\t<h3>Heures d'ouverture<\/h3>\t<p>13h00 \u00e0 23h00<\/p>\n\t\t\n\t<\/div>\t\n\t\n<\/div>\n[\/vc_column][vc_column width=\u00a0\u00bb1\/2&Prime;]<style>.ld_fancy_heading_69df227c282b8 h3{font-size:20px;}.ld_fancy_heading_69df227c282b8 h3 {margin-bottom:32px !important;  } @media (min-width: 992px) { .ld_fancy_heading_69df227c282b8 h3 {margin-bottom:38px !important;  }  } .ld_fancy_heading_69df227c282b8 .lqd-highlight-inner{height:0.275em;bottom:0px;}.ld_fancy_heading_69df227c282b8 h3 {margin-bottom:32px !important;  } @media (min-width: 992px) { .ld_fancy_heading_69df227c282b8 h3 {margin-bottom:38px !important;  }  } <\/style><div class=\"ld-fancy-heading text-center ld_fancy_heading_69df227c282b8\">\n\t<h3 class=\"lqd-highlight-underline lqd-highlight-grow-left\" ><span class=\"ld-fh-txt\"> Menu at Sunset Bar<\/span><\/h3><\/div>[vc_row_inner][vc_column_inner align=\u00a0\u00bbtext-center\u00a0\u00bb offset=\u00a0\u00bbvc_col-md-offset-2 vc_col-md-8&Prime;]<style>.ld_button_69df227c285ac.btn-icon-solid .btn-icon{background:rgb(61, 61, 60);}.ld_button_69df227c285ac.btn-icon-circle.btn-icon-ripple .btn-icon:before{border-color:rgb(61, 61, 60);}.ld_button_69df227c285ac{width:100%;height:50px;color:rgb(61, 61, 60);border-color:rgb(61, 61, 60);}.ld_button_69df227c285ac:hover{background-color:rgb(61, 61, 60);}.ld_button_69df227c285ac.btn-bordered:hover{border-color:rgb(61, 61, 60);}<\/style><a href=\"https:\/\/mundukmodingplantation.com\/wp-content\/uploads\/2026\/01\/2.-Drink-List.pdf\" title=\"Drink List\" class=\"btn btn-default btn-custom btn-custom-sized circle btn-bordered border-thin ld_button_69df227c285ac vc_custom_1767342108385\">\n\t<span>\n\t\t\n\t\t\t\t\t<span class=\"btn-txt\">Carte des boissons<\/span>\n\t\t\t\n\t\t\t\t<\/span>\n<\/a>\n<style>.ld_button_69df227c288c1.btn-icon-solid .btn-icon{background:rgb(61, 61, 60);}.ld_button_69df227c288c1.btn-icon-circle.btn-icon-ripple .btn-icon:before{border-color:rgb(61, 61, 60);}.ld_button_69df227c288c1{width:100%;height:50px;color:rgb(61, 61, 60);border-color:rgb(61, 61, 60);}.ld_button_69df227c288c1:hover{background-color:rgb(61, 61, 60);}.ld_button_69df227c288c1.btn-bordered:hover{border-color:rgb(61, 61, 60);}<\/style><a href=\"https:\/\/mundukmodingplantation.com\/wp-content\/uploads\/2026\/01\/1.-Wine-List.pdf\" title=\"Wine List\" class=\"btn btn-default btn-custom btn-custom-sized circle btn-bordered border-thin ld_button_69df227c288c1 vc_custom_1767342119446\">\n\t<span>\n\t\t\n\t\t\t\t\t<span class=\"btn-txt\">Carte des vins<\/span>\n\t\t\t\n\t\t\t\t<\/span>\n<\/a>\n[\/vc_column_inner][\/vc_row_inner][\/vc_column][\/vc_row]<\/p>\n<\/div>","protected":false},"excerpt":{"rendered":"<p>[vc_row full_width=\u00a0\u00bbstretch_row\u00a0\u00bb equal_height=\u00a0\u00bbyes\u00a0\u00bb video_bg=\u00a0\u00bbyes\u00a0\u00bb video_local_mp4_url=\u00a0\u00bbhttps:\/\/mundukmodingplantation.com\/wp-content\/uploads\/2025\/06\/Branding-MMP.mp4&Prime; disable_element=\u00a0\u00bbyes\u00a0\u00bb css=\u00a0\u00bb.vc_custom_1754321697222{margin-top: -20px !important;padding-top: 100px !important;padding-bottom: 110px !important;background-image: url(https:\/\/mundukmodingplantation.com\/wp-content\/uploads\/2025\/06\/home1.webp?id=6810) !important;background-position:&#8230;<\/p>\n","protected":false},"author":1,"featured_media":0,"parent":9850,"menu_order":0,"comment_status":"closed","ping_status":"closed","template":"","meta":{"footnotes":""},"class_list":["post-9715","page","type-page","status-publish","hentry"],"yoast_head":"<!-- This site is optimized with the Yoast SEO plugin v27.4 - https:\/\/yoast.com\/product\/yoast-seo-wordpress\/ -->\n<title>Bar du Coucher de Soleil | Munduk Moding Plantation<\/title>\n<meta name=\"description\" content=\"Admirez le coucher de soleil de Bali depuis le Bar du Coucher de Soleil. D\u00e9gustez des cocktails et savourez des en-cas pr\u00e8s de la piscine \u00e0 d\u00e9bordement inf\u00e9rieure avec vue panoramique sur l&#039;oc\u00e9an et les collines...\" \/>\n<meta name=\"robots\" content=\"index, follow, max-snippet:-1, max-image-preview:large, max-video-preview:-1\" \/>\n<link rel=\"canonical\" href=\"https:\/\/mundukmodingplantation.com\/fr\/restauration\/bar-du-coucher-de-soleil\/\" \/>\n<meta property=\"og:locale\" content=\"fr_FR\" \/>\n<meta property=\"og:type\" content=\"article\" \/>\n<meta property=\"og:title\" content=\"Bar du Coucher de Soleil | Munduk Moding Plantation\" \/>\n<meta property=\"og:description\" content=\"Admirez le coucher de soleil de Bali depuis le Bar du Coucher de Soleil. D\u00e9gustez des cocktails et savourez des en-cas pr\u00e8s de la piscine \u00e0 d\u00e9bordement inf\u00e9rieure avec vue panoramique sur l&#039;oc\u00e9an et les collines...\" \/>\n<meta property=\"og:url\" content=\"https:\/\/mundukmodingplantation.com\/fr\/restauration\/bar-du-coucher-de-soleil\/\" \/>\n<meta property=\"og:site_name\" content=\"Munduk Moding Plantation\" \/>\n<meta property=\"article:modified_time\" content=\"2026-01-02T08:22:02+00:00\" \/>\n<meta property=\"og:image\" content=\"https:\/\/mundukmodingplantation.com\/wp-content\/uploads\/2025\/06\/home1.webp\" \/>\n\t<meta property=\"og:image:width\" content=\"1920\" \/>\n\t<meta property=\"og:image:height\" content=\"1280\" \/>\n\t<meta property=\"og:image:type\" content=\"image\/webp\" \/>\n<meta name=\"twitter:card\" content=\"summary_large_image\" \/>\n<meta name=\"twitter:label1\" content=\"Dur\u00e9e de lecture estim\u00e9e\" \/>\n\t<meta name=\"twitter:data1\" content=\"3 minutes\" \/>\n<script type=\"application\/ld+json\" class=\"yoast-schema-graph\">{\"@context\":\"https:\\\/\\\/schema.org\",\"@graph\":[{\"@type\":\"WebPage\",\"@id\":\"https:\\\/\\\/mundukmodingplantation.com\\\/fr\\\/restauration\\\/bar-du-coucher-de-soleil\\\/\",\"url\":\"https:\\\/\\\/mundukmodingplantation.com\\\/fr\\\/restauration\\\/bar-du-coucher-de-soleil\\\/\",\"name\":\"Bar du Coucher de Soleil | Munduk Moding Plantation\",\"isPartOf\":{\"@id\":\"https:\\\/\\\/mundukmodingplantation.com\\\/fr\\\/#website\"},\"datePublished\":\"2025-08-06T15:00:41+00:00\",\"dateModified\":\"2026-01-02T08:22:02+00:00\",\"description\":\"Admirez le coucher de soleil de Bali depuis le Bar du Coucher de Soleil. D\u00e9gustez des cocktails et savourez des en-cas pr\u00e8s de la piscine \u00e0 d\u00e9bordement inf\u00e9rieure avec vue panoramique sur l'oc\u00e9an et les collines...\",\"breadcrumb\":{\"@id\":\"https:\\\/\\\/mundukmodingplantation.com\\\/fr\\\/restauration\\\/bar-du-coucher-de-soleil\\\/#breadcrumb\"},\"inLanguage\":\"fr-FR\",\"potentialAction\":[{\"@type\":\"ReadAction\",\"target\":[\"https:\\\/\\\/mundukmodingplantation.com\\\/fr\\\/restauration\\\/bar-du-coucher-de-soleil\\\/\"]}]},{\"@type\":\"BreadcrumbList\",\"@id\":\"https:\\\/\\\/mundukmodingplantation.com\\\/fr\\\/restauration\\\/bar-du-coucher-de-soleil\\\/#breadcrumb\",\"itemListElement\":[{\"@type\":\"ListItem\",\"position\":1,\"name\":\"Home\",\"item\":\"https:\\\/\\\/mundukmodingplantation.com\\\/fr\\\/homenew\\\/\"},{\"@type\":\"ListItem\",\"position\":2,\"name\":\"Restauration\",\"item\":\"https:\\\/\\\/mundukmodingplantation.com\\\/fr\\\/restauration\\\/\"},{\"@type\":\"ListItem\",\"position\":3,\"name\":\"Bar du Coucher de Soleil\"}]},{\"@type\":\"WebSite\",\"@id\":\"https:\\\/\\\/mundukmodingplantation.com\\\/fr\\\/#website\",\"url\":\"https:\\\/\\\/mundukmodingplantation.com\\\/fr\\\/\",\"name\":\"Munduk Moding Plantation\",\"description\":\"Nature Resort\",\"potentialAction\":[{\"@type\":\"SearchAction\",\"target\":{\"@type\":\"EntryPoint\",\"urlTemplate\":\"https:\\\/\\\/mundukmodingplantation.com\\\/fr\\\/?s={search_term_string}\"},\"query-input\":{\"@type\":\"PropertyValueSpecification\",\"valueRequired\":true,\"valueName\":\"search_term_string\"}}],\"inLanguage\":\"fr-FR\"}]}<\/script>\n<!-- \/ Yoast SEO plugin. -->","yoast_head_json":{"title":"Bar du Coucher de Soleil | Munduk Moding Plantation","description":"Admirez le coucher de soleil de Bali depuis le Bar du Coucher de Soleil. D\u00e9gustez des cocktails et savourez des en-cas pr\u00e8s de la piscine \u00e0 d\u00e9bordement inf\u00e9rieure avec vue panoramique sur l'oc\u00e9an et les collines...","robots":{"index":"index","follow":"follow","max-snippet":"max-snippet:-1","max-image-preview":"max-image-preview:large","max-video-preview":"max-video-preview:-1"},"canonical":"https:\/\/mundukmodingplantation.com\/fr\/restauration\/bar-du-coucher-de-soleil\/","og_locale":"fr_FR","og_type":"article","og_title":"Bar du Coucher de Soleil | Munduk Moding Plantation","og_description":"Admirez le coucher de soleil de Bali depuis le Bar du Coucher de Soleil. D\u00e9gustez des cocktails et savourez des en-cas pr\u00e8s de la piscine \u00e0 d\u00e9bordement inf\u00e9rieure avec vue panoramique sur l'oc\u00e9an et les collines...","og_url":"https:\/\/mundukmodingplantation.com\/fr\/restauration\/bar-du-coucher-de-soleil\/","og_site_name":"Munduk Moding Plantation","article_modified_time":"2026-01-02T08:22:02+00:00","og_image":[{"width":1920,"height":1280,"url":"https:\/\/mundukmodingplantation.com\/wp-content\/uploads\/2025\/06\/home1.webp","type":"image\/webp"}],"twitter_card":"summary_large_image","twitter_misc":{"Dur\u00e9e de lecture estim\u00e9e":"3 minutes"},"schema":{"@context":"https:\/\/schema.org","@graph":[{"@type":"WebPage","@id":"https:\/\/mundukmodingplantation.com\/fr\/restauration\/bar-du-coucher-de-soleil\/","url":"https:\/\/mundukmodingplantation.com\/fr\/restauration\/bar-du-coucher-de-soleil\/","name":"Bar du Coucher de Soleil | Munduk Moding Plantation","isPartOf":{"@id":"https:\/\/mundukmodingplantation.com\/fr\/#website"},"datePublished":"2025-08-06T15:00:41+00:00","dateModified":"2026-01-02T08:22:02+00:00","description":"Admirez le coucher de soleil de Bali depuis le Bar du Coucher de Soleil. D\u00e9gustez des cocktails et savourez des en-cas pr\u00e8s de la piscine \u00e0 d\u00e9bordement inf\u00e9rieure avec vue panoramique sur l'oc\u00e9an et les collines...","breadcrumb":{"@id":"https:\/\/mundukmodingplantation.com\/fr\/restauration\/bar-du-coucher-de-soleil\/#breadcrumb"},"inLanguage":"fr-FR","potentialAction":[{"@type":"ReadAction","target":["https:\/\/mundukmodingplantation.com\/fr\/restauration\/bar-du-coucher-de-soleil\/"]}]},{"@type":"BreadcrumbList","@id":"https:\/\/mundukmodingplantation.com\/fr\/restauration\/bar-du-coucher-de-soleil\/#breadcrumb","itemListElement":[{"@type":"ListItem","position":1,"name":"Home","item":"https:\/\/mundukmodingplantation.com\/fr\/homenew\/"},{"@type":"ListItem","position":2,"name":"Restauration","item":"https:\/\/mundukmodingplantation.com\/fr\/restauration\/"},{"@type":"ListItem","position":3,"name":"Bar du Coucher de Soleil"}]},{"@type":"WebSite","@id":"https:\/\/mundukmodingplantation.com\/fr\/#website","url":"https:\/\/mundukmodingplantation.com\/fr\/","name":"Munduk Moding Plantation","description":"Nature Resort","potentialAction":[{"@type":"SearchAction","target":{"@type":"EntryPoint","urlTemplate":"https:\/\/mundukmodingplantation.com\/fr\/?s={search_term_string}"},"query-input":{"@type":"PropertyValueSpecification","valueRequired":true,"valueName":"search_term_string"}}],"inLanguage":"fr-FR"}]}},"_links":{"self":[{"href":"https:\/\/mundukmodingplantation.com\/fr\/wp-json\/wp\/v2\/pages\/9715","targetHints":{"allow":["GET"]}}],"collection":[{"href":"https:\/\/mundukmodingplantation.com\/fr\/wp-json\/wp\/v2\/pages"}],"about":[{"href":"https:\/\/mundukmodingplantation.com\/fr\/wp-json\/wp\/v2\/types\/page"}],"author":[{"embeddable":true,"href":"https:\/\/mundukmodingplantation.com\/fr\/wp-json\/wp\/v2\/users\/1"}],"replies":[{"embeddable":true,"href":"https:\/\/mundukmodingplantation.com\/fr\/wp-json\/wp\/v2\/comments?post=9715"}],"version-history":[{"count":18,"href":"https:\/\/mundukmodingplantation.com\/fr\/wp-json\/wp\/v2\/pages\/9715\/revisions"}],"predecessor-version":[{"id":15849,"href":"https:\/\/mundukmodingplantation.com\/fr\/wp-json\/wp\/v2\/pages\/9715\/revisions\/15849"}],"up":[{"embeddable":true,"href":"https:\/\/mundukmodingplantation.com\/fr\/wp-json\/wp\/v2\/pages\/9850"}],"wp:attachment":[{"href":"https:\/\/mundukmodingplantation.com\/fr\/wp-json\/wp\/v2\/media?parent=9715"}],"curies":[{"name":"wp","href":"https:\/\/api.w.org\/{rel}","templated":true}]}}