{"id":9720,"date":"2025-08-06T21:22:00","date_gmt":"2025-08-06T13:22:00","guid":{"rendered":"https:\/\/mundukmodingplantation.com\/warung-bongkot\/"},"modified":"2026-01-02T16:17:49","modified_gmt":"2026-01-02T08:17:49","slug":"warung-bongkot","status":"publish","type":"page","link":"https:\/\/mundukmodingplantation.com\/fr\/restauration\/warung-bongkot\/","title":{"rendered":"Warung bongkot"},"content":{"rendered":"<div class=\"wpb-content-wrapper\"><p>[vc_row full_width=\u00a0\u00bbstretch_row\u00a0\u00bb equal_height=\u00a0\u00bbyes\u00a0\u00bb video_bg=\u00a0\u00bbyes\u00a0\u00bb video_local_mp4_url=\u00a0\u00bbhttps:\/\/mundukmodingplantation.com\/wp-content\/uploads\/2025\/06\/Branding-MMP.mp4&Prime; disable_element=\u00a0\u00bbyes\u00a0\u00bb css=\u00a0\u00bb.vc_custom_1754321697222{margin-top: -20px !important;padding-top: 100px !important;padding-bottom: 110px !important;background-image: url(https:\/\/mundukmodingplantation.com\/wp-content\/uploads\/2025\/06\/home1.webp?id=6810) !important;background-position: center !important;background-repeat: no-repeat !important;background-size: cover !important;}\u00a0\u00bb responsive_css=\u00a0\u00bbpadding_top_large:45%25|padding_bottom_large:0px|margin_top_medium:-17px|padding_top_medium:275px|padding_bottom_medium:275px\u00a0\u00bb el_class=\u00a0\u00bbfluid\u00a0\u00bb][vc_column enable_content_animation=\u00a0\u00bbyes\u00a0\u00bb ca_init_scale_x=\u00a0\u00bb1&Prime; ca_init_scale_y=\u00a0\u00bb1&Prime; ca_init_scale_z=\u00a0\u00bb1&Prime; ca_init_opacity=\u00a0\u00bb0&Prime; ca_an_scale_x=\u00a0\u00bb1&Prime; ca_an_scale_y=\u00a0\u00bb1&Prime; ca_an_scale_z=\u00a0\u00bb1&Prime; ca_an_opacity=\u00a0\u00bb1&Prime; align=\u00a0\u00bbtext-center\u00a0\u00bb ca_duration=\u00a0\u00bb1600&Prime; ca_delay=\u00a0\u00bb160&Prime; ca_init_translate_y=\u00a0\u00bb121&Prime; ca_init_translate_z=\u00a0\u00bb-142&Prime; ca_init_rotate_x=\u00a0\u00bb-85&Prime;][\/vc_column][\/vc_row][vc_row responsive_css=\u00a0\u00bbmargin_bottom_medium:100px|padding_right_medium:0px|padding_left_medium:0px\u00a0\u00bb css=\u00a0\u00bb.vc_custom_1754387919950{margin-top: 48px !important;margin-bottom: 32px !important;padding-right: 15px !important;padding-left: 15px !important;}\u00a0\u00bb][vc_column align=\u00a0\u00bbtext-center\u00a0\u00bb offset=\u00a0\u00bbvc_col-md-offset-2 vc_col-md-8&Prime;]<style>.ld_fancy_heading_69df0a03850ae h1{font-size:36px;}.ld_fancy_heading_69df0a03850ae h1 {margin-bottom:32px !important;  } .ld_fancy_heading_69df0a03850ae .lqd-highlight-inner{height:0.275em;bottom:0px;}.ld_fancy_heading_69df0a03850ae h1 {margin-bottom:32px !important;  } <\/style><div class=\"ld-fancy-heading text-center ld_fancy_heading_69df0a03850ae\">\n\t<h1 class=\"lqd-highlight-underline lqd-highlight-grow-left\" ><span class=\"ld-fh-txt\"> Warung Bongkot: A Taste of North Bali<\/span><\/h1><\/div>[vc_column_text css=\u00a0\u00bb\u00a0\u00bb]D\u00e9couvrez l&rsquo;essence de la cuisine du Nord de Bali au Warung Bongkot. Notre restaurant c\u00e9l\u00e8bre les riches traditions culinaires du Nord de Bali, transmises \u00e0 travers les g\u00e9n\u00e9rations de familles. <\/p>\n<p>Savourez les saveurs authentiques de nos plats, \u00e9labor\u00e9s avec les ingr\u00e9dients biologiques les plus frais provenant de nos propres jardins et plantation. D\u00e9couvrez la technique unique du Nord de Bali de blanchiment des l\u00e9gumes, qui pr\u00e9serve leur bont\u00e9 naturelle et leurs couleurs vives. <\/p>\n<p>D\u00e9lectez-vous d&rsquo;une vari\u00e9t\u00e9 de sambals aromatiques, allant de doux \u00e0 \u00e9pic\u00e9, pour accompagner votre repas. Rejoignez-nous pour une exp\u00e9rience culinaire conviviale, en partageant une s\u00e9lection de plats avec vos proches. <\/p>\n<p>Notre menu propose un \u00c9chantillonneur du Nord de Bali, offrant un aper\u00e7u de nos plats les plus appr\u00e9ci\u00e9s. Notre personnel amical est toujours disponible pour vous guider \u00e0 travers notre menu et recommander les accords parfaits.[\/vc_column_text][\/vc_column][\/vc_row][vc_row css=\u00a0\u00bb.vc_custom_1754495108252{margin-bottom: 48px !important;}\u00a0\u00bb][vc_column]<style>.ld_carousel_69df0a038573f .carousel-item{width:66.666666666667%;padding-left:15px;padding-right:15px;}.ld_carousel_69df0a038573f .carousel-items.row{margin-left:-15px;margin-right:-15px;}.ld_carousel_69df0a038573f .flickity-prev-next-button svg{stroke:rgb(204, 204, 204);}.ld_carousel_69df0a038573f .flickity-prev-next-button{color:rgb(204, 204, 204);}.ld_carousel_69df0a038573f .flickity-prev-next-button:hover svg{stroke:rgb(47, 68, 46);}.ld_carousel_69df0a038573f .flickity-prev-next-button:hover{color:rgb(47, 68, 46);}.ld_carousel_69df0a038573f .flickity-page-dots{top:auto;right:auto;bottom:-25px;left:auto;}@media (min-width: 992px) {.ld_carousel_69df0a038573f .carousel-item { width:66.666666666667% }}<\/style><div id=\"ld_carousel_69df0a038573f\" class=\"carousel-container carousel-nav-floated carousel-nav-center carousel-nav-middle carousel-nav-xl carousel-dots-style1 ld_carousel_69df0a038573f\">\n\n\t<div class=\"carousel-items row\"  data-lqd-flickity='{\"cellAlign\":\"center\",\"prevNextButtons\":true,\"buttonsAppendTo\":\"self\",\"pageDots\":false,\"groupCells\":true,\"wrapAround\":true,\"adaptiveHeight\":true,\"autoPlay\":3000,\"pauseAutoPlayOnHover\":true,\"navArrow\":{\"prev\":\"&lt;i class=\\&quot;fa fa-angle-left\\&quot;&gt;&lt;\/i&gt;\",\"next\":\"&lt;i class=\\&quot;fa fa-angle-right\\&quot;&gt;&lt;\/i&gt;\"},\"navOffsets\":{\"prev\":\"-7%\",\"next\":\"-7%\"}}' >\n\t<p>[vc_single_image image=\u00a0\u00bb9730&Prime; img_size=\u00a0\u00bbfull\u00a0\u00bb css=\u00a0\u00bb\u00a0\u00bb][vc_single_image image=\u00a0\u00bb9724&Prime; img_size=\u00a0\u00bbfull\u00a0\u00bb css=\u00a0\u00bb\u00a0\u00bb][vc_single_image image=\u00a0\u00bb9725&Prime; img_size=\u00a0\u00bbfull\u00a0\u00bb css=\u00a0\u00bb\u00a0\u00bb][vc_single_image image=\u00a0\u00bb9726&Prime; img_size=\u00a0\u00bbfull\u00a0\u00bb css=\u00a0\u00bb\u00a0\u00bb][vc_single_image image=\u00a0\u00bb9727&Prime; img_size=\u00a0\u00bbfull\u00a0\u00bb css=\u00a0\u00bb\u00a0\u00bb][vc_single_image image=\u00a0\u00bb9728&Prime; img_size=\u00a0\u00bbfull\u00a0\u00bb css=\u00a0\u00bb\u00a0\u00bb][vc_single_image image=\u00a0\u00bb9729&Prime; img_size=\u00a0\u00bbfull\u00a0\u00bb css=\u00a0\u00bb\u00a0\u00bb]<\/p>\n\t<\/div>\n\n<\/div>[\/vc_column][\/vc_row][vc_row responsive_css=\u00a0\u00bbmargin_bottom_medium:65px|padding_right_medium:0px|padding_left_medium:0px\u00a0\u00bb css=\u00a0\u00bb.vc_custom_1754486584919{margin-bottom: 32px !important;padding-right: 15px !important;padding-left: 15px !important;}\u00a0\u00bb][vc_column width=\u00a0\u00bb1\/2&Prime;]<style>.ld_fancy_heading_69df0a0385a85 h3{font-size:20px;}.ld_fancy_heading_69df0a0385a85 h3 {margin-bottom:32px !important;  } @media (min-width: 992px) { .ld_fancy_heading_69df0a0385a85 h3 {margin-bottom:38px !important;  }  } .ld_fancy_heading_69df0a0385a85 .lqd-highlight-inner{height:0.275em;bottom:0px;}.ld_fancy_heading_69df0a0385a85 h3 {margin-bottom:32px !important;  } @media (min-width: 992px) { .ld_fancy_heading_69df0a0385a85 h3 {margin-bottom:38px !important;  }  } <\/style><div class=\"ld-fancy-heading ld_fancy_heading_69df0a0385a85\">\n\t<h3 class=\"lqd-highlight-underline lqd-highlight-grow-left\" ><span class=\"ld-fh-txt\"> Heures d&rsquo;ouverture<\/span><\/h3><\/div><style>.ld_icon_box_69df0a0385d6f h3{margin-bottom:px;}.ld_icon_box_69df0a0385d6f .iconbox-icon-container{border-radius:px;}<\/style>\n<div class=\"iconbox iconbox-side iconbox-heading-xs ld_icon_box_69df0a0385d6f\" id=\"ld_icon_box_69df0a0385d6f\"   >\n\t\n\t\t<div class=\"iconbox-icon-wrap\"><span class=\"iconbox-icon-container\"><i class=\"far fa-clock\"><\/i><\/span><\/div><!-- \/.iconbox-icon-wrap -->\t\n\t\t\n\t<div class=\"contents\">\t\n\t<h3>D\u00e9jeuner<\/h3>\t<p>13h00 \u00e0 16h30<\/p>\n\t\t\n\t<\/div>\t\n\t\n<\/div>\n<style>.ld_icon_box_69df0a038609a h3{margin-bottom:px;}.ld_icon_box_69df0a038609a .iconbox-icon-container{border-radius:px;}<\/style>\n<div class=\"iconbox iconbox-side iconbox-heading-xs ld_icon_box_69df0a038609a\" id=\"ld_icon_box_69df0a038609a\"   >\n\t\n\t\t<div class=\"iconbox-icon-wrap\"><span class=\"iconbox-icon-container\"><i class=\"far fa-clock\"><\/i><\/span><\/div><!-- \/.iconbox-icon-wrap -->\t\n\t\t\n\t<div class=\"contents\">\t\n\t<h3>D\u00eener<\/h3>\t<p>18h30 \u00e0 23h00 (derni\u00e8re commande \u00e0 21h30)<\/p>\n\t\t\n\t<\/div>\t\n\t\n<\/div>\n[\/vc_column][vc_column width=\u00a0\u00bb1\/2&Prime;]<style>.ld_fancy_heading_69df0a0386350 h3{font-size:20px;}.ld_fancy_heading_69df0a0386350 h3 {margin-bottom:32px !important;  } @media (min-width: 992px) { .ld_fancy_heading_69df0a0386350 h3 {margin-bottom:38px !important;  }  } .ld_fancy_heading_69df0a0386350 .lqd-highlight-inner{height:0.275em;bottom:0px;}.ld_fancy_heading_69df0a0386350 h3 {margin-bottom:32px !important;  } @media (min-width: 992px) { .ld_fancy_heading_69df0a0386350 h3 {margin-bottom:38px !important;  }  } <\/style><div class=\"ld-fancy-heading text-center ld_fancy_heading_69df0a0386350\">\n\t<h3 class=\"lqd-highlight-underline lqd-highlight-grow-left\" ><span class=\"ld-fh-txt\"> Menu at Warung Bongkot<\/span><\/h3><\/div>[vc_row_inner][vc_column_inner align=\u00a0\u00bbtext-center\u00a0\u00bb offset=\u00a0\u00bbvc_col-md-offset-2 vc_col-md-8&Prime;]<style>.ld_button_69df0a03865ee.btn-icon-solid .btn-icon{background:rgb(61, 61, 60);}.ld_button_69df0a03865ee.btn-icon-circle.btn-icon-ripple .btn-icon:before{border-color:rgb(61, 61, 60);}.ld_button_69df0a03865ee{width:100%;height:50px;color:rgb(61, 61, 60);border-color:rgb(61, 61, 60);}.ld_button_69df0a03865ee:hover{background-color:rgb(61, 61, 60);}.ld_button_69df0a03865ee.btn-bordered:hover{border-color:rgb(61, 61, 60);}<\/style><a href=\"https:\/\/mundukmodingplantation.com\/wp-content\/uploads\/2026\/01\/Warung-Bongkot-Menu.pdf\" title=\"Menu\" class=\"btn btn-default btn-custom btn-custom-sized circle btn-bordered border-thin ld_button_69df0a03865ee vc_custom_1767341829166\">\n\t<span>\n\t\t\n\t\t\t\t\t<span class=\"btn-txt\">Notre menu<\/span>\n\t\t\t\n\t\t\t\t<\/span>\n<\/a>\n[\/vc_column_inner][\/vc_row_inner][\/vc_column][\/vc_row]<\/p>\n<\/div>","protected":false},"excerpt":{"rendered":"<p>[vc_row full_width=\u00a0\u00bbstretch_row\u00a0\u00bb equal_height=\u00a0\u00bbyes\u00a0\u00bb video_bg=\u00a0\u00bbyes\u00a0\u00bb video_local_mp4_url=\u00a0\u00bbhttps:\/\/mundukmodingplantation.com\/wp-content\/uploads\/2025\/06\/Branding-MMP.mp4&Prime; disable_element=\u00a0\u00bbyes\u00a0\u00bb css=\u00a0\u00bb.vc_custom_1754321697222{margin-top: -20px !important;padding-top: 100px !important;padding-bottom: 110px !important;background-image: url(https:\/\/mundukmodingplantation.com\/wp-content\/uploads\/2025\/06\/home1.webp?id=6810) !important;background-position:&#8230;<\/p>\n","protected":false},"author":1,"featured_media":0,"parent":9850,"menu_order":0,"comment_status":"closed","ping_status":"closed","template":"","meta":{"footnotes":""},"class_list":["post-9720","page","type-page","status-publish","hentry"],"yoast_head":"<!-- This site is optimized with the Yoast SEO plugin v27.4 - https:\/\/yoast.com\/product\/yoast-seo-wordpress\/ -->\n<title>Warung Bongkot | Munduk Moding Plantation<\/title>\n<meta name=\"description\" content=\"D\u00e9couvrez le go\u00fbt du Nord de Bali au Warung Bongkot. Plats biologiques du jardin, sambals riches et plateaux de d\u00e9gustation partag\u00e9s impr\u00e9gn\u00e9s de tradition...\" \/>\n<meta name=\"robots\" content=\"index, follow, max-snippet:-1, max-image-preview:large, max-video-preview:-1\" \/>\n<link rel=\"canonical\" href=\"https:\/\/mundukmodingplantation.com\/fr\/restauration\/warung-bongkot\/\" \/>\n<meta property=\"og:locale\" content=\"fr_FR\" \/>\n<meta property=\"og:type\" content=\"article\" \/>\n<meta property=\"og:title\" content=\"Warung Bongkot | Munduk Moding Plantation\" \/>\n<meta property=\"og:description\" content=\"D\u00e9couvrez le go\u00fbt du Nord de Bali au Warung Bongkot. Plats biologiques du jardin, sambals riches et plateaux de d\u00e9gustation partag\u00e9s impr\u00e9gn\u00e9s de tradition...\" \/>\n<meta property=\"og:url\" content=\"https:\/\/mundukmodingplantation.com\/fr\/restauration\/warung-bongkot\/\" \/>\n<meta property=\"og:site_name\" content=\"Munduk Moding Plantation\" \/>\n<meta property=\"article:modified_time\" content=\"2026-01-02T08:17:49+00:00\" \/>\n<meta property=\"og:image\" content=\"https:\/\/mundukmodingplantation.com\/wp-content\/uploads\/2025\/06\/home1.webp\" \/>\n\t<meta property=\"og:image:width\" content=\"1920\" \/>\n\t<meta property=\"og:image:height\" content=\"1280\" \/>\n\t<meta property=\"og:image:type\" content=\"image\/webp\" \/>\n<meta name=\"twitter:card\" content=\"summary_large_image\" \/>\n<meta name=\"twitter:label1\" content=\"Dur\u00e9e de lecture estim\u00e9e\" \/>\n\t<meta name=\"twitter:data1\" content=\"4 minutes\" \/>\n<script type=\"application\/ld+json\" class=\"yoast-schema-graph\">{\"@context\":\"https:\\\/\\\/schema.org\",\"@graph\":[{\"@type\":\"WebPage\",\"@id\":\"https:\\\/\\\/mundukmodingplantation.com\\\/fr\\\/restauration\\\/warung-bongkot\\\/\",\"url\":\"https:\\\/\\\/mundukmodingplantation.com\\\/fr\\\/restauration\\\/warung-bongkot\\\/\",\"name\":\"Warung Bongkot | Munduk Moding Plantation\",\"isPartOf\":{\"@id\":\"https:\\\/\\\/mundukmodingplantation.com\\\/fr\\\/#website\"},\"datePublished\":\"2025-08-06T13:22:00+00:00\",\"dateModified\":\"2026-01-02T08:17:49+00:00\",\"description\":\"D\u00e9couvrez le go\u00fbt du Nord de Bali au Warung Bongkot. Plats biologiques du jardin, sambals riches et plateaux de d\u00e9gustation partag\u00e9s impr\u00e9gn\u00e9s de tradition...\",\"breadcrumb\":{\"@id\":\"https:\\\/\\\/mundukmodingplantation.com\\\/fr\\\/restauration\\\/warung-bongkot\\\/#breadcrumb\"},\"inLanguage\":\"fr-FR\",\"potentialAction\":[{\"@type\":\"ReadAction\",\"target\":[\"https:\\\/\\\/mundukmodingplantation.com\\\/fr\\\/restauration\\\/warung-bongkot\\\/\"]}]},{\"@type\":\"BreadcrumbList\",\"@id\":\"https:\\\/\\\/mundukmodingplantation.com\\\/fr\\\/restauration\\\/warung-bongkot\\\/#breadcrumb\",\"itemListElement\":[{\"@type\":\"ListItem\",\"position\":1,\"name\":\"Home\",\"item\":\"https:\\\/\\\/mundukmodingplantation.com\\\/fr\\\/homenew\\\/\"},{\"@type\":\"ListItem\",\"position\":2,\"name\":\"Restauration\",\"item\":\"https:\\\/\\\/mundukmodingplantation.com\\\/fr\\\/restauration\\\/\"},{\"@type\":\"ListItem\",\"position\":3,\"name\":\"Warung bongkot\"}]},{\"@type\":\"WebSite\",\"@id\":\"https:\\\/\\\/mundukmodingplantation.com\\\/fr\\\/#website\",\"url\":\"https:\\\/\\\/mundukmodingplantation.com\\\/fr\\\/\",\"name\":\"Munduk Moding Plantation\",\"description\":\"Nature Resort\",\"potentialAction\":[{\"@type\":\"SearchAction\",\"target\":{\"@type\":\"EntryPoint\",\"urlTemplate\":\"https:\\\/\\\/mundukmodingplantation.com\\\/fr\\\/?s={search_term_string}\"},\"query-input\":{\"@type\":\"PropertyValueSpecification\",\"valueRequired\":true,\"valueName\":\"search_term_string\"}}],\"inLanguage\":\"fr-FR\"}]}<\/script>\n<!-- \/ Yoast SEO plugin. -->","yoast_head_json":{"title":"Warung Bongkot | Munduk Moding Plantation","description":"D\u00e9couvrez le go\u00fbt du Nord de Bali au Warung Bongkot. Plats biologiques du jardin, sambals riches et plateaux de d\u00e9gustation partag\u00e9s impr\u00e9gn\u00e9s de tradition...","robots":{"index":"index","follow":"follow","max-snippet":"max-snippet:-1","max-image-preview":"max-image-preview:large","max-video-preview":"max-video-preview:-1"},"canonical":"https:\/\/mundukmodingplantation.com\/fr\/restauration\/warung-bongkot\/","og_locale":"fr_FR","og_type":"article","og_title":"Warung Bongkot | Munduk Moding Plantation","og_description":"D\u00e9couvrez le go\u00fbt du Nord de Bali au Warung Bongkot. Plats biologiques du jardin, sambals riches et plateaux de d\u00e9gustation partag\u00e9s impr\u00e9gn\u00e9s de tradition...","og_url":"https:\/\/mundukmodingplantation.com\/fr\/restauration\/warung-bongkot\/","og_site_name":"Munduk Moding Plantation","article_modified_time":"2026-01-02T08:17:49+00:00","og_image":[{"width":1920,"height":1280,"url":"https:\/\/mundukmodingplantation.com\/wp-content\/uploads\/2025\/06\/home1.webp","type":"image\/webp"}],"twitter_card":"summary_large_image","twitter_misc":{"Dur\u00e9e de lecture estim\u00e9e":"4 minutes"},"schema":{"@context":"https:\/\/schema.org","@graph":[{"@type":"WebPage","@id":"https:\/\/mundukmodingplantation.com\/fr\/restauration\/warung-bongkot\/","url":"https:\/\/mundukmodingplantation.com\/fr\/restauration\/warung-bongkot\/","name":"Warung Bongkot | Munduk Moding Plantation","isPartOf":{"@id":"https:\/\/mundukmodingplantation.com\/fr\/#website"},"datePublished":"2025-08-06T13:22:00+00:00","dateModified":"2026-01-02T08:17:49+00:00","description":"D\u00e9couvrez le go\u00fbt du Nord de Bali au Warung Bongkot. Plats biologiques du jardin, sambals riches et plateaux de d\u00e9gustation partag\u00e9s impr\u00e9gn\u00e9s de tradition...","breadcrumb":{"@id":"https:\/\/mundukmodingplantation.com\/fr\/restauration\/warung-bongkot\/#breadcrumb"},"inLanguage":"fr-FR","potentialAction":[{"@type":"ReadAction","target":["https:\/\/mundukmodingplantation.com\/fr\/restauration\/warung-bongkot\/"]}]},{"@type":"BreadcrumbList","@id":"https:\/\/mundukmodingplantation.com\/fr\/restauration\/warung-bongkot\/#breadcrumb","itemListElement":[{"@type":"ListItem","position":1,"name":"Home","item":"https:\/\/mundukmodingplantation.com\/fr\/homenew\/"},{"@type":"ListItem","position":2,"name":"Restauration","item":"https:\/\/mundukmodingplantation.com\/fr\/restauration\/"},{"@type":"ListItem","position":3,"name":"Warung bongkot"}]},{"@type":"WebSite","@id":"https:\/\/mundukmodingplantation.com\/fr\/#website","url":"https:\/\/mundukmodingplantation.com\/fr\/","name":"Munduk Moding Plantation","description":"Nature Resort","potentialAction":[{"@type":"SearchAction","target":{"@type":"EntryPoint","urlTemplate":"https:\/\/mundukmodingplantation.com\/fr\/?s={search_term_string}"},"query-input":{"@type":"PropertyValueSpecification","valueRequired":true,"valueName":"search_term_string"}}],"inLanguage":"fr-FR"}]}},"_links":{"self":[{"href":"https:\/\/mundukmodingplantation.com\/fr\/wp-json\/wp\/v2\/pages\/9720","targetHints":{"allow":["GET"]}}],"collection":[{"href":"https:\/\/mundukmodingplantation.com\/fr\/wp-json\/wp\/v2\/pages"}],"about":[{"href":"https:\/\/mundukmodingplantation.com\/fr\/wp-json\/wp\/v2\/types\/page"}],"author":[{"embeddable":true,"href":"https:\/\/mundukmodingplantation.com\/fr\/wp-json\/wp\/v2\/users\/1"}],"replies":[{"embeddable":true,"href":"https:\/\/mundukmodingplantation.com\/fr\/wp-json\/wp\/v2\/comments?post=9720"}],"version-history":[{"count":18,"href":"https:\/\/mundukmodingplantation.com\/fr\/wp-json\/wp\/v2\/pages\/9720\/revisions"}],"predecessor-version":[{"id":15777,"href":"https:\/\/mundukmodingplantation.com\/fr\/wp-json\/wp\/v2\/pages\/9720\/revisions\/15777"}],"up":[{"embeddable":true,"href":"https:\/\/mundukmodingplantation.com\/fr\/wp-json\/wp\/v2\/pages\/9850"}],"wp:attachment":[{"href":"https:\/\/mundukmodingplantation.com\/fr\/wp-json\/wp\/v2\/media?parent=9720"}],"curies":[{"name":"wp","href":"https:\/\/api.w.org\/{rel}","templated":true}]}}