{"id":9850,"date":"2025-08-06T12:53:26","date_gmt":"2025-08-06T04:53:26","guid":{"rendered":"https:\/\/mundukmodingplantation.com\/restauration\/"},"modified":"2025-12-09T12:13:11","modified_gmt":"2025-12-09T04:13:11","slug":"restauration","status":"publish","type":"page","link":"https:\/\/mundukmodingplantation.com\/fr\/restauration\/","title":{"rendered":"Restauration"},"content":{"rendered":"<div class=\"wpb-content-wrapper\"><p>[vc_row full_width=\u00a0\u00bbstretch_row\u00a0\u00bb equal_height=\u00a0\u00bbyes\u00a0\u00bb video_bg=\u00a0\u00bbyes\u00a0\u00bb video_local_mp4_url=\u00a0\u00bbhttps:\/\/mundukmodingplantation.com\/wp-content\/uploads\/2025\/06\/Branding-MMP.mp4&Prime; disable_element=\u00a0\u00bbyes\u00a0\u00bb css=\u00a0\u00bb.vc_custom_1754321697222{margin-top: -20px !important;padding-top: 100px !important;padding-bottom: 110px !important;background-image: url(https:\/\/mundukmodingplantation.com\/wp-content\/uploads\/2025\/06\/home1.webp?id=6810) !important;background-position: center !important;background-repeat: no-repeat !important;background-size: cover !important;}\u00a0\u00bb responsive_css=\u00a0\u00bbpadding_top_large:45%25|padding_bottom_large:0px|margin_top_medium:-17px|padding_top_medium:275px|padding_bottom_medium:275px\u00a0\u00bb el_class=\u00a0\u00bbfluid\u00a0\u00bb][vc_column enable_content_animation=\u00a0\u00bbyes\u00a0\u00bb ca_init_scale_x=\u00a0\u00bb1&Prime; ca_init_scale_y=\u00a0\u00bb1&Prime; ca_init_scale_z=\u00a0\u00bb1&Prime; ca_init_opacity=\u00a0\u00bb0&Prime; ca_an_scale_x=\u00a0\u00bb1&Prime; ca_an_scale_y=\u00a0\u00bb1&Prime; ca_an_scale_z=\u00a0\u00bb1&Prime; ca_an_opacity=\u00a0\u00bb1&Prime; align=\u00a0\u00bbtext-center\u00a0\u00bb ca_duration=\u00a0\u00bb1600&Prime; ca_delay=\u00a0\u00bb160&Prime; ca_init_translate_y=\u00a0\u00bb121&Prime; ca_init_translate_z=\u00a0\u00bb-142&Prime; ca_init_rotate_x=\u00a0\u00bb-85&Prime;][\/vc_column][\/vc_row][vc_row responsive_css=\u00a0\u00bbmargin_bottom_medium:150px\u00a0\u00bb css=\u00a0\u00bb.vc_custom_1751012119740{margin-bottom: 65px !important;}\u00a0\u00bb][vc_column align=\u00a0\u00bbtext-center\u00a0\u00bb offset=\u00a0\u00bbvc_col-md-offset-2 vc_col-md-8&Prime;]<style>.ld_fancy_heading_69e9d7b0ea23a h1{font-size:36px;}.ld_fancy_heading_69e9d7b0ea23a h1 {margin-bottom:32px !important;  } @media (min-width: 992px) { .ld_fancy_heading_69e9d7b0ea23a h1 {margin-bottom:52px !important;  }  } .ld_fancy_heading_69e9d7b0ea23a .lqd-highlight-inner{height:0.275em;bottom:0px;}.ld_fancy_heading_69e9d7b0ea23a h1 {margin-bottom:32px !important;  } @media (min-width: 992px) { .ld_fancy_heading_69e9d7b0ea23a h1 {margin-bottom:52px !important;  }  } <\/style><div class=\"ld-fancy-heading text-center ld_fancy_heading_69e9d7b0ea23a\">\n\t<h1 class=\"lqd-highlight-underline lqd-highlight-grow-left\" ><span class=\"ld-fh-txt\"> Dining<\/span><\/h1><\/div>[vc_column_text css=\u00a0\u00bb\u00a0\u00bb]D\u00e9couvrez une gamme vari\u00e9e d&rsquo;options de restauration, allant de l&rsquo;authentique cuisine balinaise \u00e0 la gastronomie internationale, en passant par de succulents plats indon\u00e9siens r\u00e9confortants. Le restaurant MiMPi pr\u00e9sente une d\u00e9licieuse fusion de saveurs asiatiques et internationales, infus\u00e9es des go\u00fbts vibrants de l&rsquo;Indon\u00e9sie. Pour une exp\u00e9rience culinaire balinaise v\u00e9ritablement immersive, visitez Warung Bongkot, o\u00f9 des recettes traditionnelles prennent vie avec des ingr\u00e9dients frais et d&rsquo;origine locale. Pour quelque chose de plus l\u00e9ger, dirigez-vous vers notre Sunset Bar ou notre point de vente de cuisine de rue d\u00e9contract\u00e9, Kaki Lima.   <\/p>\n<p>Pour une exp\u00e9rience culinaire vraiment personnalis\u00e9e, notre chef cuisinier \u00e9labore des menus D\u00e9couverte exclusifs pour les petits groupes (jusqu&rsquo;\u00e0 quatre personnes). Profitez d&rsquo;une d\u00e9monstration de cuisine priv\u00e9e dans notre cuisine ouverte et savourez les saveurs r\u00e9gionales uniques du nord de Bali. Nous croyons en l&rsquo;importance des pratiques durables et des avantages des produits frais et d&rsquo;origine locale. Notre jardin biologique sur place nous fournit une vari\u00e9t\u00e9 de l\u00e9gumes frais et d&rsquo;herbes aromatiques, que nous incorporons dans nos d\u00e9licieux repas.[\/vc_column_text][\/vc_column][\/vc_row][vc_row css=\u00a0\u00bb.vc_custom_1754478607237{margin-bottom: 65px !important;}\u00a0\u00bb][vc_column width=\u00a0\u00bb1\/2&Prime;][vc_single_image image=\u00a0\u00bb9858&Prime; img_size=\u00a0\u00bbfull\u00a0\u00bb css=\u00a0\u00bb\u00a0\u00bb]<style>.ld_fancy_heading_69e9d7b0ea9f7 h3{font-size:28px;}.ld_fancy_heading_69e9d7b0ea9f7 .lqd-highlight-inner{height:0.275em;bottom:0px;}<\/style><div class=\"ld-fancy-heading ld_fancy_heading_69e9d7b0ea9f7\">\n\t<h3 class=\"lqd-highlight-underline lqd-highlight-grow-left\" ><span class=\"ld-fh-txt\"> MiMPi Restaurant<\/span><\/h3><\/div>[vc_column_text css=\u00a0\u00bb\u00a0\u00bb]Embarquez pour une aventure culinaire au restaurant MiMPi, o\u00f9 les saveurs internationales rencontrent les go\u00fbts vibrants de l&rsquo;Indon\u00e9sie.[\/vc_column_text]<style>.ld_button_69e9d7b0eac26.btn-icon-solid .btn-icon{background:rgb(61, 61, 60);}.ld_button_69e9d7b0eac26.btn-icon-circle.btn-icon-ripple .btn-icon:before{border-color:rgb(61, 61, 60);}.ld_button_69e9d7b0eac26{color:rgb(61, 61, 60);}.ld_button_69e9d7b0eac26:before{background:rgb(61, 61, 60);}.ld_button_69e9d7b0eac26.btn-bordered{border-color:rgb(61, 61, 60);}<\/style><a href=\"https:\/\/mundukmodingplantation.com\/dining\/mimpi-restaurant\/\" title=\"MiMPi Restaurant\" class=\"btn btn-underlined btn-bordered border-thin ld_button_69e9d7b0eac26\">\n\t<span>\n\t\t\n\t\t\t\t\t<span class=\"btn-txt\">Discover more<\/span>\n\t\t\t\n\t\t\t\t<\/span>\n<\/a>\n[\/vc_column][vc_column width=\u00a0\u00bb1\/2&Prime;][vc_single_image image=\u00a0\u00bb9730&Prime; img_size=\u00a0\u00bbfull\u00a0\u00bb css=\u00a0\u00bb\u00a0\u00bb]<style>.ld_fancy_heading_69e9d7b0eaf96 h3{font-size:28px;}.ld_fancy_heading_69e9d7b0eaf96 .lqd-highlight-inner{height:0.275em;bottom:0px;}<\/style><div class=\"ld-fancy-heading ld_fancy_heading_69e9d7b0eaf96\">\n\t<h3 class=\"lqd-highlight-underline lqd-highlight-grow-left\" ><span class=\"ld-fh-txt\"> Warung Bongkot: A Taste of North Bali<\/span><\/h3><\/div>[vc_column_text css=\u00a0\u00bb\u00a0\u00bb]Une exp\u00e9rience vous attend au Warung Bongkot, o\u00f9 nous c\u00e9l\u00e9brons les saveurs vibrantes du nord de Bali.[\/vc_column_text]<style>.ld_button_69e9d7b0eb306.btn-icon-solid .btn-icon{background:rgb(61, 61, 60);}.ld_button_69e9d7b0eb306.btn-icon-circle.btn-icon-ripple .btn-icon:before{border-color:rgb(61, 61, 60);}.ld_button_69e9d7b0eb306{color:rgb(61, 61, 60);}.ld_button_69e9d7b0eb306:before{background:rgb(61, 61, 60);}.ld_button_69e9d7b0eb306.btn-bordered{border-color:rgb(61, 61, 60);}<\/style><a href=\"https:\/\/mundukmodingplantation.com\/dining\/warung-bongkot\/\" title=\"Warung Bongkot\" class=\"btn btn-underlined btn-bordered border-thin ld_button_69e9d7b0eb306\">\n\t<span>\n\t\t\n\t\t\t\t\t<span class=\"btn-txt\">Discover more<\/span>\n\t\t\t\n\t\t\t\t<\/span>\n<\/a>\n[\/vc_column][\/vc_row][vc_row css=\u00a0\u00bb.vc_custom_1754478916508{margin-bottom: 65px !important;}\u00a0\u00bb][vc_column width=\u00a0\u00bb1\/2&Prime;][vc_single_image image=\u00a0\u00bb9723&Prime; img_size=\u00a0\u00bbfull\u00a0\u00bb css=\u00a0\u00bb\u00a0\u00bb]<style>.ld_fancy_heading_69e9d7b0eb62a h3{font-size:28px;}.ld_fancy_heading_69e9d7b0eb62a .lqd-highlight-inner{height:0.275em;bottom:0px;}<\/style><div class=\"ld-fancy-heading ld_fancy_heading_69e9d7b0eb62a\">\n\t<h3 class=\"lqd-highlight-underline lqd-highlight-grow-left\" ><span class=\"ld-fh-txt\"> Sunset Bar<\/span><\/h3><\/div>[vc_column_text css=\u00a0\u00bb\u00a0\u00bb]Alors que le soleil se couche \u00e0 l&rsquo;horizon, peignant le ciel de teintes multicolores, retirez-vous dans notre Sunset Bar.[\/vc_column_text]<style>.ld_button_69e9d7b0eb8c8.btn-icon-solid .btn-icon{background:rgb(61, 61, 60);}.ld_button_69e9d7b0eb8c8.btn-icon-circle.btn-icon-ripple .btn-icon:before{border-color:rgb(61, 61, 60);}.ld_button_69e9d7b0eb8c8{color:rgb(61, 61, 60);}.ld_button_69e9d7b0eb8c8:before{background:rgb(61, 61, 60);}.ld_button_69e9d7b0eb8c8.btn-bordered{border-color:rgb(61, 61, 60);}<\/style><a href=\"https:\/\/mundukmodingplantation.com\/dining\/sunset-bar\/\" title=\"Sunset Bar\" class=\"btn btn-underlined btn-bordered border-thin ld_button_69e9d7b0eb8c8\">\n\t<span>\n\t\t\n\t\t\t\t\t<span class=\"btn-txt\">Discover more<\/span>\n\t\t\t\n\t\t\t\t<\/span>\n<\/a>\n[\/vc_column][vc_column width=\u00a0\u00bb1\/2&Prime;][vc_single_image image=\u00a0\u00bb9585&Prime; img_size=\u00a0\u00bbfull\u00a0\u00bb css=\u00a0\u00bb\u00a0\u00bb]<style>.ld_fancy_heading_69e9d7b0ebb7a h3{font-size:28px;}.ld_fancy_heading_69e9d7b0ebb7a .lqd-highlight-inner{height:0.275em;bottom:0px;}<\/style><div class=\"ld-fancy-heading ld_fancy_heading_69e9d7b0ebb7a\">\n\t<h3 class=\"lqd-highlight-underline lqd-highlight-grow-left\" ><span class=\"ld-fh-txt\"> Kamu Nakal: Country and Coffee Club<\/span><\/h3><\/div>[vc_column_text css=\u00a0\u00bb\u00a0\u00bb]Le terrain de jeu ultime o\u00f9 l&rsquo;\u00e9l\u00e9gance d&rsquo;un country club rencontre un voyage caf\u00e9 immersif et ludique, du grain \u00e0 la tasse.[\/vc_column_text]<style>.ld_button_69e9d7b0ebe05.btn-icon-solid .btn-icon{background:rgb(61, 61, 60);}.ld_button_69e9d7b0ebe05.btn-icon-circle.btn-icon-ripple .btn-icon:before{border-color:rgb(61, 61, 60);}.ld_button_69e9d7b0ebe05{color:rgb(61, 61, 60);}.ld_button_69e9d7b0ebe05:before{background:rgb(61, 61, 60);}.ld_button_69e9d7b0ebe05.btn-bordered{border-color:rgb(61, 61, 60);}<\/style><a href=\"https:\/\/mundukmodingplantation.com\/dining\/kamu-nakal-country-and-coffee-club\/\" title=\"Kamu Nakal: Country and Coffee Club\" class=\"btn btn-underlined btn-bordered border-thin ld_button_69e9d7b0ebe05\">\n\t<span>\n\t\t\n\t\t\t\t\t<span class=\"btn-txt\">Discover more<\/span>\n\t\t\t\n\t\t\t\t<\/span>\n<\/a>\n[\/vc_column][\/vc_row][vc_row responsive_css=\u00a0\u00bbmargin_bottom_medium:150px\u00a0\u00bb css=\u00a0\u00bb.vc_custom_1751012119740{margin-bottom: 65px !important;}\u00a0\u00bb][vc_column width=\u00a0\u00bb1\/2&Prime;][vc_single_image image=\u00a0\u00bb9569&Prime; img_size=\u00a0\u00bbfull\u00a0\u00bb css=\u00a0\u00bb\u00a0\u00bb]<style>.ld_fancy_heading_69e9d7b0ec0a2 h3{font-size:28px;}.ld_fancy_heading_69e9d7b0ec0a2 .lqd-highlight-inner{height:0.275em;bottom:0px;}<\/style><div class=\"ld-fancy-heading ld_fancy_heading_69e9d7b0ec0a2\">\n\t<h3 class=\"lqd-highlight-underline lqd-highlight-grow-left\" ><span class=\"ld-fh-txt\"> Rasa Alam: Discover Nature\u2019s Flavours<\/span><\/h3><\/div>[vc_column_text css=\u00a0\u00bb\u00a0\u00bb]D\u00e9couvrez une retraite tranquille \u00e0 Rasa Alam, notre oasis de for\u00eat tropicale.[\/vc_column_text]<style>.ld_button_69e9d7b0ec32c.btn-icon-solid .btn-icon{background:rgb(61, 61, 60);}.ld_button_69e9d7b0ec32c.btn-icon-circle.btn-icon-ripple .btn-icon:before{border-color:rgb(61, 61, 60);}.ld_button_69e9d7b0ec32c{color:rgb(61, 61, 60);}.ld_button_69e9d7b0ec32c:before{background:rgb(61, 61, 60);}.ld_button_69e9d7b0ec32c.btn-bordered{border-color:rgb(61, 61, 60);}<\/style><a href=\"https:\/\/mundukmodingplantation.com\/dining\/rasa-alam-discover-natures-flavours\/\" title=\"Rasa Alam: Discover Nature\u2019s Flavours\" class=\"btn btn-underlined btn-bordered border-thin ld_button_69e9d7b0ec32c\">\n\t<span>\n\t\t\n\t\t\t\t\t<span class=\"btn-txt\">Discover more<\/span>\n\t\t\t\n\t\t\t\t<\/span>\n<\/a>\n[\/vc_column][vc_column width=\u00a0\u00bb1\/2&Prime;][\/vc_column][\/vc_row]<\/p>\n<\/div>","protected":false},"excerpt":{"rendered":"<p>[vc_row full_width=\u00a0\u00bbstretch_row\u00a0\u00bb equal_height=\u00a0\u00bbyes\u00a0\u00bb video_bg=\u00a0\u00bbyes\u00a0\u00bb video_local_mp4_url=\u00a0\u00bbhttps:\/\/mundukmodingplantation.com\/wp-content\/uploads\/2025\/06\/Branding-MMP.mp4&Prime; disable_element=\u00a0\u00bbyes\u00a0\u00bb css=\u00a0\u00bb.vc_custom_1754321697222{margin-top: -20px !important;padding-top: 100px !important;padding-bottom: 110px !important;background-image: url(https:\/\/mundukmodingplantation.com\/wp-content\/uploads\/2025\/06\/home1.webp?id=6810) !important;background-position:&#8230;<\/p>\n","protected":false},"author":1,"featured_media":0,"parent":0,"menu_order":0,"comment_status":"closed","ping_status":"closed","template":"","meta":{"footnotes":""},"class_list":["post-9850","page","type-page","status-publish","hentry"],"yoast_head":"<!-- This site is optimized with the Yoast SEO plugin v27.4 - https:\/\/yoast.com\/product\/yoast-seo-wordpress\/ -->\n<title>Restauration | Munduk Moding Plantation<\/title>\n<meta name=\"description\" content=\"Savourez les saveurs balinaises et la fusion internationale au Munduk Moding Plantation. Une restauration fra\u00eeche, durable et inoubliable dans les montagnes...\" \/>\n<meta name=\"robots\" content=\"index, follow, max-snippet:-1, max-image-preview:large, max-video-preview:-1\" \/>\n<link rel=\"canonical\" href=\"https:\/\/mundukmodingplantation.com\/fr\/restauration\/\" \/>\n<meta property=\"og:locale\" content=\"fr_FR\" \/>\n<meta property=\"og:type\" content=\"article\" \/>\n<meta property=\"og:title\" content=\"Restauration | Munduk Moding Plantation\" \/>\n<meta property=\"og:description\" content=\"Savourez les saveurs balinaises et la fusion internationale au Munduk Moding Plantation. Une restauration fra\u00eeche, durable et inoubliable dans les montagnes...\" \/>\n<meta property=\"og:url\" content=\"https:\/\/mundukmodingplantation.com\/fr\/restauration\/\" \/>\n<meta property=\"og:site_name\" content=\"Munduk Moding Plantation\" \/>\n<meta property=\"article:modified_time\" content=\"2025-12-09T04:13:11+00:00\" \/>\n<meta property=\"og:image\" content=\"https:\/\/mundukmodingplantation.com\/wp-content\/uploads\/2025\/06\/home1.webp\" \/>\n\t<meta property=\"og:image:width\" content=\"1920\" \/>\n\t<meta property=\"og:image:height\" content=\"1280\" \/>\n\t<meta property=\"og:image:type\" content=\"image\/webp\" \/>\n<meta name=\"twitter:card\" content=\"summary_large_image\" \/>\n<meta name=\"twitter:label1\" content=\"Dur\u00e9e de lecture estim\u00e9e\" \/>\n\t<meta name=\"twitter:data1\" content=\"4 minutes\" \/>\n<script type=\"application\/ld+json\" class=\"yoast-schema-graph\">{\"@context\":\"https:\\\/\\\/schema.org\",\"@graph\":[{\"@type\":\"WebPage\",\"@id\":\"https:\\\/\\\/mundukmodingplantation.com\\\/fr\\\/restauration\\\/\",\"url\":\"https:\\\/\\\/mundukmodingplantation.com\\\/fr\\\/restauration\\\/\",\"name\":\"Restauration | Munduk Moding Plantation\",\"isPartOf\":{\"@id\":\"https:\\\/\\\/mundukmodingplantation.com\\\/fr\\\/#website\"},\"datePublished\":\"2025-08-06T04:53:26+00:00\",\"dateModified\":\"2025-12-09T04:13:11+00:00\",\"description\":\"Savourez les saveurs balinaises et la fusion internationale au Munduk Moding Plantation. Une restauration fra\u00eeche, durable et inoubliable dans les montagnes...\",\"breadcrumb\":{\"@id\":\"https:\\\/\\\/mundukmodingplantation.com\\\/fr\\\/restauration\\\/#breadcrumb\"},\"inLanguage\":\"fr-FR\",\"potentialAction\":[{\"@type\":\"ReadAction\",\"target\":[\"https:\\\/\\\/mundukmodingplantation.com\\\/fr\\\/restauration\\\/\"]}]},{\"@type\":\"BreadcrumbList\",\"@id\":\"https:\\\/\\\/mundukmodingplantation.com\\\/fr\\\/restauration\\\/#breadcrumb\",\"itemListElement\":[{\"@type\":\"ListItem\",\"position\":1,\"name\":\"Home\",\"item\":\"https:\\\/\\\/mundukmodingplantation.com\\\/fr\\\/homenew\\\/\"},{\"@type\":\"ListItem\",\"position\":2,\"name\":\"Restauration\"}]},{\"@type\":\"WebSite\",\"@id\":\"https:\\\/\\\/mundukmodingplantation.com\\\/fr\\\/#website\",\"url\":\"https:\\\/\\\/mundukmodingplantation.com\\\/fr\\\/\",\"name\":\"Munduk Moding Plantation\",\"description\":\"Nature Resort\",\"potentialAction\":[{\"@type\":\"SearchAction\",\"target\":{\"@type\":\"EntryPoint\",\"urlTemplate\":\"https:\\\/\\\/mundukmodingplantation.com\\\/fr\\\/?s={search_term_string}\"},\"query-input\":{\"@type\":\"PropertyValueSpecification\",\"valueRequired\":true,\"valueName\":\"search_term_string\"}}],\"inLanguage\":\"fr-FR\"}]}<\/script>\n<!-- \/ Yoast SEO plugin. -->","yoast_head_json":{"title":"Restauration | Munduk Moding Plantation","description":"Savourez les saveurs balinaises et la fusion internationale au Munduk Moding Plantation. Une restauration fra\u00eeche, durable et inoubliable dans les montagnes...","robots":{"index":"index","follow":"follow","max-snippet":"max-snippet:-1","max-image-preview":"max-image-preview:large","max-video-preview":"max-video-preview:-1"},"canonical":"https:\/\/mundukmodingplantation.com\/fr\/restauration\/","og_locale":"fr_FR","og_type":"article","og_title":"Restauration | Munduk Moding Plantation","og_description":"Savourez les saveurs balinaises et la fusion internationale au Munduk Moding Plantation. Une restauration fra\u00eeche, durable et inoubliable dans les montagnes...","og_url":"https:\/\/mundukmodingplantation.com\/fr\/restauration\/","og_site_name":"Munduk Moding Plantation","article_modified_time":"2025-12-09T04:13:11+00:00","og_image":[{"width":1920,"height":1280,"url":"https:\/\/mundukmodingplantation.com\/wp-content\/uploads\/2025\/06\/home1.webp","type":"image\/webp"}],"twitter_card":"summary_large_image","twitter_misc":{"Dur\u00e9e de lecture estim\u00e9e":"4 minutes"},"schema":{"@context":"https:\/\/schema.org","@graph":[{"@type":"WebPage","@id":"https:\/\/mundukmodingplantation.com\/fr\/restauration\/","url":"https:\/\/mundukmodingplantation.com\/fr\/restauration\/","name":"Restauration | Munduk Moding Plantation","isPartOf":{"@id":"https:\/\/mundukmodingplantation.com\/fr\/#website"},"datePublished":"2025-08-06T04:53:26+00:00","dateModified":"2025-12-09T04:13:11+00:00","description":"Savourez les saveurs balinaises et la fusion internationale au Munduk Moding Plantation. Une restauration fra\u00eeche, durable et inoubliable dans les montagnes...","breadcrumb":{"@id":"https:\/\/mundukmodingplantation.com\/fr\/restauration\/#breadcrumb"},"inLanguage":"fr-FR","potentialAction":[{"@type":"ReadAction","target":["https:\/\/mundukmodingplantation.com\/fr\/restauration\/"]}]},{"@type":"BreadcrumbList","@id":"https:\/\/mundukmodingplantation.com\/fr\/restauration\/#breadcrumb","itemListElement":[{"@type":"ListItem","position":1,"name":"Home","item":"https:\/\/mundukmodingplantation.com\/fr\/homenew\/"},{"@type":"ListItem","position":2,"name":"Restauration"}]},{"@type":"WebSite","@id":"https:\/\/mundukmodingplantation.com\/fr\/#website","url":"https:\/\/mundukmodingplantation.com\/fr\/","name":"Munduk Moding Plantation","description":"Nature Resort","potentialAction":[{"@type":"SearchAction","target":{"@type":"EntryPoint","urlTemplate":"https:\/\/mundukmodingplantation.com\/fr\/?s={search_term_string}"},"query-input":{"@type":"PropertyValueSpecification","valueRequired":true,"valueName":"search_term_string"}}],"inLanguage":"fr-FR"}]}},"_links":{"self":[{"href":"https:\/\/mundukmodingplantation.com\/fr\/wp-json\/wp\/v2\/pages\/9850","targetHints":{"allow":["GET"]}}],"collection":[{"href":"https:\/\/mundukmodingplantation.com\/fr\/wp-json\/wp\/v2\/pages"}],"about":[{"href":"https:\/\/mundukmodingplantation.com\/fr\/wp-json\/wp\/v2\/types\/page"}],"author":[{"embeddable":true,"href":"https:\/\/mundukmodingplantation.com\/fr\/wp-json\/wp\/v2\/users\/1"}],"replies":[{"embeddable":true,"href":"https:\/\/mundukmodingplantation.com\/fr\/wp-json\/wp\/v2\/comments?post=9850"}],"version-history":[{"count":11,"href":"https:\/\/mundukmodingplantation.com\/fr\/wp-json\/wp\/v2\/pages\/9850\/revisions"}],"predecessor-version":[{"id":14512,"href":"https:\/\/mundukmodingplantation.com\/fr\/wp-json\/wp\/v2\/pages\/9850\/revisions\/14512"}],"wp:attachment":[{"href":"https:\/\/mundukmodingplantation.com\/fr\/wp-json\/wp\/v2\/media?parent=9850"}],"curies":[{"name":"wp","href":"https:\/\/api.w.org\/{rel}","templated":true}]}}